{"id":53204,"date":"2024-07-02T13:05:40","date_gmt":"2024-07-02T10:05:40","guid":{"rendered":"https:\/\/nordic-comfort.com\/our-brands\/vilpra-sauna\/"},"modified":"2026-02-12T16:10:25","modified_gmt":"2026-02-12T13:10:25","slug":"vilpra-sauna","status":"publish","type":"page","link":"https:\/\/nordic-comfort.com\/fi\/our-brands\/vilpra-sauna\/","title":{"rendered":"Grand Meyer"},"content":{"rendered":"\t\t<div data-elementor-type=\"wp-page\" data-elementor-id=\"53204\" class=\"elementor elementor-53204 elementor-47513\" data-elementor-post-type=\"page\">\n\t\t\t\t<div class=\"elementor-element elementor-element-8c1297d e-con-full e-flex sc_inner_width_none sc_layouts_column_icons_position_left e-con e-parent\" data-id=\"8c1297d\" data-element_type=\"container\" data-e-type=\"container\" data-settings=\"{&quot;background_background&quot;:&quot;classic&quot;}\">\n\t\t\t\t<div class=\"elementor-element elementor-element-7e54986 breadcrumbs exad-sticky-section-no exad-glass-effect-no sc_fly_static elementor-widget elementor-widget-shortcode\" data-id=\"7e54986\" data-element_type=\"widget\" data-e-type=\"widget\" data-widget_type=\"shortcode.default\">\n\t\t\t\t<div class=\"elementor-widget-container\">\n\t\t\t\t\t\t\t<div class=\"elementor-shortcode\"><div class=\"aioseo-breadcrumbs\"><span class=\"aioseo-breadcrumb\">\n\tMain page\n<\/span><\/div><\/div>\n\t\t\t\t\t\t<\/div>\n\t\t\t\t<\/div>\n\t\t\t\t<div class=\"elementor-element elementor-element-b954fe9 exad-sticky-section-no exad-glass-effect-no sc_fly_static elementor-widget elementor-widget-heading\" data-id=\"b954fe9\" data-element_type=\"widget\" data-e-type=\"widget\" data-widget_type=\"heading.default\">\n\t\t\t\t<div class=\"elementor-widget-container\">\n\t\t\t\t\t<h2 class=\"elementor-heading-title elementor-size-default\">Tietoa Grand Meyerist\u00e4<\/h2>\t\t\t\t<\/div>\n\t\t\t\t<\/div>\n\t\t\t\t<\/div>\n\t\t<div class=\"elementor-element elementor-element-eb5754e brand e-flex e-con-boxed sc_inner_width_none sc_layouts_column_icons_position_left e-con e-parent\" data-id=\"eb5754e\" data-element_type=\"container\" data-e-type=\"container\" data-settings=\"{&quot;background_background&quot;:&quot;classic&quot;}\">\n\t\t\t\t\t<div class=\"e-con-inner\">\n\t\t\t\t<div class=\"elementor-element elementor-element-0e90f26 exad-sticky-section-no exad-glass-effect-no sc_fly_static elementor-widget elementor-widget-heading\" data-id=\"0e90f26\" data-element_type=\"widget\" data-e-type=\"widget\" data-widget_type=\"heading.default\">\n\t\t\t\t<div class=\"elementor-widget-container\">\n\t\t\t\t\t<h6 class=\"elementor-heading-title elementor-size-default\"><span style=\"font-family: Helvetica, sans-serif;font-size: 19.006px;font-style: normal;font-weight: 600\">Grand Meyer<\/span><\/h6>\t\t\t\t<\/div>\n\t\t\t\t<\/div>\n\t\t\t\t<div class=\"elementor-element elementor-element-50f9564 exad-sticky-section-no exad-glass-effect-no sc_fly_static elementor-widget elementor-widget-text-editor\" data-id=\"50f9564\" data-element_type=\"widget\" data-e-type=\"widget\" data-widget_type=\"text-editor.default\">\n\t\t\t\t<div class=\"elementor-widget-container\">\n\t\t\t\t\t\t\t\t\t<div class=\"flex flex-col text-sm pb-25\"><article class=\"text-token-text-primary w-full focus:outline-none [--shadow-height:45px] has-data-writing-block:pointer-events-none has-data-writing-block:-mt-(--shadow-height) has-data-writing-block:pt-(--shadow-height) [&amp;:has([data-writing-block])&gt;*]:pointer-events-auto scroll-mt-[calc(var(--header-height)+min(200px,max(70px,20svh)))]\" dir=\"auto\" tabindex=\"-1\" data-turn-id=\"19c143c7-25b8-4a20-bfef-62513f69155f\" data-testid=\"conversation-turn-4\" data-scroll-anchor=\"true\" data-turn=\"assistant\"><div class=\"text-base my-auto mx-auto pb-10 [--thread-content-margin:--spacing(4)] @w-sm\/main:[--thread-content-margin:--spacing(6)] @w-lg\/main:[--thread-content-margin:--spacing(16)] px-(--thread-content-margin)\"><div class=\"[--thread-content-max-width:40rem] @w-lg\/main:[--thread-content-max-width:48rem] mx-auto max-w-(--thread-content-max-width) flex-1 group\/turn-messages focus-visible:outline-hidden relative flex w-full min-w-0 flex-col agent-turn\" tabindex=\"-1\"><div class=\"flex max-w-full flex-col grow\"><div class=\"min-h-8 text-message relative flex w-full flex-col items-end gap-2 text-start break-words whitespace-normal [.text-message+&amp;]:mt-1\" dir=\"auto\" data-message-author-role=\"assistant\" data-message-id=\"45a3c439-31b2-44e5-bede-be846237db0a\" data-message-model-slug=\"gpt-5-2-thinking\"><div class=\"flex w-full flex-col gap-1 empty:hidden first:pt-[1px]\"><div class=\"markdown prose dark:prose-invert w-full wrap-break-word light markdown-new-styling\"><p data-start=\"0\" data-end=\"477\" data-is-last-node=\"\" data-is-only-node=\"\">Grand Meyer on eurooppalainen l\u00e4mmityskaapeleiden, lattial\u00e4mmitysj\u00e4rjestelmien ja termostaattien valmistaja, jolla on yli 20 vuoden kokemus. Yritys on erikoistunut luotettaviin ratkaisuihin asuin- ja liiketilojen s\u00e4hk\u00f6iseen l\u00e4mmitykseen sek\u00e4 lumi- ja j\u00e4\u00e4suojausj\u00e4rjestelmiin. Tuotantolaitokset toimivat ISO 9001:2015 -laadunhallintaj\u00e4rjestelm\u00e4n mukaisesti. Kaikki tuotteet t\u00e4ytt\u00e4v\u00e4t kansainv\u00e4liset turvallisuusstandardit ja ne on sertifioitu IEC- ja T\u00dcV-vaatimusten mukaisesti.<\/p><\/div><\/div><\/div><\/div><\/div><\/div><\/article><\/div>\t\t\t\t\t\t\t\t<\/div>\n\t\t\t\t<\/div>\n\t\t\t\t<div class=\"elementor-element elementor-element-c3119ab exad-sticky-section-no exad-glass-effect-no sc_fly_static elementor-widget elementor-widget-text-editor\" data-id=\"c3119ab\" data-element_type=\"widget\" data-e-type=\"widget\" data-widget_type=\"text-editor.default\">\n\t\t\t\t<div class=\"elementor-widget-container\">\n\t\t\t\t\t\t\t\t\t<div class=\"flex flex-col text-sm pb-25\"><article class=\"text-token-text-primary w-full focus:outline-none [--shadow-height:45px] has-data-writing-block:pointer-events-none has-data-writing-block:-mt-(--shadow-height) has-data-writing-block:pt-(--shadow-height) [&amp;:has([data-writing-block])&gt;*]:pointer-events-auto scroll-mt-[calc(var(--header-height)+min(200px,max(70px,20svh)))]\" dir=\"auto\" tabindex=\"-1\" data-turn-id=\"690f4e35-2ed2-44de-9d65-9ab80739813b\" data-testid=\"conversation-turn-6\" data-scroll-anchor=\"true\" data-turn=\"assistant\"><div class=\"text-base my-auto mx-auto pb-10 [--thread-content-margin:--spacing(4)] @w-sm\/main:[--thread-content-margin:--spacing(6)] @w-lg\/main:[--thread-content-margin:--spacing(16)] px-(--thread-content-margin)\"><div class=\"[--thread-content-max-width:40rem] @w-lg\/main:[--thread-content-max-width:48rem] mx-auto max-w-(--thread-content-max-width) flex-1 group\/turn-messages focus-visible:outline-hidden relative flex w-full min-w-0 flex-col agent-turn\" tabindex=\"-1\"><div class=\"flex max-w-full flex-col grow\"><div class=\"min-h-8 text-message relative flex w-full flex-col items-end gap-2 text-start break-words whitespace-normal [.text-message+&amp;]:mt-1\" dir=\"auto\" data-message-author-role=\"assistant\" data-message-id=\"d2d1ac28-aa93-4218-a060-3fad4dc54c1d\" data-message-model-slug=\"gpt-5-2-thinking\"><div class=\"flex w-full flex-col gap-1 empty:hidden first:pt-[1px]\"><div class=\"markdown prose dark:prose-invert w-full wrap-break-word light markdown-new-styling\"><p data-start=\"0\" data-end=\"229\" data-is-last-node=\"\" data-is-only-node=\"\">Jokainen kaapelimetri ja jokainen laite k\u00e4y l\u00e4pi tiukan laadunvalvonnan, johon sis\u00e4ltyv\u00e4t eristystestit, tiiveystarkastukset ja vaatimustenmukaisuuden varmistaminen. T\u00e4m\u00e4 toimintatapa takaa pitk\u00e4n k\u00e4ytt\u00f6i\u00e4n ja turvallisen k\u00e4yt\u00f6n.<\/p><\/div><\/div><\/div><\/div><\/div><\/div><\/article><\/div>\t\t\t\t\t\t\t\t<\/div>\n\t\t\t\t<\/div>\n\t\t\t\t<div class=\"elementor-element elementor-element-361284f exad-sticky-section-no exad-glass-effect-no sc_fly_static elementor-widget elementor-widget-text-editor\" data-id=\"361284f\" data-element_type=\"widget\" data-e-type=\"widget\" data-widget_type=\"text-editor.default\">\n\t\t\t\t<div class=\"elementor-widget-container\">\n\t\t\t\t\t\t\t\t\t<p>Nyky\u00e4\u00e4n Grand Meyer valmistaa vuosittain yli 2,2 miljoonaa metri\u00e4 l\u00e4mmityskaapeleita ja noin 350 000 termostaattia, ja toimittaa luotettavia l\u00e4mmitysratkaisuja kaikkialle Eurooppaan.<\/p>\t\t\t\t\t\t\t\t<\/div>\n\t\t\t\t<\/div>\n\t\t\t\t<div class=\"elementor-element elementor-element-80e5ed4 exad-sticky-section-no exad-glass-effect-no sc_fly_static elementor-widget elementor-widget-image\" data-id=\"80e5ed4\" data-element_type=\"widget\" data-e-type=\"widget\" data-widget_type=\"image.default\">\n\t\t\t\t<div class=\"elementor-widget-container\">\n\t\t\t\t\t\t\t\t\t\t\t\t\t\t\t<img fetchpriority=\"high\" decoding=\"async\" width=\"768\" height=\"512\" src=\"https:\/\/nordic-comfort.com\/wp-content\/uploads\/2025\/10\/Oct-7-2025-01_14_41-PM-768x512.png\" class=\"attachment-medium_large size-medium_large wp-image-60798\" alt=\"\" srcset=\"https:\/\/nordic-comfort.com\/wp-content\/uploads\/2025\/10\/Oct-7-2025-01_14_41-PM-768x512.png 768w, https:\/\/nordic-comfort.com\/wp-content\/uploads\/2025\/10\/Oct-7-2025-01_14_41-PM-300x200.png 300w, https:\/\/nordic-comfort.com\/wp-content\/uploads\/2025\/10\/Oct-7-2025-01_14_41-PM-1024x683.png 1024w, https:\/\/nordic-comfort.com\/wp-content\/uploads\/2025\/10\/Oct-7-2025-01_14_41-PM-370x247.png 370w, https:\/\/nordic-comfort.com\/wp-content\/uploads\/2025\/10\/Oct-7-2025-01_14_41-PM-840x560.png 840w, https:\/\/nordic-comfort.com\/wp-content\/uploads\/2025\/10\/Oct-7-2025-01_14_41-PM-410x273.png 410w, https:\/\/nordic-comfort.com\/wp-content\/uploads\/2025\/10\/Oct-7-2025-01_14_41-PM-600x400.png 600w, https:\/\/nordic-comfort.com\/wp-content\/uploads\/2025\/10\/Oct-7-2025-01_14_41-PM.png 1536w\" sizes=\"(max-width: 768px) 100vw, 768px\" \/>\t\t\t\t\t\t\t\t\t\t\t\t\t\t\t<\/div>\n\t\t\t\t<\/div>\n\t\t\t\t<div class=\"elementor-element elementor-element-2784a77 exad-sticky-section-no exad-glass-effect-no sc_fly_static elementor-widget elementor-widget-heading\" data-id=\"2784a77\" data-element_type=\"widget\" data-e-type=\"widget\" data-widget_type=\"heading.default\">\n\t\t\t\t<div class=\"elementor-widget-container\">\n\t\t\t\t\t<h6 class=\"elementor-heading-title elementor-size-default\">Tuotevalikoima<\/h6>\t\t\t\t<\/div>\n\t\t\t\t<\/div>\n\t\t\t\t<div class=\"elementor-element elementor-element-2cdd005 exad-sticky-section-no exad-glass-effect-no sc_fly_static elementor-widget elementor-widget-text-editor\" data-id=\"2cdd005\" data-element_type=\"widget\" data-e-type=\"widget\" data-widget_type=\"text-editor.default\">\n\t\t\t\t<div class=\"elementor-widget-container\">\n\t\t\t\t\t\t\t\t\t<p><strong>L\u00e4mmityskaapelit<\/strong><br data-start=\"16\" data-end=\"19\" \/>Kaksijohtimiset vastuskaapelit, joiden teho on enint\u00e4\u00e4n 20 W\/m. Kaapeleissa on kest\u00e4v\u00e4 eristys ja pieni taivutuss\u00e4de. Ne on suunniteltu asennettaviksi tasoitteeseen tai laattaliimaan.<br \/><br \/><strong>L\u00e4mmitysmatot<\/strong><br data-start=\"13\" data-end=\"16\" \/>Asennusvalmiit verkkopohjalle kiinnitetyt kaapeliosuudet. Teho enint\u00e4\u00e4n 180 W\/m\u00b2. Soveltuvat laatta-, keraamisille ja muille lattiapinnoille.<\/p><p data-start=\"0\" data-end=\"230\"><strong>Termostaatit<\/strong><br data-start=\"12\" data-end=\"15\" \/>Laaja valikoima mekaanisia, ohjelmoitavia ja Wi-Fi-malleja (kuten W350, SN-10, HW500). N\u00e4m\u00e4 s\u00e4\u00e4timet mahdollistavat tarkan lattia- ja ilmanl\u00e4mp\u00f6tilan s\u00e4\u00e4d\u00f6n, energians\u00e4\u00e4st\u00f6n sek\u00e4 k\u00e4tev\u00e4n et\u00e4ohjauksen \u00e4lypuhelimella.<\/p><p data-start=\"232\" data-end=\"371\" data-is-last-node=\"\" data-is-only-node=\"\"><strong>Lumi- ja j\u00e4\u00e4nestoj\u00e4rjestelm\u00e4t<\/strong><br data-start=\"261\" data-end=\"264\" \/>Erikoiskaapelit ulkoalueille, katoille ja sadevesikouruihin j\u00e4\u00e4n ja j\u00e4\u00e4puikkojen muodostumisen est\u00e4miseksi.<\/p>\t\t\t\t\t\t\t\t<\/div>\n\t\t\t\t<\/div>\n\t\t\t\t<div class=\"elementor-element elementor-element-72a4736 exad-sticky-section-no exad-glass-effect-no sc_fly_static elementor-widget elementor-widget-heading\" data-id=\"72a4736\" data-element_type=\"widget\" data-e-type=\"widget\" data-widget_type=\"heading.default\">\n\t\t\t\t<div class=\"elementor-widget-container\">\n\t\t\t\t\t<h6 class=\"elementor-heading-title elementor-size-default\">Keskeiset edut\n<\/h6>\t\t\t\t<\/div>\n\t\t\t\t<\/div>\n\t\t\t\t<div class=\"elementor-element elementor-element-2845ec4 exad-sticky-section-no exad-glass-effect-no sc_fly_static elementor-widget elementor-widget-text-editor\" data-id=\"2845ec4\" data-element_type=\"widget\" data-e-type=\"widget\" data-widget_type=\"text-editor.default\">\n\t\t\t\t<div class=\"elementor-widget-container\">\n\t\t\t\t\t\t\t\t\t<article class=\"text-token-text-primary w-full focus:outline-none [--shadow-height:45px] has-data-writing-block:pointer-events-none has-data-writing-block:-mt-(--shadow-height) has-data-writing-block:pt-(--shadow-height) [&amp;:has([data-writing-block])&gt;*]:pointer-events-auto scroll-mt-(--header-height)\" dir=\"auto\" tabindex=\"-1\" data-turn-id=\"742813ad-e50b-4330-944a-a3a90f05b086\" data-testid=\"conversation-turn-19\" data-scroll-anchor=\"false\" data-turn=\"user\"><\/article><article class=\"text-token-text-primary w-full focus:outline-none [--shadow-height:45px] has-data-writing-block:pointer-events-none has-data-writing-block:-mt-(--shadow-height) has-data-writing-block:pt-(--shadow-height) [&amp;:has([data-writing-block])&gt;*]:pointer-events-auto scroll-mt-[calc(var(--header-height)+min(200px,max(70px,20svh)))]\" dir=\"auto\" tabindex=\"-1\" data-turn-id=\"a6bb687c-57a4-4d45-a23d-1761b50a73d4\" data-testid=\"conversation-turn-20\" data-scroll-anchor=\"true\" data-turn=\"assistant\"><div class=\"text-base my-auto mx-auto pb-10 [--thread-content-margin:--spacing(4)] @w-sm\/main:[--thread-content-margin:--spacing(6)] @w-lg\/main:[--thread-content-margin:--spacing(16)] px-(--thread-content-margin)\"><div class=\"[--thread-content-max-width:40rem] @w-lg\/main:[--thread-content-max-width:48rem] mx-auto max-w-(--thread-content-max-width) flex-1 group\/turn-messages focus-visible:outline-hidden relative flex w-full min-w-0 flex-col agent-turn\" tabindex=\"-1\"><div class=\"flex max-w-full flex-col grow\"><div class=\"min-h-8 text-message relative flex w-full flex-col items-end gap-2 text-start break-words whitespace-normal [.text-message+&amp;]:mt-1\" dir=\"auto\" data-message-author-role=\"assistant\" data-message-id=\"048eb43f-e3f9-4c83-8641-762526373025\" data-message-model-slug=\"gpt-5-2-thinking\"><div class=\"flex w-full flex-col gap-1 empty:hidden first:pt-[1px]\"><div class=\"markdown prose dark:prose-invert w-full wrap-break-word light markdown-new-styling\"><ul><li data-start=\"0\" data-end=\"54\">Luotettavuus ja pitk\u00e4 k\u00e4ytt\u00f6ik\u00e4 \u2014 jopa 20 vuoden takuu<\/li><li data-start=\"56\" data-end=\"84\">Eurooppalainen tuotantolaatu<\/li><li data-start=\"86\" data-end=\"131\">Moderni muotoilu ja helppok\u00e4ytt\u00f6iset s\u00e4\u00e4timet<\/li><li data-start=\"133\" data-end=\"156\">Energiatehokas toiminta<\/li><li data-start=\"158\" data-end=\"225\">Laaja valikoima ratkaisuja sek\u00e4 asuin- ett\u00e4 kaupallisiin kohteisiin<\/li><\/ul><\/div><\/div><\/div><\/div><\/div><\/div><\/article>\t\t\t\t\t\t\t\t<\/div>\n\t\t\t\t<\/div>\n\t\t<div class=\"elementor-element elementor-element-22b6d38 sc_layouts_hide_on_wide sc_layouts_hide_on_desktop sc_layouts_hide_on_notebook sc_layouts_hide_on_tablet sc_layouts_hide_on_mobile e-flex e-con-boxed sc_inner_width_none sc_layouts_column_icons_position_left e-con e-child\" data-id=\"22b6d38\" data-element_type=\"container\" data-e-type=\"container\">\n\t\t\t\t\t<div class=\"e-con-inner\">\n\t\t\t\t<div class=\"elementor-element elementor-element-10452dc exad-sticky-section-no exad-glass-effect-no sc_fly_static elementor-widget elementor-widget-trx_widget_video\" data-id=\"10452dc\" data-element_type=\"widget\" data-e-type=\"widget\" data-widget_type=\"trx_widget_video.default\">\n\t\t\t\t<div class=\"elementor-widget-container\">\n\t\t\t\t\t<div class=\"widget_area sc_widget_video\"><aside class=\"widget widget_video\"><div id=\"sc_video_1186245562\" class=\"trx_addons_video_player without_cover\"><div class=\"video_embed video_frame\"><iframe src=\"https:\/\/www.youtube.com\/embed\/MyErghcEbqU?si=Do_WhXafgA7h2nCd&#038;feature=oembed&#038;wmode=transparent&#038;origin=https%3A%2F%2Fnordic-comfort.com%2Ffi%2F&#038;widgetid=1&#038;enablejsapi=1&#038;disablekb=1&#038;modestbranding=1&#038;iv_load_policy=3&#038;rel=0&#038;showinfo=0&#038;playsinline=1\" width=\"1320\" height=\"743\"><\/iframe><\/div><\/div><\/aside><\/div>\t\t\t\t<\/div>\n\t\t\t\t<\/div>\n\t\t\t\t\t<\/div>\n\t\t\t\t<\/div>\n\t\t\t\t\t<\/div>\n\t\t\t\t<\/div>\n\t\t<div class=\"elementor-element elementor-element-15dde9f brand e-flex e-con-boxed sc_inner_width_none sc_layouts_column_icons_position_left e-con e-parent\" data-id=\"15dde9f\" data-element_type=\"container\" data-e-type=\"container\" data-settings=\"{&quot;background_background&quot;:&quot;classic&quot;}\">\n\t\t\t\t\t<div class=\"e-con-inner\">\n\t\t\t\t<div class=\"elementor-element elementor-element-e66d51b exad-sticky-section-no exad-glass-effect-no sc_fly_static elementor-widget elementor-widget-heading\" data-id=\"e66d51b\" data-element_type=\"widget\" data-e-type=\"widget\" data-widget_type=\"heading.default\">\n\t\t\t\t<div class=\"elementor-widget-container\">\n\t\t\t\t\t<h4 class=\"elementor-heading-title elementor-size-default\">Valitse kategoria<\/h4>\t\t\t\t<\/div>\n\t\t\t\t<\/div>\n\t\t<div class=\"e-con-gap-no elementor-element elementor-element-bb43888 e-con-full product_categories e-flex sc_inner_width_none sc_layouts_column_icons_position_left e-con e-child\" data-id=\"bb43888\" data-element_type=\"container\" data-e-type=\"container\">\n\t\t<div class=\"elementor-element elementor-element-3bdf0f7 e-con-full e-flex sc_inner_width_none sc_layouts_column_icons_position_left e-con e-child\" data-id=\"3bdf0f7\" data-element_type=\"container\" data-e-type=\"container\">\n\t\t\t\t<div class=\"elementor-element elementor-element-256819f product_category elementor-position-top exad-sticky-section-no exad-glass-effect-no sc_fly_static elementor-widget elementor-widget-image-box\" data-id=\"256819f\" data-element_type=\"widget\" data-e-type=\"widget\" data-widget_type=\"image-box.default\">\n\t\t\t\t<div class=\"elementor-widget-container\">\n\t\t\t\t\t<div class=\"elementor-image-box-wrapper\"><figure class=\"elementor-image-box-img\"><a href=\"https:\/\/nordic-comfort.com\/fi\/our-products\/sauna-heaters\/\" tabindex=\"-1\"><img decoding=\"async\" width=\"423\" height=\"380\" src=\"https:\/\/nordic-comfort.com\/wp-content\/uploads\/2024\/07\/sauna_heaters.png\" class=\"attachment-full size-full wp-image-47547\" alt=\"\" srcset=\"https:\/\/nordic-comfort.com\/wp-content\/uploads\/2024\/07\/sauna_heaters.png 423w, https:\/\/nordic-comfort.com\/wp-content\/uploads\/2024\/07\/sauna_heaters-300x270.png 300w, https:\/\/nordic-comfort.com\/wp-content\/uploads\/2024\/07\/sauna_heaters-370x332.png 370w, https:\/\/nordic-comfort.com\/wp-content\/uploads\/2024\/07\/sauna_heaters-410x368.png 410w\" sizes=\"(max-width: 600px) 100vw, 423px\" \/><\/a><\/figure><div class=\"elementor-image-box-content\"><h4 class=\"elementor-image-box-title\"><a href=\"https:\/\/nordic-comfort.com\/fi\/our-products\/sauna-heaters\/\">Saunankiukaat<\/a><\/h4><\/div><\/div>\t\t\t\t<\/div>\n\t\t\t\t<\/div>\n\t\t\t\t<\/div>\n\t\t\t\t<\/div>\n\t\t\t\t\t<\/div>\n\t\t\t\t<\/div>\n\t\t<div class=\"elementor-element elementor-element-cd2e0d4 brands_products e-flex e-con-boxed sc_inner_width_none sc_layouts_column_icons_position_left e-con e-parent\" data-id=\"cd2e0d4\" data-element_type=\"container\" data-e-type=\"container\" data-settings=\"{&quot;background_background&quot;:&quot;classic&quot;}\">\n\t\t\t\t\t<div class=\"e-con-inner\">\n\t\t<div class=\"e-con-gap-no elementor-element elementor-element-00d065f e-con-full e-flex sc_inner_width_none sc_layouts_column_icons_position_left e-con e-child\" data-id=\"00d065f\" data-element_type=\"container\" data-e-type=\"container\">\n\t\t<div class=\"elementor-element elementor-element-509ddb3 e-flex e-con-boxed sc_inner_width_none sc_layouts_column_icons_position_left e-con e-child\" data-id=\"509ddb3\" data-element_type=\"container\" data-e-type=\"container\">\n\t\t\t\t\t<div class=\"e-con-inner\">\n\t\t\t\t<div class=\"elementor-element elementor-element-e0c86b6 exad-sticky-section-no exad-glass-effect-no sc_fly_static elementor-widget elementor-widget-heading\" data-id=\"e0c86b6\" data-element_type=\"widget\" data-e-type=\"widget\" data-widget_type=\"heading.default\">\n\t\t\t\t<div class=\"elementor-widget-container\">\n\t\t\t\t\t<h4 class=\"elementor-heading-title elementor-size-default\">Suositellut tuotteet<\/h4>\t\t\t\t<\/div>\n\t\t\t\t<\/div>\n\t\t\t\t\t<\/div>\n\t\t\t\t<\/div>\n\t\t\t\t<\/div>\n\t\t\t\t<div class=\"elementor-element elementor-element-a92fb49 product_slider elementor-arrows-position-inside exad-sticky-section-no exad-glass-effect-no sc_fly_static elementor-widget elementor-widget-loop-carousel\" data-id=\"a92fb49\" data-element_type=\"widget\" data-e-type=\"widget\" data-settings=\"{&quot;template_id&quot;:57089,&quot;slides_to_show&quot;:&quot;4&quot;,&quot;slides_to_show_laptop&quot;:&quot;4&quot;,&quot;slides_to_show_tablet&quot;:&quot;3&quot;,&quot;_skin&quot;:&quot;post&quot;,&quot;slides_to_show_widescreen&quot;:&quot;3&quot;,&quot;slides_to_show_tablet_extra&quot;:&quot;3&quot;,&quot;slides_to_show_mobile_extra&quot;:&quot;2&quot;,&quot;slides_to_show_mobile&quot;:&quot;1&quot;,&quot;slides_to_scroll&quot;:&quot;1&quot;,&quot;edit_handle_selector&quot;:&quot;.elementor-widget-container&quot;,&quot;speed&quot;:500,&quot;arrows&quot;:&quot;yes&quot;,&quot;image_spacing_custom&quot;:{&quot;unit&quot;:&quot;px&quot;,&quot;size&quot;:10,&quot;sizes&quot;:[]},&quot;image_spacing_custom_widescreen&quot;:{&quot;unit&quot;:&quot;px&quot;,&quot;size&quot;:&quot;&quot;,&quot;sizes&quot;:[]},&quot;image_spacing_custom_laptop&quot;:{&quot;unit&quot;:&quot;px&quot;,&quot;size&quot;:&quot;&quot;,&quot;sizes&quot;:[]},&quot;image_spacing_custom_tablet_extra&quot;:{&quot;unit&quot;:&quot;px&quot;,&quot;size&quot;:&quot;&quot;,&quot;sizes&quot;:[]},&quot;image_spacing_custom_tablet&quot;:{&quot;unit&quot;:&quot;px&quot;,&quot;size&quot;:&quot;&quot;,&quot;sizes&quot;:[]},&quot;image_spacing_custom_mobile_extra&quot;:{&quot;unit&quot;:&quot;px&quot;,&quot;size&quot;:&quot;&quot;,&quot;sizes&quot;:[]},&quot;image_spacing_custom_mobile&quot;:{&quot;unit&quot;:&quot;px&quot;,&quot;size&quot;:&quot;&quot;,&quot;sizes&quot;:[]}}\" data-widget_type=\"loop-carousel.post\">\n\t\t\t\t<div class=\"elementor-widget-container\">\n\t\t\t\t\t\t\t<div class=\"e-loop-nothing-found-message\">\n\t\t<\/div>\n\t\t\t\t\t\t<\/div>\n\t\t\t\t<\/div>\n\t\t\t\t\t<\/div>\n\t\t\t\t<\/div>\n\t\t\t\t<\/div>\n\t\t","protected":false},"excerpt":{"rendered":"<p>Tietoa Grand Meyerist\u00e4 Grand Meyer Grand Meyer on eurooppalainen l\u00e4mmityskaapeleiden, lattial\u00e4mmitysj\u00e4rjestelmien ja termostaattien valmistaja, jolla on yli 20 vuoden kokemus. Yritys on erikoistunut luotettaviin ratkaisuihin asuin- ja liiketilojen s\u00e4hk\u00f6iseen l\u00e4mmitykseen&hellip;<\/p>\n","protected":false},"author":4,"featured_media":60716,"parent":52858,"menu_order":0,"comment_status":"closed","ping_status":"closed","template":"","meta":{"_acf_changed":false,"footnotes":""},"categories":[],"tags":[],"class_list":["post-53204","page","type-page","status-publish","has-post-thumbnail","hentry"],"acf":[],"aioseo_notices":[],"_links":{"self":[{"href":"https:\/\/nordic-comfort.com\/fi\/wp-json\/wp\/v2\/pages\/53204","targetHints":{"allow":["GET"]}}],"collection":[{"href":"https:\/\/nordic-comfort.com\/fi\/wp-json\/wp\/v2\/pages"}],"about":[{"href":"https:\/\/nordic-comfort.com\/fi\/wp-json\/wp\/v2\/types\/page"}],"author":[{"embeddable":true,"href":"https:\/\/nordic-comfort.com\/fi\/wp-json\/wp\/v2\/users\/4"}],"replies":[{"embeddable":true,"href":"https:\/\/nordic-comfort.com\/fi\/wp-json\/wp\/v2\/comments?post=53204"}],"version-history":[{"count":8,"href":"https:\/\/nordic-comfort.com\/fi\/wp-json\/wp\/v2\/pages\/53204\/revisions"}],"predecessor-version":[{"id":60849,"href":"https:\/\/nordic-comfort.com\/fi\/wp-json\/wp\/v2\/pages\/53204\/revisions\/60849"}],"up":[{"embeddable":true,"href":"https:\/\/nordic-comfort.com\/fi\/wp-json\/wp\/v2\/pages\/52858"}],"wp:featuredmedia":[{"embeddable":true,"href":"https:\/\/nordic-comfort.com\/fi\/wp-json\/wp\/v2\/media\/60716"}],"wp:attachment":[{"href":"https:\/\/nordic-comfort.com\/fi\/wp-json\/wp\/v2\/media?parent=53204"}],"wp:term":[{"taxonomy":"category","embeddable":true,"href":"https:\/\/nordic-comfort.com\/fi\/wp-json\/wp\/v2\/categories?post=53204"},{"taxonomy":"post_tag","embeddable":true,"href":"https:\/\/nordic-comfort.com\/fi\/wp-json\/wp\/v2\/tags?post=53204"}],"curies":[{"name":"wp","href":"https:\/\/api.w.org\/{rel}","templated":true}]}}