{"id":53311,"date":"2024-07-02T08:33:14","date_gmt":"2024-07-02T05:33:14","guid":{"rendered":"https:\/\/nordic-comfort.com\/manuals\/midea\/"},"modified":"2024-07-20T12:47:31","modified_gmt":"2024-07-20T09:47:31","slug":"midea","status":"publish","type":"page","link":"https:\/\/nordic-comfort.com\/fi\/manuals\/midea\/","title":{"rendered":"Midea"},"content":{"rendered":"\t\t<div data-elementor-type=\"wp-page\" data-elementor-id=\"53311\" class=\"elementor elementor-53311 elementor-47107\" data-elementor-post-type=\"page\">\n\t\t\t\t<div class=\"elementor-element elementor-element-66f538f e-con-full e-flex sc_inner_width_none sc_layouts_column_icons_position_left e-con e-parent\" data-id=\"66f538f\" data-element_type=\"container\" data-e-type=\"container\" data-settings=\"{&quot;background_background&quot;:&quot;classic&quot;}\">\n\t\t\t\t<div class=\"elementor-element elementor-element-f5b45db breadcrumbs exad-sticky-section-no exad-glass-effect-no sc_fly_static elementor-widget elementor-widget-shortcode\" data-id=\"f5b45db\" data-element_type=\"widget\" data-e-type=\"widget\" data-widget_type=\"shortcode.default\">\n\t\t\t\t<div class=\"elementor-widget-container\">\n\t\t\t\t\t\t\t<div class=\"elementor-shortcode\"><div class=\"aioseo-breadcrumbs\"><span class=\"aioseo-breadcrumb\">\n\tMain page\n<\/span><\/div><\/div>\n\t\t\t\t\t\t<\/div>\n\t\t\t\t<\/div>\n\t\t\t\t<div class=\"elementor-element elementor-element-4e68edb exad-sticky-section-no exad-glass-effect-no sc_fly_static elementor-widget elementor-widget-heading\" data-id=\"4e68edb\" data-element_type=\"widget\" data-e-type=\"widget\" data-widget_type=\"heading.default\">\n\t\t\t\t<div class=\"elementor-widget-container\">\n\t\t\t\t\t<h1 class=\"elementor-heading-title elementor-size-default\">K\u00e4ytt\u00f6oppaat<\/h1>\t\t\t\t<\/div>\n\t\t\t\t<\/div>\n\t\t\t\t<\/div>\n\t\t<div class=\"elementor-element elementor-element-57ae606 e-flex e-con-boxed sc_inner_width_none sc_layouts_column_icons_position_left e-con e-parent\" data-id=\"57ae606\" data-element_type=\"container\" data-e-type=\"container\" data-settings=\"{&quot;background_background&quot;:&quot;classic&quot;}\">\n\t\t\t\t\t<div class=\"e-con-inner\">\n\t\t\t\t<div class=\"elementor-element elementor-element-c3d1b9d exad-sticky-section-no exad-glass-effect-no sc_fly_static elementor-widget elementor-widget-heading\" data-id=\"c3d1b9d\" data-element_type=\"widget\" data-e-type=\"widget\" data-widget_type=\"heading.default\">\n\t\t\t\t<div class=\"elementor-widget-container\">\n\t\t\t\t\t<h4 class=\"elementor-heading-title elementor-size-default\">Valitse luokka<\/h4>\t\t\t\t<\/div>\n\t\t\t\t<\/div>\n\t\t<div class=\"elementor-element elementor-element-a179426 e-grid e-con-full sc_inner_width_none sc_layouts_column_icons_position_left e-con e-child\" data-id=\"a179426\" data-element_type=\"container\" data-e-type=\"container\">\n\t\t<div class=\"elementor-element elementor-element-cabbdb5 e-con-full e-flex sc_inner_width_none sc_layouts_column_icons_position_left e-con e-child\" data-id=\"cabbdb5\" data-element_type=\"container\" data-e-type=\"container\" data-settings=\"{&quot;background_background&quot;:&quot;classic&quot;}\">\n\t\t\t\t<div class=\"elementor-element elementor-element-b57f2db exad-sticky-section-no exad-glass-effect-no sc_fly_static elementor-widget elementor-widget-image\" data-id=\"b57f2db\" data-element_type=\"widget\" data-e-type=\"widget\" data-widget_type=\"image.default\">\n\t\t\t\t<div class=\"elementor-widget-container\">\n\t\t\t\t\t\t\t\t\t\t\t\t\t\t\t\t<a href=\"https:\/\/nordic-comfort.com\/fi\/manuals\/midea\/storage-water-heaters\/\">\n\t\t\t\t\t\t\t<img fetchpriority=\"high\" decoding=\"async\" width=\"720\" height=\"1080\" src=\"https:\/\/nordic-comfort.com\/wp-content\/uploads\/2024\/07\/storage-water-heater-Midea.jpg\" class=\"attachment-full size-full wp-image-52089\" alt=\"\" srcset=\"https:\/\/nordic-comfort.com\/wp-content\/uploads\/2024\/07\/storage-water-heater-Midea.jpg 720w, https:\/\/nordic-comfort.com\/wp-content\/uploads\/2024\/07\/storage-water-heater-Midea-200x300.jpg 200w, https:\/\/nordic-comfort.com\/wp-content\/uploads\/2024\/07\/storage-water-heater-Midea-683x1024.jpg 683w, https:\/\/nordic-comfort.com\/wp-content\/uploads\/2024\/07\/storage-water-heater-Midea-370x555.jpg 370w, https:\/\/nordic-comfort.com\/wp-content\/uploads\/2024\/07\/storage-water-heater-Midea-410x615.jpg 410w, https:\/\/nordic-comfort.com\/wp-content\/uploads\/2024\/07\/storage-water-heater-Midea-600x900.jpg 600w\" sizes=\"(max-width: 720px) 100vw, 720px\" \/>\t\t\t\t\t\t\t\t<\/a>\n\t\t\t\t\t\t\t\t\t\t\t\t\t\t\t<\/div>\n\t\t\t\t<\/div>\n\t\t\t\t<div class=\"elementor-element elementor-element-1834f4c elementor-widget-divider--view-line exad-sticky-section-no exad-glass-effect-no sc_fly_static elementor-widget elementor-widget-divider\" data-id=\"1834f4c\" data-element_type=\"widget\" data-e-type=\"widget\" data-widget_type=\"divider.default\">\n\t\t\t\t<div class=\"elementor-widget-container\">\n\t\t\t\t\t\t\t<div class=\"elementor-divider\">\n\t\t\t<span class=\"elementor-divider-separator\">\n\t\t\t\t\t\t<\/span>\n\t\t<\/div>\n\t\t\t\t\t\t<\/div>\n\t\t\t\t<\/div>\n\t\t\t\t<div class=\"elementor-element elementor-element-7fbfd9a category_title exad-sticky-section-no exad-glass-effect-no sc_fly_static elementor-widget elementor-widget-heading\" data-id=\"7fbfd9a\" data-element_type=\"widget\" data-e-type=\"widget\" data-widget_type=\"heading.default\">\n\t\t\t\t<div class=\"elementor-widget-container\">\n\t\t\t\t\t<h6 class=\"elementor-heading-title elementor-size-default\"><a href=\"https:\/\/nordic-comfort.com\/fi\/manuals\/midea\/storage-water-heaters\/\">Varaajan vedenl\u00e4mmittimet<\/a><\/h6>\t\t\t\t<\/div>\n\t\t\t\t<\/div>\n\t\t\t\t<\/div>\n\t\t<div class=\"elementor-element elementor-element-6471220 e-con-full e-flex sc_inner_width_none sc_layouts_column_icons_position_left e-con e-child\" data-id=\"6471220\" data-element_type=\"container\" data-e-type=\"container\" data-settings=\"{&quot;background_background&quot;:&quot;classic&quot;}\">\n\t\t\t\t<div class=\"elementor-element elementor-element-fb68afc exad-sticky-section-no exad-glass-effect-no sc_fly_static elementor-widget elementor-widget-image\" data-id=\"fb68afc\" data-element_type=\"widget\" data-e-type=\"widget\" data-widget_type=\"image.default\">\n\t\t\t\t<div class=\"elementor-widget-container\">\n\t\t\t\t\t\t\t\t\t\t\t\t\t\t\t\t<a href=\"https:\/\/nordic-comfort.com\/fi\/manuals\/midea\/gas-water-heaters\/\">\n\t\t\t\t\t\t\t<img decoding=\"async\" width=\"1500\" height=\"1200\" src=\"https:\/\/nordic-comfort.com\/wp-content\/uploads\/2024\/07\/Gas-water-heater-Midea.png\" class=\"attachment-full size-full wp-image-52113\" alt=\"\" srcset=\"https:\/\/nordic-comfort.com\/wp-content\/uploads\/2024\/07\/Gas-water-heater-Midea.png 1500w, https:\/\/nordic-comfort.com\/wp-content\/uploads\/2024\/07\/Gas-water-heater-Midea-300x240.png 300w, https:\/\/nordic-comfort.com\/wp-content\/uploads\/2024\/07\/Gas-water-heater-Midea-1024x819.png 1024w, https:\/\/nordic-comfort.com\/wp-content\/uploads\/2024\/07\/Gas-water-heater-Midea-768x614.png 768w, https:\/\/nordic-comfort.com\/wp-content\/uploads\/2024\/07\/Gas-water-heater-Midea-370x296.png 370w, https:\/\/nordic-comfort.com\/wp-content\/uploads\/2024\/07\/Gas-water-heater-Midea-840x672.png 840w, https:\/\/nordic-comfort.com\/wp-content\/uploads\/2024\/07\/Gas-water-heater-Midea-410x328.png 410w, https:\/\/nordic-comfort.com\/wp-content\/uploads\/2024\/07\/Gas-water-heater-Midea-600x480.png 600w\" sizes=\"(max-width: 1500px) 100vw, 1500px\" \/>\t\t\t\t\t\t\t\t<\/a>\n\t\t\t\t\t\t\t\t\t\t\t\t\t\t\t<\/div>\n\t\t\t\t<\/div>\n\t\t\t\t<div class=\"elementor-element elementor-element-5c622f8 elementor-widget-divider--view-line exad-sticky-section-no exad-glass-effect-no sc_fly_static elementor-widget elementor-widget-divider\" data-id=\"5c622f8\" data-element_type=\"widget\" data-e-type=\"widget\" data-widget_type=\"divider.default\">\n\t\t\t\t<div class=\"elementor-widget-container\">\n\t\t\t\t\t\t\t<div class=\"elementor-divider\">\n\t\t\t<span class=\"elementor-divider-separator\">\n\t\t\t\t\t\t<\/span>\n\t\t<\/div>\n\t\t\t\t\t\t<\/div>\n\t\t\t\t<\/div>\n\t\t\t\t<div class=\"elementor-element elementor-element-3b60173 category_title exad-sticky-section-no exad-glass-effect-no sc_fly_static elementor-widget elementor-widget-heading\" data-id=\"3b60173\" data-element_type=\"widget\" data-e-type=\"widget\" data-widget_type=\"heading.default\">\n\t\t\t\t<div class=\"elementor-widget-container\">\n\t\t\t\t\t<h6 class=\"elementor-heading-title elementor-size-default\"><a href=\"https:\/\/nordic-comfort.com\/fi\/manuals\/midea\/gas-water-heaters\/\">Kaasuvedenl\u00e4mmittimet<\/a><\/h6>\t\t\t\t<\/div>\n\t\t\t\t<\/div>\n\t\t\t\t<\/div>\n\t\t<div class=\"elementor-element elementor-element-3c3cacb e-con-full e-flex sc_inner_width_none sc_layouts_column_icons_position_left e-con e-child\" data-id=\"3c3cacb\" data-element_type=\"container\" data-e-type=\"container\" data-settings=\"{&quot;background_background&quot;:&quot;classic&quot;}\">\n\t\t\t\t<div class=\"elementor-element elementor-element-91f7452 exad-sticky-section-no exad-glass-effect-no sc_fly_static elementor-widget elementor-widget-image\" data-id=\"91f7452\" data-element_type=\"widget\" data-e-type=\"widget\" data-widget_type=\"image.default\">\n\t\t\t\t<div class=\"elementor-widget-container\">\n\t\t\t\t\t\t\t\t\t\t\t\t\t\t\t\t<a href=\"https:\/\/nordic-comfort.com\/fi\/manuals\/midea\/instant-water-heaters\/\">\n\t\t\t\t\t\t\t<img decoding=\"async\" width=\"1024\" height=\"1024\" src=\"https:\/\/nordic-comfort.com\/wp-content\/uploads\/2024\/07\/instant-water-heater-Midea.jpg\" class=\"attachment-full size-full wp-image-52120\" alt=\"\" srcset=\"https:\/\/nordic-comfort.com\/wp-content\/uploads\/2024\/07\/instant-water-heater-Midea.jpg 1024w, https:\/\/nordic-comfort.com\/wp-content\/uploads\/2024\/07\/instant-water-heater-Midea-300x300.jpg 300w, https:\/\/nordic-comfort.com\/wp-content\/uploads\/2024\/07\/instant-water-heater-Midea-150x150.jpg 150w, https:\/\/nordic-comfort.com\/wp-content\/uploads\/2024\/07\/instant-water-heater-Midea-768x768.jpg 768w, https:\/\/nordic-comfort.com\/wp-content\/uploads\/2024\/07\/instant-water-heater-Midea-370x370.jpg 370w, https:\/\/nordic-comfort.com\/wp-content\/uploads\/2024\/07\/instant-water-heater-Midea-120x120.jpg 120w, https:\/\/nordic-comfort.com\/wp-content\/uploads\/2024\/07\/instant-water-heater-Midea-840x840.jpg 840w, https:\/\/nordic-comfort.com\/wp-content\/uploads\/2024\/07\/instant-water-heater-Midea-410x410.jpg 410w, https:\/\/nordic-comfort.com\/wp-content\/uploads\/2024\/07\/instant-water-heater-Midea-600x600.jpg 600w\" sizes=\"(max-width: 1024px) 100vw, 1024px\" \/>\t\t\t\t\t\t\t\t<\/a>\n\t\t\t\t\t\t\t\t\t\t\t\t\t\t\t<\/div>\n\t\t\t\t<\/div>\n\t\t\t\t<div class=\"elementor-element elementor-element-41d4dbd elementor-widget-divider--view-line exad-sticky-section-no exad-glass-effect-no sc_fly_static elementor-widget elementor-widget-divider\" data-id=\"41d4dbd\" data-element_type=\"widget\" data-e-type=\"widget\" data-widget_type=\"divider.default\">\n\t\t\t\t<div class=\"elementor-widget-container\">\n\t\t\t\t\t\t\t<div class=\"elementor-divider\">\n\t\t\t<span class=\"elementor-divider-separator\">\n\t\t\t\t\t\t<\/span>\n\t\t<\/div>\n\t\t\t\t\t\t<\/div>\n\t\t\t\t<\/div>\n\t\t\t\t<div class=\"elementor-element elementor-element-4b31493 category_title exad-sticky-section-no exad-glass-effect-no sc_fly_static elementor-widget elementor-widget-heading\" data-id=\"4b31493\" data-element_type=\"widget\" data-e-type=\"widget\" data-widget_type=\"heading.default\">\n\t\t\t\t<div class=\"elementor-widget-container\">\n\t\t\t\t\t<h6 class=\"elementor-heading-title elementor-size-default\"><a href=\"https:\/\/nordic-comfort.com\/fi\/manuals\/midea\/instant-water-heaters\/\">Pikavedenl\u00e4mmittimet<\/a><\/h6>\t\t\t\t<\/div>\n\t\t\t\t<\/div>\n\t\t\t\t<\/div>\n\t\t<div class=\"elementor-element elementor-element-9f56064 e-con-full e-flex sc_inner_width_none sc_layouts_column_icons_position_left e-con e-child\" data-id=\"9f56064\" data-element_type=\"container\" data-e-type=\"container\" data-settings=\"{&quot;background_background&quot;:&quot;classic&quot;}\">\n\t\t\t\t<div class=\"elementor-element elementor-element-5685cff exad-sticky-section-no exad-glass-effect-no sc_fly_static elementor-widget elementor-widget-image\" data-id=\"5685cff\" data-element_type=\"widget\" data-e-type=\"widget\" data-widget_type=\"image.default\">\n\t\t\t\t<div class=\"elementor-widget-container\">\n\t\t\t\t\t\t\t\t\t\t\t\t\t\t\t\t<a href=\"https:\/\/nordic-comfort.com\/fi\/manuals\/midea\/air-heat-pumps\/\">\n\t\t\t\t\t\t\t<img loading=\"lazy\" decoding=\"async\" width=\"1920\" height=\"1920\" src=\"https:\/\/nordic-comfort.com\/wp-content\/uploads\/2024\/07\/air-heat-pump-Midea.jpg\" class=\"attachment-full size-full wp-image-52174\" alt=\"\" srcset=\"https:\/\/nordic-comfort.com\/wp-content\/uploads\/2024\/07\/air-heat-pump-Midea.jpg 1920w, https:\/\/nordic-comfort.com\/wp-content\/uploads\/2024\/07\/air-heat-pump-Midea-300x300.jpg 300w, https:\/\/nordic-comfort.com\/wp-content\/uploads\/2024\/07\/air-heat-pump-Midea-1024x1024.jpg 1024w, https:\/\/nordic-comfort.com\/wp-content\/uploads\/2024\/07\/air-heat-pump-Midea-150x150.jpg 150w, https:\/\/nordic-comfort.com\/wp-content\/uploads\/2024\/07\/air-heat-pump-Midea-768x768.jpg 768w, https:\/\/nordic-comfort.com\/wp-content\/uploads\/2024\/07\/air-heat-pump-Midea-1536x1536.jpg 1536w, https:\/\/nordic-comfort.com\/wp-content\/uploads\/2024\/07\/air-heat-pump-Midea-370x370.jpg 370w, https:\/\/nordic-comfort.com\/wp-content\/uploads\/2024\/07\/air-heat-pump-Midea-120x120.jpg 120w, https:\/\/nordic-comfort.com\/wp-content\/uploads\/2024\/07\/air-heat-pump-Midea-840x840.jpg 840w, https:\/\/nordic-comfort.com\/wp-content\/uploads\/2024\/07\/air-heat-pump-Midea-410x410.jpg 410w, https:\/\/nordic-comfort.com\/wp-content\/uploads\/2024\/07\/air-heat-pump-Midea-600x600.jpg 600w\" sizes=\"(max-width: 1920px) 100vw, 1920px\" \/>\t\t\t\t\t\t\t\t<\/a>\n\t\t\t\t\t\t\t\t\t\t\t\t\t\t\t<\/div>\n\t\t\t\t<\/div>\n\t\t\t\t<div class=\"elementor-element elementor-element-dde655c elementor-widget-divider--view-line exad-sticky-section-no exad-glass-effect-no sc_fly_static elementor-widget elementor-widget-divider\" data-id=\"dde655c\" data-element_type=\"widget\" data-e-type=\"widget\" data-widget_type=\"divider.default\">\n\t\t\t\t<div class=\"elementor-widget-container\">\n\t\t\t\t\t\t\t<div class=\"elementor-divider\">\n\t\t\t<span class=\"elementor-divider-separator\">\n\t\t\t\t\t\t<\/span>\n\t\t<\/div>\n\t\t\t\t\t\t<\/div>\n\t\t\t\t<\/div>\n\t\t\t\t<div class=\"elementor-element elementor-element-b438873 category_title exad-sticky-section-no exad-glass-effect-no sc_fly_static elementor-widget elementor-widget-heading\" data-id=\"b438873\" data-element_type=\"widget\" data-e-type=\"widget\" data-widget_type=\"heading.default\">\n\t\t\t\t<div class=\"elementor-widget-container\">\n\t\t\t\t\t<h6 class=\"elementor-heading-title elementor-size-default\"><a href=\"https:\/\/nordic-comfort.com\/fi\/manuals\/midea\/air-heat-pumps\/\">Ilmal\u00e4mp\u00f6pumput<\/a><\/h6>\t\t\t\t<\/div>\n\t\t\t\t<\/div>\n\t\t\t\t<\/div>\n\t\t<div class=\"elementor-element elementor-element-6802b96 e-con-full e-flex sc_inner_width_none sc_layouts_column_icons_position_left e-con e-child\" data-id=\"6802b96\" data-element_type=\"container\" data-e-type=\"container\" data-settings=\"{&quot;background_background&quot;:&quot;classic&quot;}\">\n\t\t\t\t<div class=\"elementor-element elementor-element-26e8131 exad-sticky-section-no exad-glass-effect-no sc_fly_static elementor-widget elementor-widget-image\" data-id=\"26e8131\" data-element_type=\"widget\" data-e-type=\"widget\" data-widget_type=\"image.default\">\n\t\t\t\t<div class=\"elementor-widget-container\">\n\t\t\t\t\t\t\t\t\t\t\t\t\t\t\t\t<a href=\"https:\/\/nordic-comfort.com\/fi\/manuals\/midea\/air-to-water-heat-pumps\/\">\n\t\t\t\t\t\t\t<img loading=\"lazy\" decoding=\"async\" width=\"500\" height=\"500\" src=\"https:\/\/nordic-comfort.com\/wp-content\/uploads\/2024\/07\/Air-to-water-heat-pumps-Midea.jpg\" class=\"attachment-full size-full wp-image-52181\" alt=\"\" srcset=\"https:\/\/nordic-comfort.com\/wp-content\/uploads\/2024\/07\/Air-to-water-heat-pumps-Midea.jpg 500w, https:\/\/nordic-comfort.com\/wp-content\/uploads\/2024\/07\/Air-to-water-heat-pumps-Midea-300x300.jpg 300w, https:\/\/nordic-comfort.com\/wp-content\/uploads\/2024\/07\/Air-to-water-heat-pumps-Midea-150x150.jpg 150w, https:\/\/nordic-comfort.com\/wp-content\/uploads\/2024\/07\/Air-to-water-heat-pumps-Midea-370x370.jpg 370w, https:\/\/nordic-comfort.com\/wp-content\/uploads\/2024\/07\/Air-to-water-heat-pumps-Midea-120x120.jpg 120w, https:\/\/nordic-comfort.com\/wp-content\/uploads\/2024\/07\/Air-to-water-heat-pumps-Midea-410x410.jpg 410w\" sizes=\"(max-width: 600px) 100vw, 500px\" \/>\t\t\t\t\t\t\t\t<\/a>\n\t\t\t\t\t\t\t\t\t\t\t\t\t\t\t<\/div>\n\t\t\t\t<\/div>\n\t\t\t\t<div class=\"elementor-element elementor-element-f3c0bb7 elementor-widget-divider--view-line exad-sticky-section-no exad-glass-effect-no sc_fly_static elementor-widget elementor-widget-divider\" data-id=\"f3c0bb7\" data-element_type=\"widget\" data-e-type=\"widget\" data-widget_type=\"divider.default\">\n\t\t\t\t<div class=\"elementor-widget-container\">\n\t\t\t\t\t\t\t<div class=\"elementor-divider\">\n\t\t\t<span class=\"elementor-divider-separator\">\n\t\t\t\t\t\t<\/span>\n\t\t<\/div>\n\t\t\t\t\t\t<\/div>\n\t\t\t\t<\/div>\n\t\t\t\t<div class=\"elementor-element elementor-element-479cc32 category_title exad-sticky-section-no exad-glass-effect-no sc_fly_static elementor-widget elementor-widget-heading\" data-id=\"479cc32\" data-element_type=\"widget\" data-e-type=\"widget\" data-widget_type=\"heading.default\">\n\t\t\t\t<div class=\"elementor-widget-container\">\n\t\t\t\t\t<h6 class=\"elementor-heading-title elementor-size-default\"><a href=\"https:\/\/nordic-comfort.com\/fi\/manuals\/midea\/air-to-water-heat-pumps\/\">Ilma-vesil\u00e4mp\u00f6pumput<\/a><\/h6>\t\t\t\t<\/div>\n\t\t\t\t<\/div>\n\t\t\t\t<\/div>\n\t\t<div class=\"elementor-element elementor-element-4c677ca e-con-full e-flex sc_inner_width_none sc_layouts_column_icons_position_left e-con e-child\" data-id=\"4c677ca\" data-element_type=\"container\" data-e-type=\"container\" data-settings=\"{&quot;background_background&quot;:&quot;classic&quot;}\">\n\t\t\t\t<div class=\"elementor-element elementor-element-c04700a exad-sticky-section-no exad-glass-effect-no sc_fly_static elementor-widget elementor-widget-image\" data-id=\"c04700a\" data-element_type=\"widget\" data-e-type=\"widget\" data-widget_type=\"image.default\">\n\t\t\t\t<div class=\"elementor-widget-container\">\n\t\t\t\t\t\t\t\t\t\t\t\t\t\t\t\t<a href=\"https:\/\/nordic-comfort.com\/fi\/manuals\/midea\/electric-heaters\/\">\n\t\t\t\t\t\t\t<img loading=\"lazy\" decoding=\"async\" width=\"1024\" height=\"1024\" src=\"https:\/\/nordic-comfort.com\/wp-content\/uploads\/2024\/07\/electric-heater-Midea.jpg\" class=\"attachment-full size-full wp-image-52204\" alt=\"\" srcset=\"https:\/\/nordic-comfort.com\/wp-content\/uploads\/2024\/07\/electric-heater-Midea.jpg 1024w, https:\/\/nordic-comfort.com\/wp-content\/uploads\/2024\/07\/electric-heater-Midea-300x300.jpg 300w, https:\/\/nordic-comfort.com\/wp-content\/uploads\/2024\/07\/electric-heater-Midea-150x150.jpg 150w, https:\/\/nordic-comfort.com\/wp-content\/uploads\/2024\/07\/electric-heater-Midea-768x768.jpg 768w, https:\/\/nordic-comfort.com\/wp-content\/uploads\/2024\/07\/electric-heater-Midea-370x370.jpg 370w, https:\/\/nordic-comfort.com\/wp-content\/uploads\/2024\/07\/electric-heater-Midea-120x120.jpg 120w, https:\/\/nordic-comfort.com\/wp-content\/uploads\/2024\/07\/electric-heater-Midea-840x840.jpg 840w, https:\/\/nordic-comfort.com\/wp-content\/uploads\/2024\/07\/electric-heater-Midea-410x410.jpg 410w, https:\/\/nordic-comfort.com\/wp-content\/uploads\/2024\/07\/electric-heater-Midea-600x600.jpg 600w\" sizes=\"(max-width: 1024px) 100vw, 1024px\" \/>\t\t\t\t\t\t\t\t<\/a>\n\t\t\t\t\t\t\t\t\t\t\t\t\t\t\t<\/div>\n\t\t\t\t<\/div>\n\t\t\t\t<div class=\"elementor-element elementor-element-0e12510 elementor-widget-divider--view-line exad-sticky-section-no exad-glass-effect-no sc_fly_static elementor-widget elementor-widget-divider\" data-id=\"0e12510\" data-element_type=\"widget\" data-e-type=\"widget\" data-widget_type=\"divider.default\">\n\t\t\t\t<div class=\"elementor-widget-container\">\n\t\t\t\t\t\t\t<div class=\"elementor-divider\">\n\t\t\t<span class=\"elementor-divider-separator\">\n\t\t\t\t\t\t<\/span>\n\t\t<\/div>\n\t\t\t\t\t\t<\/div>\n\t\t\t\t<\/div>\n\t\t\t\t<div class=\"elementor-element elementor-element-ee85d64 category_title exad-sticky-section-no exad-glass-effect-no sc_fly_static elementor-widget elementor-widget-heading\" data-id=\"ee85d64\" data-element_type=\"widget\" data-e-type=\"widget\" data-widget_type=\"heading.default\">\n\t\t\t\t<div class=\"elementor-widget-container\">\n\t\t\t\t\t<h6 class=\"elementor-heading-title elementor-size-default\"><a href=\"https:\/\/nordic-comfort.com\/fi\/manuals\/midea\/electric-heaters\/\">S\u00e4hk\u00f6l\u00e4mmittimet<\/a><\/h6>\t\t\t\t<\/div>\n\t\t\t\t<\/div>\n\t\t\t\t<\/div>\n\t\t<div class=\"elementor-element elementor-element-20ad371 e-con-full e-flex sc_inner_width_none sc_layouts_column_icons_position_left e-con e-child\" data-id=\"20ad371\" data-element_type=\"container\" data-e-type=\"container\" data-settings=\"{&quot;background_background&quot;:&quot;classic&quot;}\">\n\t\t\t\t<div class=\"elementor-element elementor-element-65cdb97 exad-sticky-section-no exad-glass-effect-no sc_fly_static elementor-widget elementor-widget-image\" data-id=\"65cdb97\" data-element_type=\"widget\" data-e-type=\"widget\" data-widget_type=\"image.default\">\n\t\t\t\t<div class=\"elementor-widget-container\">\n\t\t\t\t\t\t\t\t\t\t\t\t\t\t\t\t<a href=\"https:\/\/nordic-comfort.com\/fi\/manuals\/midea\/water-filters\/\">\n\t\t\t\t\t\t\t<img loading=\"lazy\" decoding=\"async\" width=\"600\" height=\"600\" src=\"https:\/\/nordic-comfort.com\/wp-content\/uploads\/2024\/07\/Water-filters-Midea.jpg\" class=\"attachment-full size-full wp-image-52228\" alt=\"\" srcset=\"https:\/\/nordic-comfort.com\/wp-content\/uploads\/2024\/07\/Water-filters-Midea.jpg 600w, https:\/\/nordic-comfort.com\/wp-content\/uploads\/2024\/07\/Water-filters-Midea-300x300.jpg 300w, https:\/\/nordic-comfort.com\/wp-content\/uploads\/2024\/07\/Water-filters-Midea-150x150.jpg 150w, https:\/\/nordic-comfort.com\/wp-content\/uploads\/2024\/07\/Water-filters-Midea-370x370.jpg 370w, https:\/\/nordic-comfort.com\/wp-content\/uploads\/2024\/07\/Water-filters-Midea-120x120.jpg 120w, https:\/\/nordic-comfort.com\/wp-content\/uploads\/2024\/07\/Water-filters-Midea-410x410.jpg 410w\" sizes=\"(max-width: 600px) 100vw, 600px\" \/>\t\t\t\t\t\t\t\t<\/a>\n\t\t\t\t\t\t\t\t\t\t\t\t\t\t\t<\/div>\n\t\t\t\t<\/div>\n\t\t\t\t<div class=\"elementor-element elementor-element-a3d2fbc elementor-widget-divider--view-line exad-sticky-section-no exad-glass-effect-no sc_fly_static elementor-widget elementor-widget-divider\" data-id=\"a3d2fbc\" data-element_type=\"widget\" data-e-type=\"widget\" data-widget_type=\"divider.default\">\n\t\t\t\t<div class=\"elementor-widget-container\">\n\t\t\t\t\t\t\t<div class=\"elementor-divider\">\n\t\t\t<span class=\"elementor-divider-separator\">\n\t\t\t\t\t\t<\/span>\n\t\t<\/div>\n\t\t\t\t\t\t<\/div>\n\t\t\t\t<\/div>\n\t\t\t\t<div class=\"elementor-element elementor-element-03aa1b8 category_title exad-sticky-section-no exad-glass-effect-no sc_fly_static elementor-widget elementor-widget-heading\" data-id=\"03aa1b8\" data-element_type=\"widget\" data-e-type=\"widget\" data-widget_type=\"heading.default\">\n\t\t\t\t<div class=\"elementor-widget-container\">\n\t\t\t\t\t<h6 class=\"elementor-heading-title elementor-size-default\"><a href=\"https:\/\/nordic-comfort.com\/fi\/manuals\/midea\/water-filters\/\">Vedensuodattimet<\/a><\/h6>\t\t\t\t<\/div>\n\t\t\t\t<\/div>\n\t\t\t\t<\/div>\n\t\t\t\t<\/div>\n\t\t\t\t\t<\/div>\n\t\t\t\t<\/div>\n\t\t\t\t<\/div>\n\t\t","protected":false},"excerpt":{"rendered":"<p>K\u00e4ytt\u00f6oppaat Valitse luokka Varaajan vedenl\u00e4mmittimet Kaasuvedenl\u00e4mmittimet Pikavedenl\u00e4mmittimet Ilmal\u00e4mp\u00f6pumput Ilma-vesil\u00e4mp\u00f6pumput S\u00e4hk\u00f6l\u00e4mmittimet Vedensuodattimet<\/p>\n","protected":false},"author":4,"featured_media":0,"parent":52815,"menu_order":0,"comment_status":"closed","ping_status":"closed","template":"","meta":{"_acf_changed":false,"footnotes":""},"categories":[],"tags":[],"class_list":["post-53311","page","type-page","status-publish","hentry"],"acf":[],"aioseo_notices":[],"_links":{"self":[{"href":"https:\/\/nordic-comfort.com\/fi\/wp-json\/wp\/v2\/pages\/53311","targetHints":{"allow":["GET"]}}],"collection":[{"href":"https:\/\/nordic-comfort.com\/fi\/wp-json\/wp\/v2\/pages"}],"about":[{"href":"https:\/\/nordic-comfort.com\/fi\/wp-json\/wp\/v2\/types\/page"}],"author":[{"embeddable":true,"href":"https:\/\/nordic-comfort.com\/fi\/wp-json\/wp\/v2\/users\/4"}],"replies":[{"embeddable":true,"href":"https:\/\/nordic-comfort.com\/fi\/wp-json\/wp\/v2\/comments?post=53311"}],"version-history":[{"count":0,"href":"https:\/\/nordic-comfort.com\/fi\/wp-json\/wp\/v2\/pages\/53311\/revisions"}],"up":[{"embeddable":true,"href":"https:\/\/nordic-comfort.com\/fi\/wp-json\/wp\/v2\/pages\/52815"}],"wp:attachment":[{"href":"https:\/\/nordic-comfort.com\/fi\/wp-json\/wp\/v2\/media?parent=53311"}],"wp:term":[{"taxonomy":"category","embeddable":true,"href":"https:\/\/nordic-comfort.com\/fi\/wp-json\/wp\/v2\/categories?post=53311"},{"taxonomy":"post_tag","embeddable":true,"href":"https:\/\/nordic-comfort.com\/fi\/wp-json\/wp\/v2\/tags?post=53311"}],"curies":[{"name":"wp","href":"https:\/\/api.w.org\/{rel}","templated":true}]}}