{"id":54338,"date":"2023-09-25T15:37:02","date_gmt":"2023-09-25T12:37:02","guid":{"rendered":"https:\/\/nordic-comfort.com\/warranty\/"},"modified":"2025-09-30T12:58:47","modified_gmt":"2025-09-30T09:58:47","slug":"warranty","status":"publish","type":"page","link":"https:\/\/nordic-comfort.com\/fi\/warranty\/","title":{"rendered":"Takuu"},"content":{"rendered":"\t\t<div data-elementor-type=\"wp-page\" data-elementor-id=\"54338\" class=\"elementor elementor-54338 elementor-20349\" data-elementor-post-type=\"page\">\n\t\t\t\t<div class=\"elementor-element elementor-element-e8d2dc7 e-con-full e-flex sc_inner_width_none sc_layouts_column_icons_position_left e-con e-parent\" data-id=\"e8d2dc7\" data-element_type=\"container\" data-e-type=\"container\" data-settings=\"{&quot;background_background&quot;:&quot;classic&quot;}\">\n\t\t\t\t<div class=\"elementor-element elementor-element-bdbf2b4 breadcrumbs exad-sticky-section-no exad-glass-effect-no sc_fly_static elementor-widget elementor-widget-shortcode\" data-id=\"bdbf2b4\" data-element_type=\"widget\" data-e-type=\"widget\" data-widget_type=\"shortcode.default\">\n\t\t\t\t<div class=\"elementor-widget-container\">\n\t\t\t\t\t\t\t<div class=\"elementor-shortcode\"><div class=\"aioseo-breadcrumbs\"><span class=\"aioseo-breadcrumb\">\n\tMain page\n<\/span><\/div><\/div>\n\t\t\t\t\t\t<\/div>\n\t\t\t\t<\/div>\n\t\t\t\t<div class=\"elementor-element elementor-element-39c2c8d exad-sticky-section-no exad-glass-effect-no sc_fly_static elementor-widget elementor-widget-heading\" data-id=\"39c2c8d\" data-element_type=\"widget\" data-e-type=\"widget\" data-widget_type=\"heading.default\">\n\t\t\t\t<div class=\"elementor-widget-container\">\n\t\t\t\t\t<h2 class=\"elementor-heading-title elementor-size-default\">Takuu<\/h2>\t\t\t\t<\/div>\n\t\t\t\t<\/div>\n\t\t\t\t<\/div>\n\t\t<div class=\"elementor-element elementor-element-b69f646 e-flex e-con-boxed sc_inner_width_none sc_layouts_column_icons_position_left e-con e-parent\" data-id=\"b69f646\" data-element_type=\"container\" data-e-type=\"container\" data-settings=\"{&quot;background_background&quot;:&quot;classic&quot;}\">\n\t\t\t\t\t<div class=\"e-con-inner\">\n\t\t\t\t<div class=\"elementor-element elementor-element-b300e81 exad-sticky-section-no exad-glass-effect-no sc_fly_static elementor-widget elementor-widget-text-editor\" data-id=\"b300e81\" data-element_type=\"widget\" data-e-type=\"widget\" data-widget_type=\"text-editor.default\">\n\t\t\t\t<div class=\"elementor-widget-container\">\n\t\t\t\t\t\t\t\t\t<p>Tuotteidemme takuuehdot<\/p>\n\t\t\t\t\t\t\t\t<\/div>\n\t\t\t\t<\/div>\n\t\t\t\t<div class=\"elementor-element elementor-element-c4a14d8 exad-sticky-section-no exad-glass-effect-no sc_fly_static elementor-widget elementor-widget-text-editor\" data-id=\"c4a14d8\" data-element_type=\"widget\" data-e-type=\"widget\" data-widget_type=\"text-editor.default\">\n\t\t\t\t<div class=\"elementor-widget-container\">\n\t\t\t\t\t\t\t\t\t<p><strong>Ostot 1. lokakuuta 2025 alkaen<\/strong><\/p>\n<ul>\n<li><strong>Midea-vedenl\u00e4mmittimet<\/strong>:\n<ul>\n<li><strong>Elektroniikka<\/strong>: 2 vuotta<\/li>\n<li><strong>S\u00e4ili\u00f6<\/strong>: 5 vuotta<\/li>\n<\/ul>\n<\/li>\n<li><strong>Voimassa<\/strong>:\n<ul>\n<li>Estonia, Latvia, Liettua (maahantuoja: KTS Baltic O\u00dc)<\/li>\n<li>Suomi, Ruotsi \u2013 2 vuotta (kaikki komponentit), n\u00e4iden maiden lakien mukaisesti.<\/li>\n<\/ul>\n<\/li>\n<\/ul>\n\t\t\t\t\t\t\t\t<\/div>\n\t\t\t\t<\/div>\n\t\t\t\t<div class=\"elementor-element elementor-element-de9b2ce exad-sticky-section-no exad-glass-effect-no sc_fly_static elementor-widget elementor-widget-text-editor\" data-id=\"de9b2ce\" data-element_type=\"widget\" data-e-type=\"widget\" data-widget_type=\"text-editor.default\">\n\t\t\t\t<div class=\"elementor-widget-container\">\n\t\t\t\t\t\t\t\t\t<p class=\"MsoNormal\"><b>Mallit, joita 5 vuoden s\u00e4ili\u00f6takuu koskee:<\/b><\/p>\n\t\t\t\t\t\t\t\t<\/div>\n\t\t\t\t<\/div>\n\t\t\t\t<div class=\"elementor-element elementor-element-d08807d exad-sticky-section-no exad-glass-effect-no sc_fly_static elementor-widget elementor-widget-text-editor\" data-id=\"d08807d\" data-element_type=\"widget\" data-e-type=\"widget\" data-widget_type=\"text-editor.default\">\n\t\t\t\t<div class=\"elementor-widget-container\">\n\t\t\t\t\t\t\t\t\t<ul>\n<li>Midea 20ED6 Salute Flex<\/li>\n<li>Midea 15EFG Lume Uno<\/li>\n<li>Midea 20VI Salute Xpress<\/li>\n<\/ul>\n<p>\u26a0\ufe0f <strong>Huomio:<\/strong> Midea Aqua F3 -malli kuuluu vain standardin 2 vuoden takuun piiriin.<\/p>\n\t\t\t\t\t\t\t\t<\/div>\n\t\t\t\t<\/div>\n\t\t\t\t<div class=\"elementor-element elementor-element-702ebea exad-sticky-section-no exad-glass-effect-no sc_fly_static elementor-widget elementor-widget-text-editor\" data-id=\"702ebea\" data-element_type=\"widget\" data-e-type=\"widget\" data-widget_type=\"text-editor.default\">\n\t\t\t\t<div class=\"elementor-widget-container\">\n\t\t\t\t\t\t\t\t\t<p><strong>Takuun velvoitteet<\/strong><\/p>\n\t\t\t\t\t\t\t\t<\/div>\n\t\t\t\t<\/div>\n\t\t\t\t<div class=\"elementor-element elementor-element-ea1f151 exad-sticky-section-no exad-glass-effect-no sc_fly_static elementor-widget elementor-widget-text-editor\" data-id=\"ea1f151\" data-element_type=\"widget\" data-e-type=\"widget\" data-widget_type=\"text-editor.default\">\n\t\t\t\t<div class=\"elementor-widget-container\">\n\t\t\t\t\t\t\t\t\t<p>Maahantuoja (KTS Baltic O\u00dc) sitoutuu m\u00e4\u00e4r\u00e4tyn takuuajan kuluessa korjaamaan maksutta valmistus- tai materiaalivirheist\u00e4 aiheutuneet viat valtuutetuissa huoltokeskuksissa tai muissa maahantuojan osoittamissa paikoissa.<br \/>Jos tuotetta ei voida korjata, maahantuoja huolehtii sen vaihtamisesta (samanlaiseen, hinnaltaan vastaavaan malliin, jos alkuper\u00e4ist\u00e4 ei en\u00e4\u00e4 valmisteta) tai osittaisesta hyvityksest\u00e4. Maahantuoja p\u00e4\u00e4tt\u00e4\u00e4, korjataanko tuote, vaihdetaanko se vai hyvitet\u00e4\u00e4nk\u00f6 se. <\/p>\n\t\t\t\t\t\t\t\t<\/div>\n\t\t\t\t<\/div>\n\t\t\t\t<div class=\"elementor-element elementor-element-057160c exad-sticky-section-no exad-glass-effect-no sc_fly_static elementor-widget elementor-widget-text-editor\" data-id=\"057160c\" data-element_type=\"widget\" data-e-type=\"widget\" data-widget_type=\"text-editor.default\">\n\t\t\t\t<div class=\"elementor-widget-container\">\n\t\t\t\t\t\t\t\t\t<p><strong>Huoltoehdot<\/strong><\/p>\n\t\t\t\t\t\t\t\t<\/div>\n\t\t\t\t<\/div>\n\t\t\t\t<div class=\"elementor-element elementor-element-72e40bd exad-sticky-section-no exad-glass-effect-no sc_fly_static elementor-widget elementor-widget-text-editor\" data-id=\"72e40bd\" data-element_type=\"widget\" data-e-type=\"widget\" data-widget_type=\"text-editor.default\">\n\t\t\t\t<div class=\"elementor-widget-container\">\n\t\t\t\t\t\t\t\t\t<p>Takuuhuoltoa varten ostajan on otettava yhteytt\u00e4 maahantuojaan yhden kuukauden kuluessa vian havaitsemisesta ja toimitettava:<\/p>\n<ul>\n<li>Ostajan nimi, osoite ja puhelinnumero.<\/li>\n<li>Tuotemalli, sarjanumero (SN-koodi)<\/li>\n<li>Ostotosite (pakollinen)<\/li>\n<li>Vian lyhyt kuvaus<\/li>\n<\/ul>\n\t\t\t\t\t\t\t\t<\/div>\n\t\t\t\t<\/div>\n\t\t\t\t<div class=\"elementor-element elementor-element-bfba386 exad-sticky-section-no exad-glass-effect-no sc_fly_static elementor-widget elementor-widget-text-editor\" data-id=\"bfba386\" data-element_type=\"widget\" data-e-type=\"widget\" data-widget_type=\"text-editor.default\">\n\t\t\t\t<div class=\"elementor-widget-container\">\n\t\t\t\t\t\t\t\t\t<p><strong>Yhteystiedot:<\/strong><\/p>\n\t\t\t\t\t\t\t\t<\/div>\n\t\t\t\t<\/div>\n\t\t\t\t<div class=\"elementor-element elementor-element-7744723 exad-sticky-section-no exad-glass-effect-no sc_fly_static elementor-widget elementor-widget-text-editor\" data-id=\"7744723\" data-element_type=\"widget\" data-e-type=\"widget\" data-widget_type=\"text-editor.default\">\n\t\t\t\t<div class=\"elementor-widget-container\">\n\t\t\t\t\t\t\t\t\t<ul>\n<li>Estonia: POS Elektroonika O\u00dc, tel. +372 6460093, <a href=\"mailto:remont@pos.ee\">remont@pos.ee<\/a> <\/li>\n<li>Latvia, Lithuania: <a href=\"http:\/\/www.helpgroup.eu\">www.helpgroup.eu<\/a><\/li>\n<li>Pidennetyn takuun tiedustelut: <a href=\"mailto:helpdesk@nordic-comfort.com\">helpdesk@nordic-comfort.com<\/a><\/li>\n<li>Suomi, Ruotsi (2 vuotta): ota yhteytt\u00e4 ostopaikkaan<\/li>\n<\/ul>\n<p>\u26a0\ufe0f <strong>T\u00e4rke\u00e4\u00e4:<\/strong> \u00e4l\u00e4 irrota vedenl\u00e4mmitint\u00e4 sein\u00e4st\u00e4 \u00e4l\u00e4k\u00e4 l\u00e4het\u00e4 sit\u00e4 huoltoon ilman ennakko-ohjeita \u2014 t\u00e4m\u00e4 voi mit\u00e4t\u00f6id\u00e4 takuun.<\/p>\n\t\t\t\t\t\t\t\t<\/div>\n\t\t\t\t<\/div>\n\t\t\t\t<div class=\"elementor-element elementor-element-975c8e3 exad-sticky-section-no exad-glass-effect-no sc_fly_static elementor-widget elementor-widget-text-editor\" data-id=\"975c8e3\" data-element_type=\"widget\" data-e-type=\"widget\" data-widget_type=\"text-editor.default\">\n\t\t\t\t<div class=\"elementor-widget-container\">\n\t\t\t\t\t\t\t\t\t<p><strong>Takuun poissulut<\/strong><\/p>\n\t\t\t\t\t\t\t\t<\/div>\n\t\t\t\t<\/div>\n\t\t\t\t<div class=\"elementor-element elementor-element-e986ed0 exad-sticky-section-no exad-glass-effect-no sc_fly_static elementor-widget elementor-widget-text-editor\" data-id=\"e986ed0\" data-element_type=\"widget\" data-e-type=\"widget\" data-widget_type=\"text-editor.default\">\n\t\t\t\t<div class=\"elementor-widget-container\">\n\t\t\t\t\t\t\t\t\t<ul>\n<li>\n<p>Takuu <strong>ei<\/strong> kata:<\/p>\n<ul>\n<li>Improper installation or service by unauthorized persons<\/li>\n<li>Incorrect use, accidents, or natural disasters<\/li>\n<li>Luvattomat muutokset tai korjaukset<\/li>\n<li>Laitteen kotelon avaaminen kuluttajan toimesta (ellei toisin osoiteta)<\/li>\n<\/ul>\n<p>\u26a0\ufe0f Vuosihuolto on pakollinen, jos veden kovuus ylitt\u00e4\u00e4 4 mEq\/l tai raudan pitoisuus ylitt\u00e4\u00e4 0,3 mg\/l. Ilman huoltoasiakirjoja tai jos vahinko on aiheutunut kalkkikerrostumista, takuu voidaan mit\u00e4t\u00f6id\u00e4.<\/p>\n<\/li>\n<\/ul>\n\t\t\t\t\t\t\t\t<\/div>\n\t\t\t\t<\/div>\n\t\t\t\t<div class=\"elementor-element elementor-element-4fb085f exad-sticky-section-no exad-glass-effect-no sc_fly_static elementor-widget elementor-widget-text-editor\" data-id=\"4fb085f\" data-element_type=\"widget\" data-e-type=\"widget\" data-widget_type=\"text-editor.default\">\n\t\t\t\t<div class=\"elementor-widget-container\">\n\t\t\t\t\t\t\t\t\t<p><strong>Ostajan velvollisuudet<\/strong><\/p>\n\t\t\t\t\t\t\t\t<\/div>\n\t\t\t\t<\/div>\n\t\t\t\t<div class=\"elementor-element elementor-element-da2f42b exad-sticky-section-no exad-glass-effect-no sc_fly_static elementor-widget elementor-widget-text-editor\" data-id=\"da2f42b\" data-element_type=\"widget\" data-e-type=\"widget\" data-widget_type=\"text-editor.default\">\n\t\t\t\t<div class=\"elementor-widget-container\">\n\t\t\t\t\t\t\t\t\t<p>Ostajan on noudatettava valmistajan antamia asennus-, k\u00e4ytt\u00f6- ja huolto-ohjeita.<\/p>\n\t\t\t\t\t\t\t\t<\/div>\n\t\t\t\t<\/div>\n\t\t\t\t<div class=\"elementor-element elementor-element-3a070ba exad-sticky-section-no exad-glass-effect-no sc_fly_static elementor-widget elementor-widget-text-editor\" data-id=\"3a070ba\" data-element_type=\"widget\" data-e-type=\"widget\" data-widget_type=\"text-editor.default\">\n\t\t\t\t<div class=\"elementor-widget-container\">\n\t\t\t\t\t\t\t\t\t<p><strong>Riitojen ratkaiseminen<\/strong><\/p>\n\t\t\t\t\t\t\t\t<\/div>\n\t\t\t\t<\/div>\n\t\t\t\t<div class=\"elementor-element elementor-element-6a9e2f8 exad-sticky-section-no exad-glass-effect-no sc_fly_static elementor-widget elementor-widget-text-editor\" data-id=\"6a9e2f8\" data-element_type=\"widget\" data-e-type=\"widget\" data-widget_type=\"text-editor.default\">\n\t\t\t\t<div class=\"elementor-widget-container\">\n\t\t\t\t\t\t\t\t\t<p>Kaikki t\u00e4h\u00e4n sopimukseen liittyv\u00e4t riidat tai erimielisyydet pyrit\u00e4\u00e4n ratkaisemaan osapuolten v\u00e4lisin neuvotteluin. Jos sopuun ei p\u00e4\u00e4st\u00e4, riita ratkaistaan sovellettavan lain mukaisesti. <\/p>\n\t\t\t\t\t\t\t\t<\/div>\n\t\t\t\t<\/div>\n\t\t\t\t<div class=\"elementor-element elementor-element-4ea23fa exad-sticky-section-no exad-glass-effect-no sc_fly_static elementor-widget elementor-widget-text-editor\" data-id=\"4ea23fa\" data-element_type=\"widget\" data-e-type=\"widget\" data-widget_type=\"text-editor.default\">\n\t\t\t\t<div class=\"elementor-widget-container\">\n\t\t\t\t\t\t\t\t\t<p><strong>Ostot ennen 1. lokakuuta 2025<\/strong><\/p>\n\t\t\t\t\t\t\t\t<\/div>\n\t\t\t\t<\/div>\n\t\t\t\t<div class=\"elementor-element elementor-element-397bd65 exad-sticky-section-no exad-glass-effect-no sc_fly_static elementor-widget elementor-widget-text-editor\" data-id=\"397bd65\" data-element_type=\"widget\" data-e-type=\"widget\" data-widget_type=\"text-editor.default\">\n\t\t\t\t<div class=\"elementor-widget-container\">\n\t\t\t\t\t\t\t\t\t<p>Yll\u00e4 lueteltuihin Midea-vedenl\u00e4mmittimiin, jotka on ostettu Virossa, Latviassa tai Liettuassa <strong>ennen 1. lokakuuta 2025<\/strong>, sovelletaan seuraavaa pidennetty\u00e4 takuusopimusta:<\/p>\n<ul>\n<li><strong>Takuuaika<\/strong>: 5 vuotta (t\u00e4ysi kattavuus)<\/li>\n<\/ul>\n<p><strong>Hyvitystaulukko takuun mit\u00e4t\u00f6innin tapauksessa<\/strong><\/p>\n<ul>\n<li>0\u20132 vuoden kuluessa: <strong>100% hyvitys<\/strong> (kaupan toimesta)<\/li>\n<li>3 vuosi: <strong>70% hyvitys<\/strong> (maahantuojan toimesta)<\/li>\n<li>4 vuosi: <strong>60% hyvitys<\/strong> (maahantuojan toimesta)<\/li>\n<li>5 vuosi: <strong>50% hyvitys<\/strong> (maahantuojan toimesta)<\/li>\n<\/ul>\n<p>Kaikki muut takuuseen liittyv\u00e4t velvoitteet, huoltoehdot, poissulut ja ostajalle asetetut vaatimukset ovat samat kuin edell\u00e4 kuvatut (kovan veden tapauksessa vuosihuolto, ei luvattomia korjauksia, ostotosite vaaditaan jne.).<\/p>\n\t\t\t\t\t\t\t\t<\/div>\n\t\t\t\t<\/div>\n\t\t\t\t\t<\/div>\n\t\t\t\t<\/div>\n\t\t\t\t<\/div>\n\t\t","protected":false},"excerpt":{"rendered":"<p>Takuu Tuotteidemme takuuehdot Ostot 1. lokakuuta 2025 alkaen Midea-vedenl\u00e4mmittimet: Elektroniikka: 2 vuotta S\u00e4ili\u00f6: 5 vuotta Voimassa: Estonia, Latvia, Liettua (maahantuoja: KTS Baltic O\u00dc) Suomi, Ruotsi \u2013 2 vuotta (kaikki komponentit),&hellip;<\/p>\n","protected":false},"author":4,"featured_media":0,"parent":0,"menu_order":0,"comment_status":"closed","ping_status":"closed","template":"","meta":{"_acf_changed":false,"footnotes":""},"categories":[],"tags":[],"class_list":["post-54338","page","type-page","status-publish","hentry"],"acf":[],"aioseo_notices":[],"_links":{"self":[{"href":"https:\/\/nordic-comfort.com\/fi\/wp-json\/wp\/v2\/pages\/54338","targetHints":{"allow":["GET"]}}],"collection":[{"href":"https:\/\/nordic-comfort.com\/fi\/wp-json\/wp\/v2\/pages"}],"about":[{"href":"https:\/\/nordic-comfort.com\/fi\/wp-json\/wp\/v2\/types\/page"}],"author":[{"embeddable":true,"href":"https:\/\/nordic-comfort.com\/fi\/wp-json\/wp\/v2\/users\/4"}],"replies":[{"embeddable":true,"href":"https:\/\/nordic-comfort.com\/fi\/wp-json\/wp\/v2\/comments?post=54338"}],"version-history":[{"count":2,"href":"https:\/\/nordic-comfort.com\/fi\/wp-json\/wp\/v2\/pages\/54338\/revisions"}],"predecessor-version":[{"id":60761,"href":"https:\/\/nordic-comfort.com\/fi\/wp-json\/wp\/v2\/pages\/54338\/revisions\/60761"}],"wp:attachment":[{"href":"https:\/\/nordic-comfort.com\/fi\/wp-json\/wp\/v2\/media?parent=54338"}],"wp:term":[{"taxonomy":"category","embeddable":true,"href":"https:\/\/nordic-comfort.com\/fi\/wp-json\/wp\/v2\/categories?post=54338"},{"taxonomy":"post_tag","embeddable":true,"href":"https:\/\/nordic-comfort.com\/fi\/wp-json\/wp\/v2\/tags?post=54338"}],"curies":[{"name":"wp","href":"https:\/\/api.w.org\/{rel}","templated":true}]}}