{"id":56753,"date":"2024-07-06T19:15:33","date_gmt":"2024-07-06T19:15:33","guid":{"rendered":"https:\/\/nordic-comfort.com\/our-products\/towel-heaters\/electric-towel-heaters\/electric-towel-heater-imidz\/"},"modified":"2025-04-11T11:31:36","modified_gmt":"2025-04-11T08:31:36","slug":"electric-towel-heater-imidz","status":"publish","type":"page","link":"https:\/\/nordic-comfort.com\/fi\/our-products\/towel-heaters\/electric-towel-heaters\/electric-towel-heater-imidz\/","title":{"rendered":"S\u00e4hk\u00f6k\u00e4ytt\u00f6iset pyyhekuivaimet Imidz"},"content":{"rendered":"","protected":false},"excerpt":{"rendered":"","protected":false},"author":4,"featured_media":49832,"parent":55205,"menu_order":0,"comment_status":"closed","ping_status":"closed","template":"","meta":{"_acf_changed":false,"footnotes":""},"categories":[584,632],"tags":[867,476],"class_list":["post-56753","page","type-page","status-publish","has-post-thumbnail","hentry","category-towel-heaters-fi","category-electric-towel-heaters-laris-fi","tag-laris-fi","tag-products-fi"],"acf":[],"aioseo_notices":[],"_links":{"self":[{"href":"https:\/\/nordic-comfort.com\/fi\/wp-json\/wp\/v2\/pages\/56753","targetHints":{"allow":["GET"]}}],"collection":[{"href":"https:\/\/nordic-comfort.com\/fi\/wp-json\/wp\/v2\/pages"}],"about":[{"href":"https:\/\/nordic-comfort.com\/fi\/wp-json\/wp\/v2\/types\/page"}],"author":[{"embeddable":true,"href":"https:\/\/nordic-comfort.com\/fi\/wp-json\/wp\/v2\/users\/4"}],"replies":[{"embeddable":true,"href":"https:\/\/nordic-comfort.com\/fi\/wp-json\/wp\/v2\/comments?post=56753"}],"version-history":[{"count":1,"href":"https:\/\/nordic-comfort.com\/fi\/wp-json\/wp\/v2\/pages\/56753\/revisions"}],"predecessor-version":[{"id":60077,"href":"https:\/\/nordic-comfort.com\/fi\/wp-json\/wp\/v2\/pages\/56753\/revisions\/60077"}],"up":[{"embeddable":true,"href":"https:\/\/nordic-comfort.com\/fi\/wp-json\/wp\/v2\/pages\/55205"}],"wp:featuredmedia":[{"embeddable":true,"href":"https:\/\/nordic-comfort.com\/fi\/wp-json\/wp\/v2\/media\/49832"}],"wp:attachment":[{"href":"https:\/\/nordic-comfort.com\/fi\/wp-json\/wp\/v2\/media?parent=56753"}],"wp:term":[{"taxonomy":"category","embeddable":true,"href":"https:\/\/nordic-comfort.com\/fi\/wp-json\/wp\/v2\/categories?post=56753"},{"taxonomy":"post_tag","embeddable":true,"href":"https:\/\/nordic-comfort.com\/fi\/wp-json\/wp\/v2\/tags?post=56753"}],"curies":[{"name":"wp","href":"https:\/\/api.w.org\/{rel}","templated":true}]}}