{"id":56760,"date":"2024-07-06T19:11:52","date_gmt":"2024-07-06T19:11:52","guid":{"rendered":"https:\/\/nordic-comfort.com\/our-products\/towel-heaters\/electric-towel-heaters\/electric-towel-heater-comfort\/"},"modified":"2025-04-10T13:20:08","modified_gmt":"2025-04-10T10:20:08","slug":"electric-towel-heater-comfort","status":"publish","type":"page","link":"https:\/\/nordic-comfort.com\/fi\/our-products\/towel-heaters\/electric-towel-heaters\/electric-towel-heater-comfort\/","title":{"rendered":"S\u00e4hk\u00f6k\u00e4ytt\u00f6iset pyyhekuivaimet Comfort"},"content":{"rendered":"","protected":false},"excerpt":{"rendered":"","protected":false},"author":4,"featured_media":49774,"parent":55205,"menu_order":0,"comment_status":"closed","ping_status":"closed","template":"","meta":{"_acf_changed":false,"footnotes":""},"categories":[584,632],"tags":[867,476],"class_list":["post-56760","page","type-page","status-publish","has-post-thumbnail","hentry","category-towel-heaters-fi","category-electric-towel-heaters-laris-fi","tag-laris-fi","tag-products-fi"],"acf":[],"aioseo_notices":[],"_links":{"self":[{"href":"https:\/\/nordic-comfort.com\/fi\/wp-json\/wp\/v2\/pages\/56760","targetHints":{"allow":["GET"]}}],"collection":[{"href":"https:\/\/nordic-comfort.com\/fi\/wp-json\/wp\/v2\/pages"}],"about":[{"href":"https:\/\/nordic-comfort.com\/fi\/wp-json\/wp\/v2\/types\/page"}],"author":[{"embeddable":true,"href":"https:\/\/nordic-comfort.com\/fi\/wp-json\/wp\/v2\/users\/4"}],"replies":[{"embeddable":true,"href":"https:\/\/nordic-comfort.com\/fi\/wp-json\/wp\/v2\/comments?post=56760"}],"version-history":[{"count":1,"href":"https:\/\/nordic-comfort.com\/fi\/wp-json\/wp\/v2\/pages\/56760\/revisions"}],"predecessor-version":[{"id":60014,"href":"https:\/\/nordic-comfort.com\/fi\/wp-json\/wp\/v2\/pages\/56760\/revisions\/60014"}],"up":[{"embeddable":true,"href":"https:\/\/nordic-comfort.com\/fi\/wp-json\/wp\/v2\/pages\/55205"}],"wp:featuredmedia":[{"embeddable":true,"href":"https:\/\/nordic-comfort.com\/fi\/wp-json\/wp\/v2\/media\/49774"}],"wp:attachment":[{"href":"https:\/\/nordic-comfort.com\/fi\/wp-json\/wp\/v2\/media?parent=56760"}],"wp:term":[{"taxonomy":"category","embeddable":true,"href":"https:\/\/nordic-comfort.com\/fi\/wp-json\/wp\/v2\/categories?post=56760"},{"taxonomy":"post_tag","embeddable":true,"href":"https:\/\/nordic-comfort.com\/fi\/wp-json\/wp\/v2\/tags?post=56760"}],"curies":[{"name":"wp","href":"https:\/\/api.w.org\/{rel}","templated":true}]}}