{"id":56775,"date":"2024-07-06T19:03:53","date_gmt":"2024-07-06T19:03:53","guid":{"rendered":"https:\/\/nordic-comfort.com\/our-products\/towel-heaters\/electric-towel-heaters\/electric-towel-heater-alfa\/"},"modified":"2025-04-09T13:01:54","modified_gmt":"2025-04-09T10:01:54","slug":"electric-towel-heater-alfa","status":"publish","type":"page","link":"https:\/\/nordic-comfort.com\/fi\/our-products\/towel-heaters\/electric-towel-heaters\/electric-towel-heater-alfa\/","title":{"rendered":"S\u00e4hk\u00f6k\u00e4ytt\u00f6inen pyyhekuivain Alfa"},"content":{"rendered":"","protected":false},"excerpt":{"rendered":"","protected":false},"author":4,"featured_media":49609,"parent":55205,"menu_order":0,"comment_status":"closed","ping_status":"closed","template":"","meta":{"_acf_changed":false,"footnotes":""},"categories":[584,632],"tags":[867,476],"class_list":["post-56775","page","type-page","status-publish","has-post-thumbnail","hentry","category-towel-heaters-fi","category-electric-towel-heaters-laris-fi","tag-laris-fi","tag-products-fi"],"acf":[],"aioseo_notices":[],"_links":{"self":[{"href":"https:\/\/nordic-comfort.com\/fi\/wp-json\/wp\/v2\/pages\/56775","targetHints":{"allow":["GET"]}}],"collection":[{"href":"https:\/\/nordic-comfort.com\/fi\/wp-json\/wp\/v2\/pages"}],"about":[{"href":"https:\/\/nordic-comfort.com\/fi\/wp-json\/wp\/v2\/types\/page"}],"author":[{"embeddable":true,"href":"https:\/\/nordic-comfort.com\/fi\/wp-json\/wp\/v2\/users\/4"}],"replies":[{"embeddable":true,"href":"https:\/\/nordic-comfort.com\/fi\/wp-json\/wp\/v2\/comments?post=56775"}],"version-history":[{"count":1,"href":"https:\/\/nordic-comfort.com\/fi\/wp-json\/wp\/v2\/pages\/56775\/revisions"}],"predecessor-version":[{"id":59952,"href":"https:\/\/nordic-comfort.com\/fi\/wp-json\/wp\/v2\/pages\/56775\/revisions\/59952"}],"up":[{"embeddable":true,"href":"https:\/\/nordic-comfort.com\/fi\/wp-json\/wp\/v2\/pages\/55205"}],"wp:featuredmedia":[{"embeddable":true,"href":"https:\/\/nordic-comfort.com\/fi\/wp-json\/wp\/v2\/media\/49609"}],"wp:attachment":[{"href":"https:\/\/nordic-comfort.com\/fi\/wp-json\/wp\/v2\/media?parent=56775"}],"wp:term":[{"taxonomy":"category","embeddable":true,"href":"https:\/\/nordic-comfort.com\/fi\/wp-json\/wp\/v2\/categories?post=56775"},{"taxonomy":"post_tag","embeddable":true,"href":"https:\/\/nordic-comfort.com\/fi\/wp-json\/wp\/v2\/tags?post=56775"}],"curies":[{"name":"wp","href":"https:\/\/api.w.org\/{rel}","templated":true}]}}