{"id":56867,"date":"2024-07-06T18:06:09","date_gmt":"2024-07-06T18:06:09","guid":{"rendered":"https:\/\/nordic-comfort.com\/our-products\/led-mirrors\/led-mirror-atlanta-120x70-weather-clock\/"},"modified":"2025-04-24T13:54:05","modified_gmt":"2025-04-24T10:54:05","slug":"led-mirror-atlanta-120x70-weather-clock","status":"publish","type":"page","link":"https:\/\/nordic-comfort.com\/fi\/our-products\/led-mirrors\/led-mirror-atlanta-120x70-weather-clock\/","title":{"rendered":"LED-peili Atlanta 120\u00d770, S\u00e4\u00e4\/Kello"},"content":{"rendered":"","protected":false},"excerpt":{"rendered":"","protected":false},"author":4,"featured_media":49057,"parent":55182,"menu_order":0,"comment_status":"closed","ping_status":"closed","template":"","meta":{"_acf_changed":false,"footnotes":""},"categories":[581],"tags":[476,873],"class_list":["post-56867","page","type-page","status-publish","has-post-thumbnail","hentry","category-led-mirrors-fi","tag-products-fi","tag-vinchome-fi"],"acf":[],"aioseo_notices":[],"_links":{"self":[{"href":"https:\/\/nordic-comfort.com\/fi\/wp-json\/wp\/v2\/pages\/56867","targetHints":{"allow":["GET"]}}],"collection":[{"href":"https:\/\/nordic-comfort.com\/fi\/wp-json\/wp\/v2\/pages"}],"about":[{"href":"https:\/\/nordic-comfort.com\/fi\/wp-json\/wp\/v2\/types\/page"}],"author":[{"embeddable":true,"href":"https:\/\/nordic-comfort.com\/fi\/wp-json\/wp\/v2\/users\/4"}],"replies":[{"embeddable":true,"href":"https:\/\/nordic-comfort.com\/fi\/wp-json\/wp\/v2\/comments?post=56867"}],"version-history":[{"count":1,"href":"https:\/\/nordic-comfort.com\/fi\/wp-json\/wp\/v2\/pages\/56867\/revisions"}],"predecessor-version":[{"id":60325,"href":"https:\/\/nordic-comfort.com\/fi\/wp-json\/wp\/v2\/pages\/56867\/revisions\/60325"}],"up":[{"embeddable":true,"href":"https:\/\/nordic-comfort.com\/fi\/wp-json\/wp\/v2\/pages\/55182"}],"wp:featuredmedia":[{"embeddable":true,"href":"https:\/\/nordic-comfort.com\/fi\/wp-json\/wp\/v2\/media\/49057"}],"wp:attachment":[{"href":"https:\/\/nordic-comfort.com\/fi\/wp-json\/wp\/v2\/media?parent=56867"}],"wp:term":[{"taxonomy":"category","embeddable":true,"href":"https:\/\/nordic-comfort.com\/fi\/wp-json\/wp\/v2\/categories?post=56867"},{"taxonomy":"post_tag","embeddable":true,"href":"https:\/\/nordic-comfort.com\/fi\/wp-json\/wp\/v2\/tags?post=56867"}],"curies":[{"name":"wp","href":"https:\/\/api.w.org\/{rel}","templated":true}]}}