{"id":59359,"date":"2024-08-16T11:07:52","date_gmt":"2024-08-16T08:07:52","guid":{"rendered":"https:\/\/nordic-comfort.com\/our-products\/electric-floor-heating\/electric-floor-heating-mat\/"},"modified":"2025-09-25T13:21:53","modified_gmt":"2025-09-25T10:21:53","slug":"electric-floor-heating-mat","status":"publish","type":"page","link":"https:\/\/nordic-comfort.com\/fi\/our-products\/electric-floor-heating\/electric-floor-heating-mat\/","title":{"rendered":"S\u00e4hk\u00f6inen lattial\u00e4mmitysmatto Grand Meyer\u00ae EcoNG170"},"content":{"rendered":"","protected":false},"excerpt":{"rendered":"","protected":false},"author":4,"featured_media":60432,"parent":55087,"menu_order":0,"comment_status":"closed","ping_status":"closed","template":"","meta":{"_acf_changed":false,"footnotes":""},"categories":[566],"tags":[843,476],"class_list":["post-59359","page","type-page","status-publish","has-post-thumbnail","hentry","category-electric-floor-heating-fi","tag-electrolux-fi","tag-products-fi"],"acf":[],"aioseo_notices":[],"_links":{"self":[{"href":"https:\/\/nordic-comfort.com\/fi\/wp-json\/wp\/v2\/pages\/59359","targetHints":{"allow":["GET"]}}],"collection":[{"href":"https:\/\/nordic-comfort.com\/fi\/wp-json\/wp\/v2\/pages"}],"about":[{"href":"https:\/\/nordic-comfort.com\/fi\/wp-json\/wp\/v2\/types\/page"}],"author":[{"embeddable":true,"href":"https:\/\/nordic-comfort.com\/fi\/wp-json\/wp\/v2\/users\/4"}],"replies":[{"embeddable":true,"href":"https:\/\/nordic-comfort.com\/fi\/wp-json\/wp\/v2\/comments?post=59359"}],"version-history":[{"count":4,"href":"https:\/\/nordic-comfort.com\/fi\/wp-json\/wp\/v2\/pages\/59359\/revisions"}],"predecessor-version":[{"id":60616,"href":"https:\/\/nordic-comfort.com\/fi\/wp-json\/wp\/v2\/pages\/59359\/revisions\/60616"}],"up":[{"embeddable":true,"href":"https:\/\/nordic-comfort.com\/fi\/wp-json\/wp\/v2\/pages\/55087"}],"wp:featuredmedia":[{"embeddable":true,"href":"https:\/\/nordic-comfort.com\/fi\/wp-json\/wp\/v2\/media\/60432"}],"wp:attachment":[{"href":"https:\/\/nordic-comfort.com\/fi\/wp-json\/wp\/v2\/media?parent=59359"}],"wp:term":[{"taxonomy":"category","embeddable":true,"href":"https:\/\/nordic-comfort.com\/fi\/wp-json\/wp\/v2\/categories?post=59359"},{"taxonomy":"post_tag","embeddable":true,"href":"https:\/\/nordic-comfort.com\/fi\/wp-json\/wp\/v2\/tags?post=59359"}],"curies":[{"name":"wp","href":"https:\/\/api.w.org\/{rel}","templated":true}]}}