{"id":61130,"date":"2026-04-22T12:44:47","date_gmt":"2026-04-22T09:44:47","guid":{"rendered":"https:\/\/nordic-comfort.com\/our-products\/electric-floor-heating\/sahkoinen-lattialammitysmatto-grand-meyer-thm200\/"},"modified":"2026-04-22T12:44:47","modified_gmt":"2026-04-22T09:44:47","slug":"sahkoinen-lattialammitysmatto-grand-meyer-thm200","status":"publish","type":"page","link":"https:\/\/nordic-comfort.com\/fi\/our-products\/electric-floor-heating\/sahkoinen-lattialammitysmatto-grand-meyer-thm200\/","title":{"rendered":"S\u00e4hk\u00f6inen lattial\u00e4mmitysmatto Grand Meyer\u00ae THM200"},"content":{"rendered":"","protected":false},"excerpt":{"rendered":"","protected":false},"author":7,"featured_media":61116,"parent":55087,"menu_order":0,"comment_status":"closed","ping_status":"closed","template":"","meta":{"_acf_changed":false,"footnotes":""},"categories":[566],"tags":[924,476],"class_list":["post-61130","page","type-page","status-publish","has-post-thumbnail","hentry","category-electric-floor-heating-fi","tag-grand-meyer-fi","tag-products-fi"],"acf":[],"aioseo_notices":[],"_links":{"self":[{"href":"https:\/\/nordic-comfort.com\/fi\/wp-json\/wp\/v2\/pages\/61130","targetHints":{"allow":["GET"]}}],"collection":[{"href":"https:\/\/nordic-comfort.com\/fi\/wp-json\/wp\/v2\/pages"}],"about":[{"href":"https:\/\/nordic-comfort.com\/fi\/wp-json\/wp\/v2\/types\/page"}],"author":[{"embeddable":true,"href":"https:\/\/nordic-comfort.com\/fi\/wp-json\/wp\/v2\/users\/7"}],"replies":[{"embeddable":true,"href":"https:\/\/nordic-comfort.com\/fi\/wp-json\/wp\/v2\/comments?post=61130"}],"version-history":[{"count":0,"href":"https:\/\/nordic-comfort.com\/fi\/wp-json\/wp\/v2\/pages\/61130\/revisions"}],"up":[{"embeddable":true,"href":"https:\/\/nordic-comfort.com\/fi\/wp-json\/wp\/v2\/pages\/55087"}],"wp:featuredmedia":[{"embeddable":true,"href":"https:\/\/nordic-comfort.com\/fi\/wp-json\/wp\/v2\/media\/61116"}],"wp:attachment":[{"href":"https:\/\/nordic-comfort.com\/fi\/wp-json\/wp\/v2\/media?parent=61130"}],"wp:term":[{"taxonomy":"category","embeddable":true,"href":"https:\/\/nordic-comfort.com\/fi\/wp-json\/wp\/v2\/categories?post=61130"},{"taxonomy":"post_tag","embeddable":true,"href":"https:\/\/nordic-comfort.com\/fi\/wp-json\/wp\/v2\/tags?post=61130"}],"curies":[{"name":"wp","href":"https:\/\/api.w.org\/{rel}","templated":true}]}}