{"id":53133,"date":"2024-06-06T08:40:03","date_gmt":"2024-06-06T05:40:03","guid":{"rendered":"https:\/\/nordic-comfort.com\/our-brands\/laris\/"},"modified":"2025-04-14T13:59:48","modified_gmt":"2025-04-14T10:59:48","slug":"laris","status":"publish","type":"page","link":"https:\/\/nordic-comfort.com\/lt\/our-brands\/laris\/","title":{"rendered":"Laris"},"content":{"rendered":"\t\t<div data-elementor-type=\"wp-page\" data-elementor-id=\"53133\" class=\"elementor elementor-53133 elementor-46001\" data-elementor-post-type=\"page\">\n\t\t\t\t<div class=\"elementor-element elementor-element-8c1297d e-con-full e-flex sc_inner_width_none sc_layouts_column_icons_position_left e-con e-parent\" data-id=\"8c1297d\" data-element_type=\"container\" data-settings=\"{&quot;background_background&quot;:&quot;classic&quot;}\">\n\t\t\t\t<div class=\"elementor-element elementor-element-7e54986 breadcrumbs exad-sticky-section-no exad-glass-effect-no sc_fly_static elementor-widget elementor-widget-shortcode\" data-id=\"7e54986\" data-element_type=\"widget\" data-widget_type=\"shortcode.default\">\n\t\t\t\t<div class=\"elementor-widget-container\">\n\t\t\t\t\t<div class=\"elementor-shortcode\"><div class=\"aioseo-breadcrumbs\"><span class=\"aioseo-breadcrumb\">\n\tMain page\n<\/span><\/div><\/div>\n\t\t\t\t<\/div>\n\t\t\t\t<\/div>\n\t\t\t\t<div class=\"elementor-element elementor-element-b954fe9 exad-sticky-section-no exad-glass-effect-no sc_fly_static elementor-widget elementor-widget-heading\" data-id=\"b954fe9\" data-element_type=\"widget\" data-widget_type=\"heading.default\">\n\t\t\t\t<div class=\"elementor-widget-container\">\n\t\t\t<h2 class=\"elementor-heading-title elementor-size-default\">Apie Laris<\/h2>\t\t<\/div>\n\t\t\t\t<\/div>\n\t\t\t\t<\/div>\n\t\t<div class=\"elementor-element elementor-element-eb5754e brand e-flex e-con-boxed sc_inner_width_none sc_layouts_column_icons_position_left e-con e-parent\" data-id=\"eb5754e\" data-element_type=\"container\" data-settings=\"{&quot;background_background&quot;:&quot;classic&quot;}\">\n\t\t\t\t\t<div class=\"e-con-inner\">\n\t\t\t\t<div class=\"elementor-element elementor-element-50f9564 exad-sticky-section-no exad-glass-effect-no sc_fly_static elementor-widget elementor-widget-text-editor\" data-id=\"50f9564\" data-element_type=\"widget\" data-widget_type=\"text-editor.default\">\n\t\t\t\t<div class=\"elementor-widget-container\">\n\t\t\t\t\t\t\t<p><strong>Ukrainos pionierius inovatyviuose rank\u0161luos\u010di\u0173 d\u017eiovintuvuose<\/strong><\/p>\n\t\t\t\t\t\t<\/div>\n\t\t\t\t<\/div>\n\t\t\t\t<div class=\"elementor-element elementor-element-2845ec4 exad-sticky-section-no exad-glass-effect-no sc_fly_static elementor-widget elementor-widget-text-editor\" data-id=\"2845ec4\" data-element_type=\"widget\" data-widget_type=\"text-editor.default\">\n\t\t\t\t<div class=\"elementor-widget-container\">\n\t\t\t\t\t\t\t<p class=\"p1\">Laris, Ukrainos rank\u0161luos\u010di\u0173 d\u017eiovintuv\u0173 gamintojas, nuo savo \u012fk\u016brimo 1998 m. Charkive \u012fsitvirtino kaip inovacij\u0173 ir produkt\u0173 kokyb\u0117s lyderis. Nuo tada \u012fmon\u0117 tapo vienu i\u0161 pagrindini\u0173 \u017eaid\u0117j\u0173 \u0161ildymo \u012frengini\u0173 rinkoje Ryt\u0173 Europoje. <\/p>\n\t\t\t\t\t\t<\/div>\n\t\t\t\t<\/div>\n\t\t\t\t<div class=\"elementor-element elementor-element-268137e exad-sticky-section-no exad-glass-effect-no sc_fly_static elementor-widget elementor-widget-text-editor\" data-id=\"268137e\" data-element_type=\"widget\" data-widget_type=\"text-editor.default\">\n\t\t\t\t<div class=\"elementor-widget-container\">\n\t\t\t\t\t\t\t<p class=\"p1\">Laris produkt\u0173 portfelis apima \u012fvairius rank\u0161luos\u010di\u0173 d\u017eiovintuv\u0173 modelius, kurie gali b\u016bti pagaminti i\u0161 ner\u016bdijan\u010dio plieno, \u017ealvario arba bimetalo. Viena i\u0161 i\u0161skirtini\u0173 \u0161i\u0173 produkt\u0173 savybi\u0173 yra novatori\u0161kos polimero dangos technologijos taikymas, kuri ne tik pagerina i\u0161vaizd\u0105, bet ir \u017eymiai padidina j\u0173 atsparum\u0105 korozijai bei higien\u0105. <\/p>\n\t\t\t\t\t\t<\/div>\n\t\t\t\t<\/div>\n\t\t\t\t<div class=\"elementor-element elementor-element-27599dc exad-sticky-section-no exad-glass-effect-no sc_fly_static elementor-widget elementor-widget-text-editor\" data-id=\"27599dc\" data-element_type=\"widget\" data-widget_type=\"text-editor.default\">\n\t\t\t\t<div class=\"elementor-widget-container\">\n\t\t\t\t\t\t\t<p>Laris produktai i\u0161siskiria auk\u0161ta kokybe, patikimumu ir ilgaam\u017ei\u0161kumu. Laris rank\u0161luos\u010di\u0173 d\u017eiovintuvai sukurti taip, kad u\u017etikrint\u0173 tolyg\u0173 ir greit\u0105 rank\u0161luos\u010di\u0173 d\u017eiovinim\u0105, kas ypa\u010d vertinama vartotoj\u0173. \u012emon\u0117 taip pat si\u016blo plat\u0173 dizain\u0173 pasirinkim\u0105, nuo klasikini\u0173 iki \u0161iuolaikini\u0173, kurie atitinka net ir pa\u010di\u0173 reikliausi\u0173 klient\u0173 skon\u012f.  <\/p>\n\t\t\t\t\t\t<\/div>\n\t\t\t\t<\/div>\n\t\t\t\t<div class=\"elementor-element elementor-element-ffd2d53 exad-sticky-section-no exad-glass-effect-no sc_fly_static elementor-widget elementor-widget-text-editor\" data-id=\"ffd2d53\" data-element_type=\"widget\" data-widget_type=\"text-editor.default\">\n\t\t\t\t<div class=\"elementor-widget-container\">\n\t\t\t\t\t\t\t<p class=\"p1\">Laris ne tik seka rinkos tendencijas, bet ir aktyviai formuoja jas, ypa\u010d elektrini\u0173 rank\u0161luos\u010di\u0173 d\u017eiovintuv\u0173 segmente. Suprasdama \u0161iuolaikini\u0173 vartotoj\u0173 poreikius d\u0117l energijos efektyvumo ir patogumo, Laris suk\u016br\u0117 rank\u0161luos\u010di\u0173 d\u017eiovintuv\u0173 serij\u0105, kuri\u0105 galima valdyti nuotoliniu b\u016bdu per mobili\u0105j\u0105 program\u0117l\u0119. \u0160i funkcija leid\u017eia vartotojams ne tik \u012fjungti ir i\u0161jungti \u012frengin\u012f naudojant i\u0161man\u0173j\u012f telefon\u0105, bet ir reguliuoti temperat\u016bros nustatymus pagal asmeninius poreikius ir paros laik\u0105.  <\/p>\n\t\t\t\t\t\t<\/div>\n\t\t\t\t<\/div>\n\t\t\t\t<div class=\"elementor-element elementor-element-80e5ed4 exad-sticky-section-no exad-glass-effect-no sc_fly_static elementor-widget elementor-widget-image\" data-id=\"80e5ed4\" data-element_type=\"widget\" data-widget_type=\"image.default\">\n\t\t\t\t<div class=\"elementor-widget-container\">\n\t\t\t\t\t\t\t\t\t\t\t\t\t<img fetchpriority=\"high\" decoding=\"async\" width=\"2349\" height=\"890\" src=\"https:\/\/nordic-comfort.com\/wp-content\/uploads\/2024\/06\/about-laris.jpg\" class=\"attachment-full size-full wp-image-46003\" alt=\"\" srcset=\"https:\/\/nordic-comfort.com\/wp-content\/uploads\/2024\/06\/about-laris.jpg 2349w, https:\/\/nordic-comfort.com\/wp-content\/uploads\/2024\/06\/about-laris-300x114.jpg 300w, https:\/\/nordic-comfort.com\/wp-content\/uploads\/2024\/06\/about-laris-1024x388.jpg 1024w, https:\/\/nordic-comfort.com\/wp-content\/uploads\/2024\/06\/about-laris-768x291.jpg 768w, https:\/\/nordic-comfort.com\/wp-content\/uploads\/2024\/06\/about-laris-1536x582.jpg 1536w, https:\/\/nordic-comfort.com\/wp-content\/uploads\/2024\/06\/about-laris-2048x776.jpg 2048w, https:\/\/nordic-comfort.com\/wp-content\/uploads\/2024\/06\/about-laris-370x140.jpg 370w, https:\/\/nordic-comfort.com\/wp-content\/uploads\/2024\/06\/about-laris-840x318.jpg 840w, https:\/\/nordic-comfort.com\/wp-content\/uploads\/2024\/06\/about-laris-410x155.jpg 410w, https:\/\/nordic-comfort.com\/wp-content\/uploads\/2024\/06\/about-laris-600x227.jpg 600w\" sizes=\"(max-width: 2349px) 100vw, 2349px\" \/>\t\t\t\t\t\t\t\t\t\t\t\t\t<\/div>\n\t\t\t\t<\/div>\n\t\t\t\t<div class=\"elementor-element elementor-element-2d41c87 exad-sticky-section-no exad-glass-effect-no sc_fly_static elementor-widget elementor-widget-text-editor\" data-id=\"2d41c87\" data-element_type=\"widget\" data-widget_type=\"text-editor.default\">\n\t\t\t\t<div class=\"elementor-widget-container\">\n\t\t\t\t\t\t\t<p>Be to, naujausi Laris elektriniai rank\u0161luos\u010di\u0173 d\u017eiovintuvai yra \u012frengti su i\u0161mani\u0105ja jutikli\u0173 sistema, kuri analizuoja dr\u0117gm\u0119 vonios kambaryje ir automati\u0161kai reguliuoja \u0161ildymo gali\u0105, u\u017etikrindama optimal\u0173 mikroklimat\u0105 ir ma\u017eindama elektros energijos vartojim\u0105. Tai ne tik padidina vartotojo komfort\u0105, bet ir prisideda prie \u017eymi\u0173 taupym\u0173 komunalin\u0117se paslaugose. <\/p>\n\t\t\t\t\t\t<\/div>\n\t\t\t\t<\/div>\n\t\t\t\t<div class=\"elementor-element elementor-element-fef745b exad-sticky-section-no exad-glass-effect-no sc_fly_static elementor-widget elementor-widget-text-editor\" data-id=\"fef745b\" data-element_type=\"widget\" data-widget_type=\"text-editor.default\">\n\t\t\t\t<div class=\"elementor-widget-container\">\n\t\t\t\t\t\t\t<p>Be technologini\u0173 naujovi\u0173, Laris taip pat laikosi aplinkosaugin\u0117s atsakomyb\u0117s princip\u0173. Naudodama auk\u0161tos kokyb\u0117s, visi\u0161kai perdirbamas med\u017eiagas, \u012fmon\u0117 siekia kuo labiau suma\u017einti savo gamini\u0173 poveik\u012f aplinkai. Laris gaminiai atitinka grie\u017e\u010diausius aplinkosaugos standartus, tod\u0117l yra pirmasis pasirinkimas aplink\u0105 tausojantiems vartotojams.  <\/p>\n\t\t\t\t\t\t<\/div>\n\t\t\t\t<\/div>\n\t\t\t\t<div class=\"elementor-element elementor-element-761355e exad-sticky-section-no exad-glass-effect-no sc_fly_static elementor-widget elementor-widget-text-editor\" data-id=\"761355e\" data-element_type=\"widget\" data-widget_type=\"text-editor.default\">\n\t\t\t\t<div class=\"elementor-widget-container\">\n\t\t\t\t\t\t\t<p>Pa\u017eangi\u0173 technologij\u0173 diegimas elektrini\u0173 rank\u0161luos\u010di\u0173 d\u017eiovintuv\u0173 gamyboje ir pastangos suma\u017einti ekologin\u012f p\u0117dsak\u0105 daro Laris pirmuoju pasirinkimu tiems, kurie ie\u0161ko patikim\u0173, funkcionali\u0173 ir stiling\u0173 sprendim\u0173 savo namams.<\/p>\n\t\t\t\t\t\t<\/div>\n\t\t\t\t<\/div>\n\t\t<div class=\"elementor-element elementor-element-22b6d38 sc_layouts_hide_on_wide sc_layouts_hide_on_desktop sc_layouts_hide_on_notebook sc_layouts_hide_on_tablet sc_layouts_hide_on_mobile e-flex e-con-boxed sc_inner_width_none sc_layouts_column_icons_position_left e-con e-child\" data-id=\"22b6d38\" data-element_type=\"container\">\n\t\t\t\t\t<div class=\"e-con-inner\">\n\t\t\t\t<div class=\"elementor-element elementor-element-10452dc exad-sticky-section-no exad-glass-effect-no sc_fly_static elementor-widget elementor-widget-trx_widget_video\" data-id=\"10452dc\" data-element_type=\"widget\" data-widget_type=\"trx_widget_video.default\">\n\t\t\t\t<div class=\"elementor-widget-container\">\n\t\t\t<div class=\"widget_area sc_widget_video\"><aside class=\"widget widget_video\"><div id=\"sc_video_2031858076\" class=\"trx_addons_video_player without_cover\"><div class=\"video_embed video_frame\"><iframe src=\"https:\/\/www.youtube.com\/embed\/MyErghcEbqU?si=Do_WhXafgA7h2nCd&#038;feature=oembed&#038;wmode=transparent&#038;origin=https%3A%2F%2Fnordic-comfort.com%2Flt%2F&#038;widgetid=1&#038;enablejsapi=1&#038;disablekb=1&#038;modestbranding=1&#038;iv_load_policy=3&#038;rel=0&#038;showinfo=0&#038;playsinline=1\" width=\"1320\" height=\"743\"><\/iframe><\/div><\/div><\/aside><\/div>\t\t<\/div>\n\t\t\t\t<\/div>\n\t\t\t\t\t<\/div>\n\t\t\t\t<\/div>\n\t\t\t\t\t<\/div>\n\t\t\t\t<\/div>\n\t\t<div class=\"elementor-element elementor-element-15dde9f brand e-flex e-con-boxed sc_inner_width_none sc_layouts_column_icons_position_left e-con e-parent\" data-id=\"15dde9f\" data-element_type=\"container\" data-settings=\"{&quot;background_background&quot;:&quot;classic&quot;}\">\n\t\t\t\t\t<div class=\"e-con-inner\">\n\t\t\t\t<div class=\"elementor-element elementor-element-e66d51b exad-sticky-section-no exad-glass-effect-no sc_fly_static elementor-widget elementor-widget-heading\" data-id=\"e66d51b\" data-element_type=\"widget\" data-widget_type=\"heading.default\">\n\t\t\t\t<div class=\"elementor-widget-container\">\n\t\t\t<h4 class=\"elementor-heading-title elementor-size-default\">Pasirinkite kategorij\u0105<\/h4>\t\t<\/div>\n\t\t\t\t<\/div>\n\t\t<div class=\"e-con-gap-no elementor-element elementor-element-bb43888 e-con-full product_categories e-flex sc_inner_width_none sc_layouts_column_icons_position_left e-con e-child\" data-id=\"bb43888\" data-element_type=\"container\">\n\t\t<div class=\"elementor-element elementor-element-3bdf0f7 e-con-full e-flex sc_inner_width_none sc_layouts_column_icons_position_left e-con e-child\" data-id=\"3bdf0f7\" data-element_type=\"container\">\n\t\t\t\t<div class=\"elementor-element elementor-element-256819f product_category elementor-position-top exad-sticky-section-no exad-glass-effect-no sc_fly_static elementor-widget elementor-widget-image-box\" data-id=\"256819f\" data-element_type=\"widget\" data-widget_type=\"image-box.default\">\n\t\t\t\t<div class=\"elementor-widget-container\">\n\t\t\t<div class=\"elementor-image-box-wrapper\"><figure class=\"elementor-image-box-img\"><a href=\"https:\/\/nordic-comfort.com\/lt\/our-products\/towel-heaters\/electric-towel-heaters\/\" tabindex=\"-1\"><img decoding=\"async\" width=\"1735\" height=\"1418\" src=\"https:\/\/nordic-comfort.com\/wp-content\/uploads\/2024\/06\/towel-heaters.jpg\" class=\"attachment-full size-full wp-image-45853\" alt=\"\" srcset=\"https:\/\/nordic-comfort.com\/wp-content\/uploads\/2024\/06\/towel-heaters.jpg 1735w, https:\/\/nordic-comfort.com\/wp-content\/uploads\/2024\/06\/towel-heaters-300x245.jpg 300w, https:\/\/nordic-comfort.com\/wp-content\/uploads\/2024\/06\/towel-heaters-1024x837.jpg 1024w, https:\/\/nordic-comfort.com\/wp-content\/uploads\/2024\/06\/towel-heaters-768x628.jpg 768w, https:\/\/nordic-comfort.com\/wp-content\/uploads\/2024\/06\/towel-heaters-1536x1255.jpg 1536w, https:\/\/nordic-comfort.com\/wp-content\/uploads\/2024\/06\/towel-heaters-370x302.jpg 370w, https:\/\/nordic-comfort.com\/wp-content\/uploads\/2024\/06\/towel-heaters-840x687.jpg 840w, https:\/\/nordic-comfort.com\/wp-content\/uploads\/2024\/06\/towel-heaters-410x335.jpg 410w, https:\/\/nordic-comfort.com\/wp-content\/uploads\/2024\/06\/towel-heaters-600x490.jpg 600w\" sizes=\"(max-width: 1735px) 100vw, 1735px\" \/><\/a><\/figure><div class=\"elementor-image-box-content\"><h4 class=\"elementor-image-box-title\"><a href=\"https:\/\/nordic-comfort.com\/lt\/our-products\/towel-heaters\/electric-towel-heaters\/\">Rank\u0161luos\u010di\u0173 \u0161ildytuvai<\/a><\/h4><\/div><\/div>\t\t<\/div>\n\t\t\t\t<\/div>\n\t\t\t\t<\/div>\n\t\t\t\t<\/div>\n\t\t\t\t\t<\/div>\n\t\t\t\t<\/div>\n\t\t<div class=\"elementor-element elementor-element-cdd7303 brands_products e-flex e-con-boxed sc_inner_width_none sc_layouts_column_icons_position_left e-con e-parent\" data-id=\"cdd7303\" data-element_type=\"container\" data-settings=\"{&quot;background_background&quot;:&quot;classic&quot;}\">\n\t\t\t\t\t<div class=\"e-con-inner\">\n\t\t<div class=\"e-con-gap-no elementor-element elementor-element-8bbb0ec e-con-full e-flex sc_inner_width_none sc_layouts_column_icons_position_left e-con e-child\" data-id=\"8bbb0ec\" data-element_type=\"container\">\n\t\t<div class=\"elementor-element elementor-element-dc291b3 e-flex e-con-boxed sc_inner_width_none sc_layouts_column_icons_position_left e-con e-child\" data-id=\"dc291b3\" data-element_type=\"container\">\n\t\t\t\t\t<div class=\"e-con-inner\">\n\t\t\t\t<div class=\"elementor-element elementor-element-75b2068 exad-sticky-section-no exad-glass-effect-no sc_fly_static elementor-widget elementor-widget-heading\" data-id=\"75b2068\" data-element_type=\"widget\" data-widget_type=\"heading.default\">\n\t\t\t\t<div class=\"elementor-widget-container\">\n\t\t\t<h4 class=\"elementor-heading-title elementor-size-default\">Rekomenduojami produktai<\/h4>\t\t<\/div>\n\t\t\t\t<\/div>\n\t\t\t\t\t<\/div>\n\t\t\t\t<\/div>\n\t\t\t\t<\/div>\n\t\t\t\t<div class=\"elementor-element elementor-element-325561f product_slider elementor-arrows-position-inside exad-sticky-section-no exad-glass-effect-no sc_fly_static elementor-widget elementor-widget-loop-carousel\" data-id=\"325561f\" data-element_type=\"widget\" data-settings=\"{&quot;template_id&quot;:57091,&quot;slides_to_show&quot;:&quot;4&quot;,&quot;slides_to_show_laptop&quot;:&quot;4&quot;,&quot;slides_to_show_tablet&quot;:&quot;3&quot;,&quot;_skin&quot;:&quot;post&quot;,&quot;slides_to_show_widescreen&quot;:&quot;3&quot;,&quot;slides_to_show_tablet_extra&quot;:&quot;3&quot;,&quot;slides_to_show_mobile_extra&quot;:&quot;2&quot;,&quot;slides_to_show_mobile&quot;:&quot;1&quot;,&quot;slides_to_scroll&quot;:&quot;1&quot;,&quot;edit_handle_selector&quot;:&quot;.elementor-widget-container&quot;,&quot;speed&quot;:500,&quot;arrows&quot;:&quot;yes&quot;,&quot;image_spacing_custom&quot;:{&quot;unit&quot;:&quot;px&quot;,&quot;size&quot;:10,&quot;sizes&quot;:[]},&quot;image_spacing_custom_widescreen&quot;:{&quot;unit&quot;:&quot;px&quot;,&quot;size&quot;:&quot;&quot;,&quot;sizes&quot;:[]},&quot;image_spacing_custom_laptop&quot;:{&quot;unit&quot;:&quot;px&quot;,&quot;size&quot;:&quot;&quot;,&quot;sizes&quot;:[]},&quot;image_spacing_custom_tablet_extra&quot;:{&quot;unit&quot;:&quot;px&quot;,&quot;size&quot;:&quot;&quot;,&quot;sizes&quot;:[]},&quot;image_spacing_custom_tablet&quot;:{&quot;unit&quot;:&quot;px&quot;,&quot;size&quot;:&quot;&quot;,&quot;sizes&quot;:[]},&quot;image_spacing_custom_mobile_extra&quot;:{&quot;unit&quot;:&quot;px&quot;,&quot;size&quot;:&quot;&quot;,&quot;sizes&quot;:[]},&quot;image_spacing_custom_mobile&quot;:{&quot;unit&quot;:&quot;px&quot;,&quot;size&quot;:&quot;&quot;,&quot;sizes&quot;:[]}}\" data-widget_type=\"loop-carousel.post\">\n\t\t\t\t<div class=\"elementor-widget-container\">\n\t\t\t\t\t<div class=\"e-loop-nothing-found-message\">\n\t\t<\/div>\n\t\t\t\t<\/div>\n\t\t\t\t<\/div>\n\t\t\t\t\t<\/div>\n\t\t\t\t<\/div>\n\t\t\t\t<\/div>\n\t\t","protected":false},"excerpt":{"rendered":"<p>Apie Laris Ukrainos pionierius inovatyviuose rank\u0161luos\u010di\u0173 d\u017eiovintuvuose Laris, Ukrainos rank\u0161luos\u010di\u0173 d\u017eiovintuv\u0173 gamintojas, nuo savo \u012fk\u016brimo 1998 m. Charkive \u012fsitvirtino kaip inovacij\u0173 ir produkt\u0173 kokyb\u0117s lyderis. Nuo tada \u012fmon\u0117 tapo vienu&hellip;<\/p>\n","protected":false},"author":4,"featured_media":0,"parent":52860,"menu_order":0,"comment_status":"closed","ping_status":"closed","template":"","meta":{"_acf_changed":false,"footnotes":""},"categories":[],"tags":[],"class_list":["post-53133","page","type-page","status-publish","hentry"],"acf":[],"aioseo_notices":[],"_links":{"self":[{"href":"https:\/\/nordic-comfort.com\/lt\/wp-json\/wp\/v2\/pages\/53133","targetHints":{"allow":["GET"]}}],"collection":[{"href":"https:\/\/nordic-comfort.com\/lt\/wp-json\/wp\/v2\/pages"}],"about":[{"href":"https:\/\/nordic-comfort.com\/lt\/wp-json\/wp\/v2\/types\/page"}],"author":[{"embeddable":true,"href":"https:\/\/nordic-comfort.com\/lt\/wp-json\/wp\/v2\/users\/4"}],"replies":[{"embeddable":true,"href":"https:\/\/nordic-comfort.com\/lt\/wp-json\/wp\/v2\/comments?post=53133"}],"version-history":[{"count":2,"href":"https:\/\/nordic-comfort.com\/lt\/wp-json\/wp\/v2\/pages\/53133\/revisions"}],"predecessor-version":[{"id":60137,"href":"https:\/\/nordic-comfort.com\/lt\/wp-json\/wp\/v2\/pages\/53133\/revisions\/60137"}],"up":[{"embeddable":true,"href":"https:\/\/nordic-comfort.com\/lt\/wp-json\/wp\/v2\/pages\/52860"}],"wp:attachment":[{"href":"https:\/\/nordic-comfort.com\/lt\/wp-json\/wp\/v2\/media?parent=53133"}],"wp:term":[{"taxonomy":"category","embeddable":true,"href":"https:\/\/nordic-comfort.com\/lt\/wp-json\/wp\/v2\/categories?post=53133"},{"taxonomy":"post_tag","embeddable":true,"href":"https:\/\/nordic-comfort.com\/lt\/wp-json\/wp\/v2\/tags?post=53133"}],"curies":[{"name":"wp","href":"https:\/\/api.w.org\/{rel}","templated":true}]}}