{"id":53206,"date":"2024-07-02T13:05:40","date_gmt":"2024-07-02T10:05:40","guid":{"rendered":"https:\/\/nordic-comfort.com\/our-brands\/vilpra-sauna\/"},"modified":"2026-02-12T15:14:48","modified_gmt":"2026-02-12T12:14:48","slug":"vilpra-sauna","status":"publish","type":"page","link":"https:\/\/nordic-comfort.com\/lt\/our-brands\/vilpra-sauna\/","title":{"rendered":"Grand Meyer"},"content":{"rendered":"\t\t<div data-elementor-type=\"wp-page\" data-elementor-id=\"53206\" class=\"elementor elementor-53206 elementor-47513\" data-elementor-post-type=\"page\">\n\t\t\t\t<div class=\"elementor-element elementor-element-8c1297d e-con-full e-flex sc_inner_width_none sc_layouts_column_icons_position_left e-con e-parent\" data-id=\"8c1297d\" data-element_type=\"container\" data-settings=\"{&quot;background_background&quot;:&quot;classic&quot;}\">\n\t\t\t\t<div class=\"elementor-element elementor-element-7e54986 breadcrumbs exad-sticky-section-no exad-glass-effect-no sc_fly_static elementor-widget elementor-widget-shortcode\" data-id=\"7e54986\" data-element_type=\"widget\" data-widget_type=\"shortcode.default\">\n\t\t\t\t<div class=\"elementor-widget-container\">\n\t\t\t\t\t<div class=\"elementor-shortcode\"><div class=\"aioseo-breadcrumbs\"><span class=\"aioseo-breadcrumb\">\n\tMain page\n<\/span><\/div><\/div>\n\t\t\t\t<\/div>\n\t\t\t\t<\/div>\n\t\t\t\t<div class=\"elementor-element elementor-element-b954fe9 exad-sticky-section-no exad-glass-effect-no sc_fly_static elementor-widget elementor-widget-heading\" data-id=\"b954fe9\" data-element_type=\"widget\" data-widget_type=\"heading.default\">\n\t\t\t\t<div class=\"elementor-widget-container\">\n\t\t\t<h2 class=\"elementor-heading-title elementor-size-default\">Apie Grand Meyer<\/h2>\t\t<\/div>\n\t\t\t\t<\/div>\n\t\t\t\t<\/div>\n\t\t<div class=\"elementor-element elementor-element-eb5754e brand e-flex e-con-boxed sc_inner_width_none sc_layouts_column_icons_position_left e-con e-parent\" data-id=\"eb5754e\" data-element_type=\"container\" data-settings=\"{&quot;background_background&quot;:&quot;classic&quot;}\">\n\t\t\t\t\t<div class=\"e-con-inner\">\n\t\t\t\t<div class=\"elementor-element elementor-element-0e90f26 exad-sticky-section-no exad-glass-effect-no sc_fly_static elementor-widget elementor-widget-heading\" data-id=\"0e90f26\" data-element_type=\"widget\" data-widget_type=\"heading.default\">\n\t\t\t\t<div class=\"elementor-widget-container\">\n\t\t\t<h6 class=\"elementor-heading-title elementor-size-default\">Grand Meyer<\/h6>\t\t<\/div>\n\t\t\t\t<\/div>\n\t\t\t\t<div class=\"elementor-element elementor-element-50f9564 exad-sticky-section-no exad-glass-effect-no sc_fly_static elementor-widget elementor-widget-text-editor\" data-id=\"50f9564\" data-element_type=\"widget\" data-widget_type=\"text-editor.default\">\n\t\t\t\t<div class=\"elementor-widget-container\">\n\t\t\t\t\t\t\t<p><strong>Grand Meyer<\/strong>\u00a0yra Europos \u0161ildymo kabeli\u0173, grindinio \u0161ildymo sistem\u0173 ir termostat\u0173 gamintojas, turintis daugiau nei 20 met\u0173 patirt\u012f. \u012emon\u0117 specializuojasi patikimuose gyvenam\u0173j\u0173 ir komercini\u0173 patalp\u0173 elektrinio \u0161ildymo sprendimuose, taip pat sniego ir ledo apsaugos sistemose. Gamybos padaliniai dirba pagal <strong>ISO 9001:2015<\/strong> kokyb\u0117s vadybos sistem\u0105. Visi produktai atitinka tarptautinius saugos standartus ir yra sertifikuoti pagal <strong>IEC<\/strong> ir <strong>T\u00dcV<\/strong> reikalavimus.<\/p>\t\t\t\t\t\t<\/div>\n\t\t\t\t<\/div>\n\t\t\t\t<div class=\"elementor-element elementor-element-c3119ab exad-sticky-section-no exad-glass-effect-no sc_fly_static elementor-widget elementor-widget-text-editor\" data-id=\"c3119ab\" data-element_type=\"widget\" data-widget_type=\"text-editor.default\">\n\t\t\t\t<div class=\"elementor-widget-container\">\n\t\t\t\t\t\t\t<p>Kiekvienas kabelio metras ir kiekvienas \u012frenginys praeina grie\u017et\u0105 kokyb\u0117s kontrol\u0119, \u012fskaitant izoliacijos bandymus, sandarumo patikras ir atitikties patvirtinim\u0105. Toks po\u017ei\u016bris u\u017etikrina ilg\u0105 tarnavimo laik\u0105 ir saug\u0173 eksploatavim\u0105.<\/p>\t\t\t\t\t\t<\/div>\n\t\t\t\t<\/div>\n\t\t\t\t<div class=\"elementor-element elementor-element-361284f exad-sticky-section-no exad-glass-effect-no sc_fly_static elementor-widget elementor-widget-text-editor\" data-id=\"361284f\" data-element_type=\"widget\" data-widget_type=\"text-editor.default\">\n\t\t\t\t<div class=\"elementor-widget-container\">\n\t\t\t\t\t\t\t<p>\u0160iandien \u201eGrand Meyer\u201c kasmet pagamina daugiau nei <strong>2,2 mln. metr\u0173 \u0161ildymo kabeli\u0173<\/strong> ir apie <strong>350 000 termostat\u0173<\/strong>, tiekdama patikimus \u0161ildymo sprendimus visoje Europoje.<\/p>\t\t\t\t\t\t<\/div>\n\t\t\t\t<\/div>\n\t\t\t\t<div class=\"elementor-element elementor-element-80e5ed4 exad-sticky-section-no exad-glass-effect-no sc_fly_static elementor-widget elementor-widget-image\" data-id=\"80e5ed4\" data-element_type=\"widget\" data-widget_type=\"image.default\">\n\t\t\t\t<div class=\"elementor-widget-container\">\n\t\t\t\t\t\t\t\t\t\t\t\t\t<img fetchpriority=\"high\" decoding=\"async\" width=\"768\" height=\"512\" src=\"https:\/\/nordic-comfort.com\/wp-content\/uploads\/2025\/10\/Oct-7-2025-01_14_41-PM-768x512.png\" class=\"attachment-medium_large size-medium_large wp-image-60800\" alt=\"\" srcset=\"https:\/\/nordic-comfort.com\/wp-content\/uploads\/2025\/10\/Oct-7-2025-01_14_41-PM-768x512.png 768w, https:\/\/nordic-comfort.com\/wp-content\/uploads\/2025\/10\/Oct-7-2025-01_14_41-PM-300x200.png 300w, https:\/\/nordic-comfort.com\/wp-content\/uploads\/2025\/10\/Oct-7-2025-01_14_41-PM-1024x683.png 1024w, https:\/\/nordic-comfort.com\/wp-content\/uploads\/2025\/10\/Oct-7-2025-01_14_41-PM-370x247.png 370w, https:\/\/nordic-comfort.com\/wp-content\/uploads\/2025\/10\/Oct-7-2025-01_14_41-PM-840x560.png 840w, https:\/\/nordic-comfort.com\/wp-content\/uploads\/2025\/10\/Oct-7-2025-01_14_41-PM-410x273.png 410w, https:\/\/nordic-comfort.com\/wp-content\/uploads\/2025\/10\/Oct-7-2025-01_14_41-PM-600x400.png 600w, https:\/\/nordic-comfort.com\/wp-content\/uploads\/2025\/10\/Oct-7-2025-01_14_41-PM.png 1536w\" sizes=\"(max-width: 768px) 100vw, 768px\" \/>\t\t\t\t\t\t\t\t\t\t\t\t\t<\/div>\n\t\t\t\t<\/div>\n\t\t\t\t<div class=\"elementor-element elementor-element-2784a77 exad-sticky-section-no exad-glass-effect-no sc_fly_static elementor-widget elementor-widget-heading\" data-id=\"2784a77\" data-element_type=\"widget\" data-widget_type=\"heading.default\">\n\t\t\t\t<div class=\"elementor-widget-container\">\n\t\t\t<h6 class=\"elementor-heading-title elementor-size-default\">Produkt\u0173 asortimentas<\/h6>\t\t<\/div>\n\t\t\t\t<\/div>\n\t\t\t\t<div class=\"elementor-element elementor-element-2cdd005 exad-sticky-section-no exad-glass-effect-no sc_fly_static elementor-widget elementor-widget-text-editor\" data-id=\"2cdd005\" data-element_type=\"widget\" data-widget_type=\"text-editor.default\">\n\t\t\t\t<div class=\"elementor-widget-container\">\n\t\t\t\t\t\t\t<p data-start=\"23\" data-end=\"236\"><strong data-start=\"23\" data-end=\"43\">\u0160ildymo kabeliai<\/strong><br data-start=\"43\" data-end=\"46\" \/>Dviej\u0173 gysl\u0173 var\u017einiai kabeliai, kuri\u0173 galia \u2013 iki 20 W\/m. Turi patvari\u0105 izoliacij\u0105 ir ma\u017e\u0105 lenkimo spindul\u012f. Skirti montuoti \u012f grind\u0173 i\u0161lyginam\u0105j\u012f sluoksn\u012f (lygintuv\u0105) arba plyteli\u0173 klijus.<\/p><p data-start=\"238\" data-end=\"410\"><strong data-start=\"238\" data-end=\"260\">\u0160ildymo kilim\u0117liai<\/strong><br data-start=\"260\" data-end=\"263\" \/>Paruo\u0161tos montavimui kabeli\u0173 sekcijos ant tinklelio pagrindo. Galia \u2013 iki 180 W\/m\u00b2. Tinka plytel\u0117ms, porceliano plytel\u0117ms ir kitoms grind\u0173 dangoms.<\/p><p data-start=\"412\" data-end=\"659\"><strong data-start=\"412\" data-end=\"427\">Termostatai<\/strong><br data-start=\"427\" data-end=\"430\" \/>Platus mechanini\u0173, programuojam\u0173 ir Wi-Fi modeli\u0173 pasirinkimas (pvz., W350, SN-10, HW500). \u0160ie valdikliai u\u017etikrina tiksl\u0173 grind\u0173 ir oro temperat\u016bros reguliavim\u0105, energijos taupym\u0105 ir patog\u0173 nuotolin\u012f valdym\u0105 i\u0161maniuoju telefonu.<\/p><p data-start=\"661\" data-end=\"823\" data-is-last-node=\"\" data-is-only-node=\"\"><strong data-start=\"661\" data-end=\"697\">Sniego ir ledo apsaugos sistemos<\/strong><br data-start=\"697\" data-end=\"700\" \/>Specializuoti kabeliai lauko zonoms, stogams ir lietvamzd\u017eiams, skirti apsaugoti nuo ledo sankaup\u0173 ir varvekli\u0173 susidarymo.<\/p>\t\t\t\t\t\t<\/div>\n\t\t\t\t<\/div>\n\t\t\t\t<div class=\"elementor-element elementor-element-72a4736 exad-sticky-section-no exad-glass-effect-no sc_fly_static elementor-widget elementor-widget-heading\" data-id=\"72a4736\" data-element_type=\"widget\" data-widget_type=\"heading.default\">\n\t\t\t\t<div class=\"elementor-widget-container\">\n\t\t\t<h6 class=\"elementor-heading-title elementor-size-default\">Pagrindiniai privalumai\n<\/h6>\t\t<\/div>\n\t\t\t\t<\/div>\n\t\t\t\t<div class=\"elementor-element elementor-element-2845ec4 exad-sticky-section-no exad-glass-effect-no sc_fly_static elementor-widget elementor-widget-text-editor\" data-id=\"2845ec4\" data-element_type=\"widget\" data-widget_type=\"text-editor.default\">\n\t\t\t\t<div class=\"elementor-widget-container\">\n\t\t\t\t\t\t\t<ul><li data-start=\"25\" data-end=\"82\"><p data-start=\"27\" data-end=\"82\">Patikimumas ir ilgaam\u017ei\u0161kumas \u2014 iki 20 met\u0173 garantija<\/p><\/li><li data-start=\"83\" data-end=\"114\"><p data-start=\"85\" data-end=\"114\">Europieti\u0161ka gamybos kokyb\u0117<\/p><\/li><li data-start=\"115\" data-end=\"166\"><p data-start=\"117\" data-end=\"166\">Modernus dizainas ir lengvai valdomi valdikliai<\/p><\/li><li data-start=\"167\" data-end=\"200\"><p data-start=\"169\" data-end=\"200\">Energi\u0161kai efektyvus veikimas<\/p><\/li><li data-start=\"201\" data-end=\"279\" data-is-last-node=\"\"><p data-start=\"203\" data-end=\"279\" data-is-last-node=\"\">Platus sprendim\u0173 pasirinkimas tiek gyvenamosioms, tiek komercin\u0117ms patalpoms<\/p><\/li><\/ul>\t\t\t\t\t\t<\/div>\n\t\t\t\t<\/div>\n\t\t<div class=\"elementor-element elementor-element-22b6d38 sc_layouts_hide_on_wide sc_layouts_hide_on_desktop sc_layouts_hide_on_notebook sc_layouts_hide_on_tablet sc_layouts_hide_on_mobile e-flex e-con-boxed sc_inner_width_none sc_layouts_column_icons_position_left e-con e-child\" data-id=\"22b6d38\" data-element_type=\"container\">\n\t\t\t\t\t<div class=\"e-con-inner\">\n\t\t\t\t<div class=\"elementor-element elementor-element-10452dc exad-sticky-section-no exad-glass-effect-no sc_fly_static elementor-widget elementor-widget-trx_widget_video\" data-id=\"10452dc\" data-element_type=\"widget\" data-widget_type=\"trx_widget_video.default\">\n\t\t\t\t<div class=\"elementor-widget-container\">\n\t\t\t<div class=\"widget_area sc_widget_video\"><aside class=\"widget widget_video\"><div id=\"sc_video_541334996\" class=\"trx_addons_video_player without_cover\"><div class=\"video_embed video_frame\"><iframe src=\"https:\/\/www.youtube.com\/embed\/MyErghcEbqU?si=Do_WhXafgA7h2nCd&#038;feature=oembed&#038;wmode=transparent&#038;origin=https%3A%2F%2Fnordic-comfort.com%2Flt%2F&#038;widgetid=1&#038;enablejsapi=1&#038;disablekb=1&#038;modestbranding=1&#038;iv_load_policy=3&#038;rel=0&#038;showinfo=0&#038;playsinline=1\" width=\"1320\" height=\"743\"><\/iframe><\/div><\/div><\/aside><\/div>\t\t<\/div>\n\t\t\t\t<\/div>\n\t\t\t\t\t<\/div>\n\t\t\t\t<\/div>\n\t\t\t\t\t<\/div>\n\t\t\t\t<\/div>\n\t\t<div class=\"elementor-element elementor-element-15dde9f brand e-flex e-con-boxed sc_inner_width_none sc_layouts_column_icons_position_left e-con e-parent\" data-id=\"15dde9f\" data-element_type=\"container\" data-settings=\"{&quot;background_background&quot;:&quot;classic&quot;}\">\n\t\t\t\t\t<div class=\"e-con-inner\">\n\t\t\t\t<div class=\"elementor-element elementor-element-e66d51b exad-sticky-section-no exad-glass-effect-no sc_fly_static elementor-widget elementor-widget-heading\" data-id=\"e66d51b\" data-element_type=\"widget\" data-widget_type=\"heading.default\">\n\t\t\t\t<div class=\"elementor-widget-container\">\n\t\t\t<h4 class=\"elementor-heading-title elementor-size-default\">Pasirinkite kategorij\u0105<\/h4>\t\t<\/div>\n\t\t\t\t<\/div>\n\t\t<div class=\"e-con-gap-no elementor-element elementor-element-bb43888 e-con-full product_categories e-flex sc_inner_width_none sc_layouts_column_icons_position_left e-con e-child\" data-id=\"bb43888\" data-element_type=\"container\">\n\t\t<div class=\"elementor-element elementor-element-3bdf0f7 e-con-full e-flex sc_inner_width_none sc_layouts_column_icons_position_left e-con e-child\" data-id=\"3bdf0f7\" data-element_type=\"container\">\n\t\t\t\t<div class=\"elementor-element elementor-element-256819f product_category elementor-position-top exad-sticky-section-no exad-glass-effect-no sc_fly_static elementor-widget elementor-widget-image-box\" data-id=\"256819f\" data-element_type=\"widget\" data-widget_type=\"image-box.default\">\n\t\t\t\t<div class=\"elementor-widget-container\">\n\t\t\t<div class=\"elementor-image-box-wrapper\"><figure class=\"elementor-image-box-img\"><a href=\"https:\/\/nordic-comfort.com\/lt\/our-products\/sauna-heaters\/\" tabindex=\"-1\"><img decoding=\"async\" width=\"423\" height=\"380\" src=\"https:\/\/nordic-comfort.com\/wp-content\/uploads\/2024\/07\/sauna_heaters.png\" class=\"attachment-full size-full wp-image-47547\" alt=\"\" srcset=\"https:\/\/nordic-comfort.com\/wp-content\/uploads\/2024\/07\/sauna_heaters.png 423w, https:\/\/nordic-comfort.com\/wp-content\/uploads\/2024\/07\/sauna_heaters-300x270.png 300w, https:\/\/nordic-comfort.com\/wp-content\/uploads\/2024\/07\/sauna_heaters-370x332.png 370w, https:\/\/nordic-comfort.com\/wp-content\/uploads\/2024\/07\/sauna_heaters-410x368.png 410w\" sizes=\"(max-width: 600px) 100vw, 423px\" \/><\/a><\/figure><div class=\"elementor-image-box-content\"><h4 class=\"elementor-image-box-title\"><a href=\"https:\/\/nordic-comfort.com\/lt\/our-products\/sauna-heaters\/\">Saunos \u0161ildytuvai<\/a><\/h4><\/div><\/div>\t\t<\/div>\n\t\t\t\t<\/div>\n\t\t\t\t<\/div>\n\t\t\t\t<\/div>\n\t\t\t\t\t<\/div>\n\t\t\t\t<\/div>\n\t\t<div class=\"elementor-element elementor-element-cd2e0d4 brands_products e-flex e-con-boxed sc_inner_width_none sc_layouts_column_icons_position_left e-con e-parent\" data-id=\"cd2e0d4\" data-element_type=\"container\" data-settings=\"{&quot;background_background&quot;:&quot;classic&quot;}\">\n\t\t\t\t\t<div class=\"e-con-inner\">\n\t\t<div class=\"e-con-gap-no elementor-element elementor-element-00d065f e-con-full e-flex sc_inner_width_none sc_layouts_column_icons_position_left e-con e-child\" data-id=\"00d065f\" data-element_type=\"container\">\n\t\t<div class=\"elementor-element elementor-element-509ddb3 e-flex e-con-boxed sc_inner_width_none sc_layouts_column_icons_position_left e-con e-child\" data-id=\"509ddb3\" data-element_type=\"container\">\n\t\t\t\t\t<div class=\"e-con-inner\">\n\t\t\t\t<div class=\"elementor-element elementor-element-e0c86b6 exad-sticky-section-no exad-glass-effect-no sc_fly_static elementor-widget elementor-widget-heading\" data-id=\"e0c86b6\" data-element_type=\"widget\" data-widget_type=\"heading.default\">\n\t\t\t\t<div class=\"elementor-widget-container\">\n\t\t\t<h4 class=\"elementor-heading-title elementor-size-default\">Rekomenduojami produktai<\/h4>\t\t<\/div>\n\t\t\t\t<\/div>\n\t\t\t\t\t<\/div>\n\t\t\t\t<\/div>\n\t\t\t\t<\/div>\n\t\t\t\t<div class=\"elementor-element elementor-element-a92fb49 product_slider elementor-arrows-position-inside exad-sticky-section-no exad-glass-effect-no sc_fly_static elementor-widget elementor-widget-loop-carousel\" data-id=\"a92fb49\" data-element_type=\"widget\" data-settings=\"{&quot;template_id&quot;:57091,&quot;slides_to_show&quot;:&quot;4&quot;,&quot;slides_to_show_laptop&quot;:&quot;4&quot;,&quot;slides_to_show_tablet&quot;:&quot;3&quot;,&quot;_skin&quot;:&quot;post&quot;,&quot;slides_to_show_widescreen&quot;:&quot;3&quot;,&quot;slides_to_show_tablet_extra&quot;:&quot;3&quot;,&quot;slides_to_show_mobile_extra&quot;:&quot;2&quot;,&quot;slides_to_show_mobile&quot;:&quot;1&quot;,&quot;slides_to_scroll&quot;:&quot;1&quot;,&quot;edit_handle_selector&quot;:&quot;.elementor-widget-container&quot;,&quot;speed&quot;:500,&quot;arrows&quot;:&quot;yes&quot;,&quot;image_spacing_custom&quot;:{&quot;unit&quot;:&quot;px&quot;,&quot;size&quot;:10,&quot;sizes&quot;:[]},&quot;image_spacing_custom_widescreen&quot;:{&quot;unit&quot;:&quot;px&quot;,&quot;size&quot;:&quot;&quot;,&quot;sizes&quot;:[]},&quot;image_spacing_custom_laptop&quot;:{&quot;unit&quot;:&quot;px&quot;,&quot;size&quot;:&quot;&quot;,&quot;sizes&quot;:[]},&quot;image_spacing_custom_tablet_extra&quot;:{&quot;unit&quot;:&quot;px&quot;,&quot;size&quot;:&quot;&quot;,&quot;sizes&quot;:[]},&quot;image_spacing_custom_tablet&quot;:{&quot;unit&quot;:&quot;px&quot;,&quot;size&quot;:&quot;&quot;,&quot;sizes&quot;:[]},&quot;image_spacing_custom_mobile_extra&quot;:{&quot;unit&quot;:&quot;px&quot;,&quot;size&quot;:&quot;&quot;,&quot;sizes&quot;:[]},&quot;image_spacing_custom_mobile&quot;:{&quot;unit&quot;:&quot;px&quot;,&quot;size&quot;:&quot;&quot;,&quot;sizes&quot;:[]}}\" data-widget_type=\"loop-carousel.post\">\n\t\t\t\t<div class=\"elementor-widget-container\">\n\t\t\t\t\t<div class=\"e-loop-nothing-found-message\">\n\t\t<\/div>\n\t\t\t\t<\/div>\n\t\t\t\t<\/div>\n\t\t\t\t\t<\/div>\n\t\t\t\t<\/div>\n\t\t\t\t<\/div>\n\t\t","protected":false},"excerpt":{"rendered":"<p>Apie Grand Meyer Grand Meyer Grand Meyer\u00a0yra Europos \u0161ildymo kabeli\u0173, grindinio \u0161ildymo sistem\u0173 ir termostat\u0173 gamintojas, turintis daugiau nei 20 met\u0173 patirt\u012f. \u012emon\u0117 specializuojasi patikimuose gyvenam\u0173j\u0173 ir komercini\u0173 patalp\u0173 elektrinio&hellip;<\/p>\n","protected":false},"author":4,"featured_media":60718,"parent":52860,"menu_order":0,"comment_status":"closed","ping_status":"closed","template":"","meta":{"_acf_changed":false,"footnotes":""},"categories":[],"tags":[],"class_list":["post-53206","page","type-page","status-publish","has-post-thumbnail","hentry"],"acf":[],"aioseo_notices":[],"_links":{"self":[{"href":"https:\/\/nordic-comfort.com\/lt\/wp-json\/wp\/v2\/pages\/53206","targetHints":{"allow":["GET"]}}],"collection":[{"href":"https:\/\/nordic-comfort.com\/lt\/wp-json\/wp\/v2\/pages"}],"about":[{"href":"https:\/\/nordic-comfort.com\/lt\/wp-json\/wp\/v2\/types\/page"}],"author":[{"embeddable":true,"href":"https:\/\/nordic-comfort.com\/lt\/wp-json\/wp\/v2\/users\/4"}],"replies":[{"embeddable":true,"href":"https:\/\/nordic-comfort.com\/lt\/wp-json\/wp\/v2\/comments?post=53206"}],"version-history":[{"count":6,"href":"https:\/\/nordic-comfort.com\/lt\/wp-json\/wp\/v2\/pages\/53206\/revisions"}],"predecessor-version":[{"id":60834,"href":"https:\/\/nordic-comfort.com\/lt\/wp-json\/wp\/v2\/pages\/53206\/revisions\/60834"}],"up":[{"embeddable":true,"href":"https:\/\/nordic-comfort.com\/lt\/wp-json\/wp\/v2\/pages\/52860"}],"wp:featuredmedia":[{"embeddable":true,"href":"https:\/\/nordic-comfort.com\/lt\/wp-json\/wp\/v2\/media\/60718"}],"wp:attachment":[{"href":"https:\/\/nordic-comfort.com\/lt\/wp-json\/wp\/v2\/media?parent=53206"}],"wp:term":[{"taxonomy":"category","embeddable":true,"href":"https:\/\/nordic-comfort.com\/lt\/wp-json\/wp\/v2\/categories?post=53206"},{"taxonomy":"post_tag","embeddable":true,"href":"https:\/\/nordic-comfort.com\/lt\/wp-json\/wp\/v2\/tags?post=53206"}],"curies":[{"name":"wp","href":"https:\/\/api.w.org\/{rel}","templated":true}]}}