{"id":53375,"date":"2024-07-02T10:11:32","date_gmt":"2024-07-02T07:11:32","guid":{"rendered":"https:\/\/nordic-comfort.com\/manuals\/helika\/"},"modified":"2024-07-20T22:50:29","modified_gmt":"2024-07-20T19:50:29","slug":"helika","status":"publish","type":"page","link":"https:\/\/nordic-comfort.com\/lt\/manuals\/helika\/","title":{"rendered":"Helika"},"content":{"rendered":"\t\t<div data-elementor-type=\"wp-page\" data-elementor-id=\"53375\" class=\"elementor elementor-53375 elementor-47401\" data-elementor-post-type=\"page\">\n\t\t\t\t<div class=\"elementor-element elementor-element-95084e5 e-con-full e-flex sc_inner_width_none sc_layouts_column_icons_position_left e-con e-parent\" data-id=\"95084e5\" data-element_type=\"container\" data-settings=\"{&quot;background_background&quot;:&quot;classic&quot;}\">\n\t\t\t\t<div class=\"elementor-element elementor-element-f7f0115 breadcrumbs exad-sticky-section-no exad-glass-effect-no sc_fly_static elementor-widget elementor-widget-shortcode\" data-id=\"f7f0115\" data-element_type=\"widget\" data-widget_type=\"shortcode.default\">\n\t\t\t\t<div class=\"elementor-widget-container\">\n\t\t\t\t\t<div class=\"elementor-shortcode\"><div class=\"aioseo-breadcrumbs\"><span class=\"aioseo-breadcrumb\">\n\tMain page\n<\/span><\/div><\/div>\n\t\t\t\t<\/div>\n\t\t\t\t<\/div>\n\t\t\t\t<div class=\"elementor-element elementor-element-dba5897 exad-sticky-section-no exad-glass-effect-no sc_fly_static elementor-widget elementor-widget-heading\" data-id=\"dba5897\" data-element_type=\"widget\" data-widget_type=\"heading.default\">\n\t\t\t\t<div class=\"elementor-widget-container\">\n\t\t\t<h1 class=\"elementor-heading-title elementor-size-default\">Instrukcijos<\/h1>\t\t<\/div>\n\t\t\t\t<\/div>\n\t\t\t\t<\/div>\n\t\t<div class=\"elementor-element elementor-element-ea8de55 e-flex e-con-boxed sc_inner_width_none sc_layouts_column_icons_position_left e-con e-parent\" data-id=\"ea8de55\" data-element_type=\"container\" data-settings=\"{&quot;background_background&quot;:&quot;classic&quot;}\">\n\t\t\t\t\t<div class=\"e-con-inner\">\n\t\t\t\t<div class=\"elementor-element elementor-element-5d480d1 exad-sticky-section-no exad-glass-effect-no sc_fly_static elementor-widget elementor-widget-heading\" data-id=\"5d480d1\" data-element_type=\"widget\" data-widget_type=\"heading.default\">\n\t\t\t\t<div class=\"elementor-widget-container\">\n\t\t\t<h4 class=\"elementor-heading-title elementor-size-default\">Pasirinkite kategorij\u0105<\/h4>\t\t<\/div>\n\t\t\t\t<\/div>\n\t\t<div class=\"e-con-gap-no elementor-element elementor-element-f0bd228 e-flex e-con-boxed sc_inner_width_none sc_layouts_column_icons_position_left e-con e-child\" data-id=\"f0bd228\" data-element_type=\"container\">\n\t\t\t\t\t<div class=\"e-con-inner\">\n\t\t<div class=\"elementor-element elementor-element-2842fd0 e-con-full e-flex sc_inner_width_none sc_layouts_column_icons_position_left e-con e-child\" data-id=\"2842fd0\" data-element_type=\"container\" data-settings=\"{&quot;background_background&quot;:&quot;classic&quot;}\">\n\t\t\t\t<div class=\"elementor-element elementor-element-8fb4bdb exad-sticky-section-no exad-glass-effect-no sc_fly_static elementor-widget elementor-widget-image\" data-id=\"8fb4bdb\" data-element_type=\"widget\" data-widget_type=\"image.default\">\n\t\t\t\t<div class=\"elementor-widget-container\">\n\t\t\t\t\t\t\t\t\t\t\t\t\t\t<a href=\"https:\/\/nordic-comfort.com\/lt\/manuals\/helika\/kitchen-sinks\/\">\n\t\t\t\t\t\t\t<img fetchpriority=\"high\" decoding=\"async\" width=\"2000\" height=\"2000\" src=\"https:\/\/nordic-comfort.com\/wp-content\/uploads\/2024\/07\/Stainless-steel-sinks-.jpg\" class=\"attachment-full size-full wp-image-52267\" alt=\"\" srcset=\"https:\/\/nordic-comfort.com\/wp-content\/uploads\/2024\/07\/Stainless-steel-sinks-.jpg 2000w, https:\/\/nordic-comfort.com\/wp-content\/uploads\/2024\/07\/Stainless-steel-sinks--300x300.jpg 300w, https:\/\/nordic-comfort.com\/wp-content\/uploads\/2024\/07\/Stainless-steel-sinks--1024x1024.jpg 1024w, https:\/\/nordic-comfort.com\/wp-content\/uploads\/2024\/07\/Stainless-steel-sinks--150x150.jpg 150w, https:\/\/nordic-comfort.com\/wp-content\/uploads\/2024\/07\/Stainless-steel-sinks--768x768.jpg 768w, https:\/\/nordic-comfort.com\/wp-content\/uploads\/2024\/07\/Stainless-steel-sinks--1536x1536.jpg 1536w, https:\/\/nordic-comfort.com\/wp-content\/uploads\/2024\/07\/Stainless-steel-sinks--370x370.jpg 370w, https:\/\/nordic-comfort.com\/wp-content\/uploads\/2024\/07\/Stainless-steel-sinks--120x120.jpg 120w, https:\/\/nordic-comfort.com\/wp-content\/uploads\/2024\/07\/Stainless-steel-sinks--840x840.jpg 840w, https:\/\/nordic-comfort.com\/wp-content\/uploads\/2024\/07\/Stainless-steel-sinks--410x410.jpg 410w, https:\/\/nordic-comfort.com\/wp-content\/uploads\/2024\/07\/Stainless-steel-sinks--600x600.jpg 600w\" sizes=\"(max-width: 2000px) 100vw, 2000px\" \/>\t\t\t\t\t\t\t\t<\/a>\n\t\t\t\t\t\t\t\t\t\t\t\t\t<\/div>\n\t\t\t\t<\/div>\n\t\t\t\t<div class=\"elementor-element elementor-element-86cce30 elementor-widget-divider--view-line exad-sticky-section-no exad-glass-effect-no sc_fly_static elementor-widget elementor-widget-divider\" data-id=\"86cce30\" data-element_type=\"widget\" data-widget_type=\"divider.default\">\n\t\t\t\t<div class=\"elementor-widget-container\">\n\t\t\t\t\t<div class=\"elementor-divider\">\n\t\t\t<span class=\"elementor-divider-separator\">\n\t\t\t\t\t\t<\/span>\n\t\t<\/div>\n\t\t\t\t<\/div>\n\t\t\t\t<\/div>\n\t\t\t\t<div class=\"elementor-element elementor-element-ea2983c category_title exad-sticky-section-no exad-glass-effect-no sc_fly_static elementor-widget elementor-widget-heading\" data-id=\"ea2983c\" data-element_type=\"widget\" data-widget_type=\"heading.default\">\n\t\t\t\t<div class=\"elementor-widget-container\">\n\t\t\t<h6 class=\"elementor-heading-title elementor-size-default\"><a href=\"https:\/\/nordic-comfort.com\/lt\/manuals\/helika\/kitchen-sinks\/\">Virtuv\u0117s kriaukl\u0117s<\/a><\/h6>\t\t<\/div>\n\t\t\t\t<\/div>\n\t\t\t\t<\/div>\n\t\t\t\t\t<\/div>\n\t\t\t\t<\/div>\n\t\t\t\t\t<\/div>\n\t\t\t\t<\/div>\n\t\t\t\t<\/div>\n\t\t","protected":false},"excerpt":{"rendered":"<p>Instrukcijos Pasirinkite kategorij\u0105 Virtuv\u0117s kriaukl\u0117s<\/p>\n","protected":false},"author":4,"featured_media":0,"parent":52817,"menu_order":0,"comment_status":"closed","ping_status":"closed","template":"","meta":{"_acf_changed":false,"footnotes":""},"categories":[],"tags":[],"class_list":["post-53375","page","type-page","status-publish","hentry"],"acf":[],"aioseo_notices":[],"_links":{"self":[{"href":"https:\/\/nordic-comfort.com\/lt\/wp-json\/wp\/v2\/pages\/53375","targetHints":{"allow":["GET"]}}],"collection":[{"href":"https:\/\/nordic-comfort.com\/lt\/wp-json\/wp\/v2\/pages"}],"about":[{"href":"https:\/\/nordic-comfort.com\/lt\/wp-json\/wp\/v2\/types\/page"}],"author":[{"embeddable":true,"href":"https:\/\/nordic-comfort.com\/lt\/wp-json\/wp\/v2\/users\/4"}],"replies":[{"embeddable":true,"href":"https:\/\/nordic-comfort.com\/lt\/wp-json\/wp\/v2\/comments?post=53375"}],"version-history":[{"count":0,"href":"https:\/\/nordic-comfort.com\/lt\/wp-json\/wp\/v2\/pages\/53375\/revisions"}],"up":[{"embeddable":true,"href":"https:\/\/nordic-comfort.com\/lt\/wp-json\/wp\/v2\/pages\/52817"}],"wp:attachment":[{"href":"https:\/\/nordic-comfort.com\/lt\/wp-json\/wp\/v2\/media?parent=53375"}],"wp:term":[{"taxonomy":"category","embeddable":true,"href":"https:\/\/nordic-comfort.com\/lt\/wp-json\/wp\/v2\/categories?post=53375"},{"taxonomy":"post_tag","embeddable":true,"href":"https:\/\/nordic-comfort.com\/lt\/wp-json\/wp\/v2\/tags?post=53375"}],"curies":[{"name":"wp","href":"https:\/\/api.w.org\/{rel}","templated":true}]}}