{"id":54212,"date":"2024-07-09T17:58:22","date_gmt":"2024-07-09T14:58:22","guid":{"rendered":"https:\/\/nordic-comfort.com\/service-centers\/"},"modified":"2024-08-19T16:36:34","modified_gmt":"2024-08-19T13:36:34","slug":"service-centers","status":"publish","type":"page","link":"https:\/\/nordic-comfort.com\/lt\/service-centers\/","title":{"rendered":"Paslaug\u0173 centrai"},"content":{"rendered":"\t\t<div data-elementor-type=\"wp-page\" data-elementor-id=\"54212\" class=\"elementor elementor-54212 elementor-52062\" data-elementor-post-type=\"page\">\n\t\t\t\t<div class=\"elementor-element elementor-element-273d106 e-con-full e-flex sc_inner_width_none sc_layouts_column_icons_position_left e-con e-parent\" data-id=\"273d106\" data-element_type=\"container\" data-e-type=\"container\" data-settings=\"{&quot;background_background&quot;:&quot;classic&quot;}\">\n\t\t\t\t<div class=\"elementor-element elementor-element-1d81547 breadcrumbs exad-sticky-section-no exad-glass-effect-no sc_fly_static elementor-widget elementor-widget-shortcode\" data-id=\"1d81547\" data-element_type=\"widget\" data-e-type=\"widget\" data-widget_type=\"shortcode.default\">\n\t\t\t\t<div class=\"elementor-widget-container\">\n\t\t\t\t\t\t\t<div class=\"elementor-shortcode\"><div class=\"aioseo-breadcrumbs\"><span class=\"aioseo-breadcrumb\">\n\tMain page\n<\/span><\/div><\/div>\n\t\t\t\t\t\t<\/div>\n\t\t\t\t<\/div>\n\t\t\t\t<div class=\"elementor-element elementor-element-615c42b exad-sticky-section-no exad-glass-effect-no sc_fly_static elementor-widget elementor-widget-heading\" data-id=\"615c42b\" data-element_type=\"widget\" data-e-type=\"widget\" data-widget_type=\"heading.default\">\n\t\t\t\t<div class=\"elementor-widget-container\">\n\t\t\t\t\t<h1 class=\"elementor-heading-title elementor-size-default\">Paslaug\u0173 centrai<\/h1>\t\t\t\t<\/div>\n\t\t\t\t<\/div>\n\t\t\t\t<\/div>\n\t\t<div class=\"elementor-element elementor-element-1b8014c e-flex e-con-boxed sc_inner_width_none sc_layouts_column_icons_position_left e-con e-parent\" data-id=\"1b8014c\" data-element_type=\"container\" data-e-type=\"container\" data-settings=\"{&quot;background_background&quot;:&quot;classic&quot;}\">\n\t\t\t\t\t<div class=\"e-con-inner\">\n\t\t<div class=\"elementor-element elementor-element-cef3b98 e-flex e-con-boxed sc_inner_width_none sc_layouts_column_icons_position_left e-con e-child\" data-id=\"cef3b98\" data-element_type=\"container\" data-e-type=\"container\">\n\t\t\t\t\t<div class=\"e-con-inner\">\n\t\t\t\t<div class=\"elementor-element elementor-element-2b0e3a7 exad-sticky-section-no exad-glass-effect-no sc_fly_static elementor-widget elementor-widget-heading\" data-id=\"2b0e3a7\" data-element_type=\"widget\" data-e-type=\"widget\" data-widget_type=\"heading.default\">\n\t\t\t\t<div class=\"elementor-widget-container\">\n\t\t\t\t\t<h3 class=\"elementor-heading-title elementor-size-default\">Paslaug\u0173 centrai<\/h3>\t\t\t\t<\/div>\n\t\t\t\t<\/div>\n\t\t\t\t<div class=\"elementor-element elementor-element-57f1f0b exad-sticky-section-no exad-glass-effect-no sc_fly_static elementor-widget elementor-widget-text-editor\" data-id=\"57f1f0b\" data-element_type=\"widget\" data-e-type=\"widget\" data-widget_type=\"text-editor.default\">\n\t\t\t\t<div class=\"elementor-widget-container\">\n\t\t\t\t\t\t\t\t\t<p>\u010cia galite rasti Midea, Electrolux ir Thermex aptarnavimo centrus. Jei turite klausim\u0173 d\u0117l kit\u0173 produkt\u0173, pra\u0161ome susisiekti su parduotuve, kurioje \u012fsigijote prek\u0119.<\/p>\t\t\t\t\t\t\t\t<\/div>\n\t\t\t\t<\/div>\n\t\t\t\t<div class=\"elementor-element elementor-element-ede36e6 exad-sticky-section-no exad-glass-effect-no sc_fly_static elementor-widget elementor-widget-text-editor\" data-id=\"ede36e6\" data-element_type=\"widget\" data-e-type=\"widget\" data-widget_type=\"text-editor.default\">\n\t\t\t\t<div class=\"elementor-widget-container\">\n\t\t\t\t\t\t\t\t\t<p><strong>D\u0117mesio!<\/strong> Jei susiduriate su tokiomis problemomis kaip vandens \u0161ildytuvai ar rank\u0161luos\u010di\u0173 d\u017eiovintuvai, pirmiausia susisiekite su aptarnavimo centru arba pardav\u0117ju ir laikykit\u0117s j\u0173 rekomendacij\u0173. Draud\u017eiama i\u0161montuoti prietaisus ir si\u0173sti juos \u012f aptarnavimo centr\u0105 ar pardav\u0117jui prie\u0161 tai nepasitarus, nes tai panaikins garantij\u0105. Norint i\u0161saugoti garantij\u0105, b\u016btina matyti vis\u0105 j\u016bs\u0173 montavimo ir vandens prijungimo vaizd\u0105.<\/p>\t\t\t\t\t\t\t\t<\/div>\n\t\t\t\t<\/div>\n\t\t\t\t\t<\/div>\n\t\t\t\t<\/div>\n\t\t\t\t<div class=\"elementor-element elementor-element-e320631 find_store service_center exad-sticky-section-no exad-glass-effect-no sc_fly_static elementor-widget elementor-widget-shortcode\" data-id=\"e320631\" data-element_type=\"widget\" data-e-type=\"widget\" data-widget_type=\"shortcode.default\">\n\t\t\t\t<div class=\"elementor-widget-container\">\n\t\t\t\t\t\t\t<div class=\"elementor-shortcode\"><style type=\"text\/css\">\n  body #asl-storelocator.asl-cont.asl-template-0 {--sl-font-size: 14px;--sl-title-size: 16px;--sl-btn-size: 14px;--sl-primary: #A48F6F;--sl-header: #F7F7F7;--sl-header-color: #ffffff;--sl-infobox-color: #555d66;--sl-infobox-bg: #FFFFFF;--sl-infobox-a: #18222E;--sl-action-btn-color: #FFFFFF;--sl-action-btn-bg: #18222E;--sl-color: #555d66;--sl-list-bg: #FFFFFF;--sl-list-title: #18222E;--sl-list-sub-title: #18222E;--sl-highlighted: #F7F7F7;}.asl-p-cont .asl-print-btn,.asl-cont .asl-print-btn {display: none !important;}  .asl-cont .onoffswitch .onoffswitch-label .onoffswitch-switch:before {content: \"OPEN\" !important;}\n  .asl-cont .onoffswitch .onoffswitch-label .onoffswitch-switch:after {content: \"ALL\" !important;}\n  @media (max-width: 767px) {\n    #asl-storelocator.asl-cont .asl-panel {order: 0;}\n  }\n  .asl-cont.sl-search-only .Filter_section + .sl-row {display: none;}\n  .asl-cont .sl-hide-branches,\n  .asl-cont .sl-hide-branches:hover {color: #FFF !important; text-decoration: none !important;cursor: pointer;}\n<\/style>\n<div id=\"asl-storelocator\" class=\"storelocator-main asl-cont asl-template-0 asl-layout-0 asl-bg-0  asl-text-0\">\n  <div class=\"asl-wrapper\">\n    <div class=\"sl-container\">\n             \n      <div class=\"sl-row Filter_section\">\n          <div class=\"pol-lg-4 pol-md-5 pol-sm-12 search_filter\">\n              <label class=\"mb-2\" for=\"auto-complete-search\">Ie\u0161koti pagal viet\u0105<\/label>\n              <div class=\"sl-search-group d-flex\">\n                <input type=\"text\" value=\"\" data-submit=\"disable\" id=\"auto-complete-search\" placeholder=\"\u012eveskite viet\u0105\"  class=\"asl-search-address form-control isp_ignore\">\n                <button aria-label=\"Ie\u0161koti pagal viet\u0105\" title=\"Ie\u0161koti pagal viet\u0105\" type=\"button\" class=\"span-geo\"><i class=\"icon-search\"><\/i><\/button>\n              <\/div>\n               <div class=\"Status_filter\">\n                    <div class=\"asl-filter-cntrl\">\n                      <!--<label class=\"asl-cntrl-lbl\">Status<\/label>-->\n\t\t\t\t\t  <label class=\"asl-cntrl-lbl\">Parduotuv\u0117s internetu <label>\n                      <div class=\"onoffswitch\">\n                        <input type=\"checkbox\" name=\"onoffswitch\" class=\"onoffswitch-checkbox\" id=\"asl-open-close\" checked>\n                        <label aria-label=\"Opened Stores\" title=\"Opened Stores\" class=\"onoffswitch-label\" for=\"asl-open-close\">\n                            <span class=\"onoffswitch-inner\"><\/span>\n                            <span class=\"onoffswitch-switch\"><\/span>\n                        <\/label>\n                      <\/div>\n                    <\/div>\n                  <\/div>\n          <\/div>\n          <div class=\"pol-lg-8 pol-md-7 pol-sm-12\">\n            <div class=\"sl-row\">\n              <div class=\"pol-sm-12 asl-advance-filters hide\">\n                <div class=\"sl-row\">\n                                                      <div class=\"pol-lg-4 pol-md-6 pol-sm-12  asl-ddl-filters asl-ddl-filter-cats\">\n                      <div class=\"asl-filter-cntrl\">\n                        <label class=\"asl-cntrl-lbl\" for=\"asl-categories\">Kategorija<\/label>\n                        <div class=\"sl-dropdown-cont\" id=\"categories_filter\">\n                        <\/div>\n                      <\/div>\n                  <\/div>\n                                                                                          <div class=\"pol-lg-4 pol-md-6 pol-sm-12  asl-ddl-filters asl-ddl-filter-brand\">\n                      <div class=\"asl-filter-cntrl\">\n                        <label class=\"asl-cntrl-lbl\" for=\"asl-brand\">Prek\u0117s \u017eenklas<\/label>\n                        <div class=\"sl-dropdown-cont\" id=\"brand_filter\">\n                        <\/div>\n                      <\/div>\n                  <\/div>\n                                                      <div class=\"pol-lg-4 pol-md-6 pol-sm-12 range_filter asl-ddl-filters hide\">\n                    <div class=\"rangeFilter asl-filter-cntrl\">\n                      <label for=\"asl-radius-slide\" class=\"asl-cntrl-lbl\">Distance Range<\/label>\n                      <input id=\"asl-radius-slide\" type=\"text\" class=\"span2\" \/>\n                      <span class=\"rad-unit\">Radius: <span id=\"asl-radius-input\"><\/span> <span id=\"asl-dist-unit\">Km<\/span><\/span>\n                    <\/div>\n                  <\/div>\n                 \n                <\/div>\n              <\/div>\n            <\/div>\n          <\/div>\n      <\/div>\n            <div class=\"sl-row\">\n        <div class=\"pol-12\">\n            <div class=\"sl-main-cont\">\n                <div class=\"sl-row no-gutters sl-main-row\">\n                    <div id=\"asl-panel\" class=\"asl-panel pol-md-5 pol-lg-4 asl_locator-panel\">\n                        <div class=\"asl-overlay\" id=\"map-loading\">\n                            <div class=\"white\"><\/div>\n                            <div class=\"sl-loading\">\n                              <i class=\"animate-sl-spin icon-spin3\"><\/i>\n                              Loading...                            <\/div>\n                        <\/div>\n                                                <!-- list -->\n                        <div class=\"asl-panel-inner\">\n                            <div class=\"top-title Num_of_store\">\n                              <span><span class=\"sl-head-title\">Number Of Shops<\/span>: <span class=\"count-result\">0<\/span><\/span>\n                                                              <a title=\"Back to List\" class=\"sl-hide-branches d-none\"><i class=\"icon-back mr-1\"><\/i>Back to List<\/a>\n                                                          <\/div>\n                            <div class=\"sl-main-cont-box\">\n                              <div id=\"asl-list\" class=\"sl-list-wrapper\">\n                                <ul id=\"p-statelist\" class=\"sl-list\">\n                                <\/ul>\n                              <\/div>\n                            <\/div>\n                        <\/div>\n\n                        <div class=\"directions-cont hide\">\n                            <div class=\"agile-modal-header\">\n                                <button type=\"button\" class=\"close\"><span aria-hidden=\"true\">\u00d7<\/span><\/button>\n                                <h4>Store Direction<\/h4>\n                            <\/div>\n                            <div class=\"rendered-directions\" id=\"asl-rendered-dir\" style=\"direction: ltr;\"><\/div>\n                        <\/div>\n                    <\/div>\n                    <div class=\"pol-md-7 pol-lg-8 asl-map\">\n                        <div class=\"map-image\">\n                            <div id=\"asl-map-canv\" class=\"asl-map-canv\"><\/div>\n                            <div id=\"agile-modal-direction\" class=\"agile-modal fade\">\n    <div class=\"agile-modal-backdrop-in\"><\/div>\n    <div class=\"agile-modal-dialog in\">\n        <div class=\"agile-modal-content\">\n            <div class=\"sl-form-group d-flex justify-content-between\">\n                <h4 >GET DIRECTIONS<\/h4>\n                <button type=\"button\" class=\"close-directions sl-close\" data-dismiss=\"agile-modal\" aria-label=\"Close\">&times;<\/button>\n            <\/div>\n            <div class=\"sl-form-group\">\n                <label for=\"frm-lbl\">From:<\/label>\n                <input type=\"text\" class=\"form-control frm-place\" id=\"frm-lbl\" placeholder=\"\u012eveskite viet\u0105\">\n            <\/div>\n            <div class=\"sl-form-group\">\n                <label for=\"to-lbl\">To:<\/label>\n                <input readonly=\"true\" type=\"text\"  class=\"directions-to form-control\" id=\"to-lbl\" placeholder=\"Prepopulated Destination Address\">\n            <\/div>\n            <div class=\"sl-form-group mb-0\">\n                <label for=\"rbtn-km\" class=\"checkbox-inline\">\n                    <input type=\"radio\" name=\"dist-type\"  id=\"rbtn-km\" value=\"0\"> Km                <\/label>\n                <label for=\"rbtn-mile\" class=\"checkbox-inline\">\n                    <input type=\"radio\" name=\"dist-type\" checked id=\"rbtn-mile\" value=\"1\"> Miles                <\/label>\n            <\/div>\n            <div class=\"sl-form-group mb-0\">\n                <button type=\"submit\" class=\"btn btn-default btn-submit\">GET DIRECTIONS<\/button>\n            <\/div>\n        <\/div>\n    <\/div>\n<\/div>\n\n<div id=\"asl-geolocation-agile-modal\" class=\"agile-modal fade\">\n  <div class=\"agile-modal-backdrop-in\"><\/div>\n  <div class=\"agile-modal-dialog in\">\n    <div class=\"agile-modal-content\">\n            <div class=\"sl-form-group d-flex justify-content-between\">\n        <h5>Use my location to find the closest Service Provider near me<\/h5>\n        <button type=\"button\" class=\"close-directions sl-close\" data-dismiss=\"agile-modal\" aria-label=\"Close\" aria-hidden=\"true\">&times;<\/button>\n      <\/div>\n      <div class=\"sl-form-group text-center mb-0\">\n        <button type=\"button\" id=\"asl-btn-geolocation\" class=\"btn btn-block btn-default\">USE LOCATION<\/button>\n      <\/div>\n          <\/div>\n  <\/div>\n<\/div>\n\n<div id=\"asl-desc-agile-modal\" class=\"agile-modal fade\">\n  <div class=\"agile-modal-backdrop-in\"><\/div>\n  <div class=\"agile-modal-dialog in\">\n    <div class=\"agile-modal-content\">\n      <div class=\"sl-row\">\n        <div class=\"pol-md-12\">\n          <div class=\"sl-form-group d-flex justify-content-between\">\n            <h4 class=\"sl-title\">Description<\/h4>\n            <button type=\"button\" class=\"close-directions sl-close\" data-dismiss=\"agile-modal\" aria-label=\"Close\">&times;<\/button>\n          <\/div>\n          <div class=\"sl-desc\"><\/div>\n        <\/div>\n      <\/div>\n    <\/div>\n  <\/div>\n<\/div>                        <\/div>\n                    <\/div>\n                <\/div>\n            <\/div>\n        <\/div>\n      <\/div>\n    <\/div>\n      <\/div>\n<\/div>\n<!-- This plugin is developed by \"Agile Store Locator for WordPress\" https:\/\/agilestorelocator.com -->\n<script type=\"text\/javascript\">\nfunction asl_event_hook(_event) {\n   \n  if(_event.type == 'init') {\n    \n    \/\/  You can replace my-custom-button-class with your own class for the button\n    jQuery('.my-custom-button-class').bind('click', function(e) {\n\n      \/\/  initiate geolocation\n      asl_view.geolocate_();\n\n    });\n  }\n}\n<\/script><\/div>\n\t\t\t\t\t\t<\/div>\n\t\t\t\t<\/div>\n\t\t\t\t\t<\/div>\n\t\t\t\t<\/div>\n\t\t\t\t<\/div>\n\t\t","protected":false},"excerpt":{"rendered":"<p>Paslaug\u0173 centrai Paslaug\u0173 centrai \u010cia galite rasti Midea, Electrolux ir Thermex aptarnavimo centrus. Jei turite klausim\u0173 d\u0117l kit\u0173 produkt\u0173, pra\u0161ome susisiekti su parduotuve, kurioje \u012fsigijote prek\u0119. D\u0117mesio! Jei susiduriate su&hellip;<\/p>\n","protected":false},"author":4,"featured_media":0,"parent":0,"menu_order":0,"comment_status":"closed","ping_status":"closed","template":"","meta":{"_acf_changed":false,"footnotes":""},"categories":[],"tags":[],"class_list":["post-54212","page","type-page","status-publish","hentry"],"acf":[],"aioseo_notices":[],"_links":{"self":[{"href":"https:\/\/nordic-comfort.com\/lt\/wp-json\/wp\/v2\/pages\/54212","targetHints":{"allow":["GET"]}}],"collection":[{"href":"https:\/\/nordic-comfort.com\/lt\/wp-json\/wp\/v2\/pages"}],"about":[{"href":"https:\/\/nordic-comfort.com\/lt\/wp-json\/wp\/v2\/types\/page"}],"author":[{"embeddable":true,"href":"https:\/\/nordic-comfort.com\/lt\/wp-json\/wp\/v2\/users\/4"}],"replies":[{"embeddable":true,"href":"https:\/\/nordic-comfort.com\/lt\/wp-json\/wp\/v2\/comments?post=54212"}],"version-history":[{"count":3,"href":"https:\/\/nordic-comfort.com\/lt\/wp-json\/wp\/v2\/pages\/54212\/revisions"}],"predecessor-version":[{"id":59454,"href":"https:\/\/nordic-comfort.com\/lt\/wp-json\/wp\/v2\/pages\/54212\/revisions\/59454"}],"wp:attachment":[{"href":"https:\/\/nordic-comfort.com\/lt\/wp-json\/wp\/v2\/media?parent=54212"}],"wp:term":[{"taxonomy":"category","embeddable":true,"href":"https:\/\/nordic-comfort.com\/lt\/wp-json\/wp\/v2\/categories?post=54212"},{"taxonomy":"post_tag","embeddable":true,"href":"https:\/\/nordic-comfort.com\/lt\/wp-json\/wp\/v2\/tags?post=54212"}],"curies":[{"name":"wp","href":"https:\/\/api.w.org\/{rel}","templated":true}]}}