{"id":54340,"date":"2023-09-25T15:37:02","date_gmt":"2023-09-25T12:37:02","guid":{"rendered":"https:\/\/nordic-comfort.com\/warranty\/"},"modified":"2025-10-01T12:54:35","modified_gmt":"2025-10-01T09:54:35","slug":"warranty","status":"publish","type":"page","link":"https:\/\/nordic-comfort.com\/lt\/warranty\/","title":{"rendered":"Garantija"},"content":{"rendered":"\t\t<div data-elementor-type=\"wp-page\" data-elementor-id=\"54340\" class=\"elementor elementor-54340 elementor-20349\" data-elementor-post-type=\"page\">\n\t\t\t\t<div class=\"elementor-element elementor-element-e8d2dc7 e-con-full e-flex sc_inner_width_none sc_layouts_column_icons_position_left e-con e-parent\" data-id=\"e8d2dc7\" data-element_type=\"container\" data-settings=\"{&quot;background_background&quot;:&quot;classic&quot;}\">\n\t\t\t\t<div class=\"elementor-element elementor-element-bdbf2b4 breadcrumbs exad-sticky-section-no exad-glass-effect-no sc_fly_static elementor-widget elementor-widget-shortcode\" data-id=\"bdbf2b4\" data-element_type=\"widget\" data-widget_type=\"shortcode.default\">\n\t\t\t\t<div class=\"elementor-widget-container\">\n\t\t\t\t\t<div class=\"elementor-shortcode\"><div class=\"aioseo-breadcrumbs\"><span class=\"aioseo-breadcrumb\">\n\tMain page\n<\/span><\/div><\/div>\n\t\t\t\t<\/div>\n\t\t\t\t<\/div>\n\t\t\t\t<div class=\"elementor-element elementor-element-39c2c8d exad-sticky-section-no exad-glass-effect-no sc_fly_static elementor-widget elementor-widget-heading\" data-id=\"39c2c8d\" data-element_type=\"widget\" data-widget_type=\"heading.default\">\n\t\t\t\t<div class=\"elementor-widget-container\">\n\t\t\t<h2 class=\"elementor-heading-title elementor-size-default\">Garantija<\/h2>\t\t<\/div>\n\t\t\t\t<\/div>\n\t\t\t\t<\/div>\n\t\t<div class=\"elementor-element elementor-element-b69f646 e-flex e-con-boxed sc_inner_width_none sc_layouts_column_icons_position_left e-con e-parent\" data-id=\"b69f646\" data-element_type=\"container\" data-settings=\"{&quot;background_background&quot;:&quot;classic&quot;}\">\n\t\t\t\t\t<div class=\"e-con-inner\">\n\t\t\t\t<div class=\"elementor-element elementor-element-b300e81 exad-sticky-section-no exad-glass-effect-no sc_fly_static elementor-widget elementor-widget-text-editor\" data-id=\"b300e81\" data-element_type=\"widget\" data-widget_type=\"text-editor.default\">\n\t\t\t\t<div class=\"elementor-widget-container\">\n\t\t\t\t\t\t\t<p>M\u016bs\u0173 produkt\u0173 garantijos s\u0105lygos<\/p>\n\t\t\t\t\t\t<\/div>\n\t\t\t\t<\/div>\n\t\t\t\t<div class=\"elementor-element elementor-element-c4a14d8 exad-sticky-section-no exad-glass-effect-no sc_fly_static elementor-widget elementor-widget-text-editor\" data-id=\"c4a14d8\" data-element_type=\"widget\" data-widget_type=\"text-editor.default\">\n\t\t\t\t<div class=\"elementor-widget-container\">\n\t\t\t\t\t\t\t<p><strong>Pirkimai nuo 2025 m. spalio 1 d. ir v\u0117liau<\/strong><\/p>\n<ul>\n<li><strong>Midea vandens \u0161ildytuvai<\/strong>:\n<ul>\n<li><strong>Elektronika<\/strong>: 2 metai<\/li>\n<li><strong>Bakas<\/strong>: 5 metai<\/li>\n<\/ul>\n<\/li>\n<li><strong>Galioja<\/strong>:\n<ul>\n<li>Estonia, Latvija, Lietuva (importuotojas: KTS Baltic O\u00dc)<\/li>\n<li>Suomija, \u0160vedija \u2013 2 metai (visi komponentai), pagal \u0161i\u0173 \u0161ali\u0173 \u012fstatymus<\/li>\n<\/ul>\n<\/li>\n<\/ul>\n\t\t\t\t\t\t<\/div>\n\t\t\t\t<\/div>\n\t\t\t\t<div class=\"elementor-element elementor-element-de9b2ce exad-sticky-section-no exad-glass-effect-no sc_fly_static elementor-widget elementor-widget-text-editor\" data-id=\"de9b2ce\" data-element_type=\"widget\" data-widget_type=\"text-editor.default\">\n\t\t\t\t<div class=\"elementor-widget-container\">\n\t\t\t\t\t\t\t<p class=\"MsoNormal\"><b>Modeliai, kuriems taikoma 5 met\u0173 bako garantija:<\/b><\/p>\n\t\t\t\t\t\t<\/div>\n\t\t\t\t<\/div>\n\t\t\t\t<div class=\"elementor-element elementor-element-d08807d exad-sticky-section-no exad-glass-effect-no sc_fly_static elementor-widget elementor-widget-text-editor\" data-id=\"d08807d\" data-element_type=\"widget\" data-widget_type=\"text-editor.default\">\n\t\t\t\t<div class=\"elementor-widget-container\">\n\t\t\t\t\t\t\t<ul>\n<li>Midea 20ED6 Salute Flex<\/li>\n<li>Midea 15EFG Lume Uno<\/li>\n<li>Midea 20VI Salute Xpress<\/li>\n<\/ul>\n<p>\u26a0\ufe0f <strong>D\u0117mesio:<\/strong> Midea Aqua F3 modeliui taikoma tik standartin\u0117 2 met\u0173 garantija.<\/p>\n\t\t\t\t\t\t<\/div>\n\t\t\t\t<\/div>\n\t\t\t\t<div class=\"elementor-element elementor-element-702ebea exad-sticky-section-no exad-glass-effect-no sc_fly_static elementor-widget elementor-widget-text-editor\" data-id=\"702ebea\" data-element_type=\"widget\" data-widget_type=\"text-editor.default\">\n\t\t\t\t<div class=\"elementor-widget-container\">\n\t\t\t\t\t\t\t<p><strong>Garantiniai \u012fsipareigojimai<\/strong><\/p>\n\t\t\t\t\t\t<\/div>\n\t\t\t\t<\/div>\n\t\t\t\t<div class=\"elementor-element elementor-element-ea1f151 exad-sticky-section-no exad-glass-effect-no sc_fly_static elementor-widget elementor-widget-text-editor\" data-id=\"ea1f151\" data-element_type=\"widget\" data-widget_type=\"text-editor.default\">\n\t\t\t\t<div class=\"elementor-widget-container\">\n\t\t\t\t\t\t\t<p>Importuotojas (KTS Baltic O\u00dc) \u012fsipareigoja per nustatyt\u0105 garantin\u012f laikotarp\u012f autorizuotuose serviso centruose arba kitose Importuotojo nurodytose vietose nemokamai pa\u0161alinti d\u0117l gamybos ar med\u017eiag\u0173 tr\u016bkum\u0173 atsiradusius defektus.<br \/>Jei produkto suremontuoti ne\u012fmanoma, Importuotojas u\u017etikrina keitim\u0105 (\u012f pana\u0161\u0173, kainos at\u017evilgiu palyginam\u0105 model\u012f, jei originalus neb\u0117ra gaminamas) arba dalin\u012f pinig\u0173 gr\u0105\u017einim\u0105. Importuotojas sprend\u017eia, ar taisyti, keisti ar gr\u0105\u017einti pinigus. <\/p>\n\t\t\t\t\t\t<\/div>\n\t\t\t\t<\/div>\n\t\t\t\t<div class=\"elementor-element elementor-element-057160c exad-sticky-section-no exad-glass-effect-no sc_fly_static elementor-widget elementor-widget-text-editor\" data-id=\"057160c\" data-element_type=\"widget\" data-widget_type=\"text-editor.default\">\n\t\t\t\t<div class=\"elementor-widget-container\">\n\t\t\t\t\t\t\t<p><strong>Aptarnavimo s\u0105lygos<\/strong><\/p>\n\t\t\t\t\t\t<\/div>\n\t\t\t\t<\/div>\n\t\t\t\t<div class=\"elementor-element elementor-element-72e40bd exad-sticky-section-no exad-glass-effect-no sc_fly_static elementor-widget elementor-widget-text-editor\" data-id=\"72e40bd\" data-element_type=\"widget\" data-widget_type=\"text-editor.default\">\n\t\t\t\t<div class=\"elementor-widget-container\">\n\t\t\t\t\t\t\t<p>Nor\u0117damas gauti garantin\u012f aptarnavim\u0105, pirk\u0117jas privalo per vien\u0105 m\u0117nes\u012f nuo defekto nustatymo kreiptis \u012f Importuotoj\u0105 ir pateikti:<\/p>\n<ul>\n<li>Pirk\u0117jo vardas, adresas ir telefono numeris<\/li>\n<li>Produkto modelis, serijos numeris (SN kodas)<\/li>\n<li>Pirkimo kvitas (privaloma)<\/li>\n<li>Trumpas gedimo apra\u0161ymas<\/li>\n<\/ul>\n\t\t\t\t\t\t<\/div>\n\t\t\t\t<\/div>\n\t\t\t\t<div class=\"elementor-element elementor-element-bfba386 exad-sticky-section-no exad-glass-effect-no sc_fly_static elementor-widget elementor-widget-text-editor\" data-id=\"bfba386\" data-element_type=\"widget\" data-widget_type=\"text-editor.default\">\n\t\t\t\t<div class=\"elementor-widget-container\">\n\t\t\t\t\t\t\t<p><strong>Kontaktai:<\/strong><\/p>\n\t\t\t\t\t\t<\/div>\n\t\t\t\t<\/div>\n\t\t\t\t<div class=\"elementor-element elementor-element-7744723 exad-sticky-section-no exad-glass-effect-no sc_fly_static elementor-widget elementor-widget-text-editor\" data-id=\"7744723\" data-element_type=\"widget\" data-widget_type=\"text-editor.default\">\n\t\t\t\t<div class=\"elementor-widget-container\">\n\t\t\t\t\t\t\t<ul>\n<li>Estonia: POS Elektroonika O\u00dc, tel. +372 6460093, <a href=\"mailto:remont@pos.ee\">remont@pos.ee<\/a> <\/li>\n<li>Latvia, Lithuania: <a href=\"http:\/\/www.helpgroup.eu\">www.helpgroup.eu<\/a><\/li>\n<li>U\u017eklausos d\u0117l prat\u0119stos garantijos: <a href=\"mailto:helpdesk@nordic-comfort.com\">helpdesk@nordic-comfort.com<\/a><\/li>\n<li>Suomija, \u0160vedija (2 metai): kreipkit\u0117s \u012f parduotuv\u0119, kurioje prek\u0117 buvo \u012fsigyta<\/li>\n<\/ul>\n<p>\u26a0\ufe0f <strong>Svarbu:<\/strong> nenuimkite vandens \u0161ildytuvo nuo sienos ir nesi\u0173skite jo \u012f servis\u0105 be i\u0161ankstini\u0173 nurodym\u0173 \u2014 tai gali panaikinti nemokam\u0105 garantij\u0105.<\/p>\n\t\t\t\t\t\t<\/div>\n\t\t\t\t<\/div>\n\t\t\t\t<div class=\"elementor-element elementor-element-975c8e3 exad-sticky-section-no exad-glass-effect-no sc_fly_static elementor-widget elementor-widget-text-editor\" data-id=\"975c8e3\" data-element_type=\"widget\" data-widget_type=\"text-editor.default\">\n\t\t\t\t<div class=\"elementor-widget-container\">\n\t\t\t\t\t\t\t<p><strong>Garantijos i\u0161imtys<\/strong><\/p>\n\t\t\t\t\t\t<\/div>\n\t\t\t\t<\/div>\n\t\t\t\t<div class=\"elementor-element elementor-element-e986ed0 exad-sticky-section-no exad-glass-effect-no sc_fly_static elementor-widget elementor-widget-text-editor\" data-id=\"e986ed0\" data-element_type=\"widget\" data-widget_type=\"text-editor.default\">\n\t\t\t\t<div class=\"elementor-widget-container\">\n\t\t\t\t\t\t\t<ul>\n<li>\n<p>Garantija <strong>netaikoma<\/strong>:<\/p>\n<ul>\n<li>Netinkamas \u012frengimas arba ne\u012fgaliot\u0173 asmen\u0173 atlikta technin\u0117 prie\u017ei\u016bra<\/li>\n<li>Netinkamas naudojimas, nelaimingi atsitikimai arba stichin\u0117s nelaim\u0117s<\/li>\n<li>Neautorizuoti pakeitimai arba remontas<\/li>\n<li>Vartotojo atliktas \u012frenginio korpuso atidarymas (jei ne\u012frodyta prie\u0161ingai)<\/li>\n<\/ul>\n<p>\u26a0\ufe0f Kasmetin\u0117 prie\u017ei\u016bra yra privaloma, jei vandens kietumas vir\u0161ija 4 mEq\/L arba gele\u017eies kiekis vir\u0161ija 0,3 mg\/L.<br \/>Nesant prie\u017ei\u016bros dokument\u0173 arba jei \u017eala atsirado d\u0117l kalki\u0173 nuos\u0117d\u0173, garantija gali b\u016bti panaikinta.<\/p>\n<\/li>\n<\/ul>\n\t\t\t\t\t\t<\/div>\n\t\t\t\t<\/div>\n\t\t\t\t<div class=\"elementor-element elementor-element-4fb085f exad-sticky-section-no exad-glass-effect-no sc_fly_static elementor-widget elementor-widget-text-editor\" data-id=\"4fb085f\" data-element_type=\"widget\" data-widget_type=\"text-editor.default\">\n\t\t\t\t<div class=\"elementor-widget-container\">\n\t\t\t\t\t\t\t<p><strong>Pirk\u0117jo \u012fsipareigojimai<\/strong><\/p>\n\t\t\t\t\t\t<\/div>\n\t\t\t\t<\/div>\n\t\t\t\t<div class=\"elementor-element elementor-element-da2f42b exad-sticky-section-no exad-glass-effect-no sc_fly_static elementor-widget elementor-widget-text-editor\" data-id=\"da2f42b\" data-element_type=\"widget\" data-widget_type=\"text-editor.default\">\n\t\t\t\t<div class=\"elementor-widget-container\">\n\t\t\t\t\t\t\t<p>Pirk\u0117jas privalo laikytis gamintojo pateikt\u0173 \u012frengimo, eksploatavimo ir prie\u017ei\u016bros instrukcij\u0173.<\/p>\n\t\t\t\t\t\t<\/div>\n\t\t\t\t<\/div>\n\t\t\t\t<div class=\"elementor-element elementor-element-3a070ba exad-sticky-section-no exad-glass-effect-no sc_fly_static elementor-widget elementor-widget-text-editor\" data-id=\"3a070ba\" data-element_type=\"widget\" data-widget_type=\"text-editor.default\">\n\t\t\t\t<div class=\"elementor-widget-container\">\n\t\t\t\t\t\t\t<p><strong>Gin\u010d\u0173 sprendimas<\/strong><\/p>\n\t\t\t\t\t\t<\/div>\n\t\t\t\t<\/div>\n\t\t\t\t<div class=\"elementor-element elementor-element-6a9e2f8 exad-sticky-section-no exad-glass-effect-no sc_fly_static elementor-widget elementor-widget-text-editor\" data-id=\"6a9e2f8\" data-element_type=\"widget\" data-widget_type=\"text-editor.default\">\n\t\t\t\t<div class=\"elementor-widget-container\">\n\t\t\t\t\t\t\t<p>Bet kokie su \u0161ia sutartimi susij\u0119 gin\u010dai ar nesutarimai tur\u0117t\u0173 b\u016bti sprend\u017eiami \u0161ali\u0173 derybomis. Jei susitarimas nepasiekiamas, gin\u010das sprend\u017eiamas pagal taikytin\u0105 teis\u0119. <\/p>\n\t\t\t\t\t\t<\/div>\n\t\t\t\t<\/div>\n\t\t\t\t<div class=\"elementor-element elementor-element-4ea23fa exad-sticky-section-no exad-glass-effect-no sc_fly_static elementor-widget elementor-widget-text-editor\" data-id=\"4ea23fa\" data-element_type=\"widget\" data-widget_type=\"text-editor.default\">\n\t\t\t\t<div class=\"elementor-widget-container\">\n\t\t\t\t\t\t\t<p><strong>Pirkimai iki 2025 m. spalio 1 d.<\/strong><\/p>\n\t\t\t\t\t\t<\/div>\n\t\t\t\t<\/div>\n\t\t\t\t<div class=\"elementor-element elementor-element-397bd65 exad-sticky-section-no exad-glass-effect-no sc_fly_static elementor-widget elementor-widget-text-editor\" data-id=\"397bd65\" data-element_type=\"widget\" data-widget_type=\"text-editor.default\">\n\t\t\t\t<div class=\"elementor-widget-container\">\n\t\t\t\t\t\t\t<p>Auk\u0161\u010diau nurodytiems Midea vandens \u0161ildytuvams, \u012fsigytiems Estijoje, Latvijoje ar Lietuvoje <strong>iki 2025 m. spalio 1 d.<\/strong>, taikoma \u0161i prat\u0119stos garantijos sutartis:<\/p>\n<ul>\n<li><strong>Garantijos laikotarpis<\/strong>: 5 metai (visi\u0161ka apr\u0117ptis)<\/li>\n<\/ul>\n<p><strong>Pinig\u0173 gr\u0105\u017einimo lentel\u0117 garantijos nura\u0161ymo atveju<\/strong><\/p>\n<ul>\n<li>Per 0\u20132 metus: <strong>100% pinig\u0173 gr\u0105\u017einimas<\/strong> (parduotuv\u0117)<\/li>\n<li>3-iais metais: <strong>70% pinig\u0173 gr\u0105\u017einimas<\/strong> (importuotojas)<\/li>\n<li>4-iais metais: <strong>60% pinig\u0173 gr\u0105\u017einimas<\/strong> (importuotojas)<\/li>\n<li>5-iais metais: <strong>50% pinig\u0173 gr\u0105\u017einimas <\/strong>(importuotojas)<\/li>\n<\/ul>\n<p>Visi kiti garantiniai \u012fsipareigojimai, aptarnavimo s\u0105lygos, i\u0161imtys ir pirk\u0117jo \u012fsipareigojimai i\u0161lieka tokie patys, kaip nurodyta auk\u0161\u010diau (kieto vandens atveju \u2013 privaloma kasmetin\u0117 prie\u017ei\u016bra, jokie neautorizuoti remontai, privalomas pirkimo kvitas ir pan.).<\/p>\n\t\t\t\t\t\t<\/div>\n\t\t\t\t<\/div>\n\t\t\t\t\t<\/div>\n\t\t\t\t<\/div>\n\t\t\t\t<\/div>\n\t\t","protected":false},"excerpt":{"rendered":"<p>Garantija M\u016bs\u0173 produkt\u0173 garantijos s\u0105lygos Pirkimai nuo 2025 m. spalio 1 d. ir v\u0117liau Midea vandens \u0161ildytuvai: Elektronika: 2 metai Bakas: 5 metai Galioja: Estonia, Latvija, Lietuva (importuotojas: KTS Baltic&hellip;<\/p>\n","protected":false},"author":4,"featured_media":0,"parent":0,"menu_order":0,"comment_status":"closed","ping_status":"closed","template":"","meta":{"_acf_changed":false,"footnotes":""},"categories":[],"tags":[],"class_list":["post-54340","page","type-page","status-publish","hentry"],"acf":[],"aioseo_notices":[],"_links":{"self":[{"href":"https:\/\/nordic-comfort.com\/lt\/wp-json\/wp\/v2\/pages\/54340","targetHints":{"allow":["GET"]}}],"collection":[{"href":"https:\/\/nordic-comfort.com\/lt\/wp-json\/wp\/v2\/pages"}],"about":[{"href":"https:\/\/nordic-comfort.com\/lt\/wp-json\/wp\/v2\/types\/page"}],"author":[{"embeddable":true,"href":"https:\/\/nordic-comfort.com\/lt\/wp-json\/wp\/v2\/users\/4"}],"replies":[{"embeddable":true,"href":"https:\/\/nordic-comfort.com\/lt\/wp-json\/wp\/v2\/comments?post=54340"}],"version-history":[{"count":2,"href":"https:\/\/nordic-comfort.com\/lt\/wp-json\/wp\/v2\/pages\/54340\/revisions"}],"predecessor-version":[{"id":60767,"href":"https:\/\/nordic-comfort.com\/lt\/wp-json\/wp\/v2\/pages\/54340\/revisions\/60767"}],"wp:attachment":[{"href":"https:\/\/nordic-comfort.com\/lt\/wp-json\/wp\/v2\/media?parent=54340"}],"wp:term":[{"taxonomy":"category","embeddable":true,"href":"https:\/\/nordic-comfort.com\/lt\/wp-json\/wp\/v2\/categories?post=54340"},{"taxonomy":"post_tag","embeddable":true,"href":"https:\/\/nordic-comfort.com\/lt\/wp-json\/wp\/v2\/tags?post=54340"}],"curies":[{"name":"wp","href":"https:\/\/api.w.org\/{rel}","templated":true}]}}