{"id":55144,"date":"2024-07-04T14:25:23","date_gmt":"2024-07-04T11:25:23","guid":{"rendered":"https:\/\/nordic-comfort.com\/our-products\/kitchen-sinks\/"},"modified":"2024-08-14T15:51:16","modified_gmt":"2024-08-14T12:51:16","slug":"kitchen-sinks","status":"publish","type":"page","link":"https:\/\/nordic-comfort.com\/lt\/our-products\/kitchen-sinks\/","title":{"rendered":"Virtuv\u0117s kriaukl\u0117s"},"content":{"rendered":"\t\t<div data-elementor-type=\"wp-page\" data-elementor-id=\"55144\" class=\"elementor elementor-55144 elementor-48011\" data-elementor-post-type=\"page\">\n\t\t\t\t<div class=\"elementor-element elementor-element-94214e8 e-con-full e-flex sc_inner_width_none sc_layouts_column_icons_position_left e-con e-parent\" data-id=\"94214e8\" data-element_type=\"container\" data-e-type=\"container\" data-settings=\"{&quot;background_background&quot;:&quot;classic&quot;}\">\n\t\t\t\t<div class=\"elementor-element elementor-element-bd16655 breadcrumbs exad-sticky-section-no exad-glass-effect-no sc_fly_static elementor-widget elementor-widget-shortcode\" data-id=\"bd16655\" data-element_type=\"widget\" data-e-type=\"widget\" data-widget_type=\"shortcode.default\">\n\t\t\t\t<div class=\"elementor-widget-container\">\n\t\t\t\t\t\t\t<div class=\"elementor-shortcode\"><div class=\"aioseo-breadcrumbs\"><span class=\"aioseo-breadcrumb\">\n\tMain page\n<\/span><\/div><\/div>\n\t\t\t\t\t\t<\/div>\n\t\t\t\t<\/div>\n\t\t\t\t<div class=\"elementor-element elementor-element-4f539cc exad-sticky-section-no exad-glass-effect-no sc_fly_static elementor-widget elementor-widget-heading\" data-id=\"4f539cc\" data-element_type=\"widget\" data-e-type=\"widget\" data-widget_type=\"heading.default\">\n\t\t\t\t<div class=\"elementor-widget-container\">\n\t\t\t\t\t<h1 class=\"elementor-heading-title elementor-size-default\">Virtuv\u0117s kriaukl\u0117s<\/h1>\t\t\t\t<\/div>\n\t\t\t\t<\/div>\n\t\t\t\t<\/div>\n\t\t<div class=\"elementor-element elementor-element-c808af3 e-flex e-con-boxed sc_inner_width_none sc_layouts_column_icons_position_left e-con e-parent\" data-id=\"c808af3\" data-element_type=\"container\" data-e-type=\"container\" data-settings=\"{&quot;background_background&quot;:&quot;classic&quot;}\">\n\t\t\t\t\t<div class=\"e-con-inner\">\n\t\t\t\t<div class=\"elementor-element elementor-element-958b3df exad-sticky-section-no exad-glass-effect-no sc_fly_static elementor-widget elementor-widget-heading\" data-id=\"958b3df\" data-element_type=\"widget\" data-e-type=\"widget\" data-widget_type=\"heading.default\">\n\t\t\t\t<div class=\"elementor-widget-container\">\n\t\t\t\t\t<h4 class=\"elementor-heading-title elementor-size-default\">Pasirinkite subkategorij\u0105<\/h4>\t\t\t\t<\/div>\n\t\t\t\t<\/div>\n\t\t<div class=\"e-con-gap-no elementor-element elementor-element-8c81f3a e-con-full e-flex sc_inner_width_none sc_layouts_column_icons_position_left e-con e-child\" data-id=\"8c81f3a\" data-element_type=\"container\" data-e-type=\"container\">\n\t\t<div class=\"elementor-element elementor-element-ea9c2fe e-con-full category_column e-flex sc_inner_width_none sc_layouts_column_icons_position_left e-con e-child\" data-id=\"ea9c2fe\" data-element_type=\"container\" data-e-type=\"container\" data-settings=\"{&quot;background_background&quot;:&quot;classic&quot;}\">\n\t\t\t\t<div class=\"elementor-element elementor-element-420d544 exad-sticky-section-no exad-glass-effect-no sc_fly_static elementor-widget elementor-widget-image\" data-id=\"420d544\" data-element_type=\"widget\" data-e-type=\"widget\" data-widget_type=\"image.default\">\n\t\t\t\t<div class=\"elementor-widget-container\">\n\t\t\t\t\t\t\t\t\t\t\t\t\t\t\t\t<a href=\"https:\/\/nordic-comfort.com\/lt\/our-products\/kitchen-sinks\/granite-sinks\/\">\n\t\t\t\t\t\t\t<img fetchpriority=\"high\" decoding=\"async\" width=\"1890\" height=\"1890\" src=\"https:\/\/nordic-comfort.com\/wp-content\/uploads\/2024\/08\/sqd100-black-image-2.jpg\" class=\"attachment-full size-full wp-image-59013\" alt=\"\" srcset=\"https:\/\/nordic-comfort.com\/wp-content\/uploads\/2024\/08\/sqd100-black-image-2.jpg 1890w, https:\/\/nordic-comfort.com\/wp-content\/uploads\/2024\/08\/sqd100-black-image-2-300x300.jpg 300w, https:\/\/nordic-comfort.com\/wp-content\/uploads\/2024\/08\/sqd100-black-image-2-1024x1024.jpg 1024w, https:\/\/nordic-comfort.com\/wp-content\/uploads\/2024\/08\/sqd100-black-image-2-150x150.jpg 150w, https:\/\/nordic-comfort.com\/wp-content\/uploads\/2024\/08\/sqd100-black-image-2-768x768.jpg 768w, https:\/\/nordic-comfort.com\/wp-content\/uploads\/2024\/08\/sqd100-black-image-2-1536x1536.jpg 1536w, https:\/\/nordic-comfort.com\/wp-content\/uploads\/2024\/08\/sqd100-black-image-2-370x370.jpg 370w, https:\/\/nordic-comfort.com\/wp-content\/uploads\/2024\/08\/sqd100-black-image-2-120x120.jpg 120w, https:\/\/nordic-comfort.com\/wp-content\/uploads\/2024\/08\/sqd100-black-image-2-840x840.jpg 840w, https:\/\/nordic-comfort.com\/wp-content\/uploads\/2024\/08\/sqd100-black-image-2-410x410.jpg 410w, https:\/\/nordic-comfort.com\/wp-content\/uploads\/2024\/08\/sqd100-black-image-2-600x600.jpg 600w\" sizes=\"(max-width: 1890px) 100vw, 1890px\" \/>\t\t\t\t\t\t\t\t<\/a>\n\t\t\t\t\t\t\t\t\t\t\t\t\t\t\t<\/div>\n\t\t\t\t<\/div>\n\t\t\t\t<div class=\"elementor-element elementor-element-e04dae9 elementor-widget-divider--view-line exad-sticky-section-no exad-glass-effect-no sc_fly_static elementor-widget elementor-widget-divider\" data-id=\"e04dae9\" data-element_type=\"widget\" data-e-type=\"widget\" data-widget_type=\"divider.default\">\n\t\t\t\t<div class=\"elementor-widget-container\">\n\t\t\t\t\t\t\t<div class=\"elementor-divider\">\n\t\t\t<span class=\"elementor-divider-separator\">\n\t\t\t\t\t\t<\/span>\n\t\t<\/div>\n\t\t\t\t\t\t<\/div>\n\t\t\t\t<\/div>\n\t\t\t\t<div class=\"elementor-element elementor-element-bf97543 category_title exad-sticky-section-no exad-glass-effect-no sc_fly_static elementor-widget elementor-widget-heading\" data-id=\"bf97543\" data-element_type=\"widget\" data-e-type=\"widget\" data-widget_type=\"heading.default\">\n\t\t\t\t<div class=\"elementor-widget-container\">\n\t\t\t\t\t<h6 class=\"elementor-heading-title elementor-size-default\"><a href=\"https:\/\/nordic-comfort.com\/lt\/our-products\/kitchen-sinks\/granite-sinks\/\">Granito kriaukl\u0117s<\/a><\/h6>\t\t\t\t<\/div>\n\t\t\t\t<\/div>\n\t\t\t\t<\/div>\n\t\t<div class=\"elementor-element elementor-element-f5775b5 e-con-full category_column e-flex sc_inner_width_none sc_layouts_column_icons_position_left e-con e-child\" data-id=\"f5775b5\" data-element_type=\"container\" data-e-type=\"container\" data-settings=\"{&quot;background_background&quot;:&quot;classic&quot;}\">\n\t\t\t\t<div class=\"elementor-element elementor-element-7a36f86 exad-sticky-section-no exad-glass-effect-no sc_fly_static elementor-widget elementor-widget-image\" data-id=\"7a36f86\" data-element_type=\"widget\" data-e-type=\"widget\" data-widget_type=\"image.default\">\n\t\t\t\t<div class=\"elementor-widget-container\">\n\t\t\t\t\t\t\t\t\t\t\t\t\t\t\t\t<a href=\"https:\/\/nordic-comfort.com\/lt\/our-products\/kitchen-sinks\/stainless-steel-sinks\/\">\n\t\t\t\t\t\t\t<img decoding=\"async\" width=\"1890\" height=\"1890\" src=\"https:\/\/nordic-comfort.com\/wp-content\/uploads\/2024\/08\/der100L-copper.jpg\" class=\"attachment-full size-full wp-image-59006\" alt=\"\" srcset=\"https:\/\/nordic-comfort.com\/wp-content\/uploads\/2024\/08\/der100L-copper.jpg 1890w, https:\/\/nordic-comfort.com\/wp-content\/uploads\/2024\/08\/der100L-copper-300x300.jpg 300w, https:\/\/nordic-comfort.com\/wp-content\/uploads\/2024\/08\/der100L-copper-1024x1024.jpg 1024w, https:\/\/nordic-comfort.com\/wp-content\/uploads\/2024\/08\/der100L-copper-150x150.jpg 150w, https:\/\/nordic-comfort.com\/wp-content\/uploads\/2024\/08\/der100L-copper-768x768.jpg 768w, https:\/\/nordic-comfort.com\/wp-content\/uploads\/2024\/08\/der100L-copper-1536x1536.jpg 1536w, https:\/\/nordic-comfort.com\/wp-content\/uploads\/2024\/08\/der100L-copper-370x370.jpg 370w, https:\/\/nordic-comfort.com\/wp-content\/uploads\/2024\/08\/der100L-copper-120x120.jpg 120w, https:\/\/nordic-comfort.com\/wp-content\/uploads\/2024\/08\/der100L-copper-840x840.jpg 840w, https:\/\/nordic-comfort.com\/wp-content\/uploads\/2024\/08\/der100L-copper-410x410.jpg 410w, https:\/\/nordic-comfort.com\/wp-content\/uploads\/2024\/08\/der100L-copper-600x600.jpg 600w\" sizes=\"(max-width: 1890px) 100vw, 1890px\" \/>\t\t\t\t\t\t\t\t<\/a>\n\t\t\t\t\t\t\t\t\t\t\t\t\t\t\t<\/div>\n\t\t\t\t<\/div>\n\t\t\t\t<div class=\"elementor-element elementor-element-22de455 elementor-widget-divider--view-line exad-sticky-section-no exad-glass-effect-no sc_fly_static elementor-widget elementor-widget-divider\" data-id=\"22de455\" data-element_type=\"widget\" data-e-type=\"widget\" data-widget_type=\"divider.default\">\n\t\t\t\t<div class=\"elementor-widget-container\">\n\t\t\t\t\t\t\t<div class=\"elementor-divider\">\n\t\t\t<span class=\"elementor-divider-separator\">\n\t\t\t\t\t\t<\/span>\n\t\t<\/div>\n\t\t\t\t\t\t<\/div>\n\t\t\t\t<\/div>\n\t\t\t\t<div class=\"elementor-element elementor-element-3030af0 category_title exad-sticky-section-no exad-glass-effect-no sc_fly_static elementor-widget elementor-widget-heading\" data-id=\"3030af0\" data-element_type=\"widget\" data-e-type=\"widget\" data-widget_type=\"heading.default\">\n\t\t\t\t<div class=\"elementor-widget-container\">\n\t\t\t\t\t<h6 class=\"elementor-heading-title elementor-size-default\"><a href=\"https:\/\/nordic-comfort.com\/lt\/our-products\/kitchen-sinks\/stainless-steel-sinks\/\">Ner\u016bdijan\u010dio plieno<\/a><\/h6>\t\t\t\t<\/div>\n\t\t\t\t<\/div>\n\t\t\t\t<\/div>\n\t\t<div class=\"elementor-element elementor-element-6e34fb6 e-con-full category_column e-flex sc_inner_width_none sc_layouts_column_icons_position_left e-con e-child\" data-id=\"6e34fb6\" data-element_type=\"container\" data-e-type=\"container\" data-settings=\"{&quot;background_background&quot;:&quot;classic&quot;}\">\n\t\t\t\t<div class=\"elementor-element elementor-element-08bb60d exad-sticky-section-no exad-glass-effect-no sc_fly_static elementor-widget elementor-widget-image\" data-id=\"08bb60d\" data-element_type=\"widget\" data-e-type=\"widget\" data-widget_type=\"image.default\">\n\t\t\t\t<div class=\"elementor-widget-container\">\n\t\t\t\t\t\t\t\t\t\t\t\t\t\t\t\t<a href=\"https:\/\/nordic-comfort.com\/lt\/our-products\/kitchen-sinks\/accessories\/\">\n\t\t\t\t\t\t\t<img decoding=\"async\" width=\"1890\" height=\"1890\" src=\"https:\/\/nordic-comfort.com\/wp-content\/uploads\/2024\/08\/rm-2845-copper.jpg\" class=\"attachment-full size-full wp-image-58998\" alt=\"\" srcset=\"https:\/\/nordic-comfort.com\/wp-content\/uploads\/2024\/08\/rm-2845-copper.jpg 1890w, https:\/\/nordic-comfort.com\/wp-content\/uploads\/2024\/08\/rm-2845-copper-300x300.jpg 300w, https:\/\/nordic-comfort.com\/wp-content\/uploads\/2024\/08\/rm-2845-copper-1024x1024.jpg 1024w, https:\/\/nordic-comfort.com\/wp-content\/uploads\/2024\/08\/rm-2845-copper-150x150.jpg 150w, https:\/\/nordic-comfort.com\/wp-content\/uploads\/2024\/08\/rm-2845-copper-768x768.jpg 768w, https:\/\/nordic-comfort.com\/wp-content\/uploads\/2024\/08\/rm-2845-copper-1536x1536.jpg 1536w, https:\/\/nordic-comfort.com\/wp-content\/uploads\/2024\/08\/rm-2845-copper-370x370.jpg 370w, https:\/\/nordic-comfort.com\/wp-content\/uploads\/2024\/08\/rm-2845-copper-120x120.jpg 120w, https:\/\/nordic-comfort.com\/wp-content\/uploads\/2024\/08\/rm-2845-copper-840x840.jpg 840w, https:\/\/nordic-comfort.com\/wp-content\/uploads\/2024\/08\/rm-2845-copper-410x410.jpg 410w, https:\/\/nordic-comfort.com\/wp-content\/uploads\/2024\/08\/rm-2845-copper-600x600.jpg 600w\" sizes=\"(max-width: 1890px) 100vw, 1890px\" \/>\t\t\t\t\t\t\t\t<\/a>\n\t\t\t\t\t\t\t\t\t\t\t\t\t\t\t<\/div>\n\t\t\t\t<\/div>\n\t\t\t\t<div class=\"elementor-element elementor-element-9510d7e elementor-widget-divider--view-line exad-sticky-section-no exad-glass-effect-no sc_fly_static elementor-widget elementor-widget-divider\" data-id=\"9510d7e\" data-element_type=\"widget\" data-e-type=\"widget\" data-widget_type=\"divider.default\">\n\t\t\t\t<div class=\"elementor-widget-container\">\n\t\t\t\t\t\t\t<div class=\"elementor-divider\">\n\t\t\t<span class=\"elementor-divider-separator\">\n\t\t\t\t\t\t<\/span>\n\t\t<\/div>\n\t\t\t\t\t\t<\/div>\n\t\t\t\t<\/div>\n\t\t\t\t<div class=\"elementor-element elementor-element-6570adf category_title exad-sticky-section-no exad-glass-effect-no sc_fly_static elementor-widget elementor-widget-heading\" data-id=\"6570adf\" data-element_type=\"widget\" data-e-type=\"widget\" data-widget_type=\"heading.default\">\n\t\t\t\t<div class=\"elementor-widget-container\">\n\t\t\t\t\t<h6 class=\"elementor-heading-title elementor-size-default\"><a href=\"https:\/\/nordic-comfort.com\/lt\/our-products\/kitchen-sinks\/accessories\/\">Priedai<\/a><\/h6>\t\t\t\t<\/div>\n\t\t\t\t<\/div>\n\t\t\t\t<\/div>\n\t\t\t\t<\/div>\n\t\t\t\t\t<\/div>\n\t\t\t\t<\/div>\n\t\t<div class=\"elementor-element elementor-element-3878cb7 brands_products e-flex e-con-boxed sc_inner_width_none sc_layouts_column_icons_position_left e-con e-parent\" data-id=\"3878cb7\" data-element_type=\"container\" data-e-type=\"container\" data-settings=\"{&quot;background_background&quot;:&quot;classic&quot;}\">\n\t\t\t\t\t<div class=\"e-con-inner\">\n\t\t<div class=\"e-con-gap-no elementor-element elementor-element-286c0be e-con-full e-flex sc_inner_width_none sc_layouts_column_icons_position_left e-con e-child\" data-id=\"286c0be\" data-element_type=\"container\" data-e-type=\"container\">\n\t\t<div class=\"elementor-element elementor-element-6bca9ef e-flex e-con-boxed sc_inner_width_none sc_layouts_column_icons_position_left e-con e-child\" data-id=\"6bca9ef\" data-element_type=\"container\" data-e-type=\"container\">\n\t\t\t\t\t<div class=\"e-con-inner\">\n\t\t\t\t<div class=\"elementor-element elementor-element-453e040 exad-sticky-section-no exad-glass-effect-no sc_fly_static elementor-widget elementor-widget-heading\" data-id=\"453e040\" data-element_type=\"widget\" data-e-type=\"widget\" data-widget_type=\"heading.default\">\n\t\t\t\t<div class=\"elementor-widget-container\">\n\t\t\t\t\t<h4 class=\"elementor-heading-title elementor-size-default\">Rekomenduojami produktai<\/h4>\t\t\t\t<\/div>\n\t\t\t\t<\/div>\n\t\t\t\t\t<\/div>\n\t\t\t\t<\/div>\n\t\t<div class=\"e-con-gap-no elementor-element elementor-element-cc238fc e-con-full e-flex sc_inner_width_none sc_layouts_column_icons_position_left e-con e-child\" data-id=\"cc238fc\" data-element_type=\"container\" data-e-type=\"container\">\n\t\t\t\t<\/div>\n\t\t\t\t<\/div>\n\t\t\t\t<div class=\"elementor-element elementor-element-eca626a product_slider elementor-arrows-position-inside exad-sticky-section-no exad-glass-effect-no sc_fly_static elementor-widget elementor-widget-loop-carousel\" data-id=\"eca626a\" data-element_type=\"widget\" data-e-type=\"widget\" data-settings=\"{&quot;template_id&quot;:57091,&quot;slides_to_show&quot;:&quot;4&quot;,&quot;slides_to_show_laptop&quot;:&quot;4&quot;,&quot;slides_to_show_tablet&quot;:&quot;3&quot;,&quot;_skin&quot;:&quot;post&quot;,&quot;slides_to_show_widescreen&quot;:&quot;3&quot;,&quot;slides_to_show_tablet_extra&quot;:&quot;3&quot;,&quot;slides_to_show_mobile_extra&quot;:&quot;2&quot;,&quot;slides_to_show_mobile&quot;:&quot;1&quot;,&quot;slides_to_scroll&quot;:&quot;1&quot;,&quot;edit_handle_selector&quot;:&quot;.elementor-widget-container&quot;,&quot;speed&quot;:500,&quot;arrows&quot;:&quot;yes&quot;,&quot;image_spacing_custom&quot;:{&quot;unit&quot;:&quot;px&quot;,&quot;size&quot;:10,&quot;sizes&quot;:[]},&quot;image_spacing_custom_widescreen&quot;:{&quot;unit&quot;:&quot;px&quot;,&quot;size&quot;:&quot;&quot;,&quot;sizes&quot;:[]},&quot;image_spacing_custom_laptop&quot;:{&quot;unit&quot;:&quot;px&quot;,&quot;size&quot;:&quot;&quot;,&quot;sizes&quot;:[]},&quot;image_spacing_custom_tablet_extra&quot;:{&quot;unit&quot;:&quot;px&quot;,&quot;size&quot;:&quot;&quot;,&quot;sizes&quot;:[]},&quot;image_spacing_custom_tablet&quot;:{&quot;unit&quot;:&quot;px&quot;,&quot;size&quot;:&quot;&quot;,&quot;sizes&quot;:[]},&quot;image_spacing_custom_mobile_extra&quot;:{&quot;unit&quot;:&quot;px&quot;,&quot;size&quot;:&quot;&quot;,&quot;sizes&quot;:[]},&quot;image_spacing_custom_mobile&quot;:{&quot;unit&quot;:&quot;px&quot;,&quot;size&quot;:&quot;&quot;,&quot;sizes&quot;:[]}}\" data-widget_type=\"loop-carousel.post\">\n\t\t\t\t<div class=\"elementor-widget-container\">\n\t\t\t\t\t\t\t<div class=\"e-loop-nothing-found-message\">\n\t\t<\/div>\n\t\t\t\t\t\t<\/div>\n\t\t\t\t<\/div>\n\t\t\t\t\t<\/div>\n\t\t\t\t<\/div>\n\t\t\t\t<\/div>\n\t\t","protected":false},"excerpt":{"rendered":"<p>Virtuv\u0117s kriaukl\u0117s Pasirinkite subkategorij\u0105 Granito kriaukl\u0117s Ner\u016bdijan\u010dio plieno Priedai Rekomenduojami produktai<\/p>\n","protected":false},"author":4,"featured_media":0,"parent":52829,"menu_order":0,"comment_status":"closed","ping_status":"closed","template":"","meta":{"_acf_changed":false,"footnotes":""},"categories":[],"tags":[],"class_list":["post-55144","page","type-page","status-publish","hentry"],"acf":[],"aioseo_notices":[],"_links":{"self":[{"href":"https:\/\/nordic-comfort.com\/lt\/wp-json\/wp\/v2\/pages\/55144","targetHints":{"allow":["GET"]}}],"collection":[{"href":"https:\/\/nordic-comfort.com\/lt\/wp-json\/wp\/v2\/pages"}],"about":[{"href":"https:\/\/nordic-comfort.com\/lt\/wp-json\/wp\/v2\/types\/page"}],"author":[{"embeddable":true,"href":"https:\/\/nordic-comfort.com\/lt\/wp-json\/wp\/v2\/users\/4"}],"replies":[{"embeddable":true,"href":"https:\/\/nordic-comfort.com\/lt\/wp-json\/wp\/v2\/comments?post=55144"}],"version-history":[{"count":3,"href":"https:\/\/nordic-comfort.com\/lt\/wp-json\/wp\/v2\/pages\/55144\/revisions"}],"predecessor-version":[{"id":59155,"href":"https:\/\/nordic-comfort.com\/lt\/wp-json\/wp\/v2\/pages\/55144\/revisions\/59155"}],"up":[{"embeddable":true,"href":"https:\/\/nordic-comfort.com\/lt\/wp-json\/wp\/v2\/pages\/52829"}],"wp:attachment":[{"href":"https:\/\/nordic-comfort.com\/lt\/wp-json\/wp\/v2\/media?parent=55144"}],"wp:term":[{"taxonomy":"category","embeddable":true,"href":"https:\/\/nordic-comfort.com\/lt\/wp-json\/wp\/v2\/categories?post=55144"},{"taxonomy":"post_tag","embeddable":true,"href":"https:\/\/nordic-comfort.com\/lt\/wp-json\/wp\/v2\/tags?post=55144"}],"curies":[{"name":"wp","href":"https:\/\/api.w.org\/{rel}","templated":true}]}}