{"id":56740,"date":"2024-07-06T19:22:22","date_gmt":"2024-07-06T19:22:22","guid":{"rendered":"https:\/\/nordic-comfort.com\/our-products\/towel-heaters\/electric-towel-heaters\/electric-towel-heater-duet\/"},"modified":"2025-04-10T14:01:26","modified_gmt":"2025-04-10T11:01:26","slug":"electric-towel-heater-duet","status":"publish","type":"page","link":"https:\/\/nordic-comfort.com\/lt\/our-products\/towel-heaters\/electric-towel-heaters\/electric-towel-heater-duet\/","title":{"rendered":"Elektriniai rank\u0161luos\u010di\u0173 \u0161ildytuvai Duet"},"content":{"rendered":"","protected":false},"excerpt":{"rendered":"","protected":false},"author":4,"featured_media":49957,"parent":55207,"menu_order":0,"comment_status":"closed","ping_status":"closed","template":"","meta":{"_acf_changed":false,"footnotes":""},"categories":[651,650],"tags":[869,486],"class_list":["post-56740","page","type-page","status-publish","has-post-thumbnail","hentry","category-electric-towel-heaters-laris-lt","category-towel-heaters-lt","tag-laris-lt","tag-products-lt"],"acf":[],"aioseo_notices":[],"_links":{"self":[{"href":"https:\/\/nordic-comfort.com\/lt\/wp-json\/wp\/v2\/pages\/56740","targetHints":{"allow":["GET"]}}],"collection":[{"href":"https:\/\/nordic-comfort.com\/lt\/wp-json\/wp\/v2\/pages"}],"about":[{"href":"https:\/\/nordic-comfort.com\/lt\/wp-json\/wp\/v2\/types\/page"}],"author":[{"embeddable":true,"href":"https:\/\/nordic-comfort.com\/lt\/wp-json\/wp\/v2\/users\/4"}],"replies":[{"embeddable":true,"href":"https:\/\/nordic-comfort.com\/lt\/wp-json\/wp\/v2\/comments?post=56740"}],"version-history":[{"count":1,"href":"https:\/\/nordic-comfort.com\/lt\/wp-json\/wp\/v2\/pages\/56740\/revisions"}],"predecessor-version":[{"id":60029,"href":"https:\/\/nordic-comfort.com\/lt\/wp-json\/wp\/v2\/pages\/56740\/revisions\/60029"}],"up":[{"embeddable":true,"href":"https:\/\/nordic-comfort.com\/lt\/wp-json\/wp\/v2\/pages\/55207"}],"wp:featuredmedia":[{"embeddable":true,"href":"https:\/\/nordic-comfort.com\/lt\/wp-json\/wp\/v2\/media\/49957"}],"wp:attachment":[{"href":"https:\/\/nordic-comfort.com\/lt\/wp-json\/wp\/v2\/media?parent=56740"}],"wp:term":[{"taxonomy":"category","embeddable":true,"href":"https:\/\/nordic-comfort.com\/lt\/wp-json\/wp\/v2\/categories?post=56740"},{"taxonomy":"post_tag","embeddable":true,"href":"https:\/\/nordic-comfort.com\/lt\/wp-json\/wp\/v2\/tags?post=56740"}],"curies":[{"name":"wp","href":"https:\/\/api.w.org\/{rel}","templated":true}]}}