{"id":56762,"date":"2024-07-06T19:11:52","date_gmt":"2024-07-06T19:11:52","guid":{"rendered":"https:\/\/nordic-comfort.com\/our-products\/towel-heaters\/electric-towel-heaters\/electric-towel-heater-comfort\/"},"modified":"2025-04-10T13:44:30","modified_gmt":"2025-04-10T10:44:30","slug":"electric-towel-heater-comfort","status":"publish","type":"page","link":"https:\/\/nordic-comfort.com\/lt\/our-products\/towel-heaters\/electric-towel-heaters\/electric-towel-heater-comfort\/","title":{"rendered":"Elektriniai rank\u0161luos\u010di\u0173 \u0161ildytuvai Comfort"},"content":{"rendered":"","protected":false},"excerpt":{"rendered":"","protected":false},"author":4,"featured_media":49776,"parent":55207,"menu_order":0,"comment_status":"closed","ping_status":"closed","template":"","meta":{"_acf_changed":false,"footnotes":""},"categories":[651,650],"tags":[869,486],"class_list":["post-56762","page","type-page","status-publish","has-post-thumbnail","hentry","category-electric-towel-heaters-laris-lt","category-towel-heaters-lt","tag-laris-lt","tag-products-lt"],"acf":[],"aioseo_notices":[],"_links":{"self":[{"href":"https:\/\/nordic-comfort.com\/lt\/wp-json\/wp\/v2\/pages\/56762","targetHints":{"allow":["GET"]}}],"collection":[{"href":"https:\/\/nordic-comfort.com\/lt\/wp-json\/wp\/v2\/pages"}],"about":[{"href":"https:\/\/nordic-comfort.com\/lt\/wp-json\/wp\/v2\/types\/page"}],"author":[{"embeddable":true,"href":"https:\/\/nordic-comfort.com\/lt\/wp-json\/wp\/v2\/users\/4"}],"replies":[{"embeddable":true,"href":"https:\/\/nordic-comfort.com\/lt\/wp-json\/wp\/v2\/comments?post=56762"}],"version-history":[{"count":1,"href":"https:\/\/nordic-comfort.com\/lt\/wp-json\/wp\/v2\/pages\/56762\/revisions"}],"predecessor-version":[{"id":60016,"href":"https:\/\/nordic-comfort.com\/lt\/wp-json\/wp\/v2\/pages\/56762\/revisions\/60016"}],"up":[{"embeddable":true,"href":"https:\/\/nordic-comfort.com\/lt\/wp-json\/wp\/v2\/pages\/55207"}],"wp:featuredmedia":[{"embeddable":true,"href":"https:\/\/nordic-comfort.com\/lt\/wp-json\/wp\/v2\/media\/49776"}],"wp:attachment":[{"href":"https:\/\/nordic-comfort.com\/lt\/wp-json\/wp\/v2\/media?parent=56762"}],"wp:term":[{"taxonomy":"category","embeddable":true,"href":"https:\/\/nordic-comfort.com\/lt\/wp-json\/wp\/v2\/categories?post=56762"},{"taxonomy":"post_tag","embeddable":true,"href":"https:\/\/nordic-comfort.com\/lt\/wp-json\/wp\/v2\/tags?post=56762"}],"curies":[{"name":"wp","href":"https:\/\/api.w.org\/{rel}","templated":true}]}}