{"id":56769,"date":"2024-07-06T19:08:03","date_gmt":"2024-07-06T19:08:03","guid":{"rendered":"https:\/\/nordic-comfort.com\/our-products\/towel-heaters\/electric-towel-heaters\/electric-towel-heater-atlant\/"},"modified":"2025-04-10T10:28:09","modified_gmt":"2025-04-10T07:28:09","slug":"electric-towel-heater-atlant","status":"publish","type":"page","link":"https:\/\/nordic-comfort.com\/lt\/our-products\/towel-heaters\/electric-towel-heaters\/electric-towel-heater-atlant\/","title":{"rendered":"Elektriniai rank\u0161luos\u010di\u0173 \u0161ildytuvai Atlant"},"content":{"rendered":"","protected":false},"excerpt":{"rendered":"","protected":false},"author":4,"featured_media":49718,"parent":55207,"menu_order":0,"comment_status":"closed","ping_status":"closed","template":"","meta":{"_acf_changed":false,"footnotes":""},"categories":[651,650],"tags":[869,486],"class_list":["post-56769","page","type-page","status-publish","has-post-thumbnail","hentry","category-electric-towel-heaters-laris-lt","category-towel-heaters-lt","tag-laris-lt","tag-products-lt"],"acf":[],"aioseo_notices":[],"_links":{"self":[{"href":"https:\/\/nordic-comfort.com\/lt\/wp-json\/wp\/v2\/pages\/56769","targetHints":{"allow":["GET"]}}],"collection":[{"href":"https:\/\/nordic-comfort.com\/lt\/wp-json\/wp\/v2\/pages"}],"about":[{"href":"https:\/\/nordic-comfort.com\/lt\/wp-json\/wp\/v2\/types\/page"}],"author":[{"embeddable":true,"href":"https:\/\/nordic-comfort.com\/lt\/wp-json\/wp\/v2\/users\/4"}],"replies":[{"embeddable":true,"href":"https:\/\/nordic-comfort.com\/lt\/wp-json\/wp\/v2\/comments?post=56769"}],"version-history":[{"count":1,"href":"https:\/\/nordic-comfort.com\/lt\/wp-json\/wp\/v2\/pages\/56769\/revisions"}],"predecessor-version":[{"id":59988,"href":"https:\/\/nordic-comfort.com\/lt\/wp-json\/wp\/v2\/pages\/56769\/revisions\/59988"}],"up":[{"embeddable":true,"href":"https:\/\/nordic-comfort.com\/lt\/wp-json\/wp\/v2\/pages\/55207"}],"wp:featuredmedia":[{"embeddable":true,"href":"https:\/\/nordic-comfort.com\/lt\/wp-json\/wp\/v2\/media\/49718"}],"wp:attachment":[{"href":"https:\/\/nordic-comfort.com\/lt\/wp-json\/wp\/v2\/media?parent=56769"}],"wp:term":[{"taxonomy":"category","embeddable":true,"href":"https:\/\/nordic-comfort.com\/lt\/wp-json\/wp\/v2\/categories?post=56769"},{"taxonomy":"post_tag","embeddable":true,"href":"https:\/\/nordic-comfort.com\/lt\/wp-json\/wp\/v2\/tags?post=56769"}],"curies":[{"name":"wp","href":"https:\/\/api.w.org\/{rel}","templated":true}]}}