{"id":59361,"date":"2024-08-16T11:07:52","date_gmt":"2024-08-16T08:07:52","guid":{"rendered":"https:\/\/nordic-comfort.com\/our-products\/electric-floor-heating\/electric-floor-heating-mat\/"},"modified":"2025-09-25T12:43:33","modified_gmt":"2025-09-25T09:43:33","slug":"electric-floor-heating-mat","status":"publish","type":"page","link":"https:\/\/nordic-comfort.com\/lt\/our-products\/electric-floor-heating\/electric-floor-heating-mat\/","title":{"rendered":"Elektrinis grind\u0173 \u0161ildymo kilim\u0117lis Grand Meyer\u00ae EcoNG170"},"content":{"rendered":"","protected":false},"excerpt":{"rendered":"","protected":false},"author":4,"featured_media":60434,"parent":55089,"menu_order":0,"comment_status":"closed","ping_status":"closed","template":"","meta":{"_acf_changed":false,"footnotes":""},"categories":[671],"tags":[845,486],"class_list":["post-59361","page","type-page","status-publish","has-post-thumbnail","hentry","category-electric-floor-heating-lt","tag-electrolux-lt","tag-products-lt"],"acf":[],"aioseo_notices":[],"_links":{"self":[{"href":"https:\/\/nordic-comfort.com\/lt\/wp-json\/wp\/v2\/pages\/59361","targetHints":{"allow":["GET"]}}],"collection":[{"href":"https:\/\/nordic-comfort.com\/lt\/wp-json\/wp\/v2\/pages"}],"about":[{"href":"https:\/\/nordic-comfort.com\/lt\/wp-json\/wp\/v2\/types\/page"}],"author":[{"embeddable":true,"href":"https:\/\/nordic-comfort.com\/lt\/wp-json\/wp\/v2\/users\/4"}],"replies":[{"embeddable":true,"href":"https:\/\/nordic-comfort.com\/lt\/wp-json\/wp\/v2\/comments?post=59361"}],"version-history":[{"count":4,"href":"https:\/\/nordic-comfort.com\/lt\/wp-json\/wp\/v2\/pages\/59361\/revisions"}],"predecessor-version":[{"id":60619,"href":"https:\/\/nordic-comfort.com\/lt\/wp-json\/wp\/v2\/pages\/59361\/revisions\/60619"}],"up":[{"embeddable":true,"href":"https:\/\/nordic-comfort.com\/lt\/wp-json\/wp\/v2\/pages\/55089"}],"wp:featuredmedia":[{"embeddable":true,"href":"https:\/\/nordic-comfort.com\/lt\/wp-json\/wp\/v2\/media\/60434"}],"wp:attachment":[{"href":"https:\/\/nordic-comfort.com\/lt\/wp-json\/wp\/v2\/media?parent=59361"}],"wp:term":[{"taxonomy":"category","embeddable":true,"href":"https:\/\/nordic-comfort.com\/lt\/wp-json\/wp\/v2\/categories?post=59361"},{"taxonomy":"post_tag","embeddable":true,"href":"https:\/\/nordic-comfort.com\/lt\/wp-json\/wp\/v2\/tags?post=59361"}],"curies":[{"name":"wp","href":"https:\/\/api.w.org\/{rel}","templated":true}]}}