{"id":61132,"date":"2026-04-22T12:44:47","date_gmt":"2026-04-22T09:44:47","guid":{"rendered":"https:\/\/nordic-comfort.com\/our-products\/electric-floor-heating\/elektrinis-grindu-sildymo-kilimelis-grand-meyer-thm200\/"},"modified":"2026-04-22T12:44:47","modified_gmt":"2026-04-22T09:44:47","slug":"elektrinis-grindu-sildymo-kilimelis-grand-meyer-thm200","status":"publish","type":"page","link":"https:\/\/nordic-comfort.com\/lt\/our-products\/electric-floor-heating\/elektrinis-grindu-sildymo-kilimelis-grand-meyer-thm200\/","title":{"rendered":"Elektrinis grind\u0173 \u0161ildymo kilim\u0117lis Grand Meyer\u00ae THM200"},"content":{"rendered":"","protected":false},"excerpt":{"rendered":"","protected":false},"author":7,"featured_media":61118,"parent":55089,"menu_order":0,"comment_status":"closed","ping_status":"closed","template":"","meta":{"_acf_changed":false,"footnotes":""},"categories":[671],"tags":[926,486],"class_list":["post-61132","page","type-page","status-publish","has-post-thumbnail","hentry","category-electric-floor-heating-lt","tag-grand-meyer-lt","tag-products-lt"],"acf":[],"aioseo_notices":[],"_links":{"self":[{"href":"https:\/\/nordic-comfort.com\/lt\/wp-json\/wp\/v2\/pages\/61132","targetHints":{"allow":["GET"]}}],"collection":[{"href":"https:\/\/nordic-comfort.com\/lt\/wp-json\/wp\/v2\/pages"}],"about":[{"href":"https:\/\/nordic-comfort.com\/lt\/wp-json\/wp\/v2\/types\/page"}],"author":[{"embeddable":true,"href":"https:\/\/nordic-comfort.com\/lt\/wp-json\/wp\/v2\/users\/7"}],"replies":[{"embeddable":true,"href":"https:\/\/nordic-comfort.com\/lt\/wp-json\/wp\/v2\/comments?post=61132"}],"version-history":[{"count":0,"href":"https:\/\/nordic-comfort.com\/lt\/wp-json\/wp\/v2\/pages\/61132\/revisions"}],"up":[{"embeddable":true,"href":"https:\/\/nordic-comfort.com\/lt\/wp-json\/wp\/v2\/pages\/55089"}],"wp:featuredmedia":[{"embeddable":true,"href":"https:\/\/nordic-comfort.com\/lt\/wp-json\/wp\/v2\/media\/61118"}],"wp:attachment":[{"href":"https:\/\/nordic-comfort.com\/lt\/wp-json\/wp\/v2\/media?parent=61132"}],"wp:term":[{"taxonomy":"category","embeddable":true,"href":"https:\/\/nordic-comfort.com\/lt\/wp-json\/wp\/v2\/categories?post=61132"},{"taxonomy":"post_tag","embeddable":true,"href":"https:\/\/nordic-comfort.com\/lt\/wp-json\/wp\/v2\/tags?post=61132"}],"curies":[{"name":"wp","href":"https:\/\/api.w.org\/{rel}","templated":true}]}}