{"id":53178,"date":"2024-06-06T09:10:50","date_gmt":"2024-06-06T06:10:50","guid":{"rendered":"https:\/\/nordic-comfort.com\/our-brands\/vinchome\/"},"modified":"2026-03-12T13:30:34","modified_gmt":"2026-03-12T10:30:34","slug":"vinchome","status":"publish","type":"page","link":"https:\/\/nordic-comfort.com\/lv\/our-brands\/vinchome\/","title":{"rendered":"Vinchome"},"content":{"rendered":"\t\t<div data-elementor-type=\"wp-page\" data-elementor-id=\"53178\" class=\"elementor elementor-53178 elementor-46047\" data-elementor-post-type=\"page\">\n\t\t\t\t<div class=\"elementor-element elementor-element-8c1297d e-con-full e-flex sc_inner_width_none sc_layouts_column_icons_position_left e-con e-parent\" data-id=\"8c1297d\" data-element_type=\"container\" data-settings=\"{&quot;background_background&quot;:&quot;classic&quot;}\">\n\t\t\t\t<div class=\"elementor-element elementor-element-7e54986 breadcrumbs exad-sticky-section-no exad-glass-effect-no sc_fly_static elementor-widget elementor-widget-shortcode\" data-id=\"7e54986\" data-element_type=\"widget\" data-widget_type=\"shortcode.default\">\n\t\t\t\t<div class=\"elementor-widget-container\">\n\t\t\t\t\t<div class=\"elementor-shortcode\"><div class=\"aioseo-breadcrumbs\"><span class=\"aioseo-breadcrumb\">\n\tMain page\n<\/span><\/div><\/div>\n\t\t\t\t<\/div>\n\t\t\t\t<\/div>\n\t\t\t\t<div class=\"elementor-element elementor-element-b954fe9 exad-sticky-section-no exad-glass-effect-no sc_fly_static elementor-widget elementor-widget-heading\" data-id=\"b954fe9\" data-element_type=\"widget\" data-widget_type=\"heading.default\">\n\t\t\t\t<div class=\"elementor-widget-container\">\n\t\t\t<h2 class=\"elementor-heading-title elementor-size-default\">Par Vinchome<\/h2>\t\t<\/div>\n\t\t\t\t<\/div>\n\t\t\t\t<\/div>\n\t\t<div class=\"elementor-element elementor-element-eb5754e brand e-flex e-con-boxed sc_inner_width_none sc_layouts_column_icons_position_left e-con e-parent\" data-id=\"eb5754e\" data-element_type=\"container\" data-settings=\"{&quot;background_background&quot;:&quot;classic&quot;}\">\n\t\t\t\t\t<div class=\"e-con-inner\">\n\t\t\t\t<div class=\"elementor-element elementor-element-50f9564 exad-sticky-section-no exad-glass-effect-no sc_fly_static elementor-widget elementor-widget-text-editor\" data-id=\"50f9564\" data-element_type=\"widget\" data-widget_type=\"text-editor.default\">\n\t\t\t\t<div class=\"elementor-widget-container\">\n\t\t\t\t\t\t\t<p><b>Corelead: LED spogu\u013cu ra\u017eo\u0161anas l\u012bderis<\/b><\/p>\n\t\t\t\t\t\t<\/div>\n\t\t\t\t<\/div>\n\t\t\t\t<div class=\"elementor-element elementor-element-2845ec4 exad-sticky-section-no exad-glass-effect-no sc_fly_static elementor-widget elementor-widget-text-editor\" data-id=\"2845ec4\" data-element_type=\"widget\" data-widget_type=\"text-editor.default\">\n\t\t\t\t<div class=\"elementor-widget-container\">\n\t\t\t\t\t\t\t<p>Corelead, viens no pasaules vado\u0161ajiem LED spogu\u013cu ra\u017eot\u0101jiem, s\u0101ka savu darb\u012bbu \u0136\u012bn\u0101. R\u016bpn\u012bca atrodas D\u017eedzjanas provinc\u0113, kur s\u0101kotn\u0113ji t\u0101 specializ\u0113j\u0101s vannasistabu, skapju un spogu\u013cu LED apgaismojuma ra\u017eo\u0161an\u0101. Laika gait\u0101, pateicoties nep\u0101rtrauktai att\u012bst\u012bbai un inov\u0101cij\u0101m, uz\u0146\u0113mums papla\u0161in\u0101ja savu darb\u012bbu un 2022. gad\u0101 atv\u0113ra jaunu r\u016bpn\u012bcu Serbij\u0101.  <\/p>\n\t\t\t\t\t\t<\/div>\n\t\t\t\t<\/div>\n\t\t\t\t<div class=\"elementor-element elementor-element-268137e exad-sticky-section-no exad-glass-effect-no sc_fly_static elementor-widget elementor-widget-text-editor\" data-id=\"268137e\" data-element_type=\"widget\" data-widget_type=\"text-editor.default\">\n\t\t\t\t<div class=\"elementor-widget-container\">\n\t\t\t\t\t\t\t<p>Corelead priek\u0161roc\u012bbas un sasniegumi izce\u013c to tirg\u016b. Uz\u0146\u0113mumam ir devi\u0146u gadu pieredze LED apgaismojuma jom\u0101. Taj\u0101 str\u0101d\u0101 300 darbinieku, un ra\u017eo\u0161anas plat\u012bba sasniedz 18 000 kvadr\u0101tmetru. Produkcijas dro\u0161\u012bbu un iztur\u012bbu apliecina UL, ETL, CE, GS un VDE sertifik\u0101ti.   <\/p>\n\t\t\t\t\t\t<\/div>\n\t\t\t\t<\/div>\n\t\t\t\t<div class=\"elementor-element elementor-element-27599dc exad-sticky-section-no exad-glass-effect-no sc_fly_static elementor-widget elementor-widget-text-editor\" data-id=\"27599dc\" data-element_type=\"widget\" data-widget_type=\"text-editor.default\">\n\t\t\t\t<div class=\"elementor-widget-container\">\n\t\t\t\t\t\t\t<p>Corelead akt\u012bvi izmanto OEM\/ODM risin\u0101jumus, kas \u013cauj uz\u0146\u0113mumam projekt\u0113t, izstr\u0101d\u0101t, ra\u017eot un p\u0101rdot produktus vis\u0101 pasaul\u0113.<\/p>\n\t\t\t\t\t\t<\/div>\n\t\t\t\t<\/div>\n\t\t\t\t<div class=\"elementor-element elementor-element-80e5ed4 exad-sticky-section-no exad-glass-effect-no sc_fly_static elementor-widget elementor-widget-image\" data-id=\"80e5ed4\" data-element_type=\"widget\" data-widget_type=\"image.default\">\n\t\t\t\t<div class=\"elementor-widget-container\">\n\t\t\t\t\t\t\t\t\t\t\t\t\t<img fetchpriority=\"high\" decoding=\"async\" width=\"2349\" height=\"890\" src=\"https:\/\/nordic-comfort.com\/wp-content\/uploads\/2024\/06\/about-vinchome.jpg\" class=\"attachment-full size-full wp-image-46049\" alt=\"\" srcset=\"https:\/\/nordic-comfort.com\/wp-content\/uploads\/2024\/06\/about-vinchome.jpg 2349w, https:\/\/nordic-comfort.com\/wp-content\/uploads\/2024\/06\/about-vinchome-300x114.jpg 300w, https:\/\/nordic-comfort.com\/wp-content\/uploads\/2024\/06\/about-vinchome-1024x388.jpg 1024w, https:\/\/nordic-comfort.com\/wp-content\/uploads\/2024\/06\/about-vinchome-768x291.jpg 768w, https:\/\/nordic-comfort.com\/wp-content\/uploads\/2024\/06\/about-vinchome-1536x582.jpg 1536w, https:\/\/nordic-comfort.com\/wp-content\/uploads\/2024\/06\/about-vinchome-2048x776.jpg 2048w, https:\/\/nordic-comfort.com\/wp-content\/uploads\/2024\/06\/about-vinchome-370x140.jpg 370w, https:\/\/nordic-comfort.com\/wp-content\/uploads\/2024\/06\/about-vinchome-840x318.jpg 840w, https:\/\/nordic-comfort.com\/wp-content\/uploads\/2024\/06\/about-vinchome-410x155.jpg 410w, https:\/\/nordic-comfort.com\/wp-content\/uploads\/2024\/06\/about-vinchome-600x227.jpg 600w\" sizes=\"(max-width: 2349px) 100vw, 2349px\" \/>\t\t\t\t\t\t\t\t\t\t\t\t\t<\/div>\n\t\t\t\t<\/div>\n\t\t\t\t<div class=\"elementor-element elementor-element-ffd2d53 exad-sticky-section-no exad-glass-effect-no sc_fly_static elementor-widget elementor-widget-text-editor\" data-id=\"ffd2d53\" data-element_type=\"widget\" data-widget_type=\"text-editor.default\">\n\t\t\t\t<div class=\"elementor-widget-container\">\n\t\t\t\t\t\t\t<p><b>Vinchome: uzticams z\u012bmols<\/b><\/p>\n\t\t\t\t\t\t<\/div>\n\t\t\t\t<\/div>\n\t\t\t\t<div class=\"elementor-element elementor-element-2d41c87 exad-sticky-section-no exad-glass-effect-no sc_fly_static elementor-widget elementor-widget-text-editor\" data-id=\"2d41c87\" data-element_type=\"widget\" data-widget_type=\"text-editor.default\">\n\t\t\t\t<div class=\"elementor-widget-container\">\n\t\t\t\t\t\t\t<p>Vinchome ir z\u012bmols, kas pied\u0101v\u0101 pla\u0161u produktu kl\u0101stu, ori\u0123in\u0101las preces, konkur\u0113tsp\u0113j\u012bgas cenas un \u0101tru pieg\u0101di. Tas pied\u0101v\u0101 da\u017e\u0101dus LED spogu\u013cus ar unik\u0101l\u0101m funkcij\u0101m, modernu dizainu un iztur\u012bbu. Katrs Vinchome produkts tiek ra\u017eots atbilsto\u0161i Eiropas kvalit\u0101tes un dro\u0161\u012bbas standartiem.  <\/p>\n\t\t\t\t\t\t<\/div>\n\t\t\t\t<\/div>\n\t\t\t\t<div class=\"elementor-element elementor-element-fef745b exad-sticky-section-no exad-glass-effect-no sc_fly_static elementor-widget elementor-widget-text-editor\" data-id=\"fef745b\" data-element_type=\"widget\" data-widget_type=\"text-editor.default\">\n\t\t\t\t<div class=\"elementor-widget-container\">\n\t\t\t\t\t\t\t<p>Vi\u0146i pied\u0101v\u0101 lielu skaitu da\u017e\u0101du kategoriju produktu, kuros integr\u0113ti daudzi m\u016bsdien\u012bgi tehnolo\u0123iskie risin\u0101jumi, piem\u0113ram, \u0101r\u0113jai videi piel\u0101gojams apgaismojums, Bluetooth savienojam\u012bba, sader\u012bba ar Alexa ier\u012bc\u0113m, AIOT vied\u0101s m\u0101jas p\u0101rvald\u012bbas sist\u0113ma un daudz kas cits. Visus vi\u0146u produktus var viegli piel\u0101got klienta vajadz\u012bb\u0101m un v\u0113lm\u0113m. <\/p>\n\t\t\t\t\t\t<\/div>\n\t\t\t\t<\/div>\n\t\t<div class=\"elementor-element elementor-element-22b6d38 sc_layouts_hide_on_wide sc_layouts_hide_on_desktop sc_layouts_hide_on_notebook sc_layouts_hide_on_tablet sc_layouts_hide_on_mobile e-flex e-con-boxed sc_inner_width_none sc_layouts_column_icons_position_left e-con e-child\" data-id=\"22b6d38\" data-element_type=\"container\">\n\t\t\t\t\t<div class=\"e-con-inner\">\n\t\t\t\t<div class=\"elementor-element elementor-element-10452dc exad-sticky-section-no exad-glass-effect-no sc_fly_static elementor-widget elementor-widget-trx_widget_video\" data-id=\"10452dc\" data-element_type=\"widget\" data-widget_type=\"trx_widget_video.default\">\n\t\t\t\t<div class=\"elementor-widget-container\">\n\t\t\t<div class=\"widget_area sc_widget_video\"><aside class=\"widget widget_video\"><div id=\"sc_video_1237060741\" class=\"trx_addons_video_player without_cover\"><div class=\"video_embed video_frame\"><iframe src=\"https:\/\/www.youtube.com\/embed\/MyErghcEbqU?si=Do_WhXafgA7h2nCd&#038;feature=oembed&#038;wmode=transparent&#038;origin=https%3A%2F%2Fnordic-comfort.com%2Flv%2F&#038;widgetid=1&#038;enablejsapi=1&#038;disablekb=1&#038;modestbranding=1&#038;iv_load_policy=3&#038;rel=0&#038;showinfo=0&#038;playsinline=1\" width=\"1320\" height=\"743\"><\/iframe><\/div><\/div><\/aside><\/div>\t\t<\/div>\n\t\t\t\t<\/div>\n\t\t\t\t\t<\/div>\n\t\t\t\t<\/div>\n\t\t\t\t\t<\/div>\n\t\t\t\t<\/div>\n\t\t<div class=\"elementor-element elementor-element-15dde9f brand e-flex e-con-boxed sc_inner_width_none sc_layouts_column_icons_position_left e-con e-parent\" data-id=\"15dde9f\" data-element_type=\"container\" data-settings=\"{&quot;background_background&quot;:&quot;classic&quot;}\">\n\t\t\t\t\t<div class=\"e-con-inner\">\n\t\t\t\t<div class=\"elementor-element elementor-element-e66d51b exad-sticky-section-no exad-glass-effect-no sc_fly_static elementor-widget elementor-widget-heading\" data-id=\"e66d51b\" data-element_type=\"widget\" data-widget_type=\"heading.default\">\n\t\t\t\t<div class=\"elementor-widget-container\">\n\t\t\t<h4 class=\"elementor-heading-title elementor-size-default\">Izv\u0113lieties kategoriju<\/h4>\t\t<\/div>\n\t\t\t\t<\/div>\n\t\t<div class=\"e-con-gap-no elementor-element elementor-element-bb43888 e-con-full product_categories e-flex sc_inner_width_none sc_layouts_column_icons_position_left e-con e-child\" data-id=\"bb43888\" data-element_type=\"container\">\n\t\t<div class=\"elementor-element elementor-element-3bdf0f7 e-con-full e-flex sc_inner_width_none sc_layouts_column_icons_position_left e-con e-child\" data-id=\"3bdf0f7\" data-element_type=\"container\">\n\t\t\t\t<div class=\"elementor-element elementor-element-256819f product_category elementor-position-top exad-sticky-section-no exad-glass-effect-no sc_fly_static elementor-widget elementor-widget-image-box\" data-id=\"256819f\" data-element_type=\"widget\" data-widget_type=\"image-box.default\">\n\t\t\t\t<div class=\"elementor-widget-container\">\n\t\t\t<div class=\"elementor-image-box-wrapper\"><figure class=\"elementor-image-box-img\"><a href=\"https:\/\/nordic-comfort.com\/lv\/our-products\/led-mirrors\/\" tabindex=\"-1\"><img decoding=\"async\" width=\"1735\" height=\"1418\" src=\"https:\/\/nordic-comfort.com\/wp-content\/uploads\/2024\/06\/led-mirrros.jpg\" class=\"attachment-full size-full wp-image-45867\" alt=\"\" srcset=\"https:\/\/nordic-comfort.com\/wp-content\/uploads\/2024\/06\/led-mirrros.jpg 1735w, https:\/\/nordic-comfort.com\/wp-content\/uploads\/2024\/06\/led-mirrros-300x245.jpg 300w, https:\/\/nordic-comfort.com\/wp-content\/uploads\/2024\/06\/led-mirrros-1024x837.jpg 1024w, https:\/\/nordic-comfort.com\/wp-content\/uploads\/2024\/06\/led-mirrros-768x628.jpg 768w, https:\/\/nordic-comfort.com\/wp-content\/uploads\/2024\/06\/led-mirrros-1536x1255.jpg 1536w, https:\/\/nordic-comfort.com\/wp-content\/uploads\/2024\/06\/led-mirrros-370x302.jpg 370w, https:\/\/nordic-comfort.com\/wp-content\/uploads\/2024\/06\/led-mirrros-840x687.jpg 840w, https:\/\/nordic-comfort.com\/wp-content\/uploads\/2024\/06\/led-mirrros-410x335.jpg 410w, https:\/\/nordic-comfort.com\/wp-content\/uploads\/2024\/06\/led-mirrros-600x490.jpg 600w\" sizes=\"(max-width: 1735px) 100vw, 1735px\" \/><\/a><\/figure><div class=\"elementor-image-box-content\"><h4 class=\"elementor-image-box-title\"><a href=\"https:\/\/nordic-comfort.com\/lv\/our-products\/led-mirrors\/\">Led spogu\u013ci<\/a><\/h4><\/div><\/div>\t\t<\/div>\n\t\t\t\t<\/div>\n\t\t\t\t<\/div>\n\t\t\t\t<\/div>\n\t\t\t\t\t<\/div>\n\t\t\t\t<\/div>\n\t\t<div class=\"elementor-element elementor-element-7daf2ef brands_products e-flex e-con-boxed sc_inner_width_none sc_layouts_column_icons_position_left e-con e-parent\" data-id=\"7daf2ef\" data-element_type=\"container\" data-settings=\"{&quot;background_background&quot;:&quot;classic&quot;}\">\n\t\t\t\t\t<div class=\"e-con-inner\">\n\t\t<div class=\"e-con-gap-no elementor-element elementor-element-aa2ea09 e-con-full e-flex sc_inner_width_none sc_layouts_column_icons_position_left e-con e-child\" data-id=\"aa2ea09\" data-element_type=\"container\">\n\t\t<div class=\"elementor-element elementor-element-afc484f e-flex e-con-boxed sc_inner_width_none sc_layouts_column_icons_position_left e-con e-child\" data-id=\"afc484f\" data-element_type=\"container\">\n\t\t\t\t\t<div class=\"e-con-inner\">\n\t\t\t\t<div class=\"elementor-element elementor-element-f172a1e exad-sticky-section-no exad-glass-effect-no sc_fly_static elementor-widget elementor-widget-heading\" data-id=\"f172a1e\" data-element_type=\"widget\" data-widget_type=\"heading.default\">\n\t\t\t\t<div class=\"elementor-widget-container\">\n\t\t\t<h4 class=\"elementor-heading-title elementor-size-default\">Ieteicamie produkti<\/h4>\t\t<\/div>\n\t\t\t\t<\/div>\n\t\t\t\t\t<\/div>\n\t\t\t\t<\/div>\n\t\t\t\t<\/div>\n\t\t\t\t<div class=\"elementor-element elementor-element-465f579 product_slider elementor-arrows-position-inside exad-sticky-section-no exad-glass-effect-no sc_fly_static elementor-widget elementor-widget-loop-carousel\" data-id=\"465f579\" data-element_type=\"widget\" data-settings=\"{&quot;template_id&quot;:57090,&quot;slides_to_show&quot;:&quot;4&quot;,&quot;slides_to_show_laptop&quot;:&quot;4&quot;,&quot;slides_to_show_tablet&quot;:&quot;3&quot;,&quot;_skin&quot;:&quot;post&quot;,&quot;slides_to_show_widescreen&quot;:&quot;3&quot;,&quot;slides_to_show_tablet_extra&quot;:&quot;3&quot;,&quot;slides_to_show_mobile_extra&quot;:&quot;2&quot;,&quot;slides_to_show_mobile&quot;:&quot;1&quot;,&quot;slides_to_scroll&quot;:&quot;1&quot;,&quot;edit_handle_selector&quot;:&quot;.elementor-widget-container&quot;,&quot;speed&quot;:500,&quot;arrows&quot;:&quot;yes&quot;,&quot;image_spacing_custom&quot;:{&quot;unit&quot;:&quot;px&quot;,&quot;size&quot;:10,&quot;sizes&quot;:[]},&quot;image_spacing_custom_widescreen&quot;:{&quot;unit&quot;:&quot;px&quot;,&quot;size&quot;:&quot;&quot;,&quot;sizes&quot;:[]},&quot;image_spacing_custom_laptop&quot;:{&quot;unit&quot;:&quot;px&quot;,&quot;size&quot;:&quot;&quot;,&quot;sizes&quot;:[]},&quot;image_spacing_custom_tablet_extra&quot;:{&quot;unit&quot;:&quot;px&quot;,&quot;size&quot;:&quot;&quot;,&quot;sizes&quot;:[]},&quot;image_spacing_custom_tablet&quot;:{&quot;unit&quot;:&quot;px&quot;,&quot;size&quot;:&quot;&quot;,&quot;sizes&quot;:[]},&quot;image_spacing_custom_mobile_extra&quot;:{&quot;unit&quot;:&quot;px&quot;,&quot;size&quot;:&quot;&quot;,&quot;sizes&quot;:[]},&quot;image_spacing_custom_mobile&quot;:{&quot;unit&quot;:&quot;px&quot;,&quot;size&quot;:&quot;&quot;,&quot;sizes&quot;:[]}}\" data-widget_type=\"loop-carousel.post\">\n\t\t\t\t<div class=\"elementor-widget-container\">\n\t\t\t\t\t<div class=\"e-loop-nothing-found-message\">\n\t\t<\/div>\n\t\t\t\t<\/div>\n\t\t\t\t<\/div>\n\t\t\t\t\t<\/div>\n\t\t\t\t<\/div>\n\t\t\t\t<\/div>\n\t\t","protected":false},"excerpt":{"rendered":"<p>Par Vinchome Corelead: LED spogu\u013cu ra\u017eo\u0161anas l\u012bderis Corelead, viens no pasaules vado\u0161ajiem LED spogu\u013cu ra\u017eot\u0101jiem, s\u0101ka savu darb\u012bbu \u0136\u012bn\u0101. R\u016bpn\u012bca atrodas D\u017eedzjanas provinc\u0113, kur s\u0101kotn\u0113ji t\u0101 specializ\u0113j\u0101s vannasistabu, skapju un&hellip;<\/p>\n","protected":false},"author":4,"featured_media":0,"parent":52859,"menu_order":0,"comment_status":"closed","ping_status":"closed","template":"","meta":{"_acf_changed":false,"footnotes":""},"categories":[],"tags":[],"class_list":["post-53178","page","type-page","status-publish","hentry"],"acf":[],"aioseo_notices":[],"_links":{"self":[{"href":"https:\/\/nordic-comfort.com\/lv\/wp-json\/wp\/v2\/pages\/53178","targetHints":{"allow":["GET"]}}],"collection":[{"href":"https:\/\/nordic-comfort.com\/lv\/wp-json\/wp\/v2\/pages"}],"about":[{"href":"https:\/\/nordic-comfort.com\/lv\/wp-json\/wp\/v2\/types\/page"}],"author":[{"embeddable":true,"href":"https:\/\/nordic-comfort.com\/lv\/wp-json\/wp\/v2\/users\/4"}],"replies":[{"embeddable":true,"href":"https:\/\/nordic-comfort.com\/lv\/wp-json\/wp\/v2\/comments?post=53178"}],"version-history":[{"count":2,"href":"https:\/\/nordic-comfort.com\/lv\/wp-json\/wp\/v2\/pages\/53178\/revisions"}],"predecessor-version":[{"id":60870,"href":"https:\/\/nordic-comfort.com\/lv\/wp-json\/wp\/v2\/pages\/53178\/revisions\/60870"}],"up":[{"embeddable":true,"href":"https:\/\/nordic-comfort.com\/lv\/wp-json\/wp\/v2\/pages\/52859"}],"wp:attachment":[{"href":"https:\/\/nordic-comfort.com\/lv\/wp-json\/wp\/v2\/media?parent=53178"}],"wp:term":[{"taxonomy":"category","embeddable":true,"href":"https:\/\/nordic-comfort.com\/lv\/wp-json\/wp\/v2\/categories?post=53178"},{"taxonomy":"post_tag","embeddable":true,"href":"https:\/\/nordic-comfort.com\/lv\/wp-json\/wp\/v2\/tags?post=53178"}],"curies":[{"name":"wp","href":"https:\/\/api.w.org\/{rel}","templated":true}]}}