{"id":53205,"date":"2024-07-02T13:05:40","date_gmt":"2024-07-02T10:05:40","guid":{"rendered":"https:\/\/nordic-comfort.com\/our-brands\/vilpra-sauna\/"},"modified":"2026-02-12T15:07:47","modified_gmt":"2026-02-12T12:07:47","slug":"vilpra-sauna","status":"publish","type":"page","link":"https:\/\/nordic-comfort.com\/lv\/our-brands\/vilpra-sauna\/","title":{"rendered":"Grand Meyer"},"content":{"rendered":"\t\t<div data-elementor-type=\"wp-page\" data-elementor-id=\"53205\" class=\"elementor elementor-53205 elementor-47513\" data-elementor-post-type=\"page\">\n\t\t\t\t<div class=\"elementor-element elementor-element-8c1297d e-con-full e-flex sc_inner_width_none sc_layouts_column_icons_position_left e-con e-parent\" data-id=\"8c1297d\" data-element_type=\"container\" data-settings=\"{&quot;background_background&quot;:&quot;classic&quot;}\">\n\t\t\t\t<div class=\"elementor-element elementor-element-7e54986 breadcrumbs exad-sticky-section-no exad-glass-effect-no sc_fly_static elementor-widget elementor-widget-shortcode\" data-id=\"7e54986\" data-element_type=\"widget\" data-widget_type=\"shortcode.default\">\n\t\t\t\t<div class=\"elementor-widget-container\">\n\t\t\t\t\t<div class=\"elementor-shortcode\"><div class=\"aioseo-breadcrumbs\"><span class=\"aioseo-breadcrumb\">\n\tMain page\n<\/span><\/div><\/div>\n\t\t\t\t<\/div>\n\t\t\t\t<\/div>\n\t\t\t\t<div class=\"elementor-element elementor-element-b954fe9 exad-sticky-section-no exad-glass-effect-no sc_fly_static elementor-widget elementor-widget-heading\" data-id=\"b954fe9\" data-element_type=\"widget\" data-widget_type=\"heading.default\">\n\t\t\t\t<div class=\"elementor-widget-container\">\n\t\t\t<h2 class=\"elementor-heading-title elementor-size-default\">Par Grand Meyer<\/h2>\t\t<\/div>\n\t\t\t\t<\/div>\n\t\t\t\t<\/div>\n\t\t<div class=\"elementor-element elementor-element-eb5754e brand e-flex e-con-boxed sc_inner_width_none sc_layouts_column_icons_position_left e-con e-parent\" data-id=\"eb5754e\" data-element_type=\"container\" data-settings=\"{&quot;background_background&quot;:&quot;classic&quot;}\">\n\t\t\t\t\t<div class=\"e-con-inner\">\n\t\t\t\t<div class=\"elementor-element elementor-element-0e90f26 exad-sticky-section-no exad-glass-effect-no sc_fly_static elementor-widget elementor-widget-heading\" data-id=\"0e90f26\" data-element_type=\"widget\" data-widget_type=\"heading.default\">\n\t\t\t\t<div class=\"elementor-widget-container\">\n\t\t\t<h6 class=\"elementor-heading-title elementor-size-default\">Grand Meyer<\/h6>\t\t<\/div>\n\t\t\t\t<\/div>\n\t\t\t\t<div class=\"elementor-element elementor-element-50f9564 exad-sticky-section-no exad-glass-effect-no sc_fly_static elementor-widget elementor-widget-text-editor\" data-id=\"50f9564\" data-element_type=\"widget\" data-widget_type=\"text-editor.default\">\n\t\t\t\t<div class=\"elementor-widget-container\">\n\t\t\t\t\t\t\t<p><strong>Grand Meyer<\/strong> ir Eiropas ra\u017eot\u0101js, kas izstr\u0101d\u0101 un ra\u017eo apsildes kabe\u013cus, gr\u012bdas apsildes sist\u0113mas un termostatus ar vair\u0101k nek\u0101 20 gadu pieredzi. Uz\u0146\u0113mums specializ\u0113jas uzticamos risin\u0101jumos dz\u012bvojamo un komerci\u0101lo telpu elektriskajai apsildei, k\u0101 ar\u012b sniega un ledus aizsardz\u012bbas sist\u0113m\u0101s. Ra\u017eo\u0161anas procesi tiek nodro\u0161in\u0101ti atbilsto\u0161i <strong>ISO 9001:2015<\/strong> kvalit\u0101tes vad\u012bbas sist\u0113mai. Visi produkti atbilst starptautiskajiem dro\u0161\u012bbas standartiem un ir sertific\u0113ti saska\u0146\u0101 ar <strong>IEC<\/strong> un <strong>T\u00dcV<\/strong> pras\u012bb\u0101m.<\/p>\t\t\t\t\t\t<\/div>\n\t\t\t\t<\/div>\n\t\t\t\t<div class=\"elementor-element elementor-element-c3119ab exad-sticky-section-no exad-glass-effect-no sc_fly_static elementor-widget elementor-widget-text-editor\" data-id=\"c3119ab\" data-element_type=\"widget\" data-widget_type=\"text-editor.default\">\n\t\t\t\t<div class=\"elementor-widget-container\">\n\t\t\t\t\t\t\t<p>Katrs kabe\u013ca metrs un katra ier\u012bce tiek pak\u013cauta stingrai kvalit\u0101tes kontrolei, tostarp izol\u0101cijas testiem, herm\u0113tiskuma p\u0101rbaud\u0113m un atbilst\u012bbas verifik\u0101cijai. \u0160\u0101da pieeja nodro\u0161ina ilgu kalpo\u0161anas laiku un dro\u0161u ekspluat\u0101ciju.<\/p>\t\t\t\t\t\t<\/div>\n\t\t\t\t<\/div>\n\t\t\t\t<div class=\"elementor-element elementor-element-361284f exad-sticky-section-no exad-glass-effect-no sc_fly_static elementor-widget elementor-widget-text-editor\" data-id=\"361284f\" data-element_type=\"widget\" data-widget_type=\"text-editor.default\">\n\t\t\t\t<div class=\"elementor-widget-container\">\n\t\t\t\t\t\t\t<p>\u0160odien Grand Meyer ik gadu sara\u017eo vair\u0101k nek\u0101 <strong>2,2 miljonus metru apsildes kabe\u013cu<\/strong> un aptuveni <strong>350 000 termostatu<\/strong>, pieg\u0101d\u0101jot uzticamus apkures risin\u0101jumus vis\u0101 Eirop\u0101.<\/p>\t\t\t\t\t\t<\/div>\n\t\t\t\t<\/div>\n\t\t\t\t<div class=\"elementor-element elementor-element-80e5ed4 exad-sticky-section-no exad-glass-effect-no sc_fly_static elementor-widget elementor-widget-image\" data-id=\"80e5ed4\" data-element_type=\"widget\" data-widget_type=\"image.default\">\n\t\t\t\t<div class=\"elementor-widget-container\">\n\t\t\t\t\t\t\t\t\t\t\t\t\t<img fetchpriority=\"high\" decoding=\"async\" width=\"768\" height=\"512\" src=\"https:\/\/nordic-comfort.com\/wp-content\/uploads\/2025\/10\/Oct-7-2025-01_14_41-PM-768x512.png\" class=\"attachment-medium_large size-medium_large wp-image-60799\" alt=\"\" srcset=\"https:\/\/nordic-comfort.com\/wp-content\/uploads\/2025\/10\/Oct-7-2025-01_14_41-PM-768x512.png 768w, https:\/\/nordic-comfort.com\/wp-content\/uploads\/2025\/10\/Oct-7-2025-01_14_41-PM-300x200.png 300w, https:\/\/nordic-comfort.com\/wp-content\/uploads\/2025\/10\/Oct-7-2025-01_14_41-PM-1024x683.png 1024w, https:\/\/nordic-comfort.com\/wp-content\/uploads\/2025\/10\/Oct-7-2025-01_14_41-PM-370x247.png 370w, https:\/\/nordic-comfort.com\/wp-content\/uploads\/2025\/10\/Oct-7-2025-01_14_41-PM-840x560.png 840w, https:\/\/nordic-comfort.com\/wp-content\/uploads\/2025\/10\/Oct-7-2025-01_14_41-PM-410x273.png 410w, https:\/\/nordic-comfort.com\/wp-content\/uploads\/2025\/10\/Oct-7-2025-01_14_41-PM-600x400.png 600w, https:\/\/nordic-comfort.com\/wp-content\/uploads\/2025\/10\/Oct-7-2025-01_14_41-PM.png 1536w\" sizes=\"(max-width: 768px) 100vw, 768px\" \/>\t\t\t\t\t\t\t\t\t\t\t\t\t<\/div>\n\t\t\t\t<\/div>\n\t\t\t\t<div class=\"elementor-element elementor-element-2784a77 exad-sticky-section-no exad-glass-effect-no sc_fly_static elementor-widget elementor-widget-heading\" data-id=\"2784a77\" data-element_type=\"widget\" data-widget_type=\"heading.default\">\n\t\t\t\t<div class=\"elementor-widget-container\">\n\t\t\t<h6 class=\"elementor-heading-title elementor-size-default\">Produktu kl\u0101sts<\/h6>\t\t<\/div>\n\t\t\t\t<\/div>\n\t\t\t\t<div class=\"elementor-element elementor-element-2cdd005 exad-sticky-section-no exad-glass-effect-no sc_fly_static elementor-widget elementor-widget-text-editor\" data-id=\"2cdd005\" data-element_type=\"widget\" data-widget_type=\"text-editor.default\">\n\t\t\t\t<div class=\"elementor-widget-container\">\n\t\t\t\t\t\t\t<p data-start=\"17\" data-end=\"184\"><strong data-start=\"17\" data-end=\"36\">Apsildes kabe\u013ci<\/strong><br data-start=\"36\" data-end=\"39\" \/>Divdz\u012bslu pretest\u012bbas kabe\u013ci ar jaudu l\u012bdz 20 W\/m, ar iztur\u012bgu izol\u0101ciju un nelielu liekuma r\u0101diusu. Paredz\u0113ti uzst\u0101d\u012b\u0161anai klon\u0101 vai fl\u012b\u017eu l\u012bm\u0113.<\/p><p data-start=\"186\" data-end=\"347\"><strong data-start=\"186\" data-end=\"206\">Apsildes pakl\u0101ji<\/strong><br data-start=\"206\" data-end=\"209\" \/>Uzst\u0101d\u012b\u0161anai gatavas kabe\u013ca sekcijas uz sieta pamatnes. Jauda l\u012bdz 180 W\/m\u00b2. Piem\u0113roti fl\u012bz\u0113m, porcel\u0101na fl\u012bz\u0113m un citiem gr\u012bdas segumiem.<\/p><p data-start=\"349\" data-end=\"598\"><strong data-start=\"349\" data-end=\"363\">Termostati<\/strong><br data-start=\"363\" data-end=\"366\" \/>Pla\u0161a meh\u0101nisko, programm\u0113jamo un Wi-Fi mode\u013cu izv\u0113le (piem\u0113ram, W350, SN-10, HW500). \u0160ie vad\u012bbas kontrolleri nodro\u0161ina prec\u012bzu gr\u012bdas un gaisa temperat\u016bras regul\u0113\u0161anu, ener\u0123ijas ietaup\u012bjumu un \u0113rtu att\u0101lin\u0101tu vad\u012bbu ar viedt\u0101lruni.<\/p><p data-start=\"600\" data-end=\"753\" data-is-last-node=\"\" data-is-only-node=\"\"><strong data-start=\"600\" data-end=\"641\">Sniega un ledus aizsardz\u012bbas sist\u0113mas<\/strong><br data-start=\"641\" data-end=\"644\" \/>Specializ\u0113ti kabe\u013ci \u0101ra zon\u0101m, jumtiem un notekcaurul\u0113m, lai nov\u0113rstu ledus uzkr\u0101\u0161anos un l\u0101steku veido\u0161anos.<\/p>\t\t\t\t\t\t<\/div>\n\t\t\t\t<\/div>\n\t\t\t\t<div class=\"elementor-element elementor-element-72a4736 exad-sticky-section-no exad-glass-effect-no sc_fly_static elementor-widget elementor-widget-heading\" data-id=\"72a4736\" data-element_type=\"widget\" data-widget_type=\"heading.default\">\n\t\t\t\t<div class=\"elementor-widget-container\">\n\t\t\t<h6 class=\"elementor-heading-title elementor-size-default\">Galven\u0101s priek\u0161roc\u012bbas<\/h6>\t\t<\/div>\n\t\t\t\t<\/div>\n\t\t\t\t<div class=\"elementor-element elementor-element-2845ec4 exad-sticky-section-no exad-glass-effect-no sc_fly_static elementor-widget elementor-widget-text-editor\" data-id=\"2845ec4\" data-element_type=\"widget\" data-widget_type=\"text-editor.default\">\n\t\t\t\t<div class=\"elementor-widget-container\">\n\t\t\t\t\t\t\t<ul><li data-start=\"24\" data-end=\"78\"><p data-start=\"26\" data-end=\"78\">Uzticam\u012bba un ilgm\u016b\u017e\u012bba \u2014 garantija l\u012bdz 20 gadiem<\/p><\/li><li data-start=\"79\" data-end=\"110\"><p data-start=\"81\" data-end=\"110\">Eiropas ra\u017eo\u0161anas kvalit\u0101te<\/p><\/li><li data-start=\"111\" data-end=\"156\"><p data-start=\"113\" data-end=\"156\">Moderns dizains un \u0113rta, saprotama vad\u012bba<\/p><\/li><li data-start=\"157\" data-end=\"183\"><p data-start=\"159\" data-end=\"183\">Energoefekt\u012bva darb\u012bba<\/p><\/li><li data-start=\"184\" data-end=\"252\" data-is-last-node=\"\"><p data-start=\"186\" data-end=\"252\" data-is-last-node=\"\">Pla\u0161s risin\u0101jumu kl\u0101sts gan dz\u012bvojam\u0101m, gan komerci\u0101l\u0101m vajadz\u012bb\u0101m<\/p><\/li><\/ul>\t\t\t\t\t\t<\/div>\n\t\t\t\t<\/div>\n\t\t<div class=\"elementor-element elementor-element-22b6d38 sc_layouts_hide_on_wide sc_layouts_hide_on_desktop sc_layouts_hide_on_notebook sc_layouts_hide_on_tablet sc_layouts_hide_on_mobile e-flex e-con-boxed sc_inner_width_none sc_layouts_column_icons_position_left e-con e-child\" data-id=\"22b6d38\" data-element_type=\"container\">\n\t\t\t\t\t<div class=\"e-con-inner\">\n\t\t\t\t<div class=\"elementor-element elementor-element-10452dc exad-sticky-section-no exad-glass-effect-no sc_fly_static elementor-widget elementor-widget-trx_widget_video\" data-id=\"10452dc\" data-element_type=\"widget\" data-widget_type=\"trx_widget_video.default\">\n\t\t\t\t<div class=\"elementor-widget-container\">\n\t\t\t<div class=\"widget_area sc_widget_video\"><aside class=\"widget widget_video\"><div id=\"sc_video_1422197899\" class=\"trx_addons_video_player without_cover\"><div class=\"video_embed video_frame\"><iframe src=\"https:\/\/www.youtube.com\/embed\/MyErghcEbqU?si=Do_WhXafgA7h2nCd&#038;feature=oembed&#038;wmode=transparent&#038;origin=https%3A%2F%2Fnordic-comfort.com%2Flv%2F&#038;widgetid=1&#038;enablejsapi=1&#038;disablekb=1&#038;modestbranding=1&#038;iv_load_policy=3&#038;rel=0&#038;showinfo=0&#038;playsinline=1\" width=\"1320\" height=\"743\"><\/iframe><\/div><\/div><\/aside><\/div>\t\t<\/div>\n\t\t\t\t<\/div>\n\t\t\t\t\t<\/div>\n\t\t\t\t<\/div>\n\t\t\t\t\t<\/div>\n\t\t\t\t<\/div>\n\t\t<div class=\"elementor-element elementor-element-15dde9f brand e-flex e-con-boxed sc_inner_width_none sc_layouts_column_icons_position_left e-con e-parent\" data-id=\"15dde9f\" data-element_type=\"container\" data-settings=\"{&quot;background_background&quot;:&quot;classic&quot;}\">\n\t\t\t\t\t<div class=\"e-con-inner\">\n\t\t\t\t<div class=\"elementor-element elementor-element-e66d51b exad-sticky-section-no exad-glass-effect-no sc_fly_static elementor-widget elementor-widget-heading\" data-id=\"e66d51b\" data-element_type=\"widget\" data-widget_type=\"heading.default\">\n\t\t\t\t<div class=\"elementor-widget-container\">\n\t\t\t<h4 class=\"elementor-heading-title elementor-size-default\">Izv\u0113lieties kategoriju<\/h4>\t\t<\/div>\n\t\t\t\t<\/div>\n\t\t<div class=\"e-con-gap-no elementor-element elementor-element-bb43888 e-con-full product_categories e-flex sc_inner_width_none sc_layouts_column_icons_position_left e-con e-child\" data-id=\"bb43888\" data-element_type=\"container\">\n\t\t<div class=\"elementor-element elementor-element-3bdf0f7 e-con-full e-flex sc_inner_width_none sc_layouts_column_icons_position_left e-con e-child\" data-id=\"3bdf0f7\" data-element_type=\"container\">\n\t\t\t\t<div class=\"elementor-element elementor-element-256819f product_category elementor-position-top exad-sticky-section-no exad-glass-effect-no sc_fly_static elementor-widget elementor-widget-image-box\" data-id=\"256819f\" data-element_type=\"widget\" data-widget_type=\"image-box.default\">\n\t\t\t\t<div class=\"elementor-widget-container\">\n\t\t\t<div class=\"elementor-image-box-wrapper\"><figure class=\"elementor-image-box-img\"><a href=\"https:\/\/nordic-comfort.com\/lv\/our-products\/sauna-heaters\/\" tabindex=\"-1\"><img decoding=\"async\" width=\"423\" height=\"380\" src=\"https:\/\/nordic-comfort.com\/wp-content\/uploads\/2024\/07\/sauna_heaters.png\" class=\"attachment-full size-full wp-image-47547\" alt=\"\" srcset=\"https:\/\/nordic-comfort.com\/wp-content\/uploads\/2024\/07\/sauna_heaters.png 423w, https:\/\/nordic-comfort.com\/wp-content\/uploads\/2024\/07\/sauna_heaters-300x270.png 300w, https:\/\/nordic-comfort.com\/wp-content\/uploads\/2024\/07\/sauna_heaters-370x332.png 370w, https:\/\/nordic-comfort.com\/wp-content\/uploads\/2024\/07\/sauna_heaters-410x368.png 410w\" sizes=\"(max-width: 600px) 100vw, 423px\" \/><\/a><\/figure><div class=\"elementor-image-box-content\"><h4 class=\"elementor-image-box-title\"><a href=\"https:\/\/nordic-comfort.com\/lv\/our-products\/sauna-heaters\/\">Pirts kr\u0101snis<\/a><\/h4><\/div><\/div>\t\t<\/div>\n\t\t\t\t<\/div>\n\t\t\t\t<\/div>\n\t\t\t\t<\/div>\n\t\t\t\t\t<\/div>\n\t\t\t\t<\/div>\n\t\t<div class=\"elementor-element elementor-element-cd2e0d4 brands_products e-flex e-con-boxed sc_inner_width_none sc_layouts_column_icons_position_left e-con e-parent\" data-id=\"cd2e0d4\" data-element_type=\"container\" data-settings=\"{&quot;background_background&quot;:&quot;classic&quot;}\">\n\t\t\t\t\t<div class=\"e-con-inner\">\n\t\t<div class=\"e-con-gap-no elementor-element elementor-element-00d065f e-con-full e-flex sc_inner_width_none sc_layouts_column_icons_position_left e-con e-child\" data-id=\"00d065f\" data-element_type=\"container\">\n\t\t<div class=\"elementor-element elementor-element-509ddb3 e-flex e-con-boxed sc_inner_width_none sc_layouts_column_icons_position_left e-con e-child\" data-id=\"509ddb3\" data-element_type=\"container\">\n\t\t\t\t\t<div class=\"e-con-inner\">\n\t\t\t\t<div class=\"elementor-element elementor-element-e0c86b6 exad-sticky-section-no exad-glass-effect-no sc_fly_static elementor-widget elementor-widget-heading\" data-id=\"e0c86b6\" data-element_type=\"widget\" data-widget_type=\"heading.default\">\n\t\t\t\t<div class=\"elementor-widget-container\">\n\t\t\t<h4 class=\"elementor-heading-title elementor-size-default\">Ieteicamie produkti<\/h4>\t\t<\/div>\n\t\t\t\t<\/div>\n\t\t\t\t\t<\/div>\n\t\t\t\t<\/div>\n\t\t\t\t<\/div>\n\t\t\t\t<div class=\"elementor-element elementor-element-a92fb49 product_slider elementor-arrows-position-inside exad-sticky-section-no exad-glass-effect-no sc_fly_static elementor-widget elementor-widget-loop-carousel\" data-id=\"a92fb49\" data-element_type=\"widget\" data-settings=\"{&quot;template_id&quot;:57090,&quot;slides_to_show&quot;:&quot;4&quot;,&quot;slides_to_show_laptop&quot;:&quot;4&quot;,&quot;slides_to_show_tablet&quot;:&quot;3&quot;,&quot;_skin&quot;:&quot;post&quot;,&quot;slides_to_show_widescreen&quot;:&quot;3&quot;,&quot;slides_to_show_tablet_extra&quot;:&quot;3&quot;,&quot;slides_to_show_mobile_extra&quot;:&quot;2&quot;,&quot;slides_to_show_mobile&quot;:&quot;1&quot;,&quot;slides_to_scroll&quot;:&quot;1&quot;,&quot;edit_handle_selector&quot;:&quot;.elementor-widget-container&quot;,&quot;speed&quot;:500,&quot;arrows&quot;:&quot;yes&quot;,&quot;image_spacing_custom&quot;:{&quot;unit&quot;:&quot;px&quot;,&quot;size&quot;:10,&quot;sizes&quot;:[]},&quot;image_spacing_custom_widescreen&quot;:{&quot;unit&quot;:&quot;px&quot;,&quot;size&quot;:&quot;&quot;,&quot;sizes&quot;:[]},&quot;image_spacing_custom_laptop&quot;:{&quot;unit&quot;:&quot;px&quot;,&quot;size&quot;:&quot;&quot;,&quot;sizes&quot;:[]},&quot;image_spacing_custom_tablet_extra&quot;:{&quot;unit&quot;:&quot;px&quot;,&quot;size&quot;:&quot;&quot;,&quot;sizes&quot;:[]},&quot;image_spacing_custom_tablet&quot;:{&quot;unit&quot;:&quot;px&quot;,&quot;size&quot;:&quot;&quot;,&quot;sizes&quot;:[]},&quot;image_spacing_custom_mobile_extra&quot;:{&quot;unit&quot;:&quot;px&quot;,&quot;size&quot;:&quot;&quot;,&quot;sizes&quot;:[]},&quot;image_spacing_custom_mobile&quot;:{&quot;unit&quot;:&quot;px&quot;,&quot;size&quot;:&quot;&quot;,&quot;sizes&quot;:[]}}\" data-widget_type=\"loop-carousel.post\">\n\t\t\t\t<div class=\"elementor-widget-container\">\n\t\t\t\t\t<div class=\"e-loop-nothing-found-message\">\n\t\t<\/div>\n\t\t\t\t<\/div>\n\t\t\t\t<\/div>\n\t\t\t\t\t<\/div>\n\t\t\t\t<\/div>\n\t\t\t\t<\/div>\n\t\t","protected":false},"excerpt":{"rendered":"<p>Par Grand Meyer Grand Meyer Grand Meyer ir Eiropas ra\u017eot\u0101js, kas izstr\u0101d\u0101 un ra\u017eo apsildes kabe\u013cus, gr\u012bdas apsildes sist\u0113mas un termostatus ar vair\u0101k nek\u0101 20 gadu pieredzi. Uz\u0146\u0113mums specializ\u0113jas uzticamos&hellip;<\/p>\n","protected":false},"author":4,"featured_media":60717,"parent":52859,"menu_order":0,"comment_status":"closed","ping_status":"closed","template":"","meta":{"_acf_changed":false,"footnotes":""},"categories":[],"tags":[],"class_list":["post-53205","page","type-page","status-publish","has-post-thumbnail","hentry"],"acf":[],"aioseo_notices":[],"_links":{"self":[{"href":"https:\/\/nordic-comfort.com\/lv\/wp-json\/wp\/v2\/pages\/53205","targetHints":{"allow":["GET"]}}],"collection":[{"href":"https:\/\/nordic-comfort.com\/lv\/wp-json\/wp\/v2\/pages"}],"about":[{"href":"https:\/\/nordic-comfort.com\/lv\/wp-json\/wp\/v2\/types\/page"}],"author":[{"embeddable":true,"href":"https:\/\/nordic-comfort.com\/lv\/wp-json\/wp\/v2\/users\/4"}],"replies":[{"embeddable":true,"href":"https:\/\/nordic-comfort.com\/lv\/wp-json\/wp\/v2\/comments?post=53205"}],"version-history":[{"count":12,"href":"https:\/\/nordic-comfort.com\/lv\/wp-json\/wp\/v2\/pages\/53205\/revisions"}],"predecessor-version":[{"id":60828,"href":"https:\/\/nordic-comfort.com\/lv\/wp-json\/wp\/v2\/pages\/53205\/revisions\/60828"}],"up":[{"embeddable":true,"href":"https:\/\/nordic-comfort.com\/lv\/wp-json\/wp\/v2\/pages\/52859"}],"wp:featuredmedia":[{"embeddable":true,"href":"https:\/\/nordic-comfort.com\/lv\/wp-json\/wp\/v2\/media\/60717"}],"wp:attachment":[{"href":"https:\/\/nordic-comfort.com\/lv\/wp-json\/wp\/v2\/media?parent=53205"}],"wp:term":[{"taxonomy":"category","embeddable":true,"href":"https:\/\/nordic-comfort.com\/lv\/wp-json\/wp\/v2\/categories?post=53205"},{"taxonomy":"post_tag","embeddable":true,"href":"https:\/\/nordic-comfort.com\/lv\/wp-json\/wp\/v2\/tags?post=53205"}],"curies":[{"name":"wp","href":"https:\/\/api.w.org\/{rel}","templated":true}]}}