{"id":55237,"date":"2024-07-04T08:58:35","date_gmt":"2024-07-04T05:58:35","guid":{"rendered":"https:\/\/nordic-comfort.com\/our-products\/water-heaters\/"},"modified":"2024-08-09T18:23:58","modified_gmt":"2024-08-09T15:23:58","slug":"water-heaters","status":"publish","type":"page","link":"https:\/\/nordic-comfort.com\/lv\/our-products\/water-heaters\/","title":{"rendered":"\u016adens sild\u012bt\u0101ji"},"content":{"rendered":"\t\t<div data-elementor-type=\"wp-page\" data-elementor-id=\"55237\" class=\"elementor elementor-55237 elementor-47840\" data-elementor-post-type=\"page\">\n\t\t\t\t<div class=\"elementor-element elementor-element-4535aa6 e-con-full e-flex sc_inner_width_none sc_layouts_column_icons_position_left e-con e-parent\" data-id=\"4535aa6\" data-element_type=\"container\" data-settings=\"{&quot;background_background&quot;:&quot;classic&quot;}\">\n\t\t\t\t<div class=\"elementor-element elementor-element-d0cecb7 breadcrumbs exad-sticky-section-no exad-glass-effect-no sc_fly_static elementor-widget elementor-widget-shortcode\" data-id=\"d0cecb7\" data-element_type=\"widget\" data-widget_type=\"shortcode.default\">\n\t\t\t\t<div class=\"elementor-widget-container\">\n\t\t\t\t\t<div class=\"elementor-shortcode\"><div class=\"aioseo-breadcrumbs\"><span class=\"aioseo-breadcrumb\">\n\tMain page\n<\/span><\/div><\/div>\n\t\t\t\t<\/div>\n\t\t\t\t<\/div>\n\t\t\t\t<div class=\"elementor-element elementor-element-abdfb07 exad-sticky-section-no exad-glass-effect-no sc_fly_static elementor-widget elementor-widget-heading\" data-id=\"abdfb07\" data-element_type=\"widget\" data-widget_type=\"heading.default\">\n\t\t\t\t<div class=\"elementor-widget-container\">\n\t\t\t<h1 class=\"elementor-heading-title elementor-size-default\">\u016adens sild\u012bt\u0101ji<\/h1>\t\t<\/div>\n\t\t\t\t<\/div>\n\t\t\t\t<\/div>\n\t\t<div class=\"elementor-element elementor-element-9496987 e-flex e-con-boxed sc_inner_width_none sc_layouts_column_icons_position_left e-con e-parent\" data-id=\"9496987\" data-element_type=\"container\" data-settings=\"{&quot;background_background&quot;:&quot;classic&quot;}\">\n\t\t\t\t\t<div class=\"e-con-inner\">\n\t\t\t\t<div class=\"elementor-element elementor-element-3dc85f8 exad-sticky-section-no exad-glass-effect-no sc_fly_static elementor-widget elementor-widget-heading\" data-id=\"3dc85f8\" data-element_type=\"widget\" data-widget_type=\"heading.default\">\n\t\t\t\t<div class=\"elementor-widget-container\">\n\t\t\t<h4 class=\"elementor-heading-title elementor-size-default\">Izv\u0113lieties apak\u0161kategoriju<\/h4>\t\t<\/div>\n\t\t\t\t<\/div>\n\t\t<div class=\"e-con-gap-no elementor-element elementor-element-9f3ae86 e-con-full e-flex sc_inner_width_none sc_layouts_column_icons_position_left e-con e-child\" data-id=\"9f3ae86\" data-element_type=\"container\">\n\t\t<div class=\"elementor-element elementor-element-bc26ae3 e-con-full category_column e-flex sc_inner_width_none sc_layouts_column_icons_position_left e-con e-child\" data-id=\"bc26ae3\" data-element_type=\"container\" data-settings=\"{&quot;background_background&quot;:&quot;classic&quot;}\">\n\t\t\t\t<div class=\"elementor-element elementor-element-eb2ecd9 exad-sticky-section-no exad-glass-effect-no sc_fly_static elementor-widget elementor-widget-image\" data-id=\"eb2ecd9\" data-element_type=\"widget\" data-widget_type=\"image.default\">\n\t\t\t\t<div class=\"elementor-widget-container\">\n\t\t\t\t\t\t\t\t\t\t\t\t\t\t<a href=\"https:\/\/nordic-comfort.com\/lv\/our-products\/water-heaters\/storage-water-heaters\/\">\n\t\t\t\t\t\t\t<img fetchpriority=\"high\" decoding=\"async\" width=\"1429\" height=\"1429\" src=\"https:\/\/nordic-comfort.com\/wp-content\/uploads\/2024\/07\/storage-water-heaters-Thermex.jpg\" class=\"attachment-full size-full wp-image-52083\" alt=\"\" srcset=\"https:\/\/nordic-comfort.com\/wp-content\/uploads\/2024\/07\/storage-water-heaters-Thermex.jpg 1429w, https:\/\/nordic-comfort.com\/wp-content\/uploads\/2024\/07\/storage-water-heaters-Thermex-300x300.jpg 300w, https:\/\/nordic-comfort.com\/wp-content\/uploads\/2024\/07\/storage-water-heaters-Thermex-1024x1024.jpg 1024w, https:\/\/nordic-comfort.com\/wp-content\/uploads\/2024\/07\/storage-water-heaters-Thermex-150x150.jpg 150w, https:\/\/nordic-comfort.com\/wp-content\/uploads\/2024\/07\/storage-water-heaters-Thermex-768x768.jpg 768w, https:\/\/nordic-comfort.com\/wp-content\/uploads\/2024\/07\/storage-water-heaters-Thermex-370x370.jpg 370w, https:\/\/nordic-comfort.com\/wp-content\/uploads\/2024\/07\/storage-water-heaters-Thermex-120x120.jpg 120w, https:\/\/nordic-comfort.com\/wp-content\/uploads\/2024\/07\/storage-water-heaters-Thermex-840x840.jpg 840w, https:\/\/nordic-comfort.com\/wp-content\/uploads\/2024\/07\/storage-water-heaters-Thermex-410x410.jpg 410w, https:\/\/nordic-comfort.com\/wp-content\/uploads\/2024\/07\/storage-water-heaters-Thermex-600x600.jpg 600w\" sizes=\"(max-width: 1429px) 100vw, 1429px\" \/>\t\t\t\t\t\t\t\t<\/a>\n\t\t\t\t\t\t\t\t\t\t\t\t\t<\/div>\n\t\t\t\t<\/div>\n\t\t\t\t<div class=\"elementor-element elementor-element-915ec78 elementor-widget-divider--view-line exad-sticky-section-no exad-glass-effect-no sc_fly_static elementor-widget elementor-widget-divider\" data-id=\"915ec78\" data-element_type=\"widget\" data-widget_type=\"divider.default\">\n\t\t\t\t<div class=\"elementor-widget-container\">\n\t\t\t\t\t<div class=\"elementor-divider\">\n\t\t\t<span class=\"elementor-divider-separator\">\n\t\t\t\t\t\t<\/span>\n\t\t<\/div>\n\t\t\t\t<\/div>\n\t\t\t\t<\/div>\n\t\t\t\t<div class=\"elementor-element elementor-element-6dafba2 category_title exad-sticky-section-no exad-glass-effect-no sc_fly_static elementor-widget elementor-widget-heading\" data-id=\"6dafba2\" data-element_type=\"widget\" data-widget_type=\"heading.default\">\n\t\t\t\t<div class=\"elementor-widget-container\">\n\t\t\t<h6 class=\"elementor-heading-title elementor-size-default\"><a href=\"https:\/\/nordic-comfort.com\/lv\/our-products\/water-heaters\/storage-water-heaters\/\">Elektriskie \u016bdens sild\u012bt\u0101ji<\/a><\/h6>\t\t<\/div>\n\t\t\t\t<\/div>\n\t\t\t\t<\/div>\n\t\t<div class=\"elementor-element elementor-element-f92d860 e-con-full category_column e-flex sc_inner_width_none sc_layouts_column_icons_position_left e-con e-child\" data-id=\"f92d860\" data-element_type=\"container\" data-settings=\"{&quot;background_background&quot;:&quot;classic&quot;}\">\n\t\t\t\t<div class=\"elementor-element elementor-element-c57458a exad-sticky-section-no exad-glass-effect-no sc_fly_static elementor-widget elementor-widget-image\" data-id=\"c57458a\" data-element_type=\"widget\" data-widget_type=\"image.default\">\n\t\t\t\t<div class=\"elementor-widget-container\">\n\t\t\t\t\t\t\t\t\t\t\t\t\t\t<a href=\"https:\/\/nordic-comfort.com\/lv\/our-products\/water-heaters\/gas-water-heaters\/\">\n\t\t\t\t\t\t\t<img decoding=\"async\" width=\"1629\" height=\"1630\" src=\"https:\/\/nordic-comfort.com\/wp-content\/uploads\/2024\/08\/nanoplus-electrolux-gas-water-heater.jpg\" class=\"attachment-full size-full wp-image-58816\" alt=\"\" srcset=\"https:\/\/nordic-comfort.com\/wp-content\/uploads\/2024\/08\/nanoplus-electrolux-gas-water-heater.jpg 1629w, https:\/\/nordic-comfort.com\/wp-content\/uploads\/2024\/08\/nanoplus-electrolux-gas-water-heater-300x300.jpg 300w, https:\/\/nordic-comfort.com\/wp-content\/uploads\/2024\/08\/nanoplus-electrolux-gas-water-heater-1024x1024.jpg 1024w, https:\/\/nordic-comfort.com\/wp-content\/uploads\/2024\/08\/nanoplus-electrolux-gas-water-heater-150x150.jpg 150w, https:\/\/nordic-comfort.com\/wp-content\/uploads\/2024\/08\/nanoplus-electrolux-gas-water-heater-768x768.jpg 768w, https:\/\/nordic-comfort.com\/wp-content\/uploads\/2024\/08\/nanoplus-electrolux-gas-water-heater-1536x1536.jpg 1536w, https:\/\/nordic-comfort.com\/wp-content\/uploads\/2024\/08\/nanoplus-electrolux-gas-water-heater-370x370.jpg 370w, https:\/\/nordic-comfort.com\/wp-content\/uploads\/2024\/08\/nanoplus-electrolux-gas-water-heater-120x120.jpg 120w, https:\/\/nordic-comfort.com\/wp-content\/uploads\/2024\/08\/nanoplus-electrolux-gas-water-heater-840x841.jpg 840w, https:\/\/nordic-comfort.com\/wp-content\/uploads\/2024\/08\/nanoplus-electrolux-gas-water-heater-410x410.jpg 410w, https:\/\/nordic-comfort.com\/wp-content\/uploads\/2024\/08\/nanoplus-electrolux-gas-water-heater-600x600.jpg 600w\" sizes=\"(max-width: 1629px) 100vw, 1629px\" \/>\t\t\t\t\t\t\t\t<\/a>\n\t\t\t\t\t\t\t\t\t\t\t\t\t<\/div>\n\t\t\t\t<\/div>\n\t\t\t\t<div class=\"elementor-element elementor-element-c87dcde elementor-widget-divider--view-line exad-sticky-section-no exad-glass-effect-no sc_fly_static elementor-widget elementor-widget-divider\" data-id=\"c87dcde\" data-element_type=\"widget\" data-widget_type=\"divider.default\">\n\t\t\t\t<div class=\"elementor-widget-container\">\n\t\t\t\t\t<div class=\"elementor-divider\">\n\t\t\t<span class=\"elementor-divider-separator\">\n\t\t\t\t\t\t<\/span>\n\t\t<\/div>\n\t\t\t\t<\/div>\n\t\t\t\t<\/div>\n\t\t\t\t<div class=\"elementor-element elementor-element-51f036b category_title exad-sticky-section-no exad-glass-effect-no sc_fly_static elementor-widget elementor-widget-heading\" data-id=\"51f036b\" data-element_type=\"widget\" data-widget_type=\"heading.default\">\n\t\t\t\t<div class=\"elementor-widget-container\">\n\t\t\t<h6 class=\"elementor-heading-title elementor-size-default\"><a href=\"https:\/\/nordic-comfort.com\/lv\/our-products\/water-heaters\/gas-water-heaters\/\">G\u0101zes \u016bdens sild\u012bt\u0101ji<\/a><\/h6>\t\t<\/div>\n\t\t\t\t<\/div>\n\t\t\t\t<\/div>\n\t\t<div class=\"elementor-element elementor-element-fc06c45 e-con-full category_column e-flex sc_inner_width_none sc_layouts_column_icons_position_left e-con e-child\" data-id=\"fc06c45\" data-element_type=\"container\" data-settings=\"{&quot;background_background&quot;:&quot;classic&quot;}\">\n\t\t\t\t<div class=\"elementor-element elementor-element-b8174d0 exad-sticky-section-no exad-glass-effect-no sc_fly_static elementor-widget elementor-widget-image\" data-id=\"b8174d0\" data-element_type=\"widget\" data-widget_type=\"image.default\">\n\t\t\t\t<div class=\"elementor-widget-container\">\n\t\t\t\t\t\t\t\t\t\t\t\t\t\t<a href=\"https:\/\/nordic-comfort.com\/lv\/our-products\/water-heaters\/instant-water-heaters\/\">\n\t\t\t\t\t\t\t<img decoding=\"async\" width=\"1890\" height=\"1890\" src=\"https:\/\/nordic-comfort.com\/wp-content\/uploads\/2024\/08\/DSF35EA1W-instant-water-heater-midea.jpg\" class=\"attachment-full size-full wp-image-58824\" alt=\"\" srcset=\"https:\/\/nordic-comfort.com\/wp-content\/uploads\/2024\/08\/DSF35EA1W-instant-water-heater-midea.jpg 1890w, https:\/\/nordic-comfort.com\/wp-content\/uploads\/2024\/08\/DSF35EA1W-instant-water-heater-midea-300x300.jpg 300w, https:\/\/nordic-comfort.com\/wp-content\/uploads\/2024\/08\/DSF35EA1W-instant-water-heater-midea-1024x1024.jpg 1024w, https:\/\/nordic-comfort.com\/wp-content\/uploads\/2024\/08\/DSF35EA1W-instant-water-heater-midea-150x150.jpg 150w, https:\/\/nordic-comfort.com\/wp-content\/uploads\/2024\/08\/DSF35EA1W-instant-water-heater-midea-768x768.jpg 768w, https:\/\/nordic-comfort.com\/wp-content\/uploads\/2024\/08\/DSF35EA1W-instant-water-heater-midea-1536x1536.jpg 1536w, https:\/\/nordic-comfort.com\/wp-content\/uploads\/2024\/08\/DSF35EA1W-instant-water-heater-midea-370x370.jpg 370w, https:\/\/nordic-comfort.com\/wp-content\/uploads\/2024\/08\/DSF35EA1W-instant-water-heater-midea-120x120.jpg 120w, https:\/\/nordic-comfort.com\/wp-content\/uploads\/2024\/08\/DSF35EA1W-instant-water-heater-midea-840x840.jpg 840w, https:\/\/nordic-comfort.com\/wp-content\/uploads\/2024\/08\/DSF35EA1W-instant-water-heater-midea-410x410.jpg 410w, https:\/\/nordic-comfort.com\/wp-content\/uploads\/2024\/08\/DSF35EA1W-instant-water-heater-midea-600x600.jpg 600w\" sizes=\"(max-width: 1890px) 100vw, 1890px\" \/>\t\t\t\t\t\t\t\t<\/a>\n\t\t\t\t\t\t\t\t\t\t\t\t\t<\/div>\n\t\t\t\t<\/div>\n\t\t\t\t<div class=\"elementor-element elementor-element-fa7b237 elementor-widget-divider--view-line exad-sticky-section-no exad-glass-effect-no sc_fly_static elementor-widget elementor-widget-divider\" data-id=\"fa7b237\" data-element_type=\"widget\" data-widget_type=\"divider.default\">\n\t\t\t\t<div class=\"elementor-widget-container\">\n\t\t\t\t\t<div class=\"elementor-divider\">\n\t\t\t<span class=\"elementor-divider-separator\">\n\t\t\t\t\t\t<\/span>\n\t\t<\/div>\n\t\t\t\t<\/div>\n\t\t\t\t<\/div>\n\t\t\t\t<div class=\"elementor-element elementor-element-790c747 category_title exad-sticky-section-no exad-glass-effect-no sc_fly_static elementor-widget elementor-widget-heading\" data-id=\"790c747\" data-element_type=\"widget\" data-widget_type=\"heading.default\">\n\t\t\t\t<div class=\"elementor-widget-container\">\n\t\t\t<h6 class=\"elementor-heading-title elementor-size-default\"><a href=\"https:\/\/nordic-comfort.com\/lv\/our-products\/water-heaters\/instant-water-heaters\/\">\u0100trie \u016bdens sild\u012bt\u0101ji<\/a><\/h6>\t\t<\/div>\n\t\t\t\t<\/div>\n\t\t\t\t<\/div>\n\t\t\t\t<\/div>\n\t\t\t\t\t<\/div>\n\t\t\t\t<\/div>\n\t\t<div class=\"elementor-element elementor-element-794012f brands_products e-flex e-con-boxed sc_inner_width_none sc_layouts_column_icons_position_left e-con e-parent\" data-id=\"794012f\" data-element_type=\"container\" data-settings=\"{&quot;background_background&quot;:&quot;classic&quot;}\">\n\t\t\t\t\t<div class=\"e-con-inner\">\n\t\t<div class=\"e-con-gap-no elementor-element elementor-element-0bed333 e-con-full e-flex sc_inner_width_none sc_layouts_column_icons_position_left e-con e-child\" data-id=\"0bed333\" data-element_type=\"container\">\n\t\t<div class=\"elementor-element elementor-element-fa195d1 e-flex e-con-boxed sc_inner_width_none sc_layouts_column_icons_position_left e-con e-child\" data-id=\"fa195d1\" data-element_type=\"container\">\n\t\t\t\t\t<div class=\"e-con-inner\">\n\t\t\t\t<div class=\"elementor-element elementor-element-f088fc0 exad-sticky-section-no exad-glass-effect-no sc_fly_static elementor-widget elementor-widget-heading\" data-id=\"f088fc0\" data-element_type=\"widget\" data-widget_type=\"heading.default\">\n\t\t\t\t<div class=\"elementor-widget-container\">\n\t\t\t<h4 class=\"elementor-heading-title elementor-size-default\">Ieteicamie produkti<\/h4>\t\t<\/div>\n\t\t\t\t<\/div>\n\t\t\t\t\t<\/div>\n\t\t\t\t<\/div>\n\t\t\t\t<\/div>\n\t\t\t\t<div class=\"elementor-element elementor-element-a2e38df product_slider elementor-arrows-position-inside exad-sticky-section-no exad-glass-effect-no sc_fly_static elementor-widget elementor-widget-loop-carousel\" data-id=\"a2e38df\" data-element_type=\"widget\" data-settings=\"{&quot;template_id&quot;:57090,&quot;slides_to_show&quot;:&quot;4&quot;,&quot;slides_to_show_laptop&quot;:&quot;4&quot;,&quot;slides_to_show_tablet&quot;:&quot;3&quot;,&quot;_skin&quot;:&quot;post&quot;,&quot;slides_to_show_widescreen&quot;:&quot;3&quot;,&quot;slides_to_show_tablet_extra&quot;:&quot;3&quot;,&quot;slides_to_show_mobile_extra&quot;:&quot;2&quot;,&quot;slides_to_show_mobile&quot;:&quot;1&quot;,&quot;slides_to_scroll&quot;:&quot;1&quot;,&quot;edit_handle_selector&quot;:&quot;.elementor-widget-container&quot;,&quot;speed&quot;:500,&quot;arrows&quot;:&quot;yes&quot;,&quot;image_spacing_custom&quot;:{&quot;unit&quot;:&quot;px&quot;,&quot;size&quot;:10,&quot;sizes&quot;:[]},&quot;image_spacing_custom_widescreen&quot;:{&quot;unit&quot;:&quot;px&quot;,&quot;size&quot;:&quot;&quot;,&quot;sizes&quot;:[]},&quot;image_spacing_custom_laptop&quot;:{&quot;unit&quot;:&quot;px&quot;,&quot;size&quot;:&quot;&quot;,&quot;sizes&quot;:[]},&quot;image_spacing_custom_tablet_extra&quot;:{&quot;unit&quot;:&quot;px&quot;,&quot;size&quot;:&quot;&quot;,&quot;sizes&quot;:[]},&quot;image_spacing_custom_tablet&quot;:{&quot;unit&quot;:&quot;px&quot;,&quot;size&quot;:&quot;&quot;,&quot;sizes&quot;:[]},&quot;image_spacing_custom_mobile_extra&quot;:{&quot;unit&quot;:&quot;px&quot;,&quot;size&quot;:&quot;&quot;,&quot;sizes&quot;:[]},&quot;image_spacing_custom_mobile&quot;:{&quot;unit&quot;:&quot;px&quot;,&quot;size&quot;:&quot;&quot;,&quot;sizes&quot;:[]}}\" data-widget_type=\"loop-carousel.post\">\n\t\t\t\t<div class=\"elementor-widget-container\">\n\t\t\t\t\t<div class=\"e-loop-nothing-found-message\">\n\t\t<\/div>\n\t\t\t\t<\/div>\n\t\t\t\t<\/div>\n\t\t\t\t\t<\/div>\n\t\t\t\t<\/div>\n\t\t\t\t<\/div>\n\t\t","protected":false},"excerpt":{"rendered":"<p>\u016adens sild\u012bt\u0101ji Izv\u0113lieties apak\u0161kategoriju Elektriskie \u016bdens sild\u012bt\u0101ji G\u0101zes \u016bdens sild\u012bt\u0101ji \u0100trie \u016bdens sild\u012bt\u0101ji Ieteicamie produkti<\/p>\n","protected":false},"author":4,"featured_media":0,"parent":52828,"menu_order":0,"comment_status":"closed","ping_status":"closed","template":"","meta":{"_acf_changed":false,"footnotes":""},"categories":[],"tags":[],"class_list":["post-55237","page","type-page","status-publish","hentry"],"acf":[],"aioseo_notices":[],"_links":{"self":[{"href":"https:\/\/nordic-comfort.com\/lv\/wp-json\/wp\/v2\/pages\/55237","targetHints":{"allow":["GET"]}}],"collection":[{"href":"https:\/\/nordic-comfort.com\/lv\/wp-json\/wp\/v2\/pages"}],"about":[{"href":"https:\/\/nordic-comfort.com\/lv\/wp-json\/wp\/v2\/types\/page"}],"author":[{"embeddable":true,"href":"https:\/\/nordic-comfort.com\/lv\/wp-json\/wp\/v2\/users\/4"}],"replies":[{"embeddable":true,"href":"https:\/\/nordic-comfort.com\/lv\/wp-json\/wp\/v2\/comments?post=55237"}],"version-history":[{"count":3,"href":"https:\/\/nordic-comfort.com\/lv\/wp-json\/wp\/v2\/pages\/55237\/revisions"}],"predecessor-version":[{"id":59033,"href":"https:\/\/nordic-comfort.com\/lv\/wp-json\/wp\/v2\/pages\/55237\/revisions\/59033"}],"up":[{"embeddable":true,"href":"https:\/\/nordic-comfort.com\/lv\/wp-json\/wp\/v2\/pages\/52828"}],"wp:attachment":[{"href":"https:\/\/nordic-comfort.com\/lv\/wp-json\/wp\/v2\/media?parent=55237"}],"wp:term":[{"taxonomy":"category","embeddable":true,"href":"https:\/\/nordic-comfort.com\/lv\/wp-json\/wp\/v2\/categories?post=55237"},{"taxonomy":"post_tag","embeddable":true,"href":"https:\/\/nordic-comfort.com\/lv\/wp-json\/wp\/v2\/tags?post=55237"}],"curies":[{"name":"wp","href":"https:\/\/api.w.org\/{rel}","templated":true}]}}