{"id":56704,"date":"2024-07-06T19:39:18","date_gmt":"2024-07-06T19:39:18","guid":{"rendered":"https:\/\/nordic-comfort.com\/our-products\/towel-heaters\/electric-towel-heaters\/electric-towel-heater-lavina\/"},"modified":"2025-04-11T12:07:14","modified_gmt":"2025-04-11T09:07:14","slug":"electric-towel-heater-lavina","status":"publish","type":"page","link":"https:\/\/nordic-comfort.com\/lv\/our-products\/towel-heaters\/electric-towel-heaters\/electric-towel-heater-lavina\/","title":{"rendered":"Elektriskie dvie\u013cu sild\u012bt\u0101ji Lavina"},"content":{"rendered":"","protected":false},"excerpt":{"rendered":"","protected":false},"author":4,"featured_media":50225,"parent":55206,"menu_order":0,"comment_status":"closed","ping_status":"closed","template":"","meta":{"_acf_changed":false,"footnotes":""},"categories":[630,631],"tags":[868,481],"class_list":["post-56704","page","type-page","status-publish","has-post-thumbnail","hentry","category-towel-heaters-lv","category-electric-towel-heaters-laris-lv","tag-laris-lv","tag-products-lv"],"acf":[],"aioseo_notices":[],"_links":{"self":[{"href":"https:\/\/nordic-comfort.com\/lv\/wp-json\/wp\/v2\/pages\/56704","targetHints":{"allow":["GET"]}}],"collection":[{"href":"https:\/\/nordic-comfort.com\/lv\/wp-json\/wp\/v2\/pages"}],"about":[{"href":"https:\/\/nordic-comfort.com\/lv\/wp-json\/wp\/v2\/types\/page"}],"author":[{"embeddable":true,"href":"https:\/\/nordic-comfort.com\/lv\/wp-json\/wp\/v2\/users\/4"}],"replies":[{"embeddable":true,"href":"https:\/\/nordic-comfort.com\/lv\/wp-json\/wp\/v2\/comments?post=56704"}],"version-history":[{"count":1,"href":"https:\/\/nordic-comfort.com\/lv\/wp-json\/wp\/v2\/pages\/56704\/revisions"}],"predecessor-version":[{"id":60092,"href":"https:\/\/nordic-comfort.com\/lv\/wp-json\/wp\/v2\/pages\/56704\/revisions\/60092"}],"up":[{"embeddable":true,"href":"https:\/\/nordic-comfort.com\/lv\/wp-json\/wp\/v2\/pages\/55206"}],"wp:featuredmedia":[{"embeddable":true,"href":"https:\/\/nordic-comfort.com\/lv\/wp-json\/wp\/v2\/media\/50225"}],"wp:attachment":[{"href":"https:\/\/nordic-comfort.com\/lv\/wp-json\/wp\/v2\/media?parent=56704"}],"wp:term":[{"taxonomy":"category","embeddable":true,"href":"https:\/\/nordic-comfort.com\/lv\/wp-json\/wp\/v2\/categories?post=56704"},{"taxonomy":"post_tag","embeddable":true,"href":"https:\/\/nordic-comfort.com\/lv\/wp-json\/wp\/v2\/tags?post=56704"}],"curies":[{"name":"wp","href":"https:\/\/api.w.org\/{rel}","templated":true}]}}