{"id":56732,"date":"2024-07-06T19:25:48","date_gmt":"2024-07-06T19:25:48","guid":{"rendered":"https:\/\/nordic-comfort.com\/our-products\/towel-heaters\/electric-towel-heaters\/electric-towel-heater-felicia\/"},"modified":"2025-04-10T14:16:38","modified_gmt":"2025-04-10T11:16:38","slug":"electric-towel-heater-felicia","status":"publish","type":"page","link":"https:\/\/nordic-comfort.com\/lv\/our-products\/towel-heaters\/electric-towel-heaters\/electric-towel-heater-felicia\/","title":{"rendered":"Elektriskie dvie\u013cu sild\u012bt\u0101ji Felicia"},"content":{"rendered":"","protected":false},"excerpt":{"rendered":"","protected":false},"author":4,"featured_media":50021,"parent":55206,"menu_order":0,"comment_status":"closed","ping_status":"closed","template":"","meta":{"_acf_changed":false,"footnotes":""},"categories":[630,631],"tags":[868,481],"class_list":["post-56732","page","type-page","status-publish","has-post-thumbnail","hentry","category-towel-heaters-lv","category-electric-towel-heaters-laris-lv","tag-laris-lv","tag-products-lv"],"acf":[],"aioseo_notices":[],"_links":{"self":[{"href":"https:\/\/nordic-comfort.com\/lv\/wp-json\/wp\/v2\/pages\/56732","targetHints":{"allow":["GET"]}}],"collection":[{"href":"https:\/\/nordic-comfort.com\/lv\/wp-json\/wp\/v2\/pages"}],"about":[{"href":"https:\/\/nordic-comfort.com\/lv\/wp-json\/wp\/v2\/types\/page"}],"author":[{"embeddable":true,"href":"https:\/\/nordic-comfort.com\/lv\/wp-json\/wp\/v2\/users\/4"}],"replies":[{"embeddable":true,"href":"https:\/\/nordic-comfort.com\/lv\/wp-json\/wp\/v2\/comments?post=56732"}],"version-history":[{"count":1,"href":"https:\/\/nordic-comfort.com\/lv\/wp-json\/wp\/v2\/pages\/56732\/revisions"}],"predecessor-version":[{"id":60042,"href":"https:\/\/nordic-comfort.com\/lv\/wp-json\/wp\/v2\/pages\/56732\/revisions\/60042"}],"up":[{"embeddable":true,"href":"https:\/\/nordic-comfort.com\/lv\/wp-json\/wp\/v2\/pages\/55206"}],"wp:featuredmedia":[{"embeddable":true,"href":"https:\/\/nordic-comfort.com\/lv\/wp-json\/wp\/v2\/media\/50021"}],"wp:attachment":[{"href":"https:\/\/nordic-comfort.com\/lv\/wp-json\/wp\/v2\/media?parent=56732"}],"wp:term":[{"taxonomy":"category","embeddable":true,"href":"https:\/\/nordic-comfort.com\/lv\/wp-json\/wp\/v2\/categories?post=56732"},{"taxonomy":"post_tag","embeddable":true,"href":"https:\/\/nordic-comfort.com\/lv\/wp-json\/wp\/v2\/tags?post=56732"}],"curies":[{"name":"wp","href":"https:\/\/api.w.org\/{rel}","templated":true}]}}