{"id":56899,"date":"2024-07-05T22:10:12","date_gmt":"2024-07-05T22:10:12","guid":{"rendered":"https:\/\/nordic-comfort.com\/our-products\/water-heaters\/storage-water-heaters\/midea\/water-heater-salute-xpress\/"},"modified":"2025-04-21T13:40:12","modified_gmt":"2025-04-21T10:40:12","slug":"water-heater-salute-xpress","status":"publish","type":"page","link":"https:\/\/nordic-comfort.com\/lv\/our-products\/water-heaters\/storage-water-heaters\/midea\/water-heater-salute-xpress\/","title":{"rendered":"\u016adens sild\u012bt\u0101ji Salute Xpress"},"content":{"rendered":"","protected":false},"excerpt":{"rendered":"","protected":false},"author":4,"featured_media":48874,"parent":55289,"menu_order":0,"comment_status":"closed","ping_status":"closed","template":"","meta":{"_acf_changed":false,"footnotes":""},"categories":[663,654,661],"tags":[480,481],"class_list":["post-56899","page","type-page","status-publish","has-post-thumbnail","hentry","category-midea-lv-6","category-water-heaters-lv","category-storage-water-heaters-lv","tag-midea-2-lv","tag-products-lv"],"acf":[],"aioseo_notices":[],"_links":{"self":[{"href":"https:\/\/nordic-comfort.com\/lv\/wp-json\/wp\/v2\/pages\/56899","targetHints":{"allow":["GET"]}}],"collection":[{"href":"https:\/\/nordic-comfort.com\/lv\/wp-json\/wp\/v2\/pages"}],"about":[{"href":"https:\/\/nordic-comfort.com\/lv\/wp-json\/wp\/v2\/types\/page"}],"author":[{"embeddable":true,"href":"https:\/\/nordic-comfort.com\/lv\/wp-json\/wp\/v2\/users\/4"}],"replies":[{"embeddable":true,"href":"https:\/\/nordic-comfort.com\/lv\/wp-json\/wp\/v2\/comments?post=56899"}],"version-history":[{"count":1,"href":"https:\/\/nordic-comfort.com\/lv\/wp-json\/wp\/v2\/pages\/56899\/revisions"}],"predecessor-version":[{"id":60278,"href":"https:\/\/nordic-comfort.com\/lv\/wp-json\/wp\/v2\/pages\/56899\/revisions\/60278"}],"up":[{"embeddable":true,"href":"https:\/\/nordic-comfort.com\/lv\/wp-json\/wp\/v2\/pages\/55289"}],"wp:featuredmedia":[{"embeddable":true,"href":"https:\/\/nordic-comfort.com\/lv\/wp-json\/wp\/v2\/media\/48874"}],"wp:attachment":[{"href":"https:\/\/nordic-comfort.com\/lv\/wp-json\/wp\/v2\/media?parent=56899"}],"wp:term":[{"taxonomy":"category","embeddable":true,"href":"https:\/\/nordic-comfort.com\/lv\/wp-json\/wp\/v2\/categories?post=56899"},{"taxonomy":"post_tag","embeddable":true,"href":"https:\/\/nordic-comfort.com\/lv\/wp-json\/wp\/v2\/tags?post=56899"}],"curies":[{"name":"wp","href":"https:\/\/api.w.org\/{rel}","templated":true}]}}