{"id":56907,"date":"2024-07-05T21:53:48","date_gmt":"2024-07-05T21:53:48","guid":{"rendered":"https:\/\/nordic-comfort.com\/our-products\/water-heaters\/storage-water-heaters\/midea\/water-heater-lume-uno-wifi\/"},"modified":"2025-04-16T11:49:04","modified_gmt":"2025-04-16T08:49:04","slug":"water-heater-lume-uno-wifi","status":"publish","type":"page","link":"https:\/\/nordic-comfort.com\/lv\/our-products\/water-heaters\/storage-water-heaters\/midea\/water-heater-lume-uno-wifi\/","title":{"rendered":"\u016adens sild\u012bt\u0101ji Lume Uno WiFi"},"content":{"rendered":"","protected":false},"excerpt":{"rendered":"","protected":false},"author":4,"featured_media":48697,"parent":55289,"menu_order":0,"comment_status":"closed","ping_status":"closed","template":"","meta":{"_acf_changed":false,"footnotes":""},"categories":[663,654,661],"tags":[481],"class_list":["post-56907","page","type-page","status-publish","has-post-thumbnail","hentry","category-midea-lv-6","category-water-heaters-lv","category-storage-water-heaters-lv","tag-products-lv"],"acf":[],"aioseo_notices":[],"_links":{"self":[{"href":"https:\/\/nordic-comfort.com\/lv\/wp-json\/wp\/v2\/pages\/56907","targetHints":{"allow":["GET"]}}],"collection":[{"href":"https:\/\/nordic-comfort.com\/lv\/wp-json\/wp\/v2\/pages"}],"about":[{"href":"https:\/\/nordic-comfort.com\/lv\/wp-json\/wp\/v2\/types\/page"}],"author":[{"embeddable":true,"href":"https:\/\/nordic-comfort.com\/lv\/wp-json\/wp\/v2\/users\/4"}],"replies":[{"embeddable":true,"href":"https:\/\/nordic-comfort.com\/lv\/wp-json\/wp\/v2\/comments?post=56907"}],"version-history":[{"count":1,"href":"https:\/\/nordic-comfort.com\/lv\/wp-json\/wp\/v2\/pages\/56907\/revisions"}],"predecessor-version":[{"id":60229,"href":"https:\/\/nordic-comfort.com\/lv\/wp-json\/wp\/v2\/pages\/56907\/revisions\/60229"}],"up":[{"embeddable":true,"href":"https:\/\/nordic-comfort.com\/lv\/wp-json\/wp\/v2\/pages\/55289"}],"wp:featuredmedia":[{"embeddable":true,"href":"https:\/\/nordic-comfort.com\/lv\/wp-json\/wp\/v2\/media\/48697"}],"wp:attachment":[{"href":"https:\/\/nordic-comfort.com\/lv\/wp-json\/wp\/v2\/media?parent=56907"}],"wp:term":[{"taxonomy":"category","embeddable":true,"href":"https:\/\/nordic-comfort.com\/lv\/wp-json\/wp\/v2\/categories?post=56907"},{"taxonomy":"post_tag","embeddable":true,"href":"https:\/\/nordic-comfort.com\/lv\/wp-json\/wp\/v2\/tags?post=56907"}],"curies":[{"name":"wp","href":"https:\/\/api.w.org\/{rel}","templated":true}]}}