{"id":56915,"date":"2024-07-05T21:06:39","date_gmt":"2024-07-05T21:06:39","guid":{"rendered":"https:\/\/nordic-comfort.com\/our-products\/water-heaters\/storage-water-heaters\/midea\/water-heater-salute-flex-wifi\/"},"modified":"2025-04-16T15:43:36","modified_gmt":"2025-04-16T12:43:36","slug":"water-heater-salute-flex-wifi","status":"publish","type":"page","link":"https:\/\/nordic-comfort.com\/lv\/our-products\/water-heaters\/storage-water-heaters\/midea\/water-heater-salute-flex-wifi\/","title":{"rendered":"\u016adens sild\u012bt\u0101ji Salute Flex WiFi"},"content":{"rendered":"","protected":false},"excerpt":{"rendered":"","protected":false},"author":4,"featured_media":48576,"parent":55289,"menu_order":0,"comment_status":"closed","ping_status":"closed","template":"","meta":{"_acf_changed":false,"footnotes":""},"categories":[663,654,661],"tags":[481],"class_list":["post-56915","page","type-page","status-publish","has-post-thumbnail","hentry","category-midea-lv-6","category-water-heaters-lv","category-storage-water-heaters-lv","tag-products-lv"],"acf":[],"aioseo_notices":[],"_links":{"self":[{"href":"https:\/\/nordic-comfort.com\/lv\/wp-json\/wp\/v2\/pages\/56915","targetHints":{"allow":["GET"]}}],"collection":[{"href":"https:\/\/nordic-comfort.com\/lv\/wp-json\/wp\/v2\/pages"}],"about":[{"href":"https:\/\/nordic-comfort.com\/lv\/wp-json\/wp\/v2\/types\/page"}],"author":[{"embeddable":true,"href":"https:\/\/nordic-comfort.com\/lv\/wp-json\/wp\/v2\/users\/4"}],"replies":[{"embeddable":true,"href":"https:\/\/nordic-comfort.com\/lv\/wp-json\/wp\/v2\/comments?post=56915"}],"version-history":[{"count":1,"href":"https:\/\/nordic-comfort.com\/lv\/wp-json\/wp\/v2\/pages\/56915\/revisions"}],"predecessor-version":[{"id":60258,"href":"https:\/\/nordic-comfort.com\/lv\/wp-json\/wp\/v2\/pages\/56915\/revisions\/60258"}],"up":[{"embeddable":true,"href":"https:\/\/nordic-comfort.com\/lv\/wp-json\/wp\/v2\/pages\/55289"}],"wp:featuredmedia":[{"embeddable":true,"href":"https:\/\/nordic-comfort.com\/lv\/wp-json\/wp\/v2\/media\/48576"}],"wp:attachment":[{"href":"https:\/\/nordic-comfort.com\/lv\/wp-json\/wp\/v2\/media?parent=56915"}],"wp:term":[{"taxonomy":"category","embeddable":true,"href":"https:\/\/nordic-comfort.com\/lv\/wp-json\/wp\/v2\/categories?post=56915"},{"taxonomy":"post_tag","embeddable":true,"href":"https:\/\/nordic-comfort.com\/lv\/wp-json\/wp\/v2\/tags?post=56915"}],"curies":[{"name":"wp","href":"https:\/\/api.w.org\/{rel}","templated":true}]}}