{"id":53087,"date":"2024-06-07T08:36:24","date_gmt":"2024-06-07T05:36:24","guid":{"rendered":"https:\/\/nordic-comfort.com\/our-brands\/helika\/"},"modified":"2024-07-19T18:12:03","modified_gmt":"2024-07-19T15:12:03","slug":"helika","status":"publish","type":"page","link":"https:\/\/nordic-comfort.com\/pl\/our-brands\/helika\/","title":{"rendered":"Helika"},"content":{"rendered":"\t\t<div data-elementor-type=\"wp-page\" data-elementor-id=\"53087\" class=\"elementor elementor-53087 elementor-46103\" data-elementor-post-type=\"page\">\n\t\t\t\t<div class=\"elementor-element elementor-element-8c1297d e-con-full e-flex sc_inner_width_none sc_layouts_column_icons_position_left e-con e-parent\" data-id=\"8c1297d\" data-element_type=\"container\" data-e-type=\"container\" data-settings=\"{&quot;background_background&quot;:&quot;classic&quot;}\">\n\t\t\t\t<div class=\"elementor-element elementor-element-7e54986 breadcrumbs exad-sticky-section-no exad-glass-effect-no sc_fly_static elementor-widget elementor-widget-shortcode\" data-id=\"7e54986\" data-element_type=\"widget\" data-e-type=\"widget\" data-widget_type=\"shortcode.default\">\n\t\t\t\t<div class=\"elementor-widget-container\">\n\t\t\t\t\t\t\t<div class=\"elementor-shortcode\"><div class=\"aioseo-breadcrumbs\"><span class=\"aioseo-breadcrumb\">\n\tMain page\n<\/span><\/div><\/div>\n\t\t\t\t\t\t<\/div>\n\t\t\t\t<\/div>\n\t\t\t\t<div class=\"elementor-element elementor-element-b954fe9 exad-sticky-section-no exad-glass-effect-no sc_fly_static elementor-widget elementor-widget-heading\" data-id=\"b954fe9\" data-element_type=\"widget\" data-e-type=\"widget\" data-widget_type=\"heading.default\">\n\t\t\t\t<div class=\"elementor-widget-container\">\n\t\t\t\t\t<h2 class=\"elementor-heading-title elementor-size-default\">O Helika<\/h2>\t\t\t\t<\/div>\n\t\t\t\t<\/div>\n\t\t\t\t<\/div>\n\t\t<div class=\"elementor-element elementor-element-eb5754e brand e-flex e-con-boxed sc_inner_width_none sc_layouts_column_icons_position_left e-con e-parent\" data-id=\"eb5754e\" data-element_type=\"container\" data-e-type=\"container\" data-settings=\"{&quot;background_background&quot;:&quot;classic&quot;}\">\n\t\t\t\t\t<div class=\"e-con-inner\">\n\t\t\t\t<div class=\"elementor-element elementor-element-50f9564 exad-sticky-section-no exad-glass-effect-no sc_fly_static elementor-widget elementor-widget-text-editor\" data-id=\"50f9564\" data-element_type=\"widget\" data-e-type=\"widget\" data-widget_type=\"text-editor.default\">\n\t\t\t\t<div class=\"elementor-widget-container\">\n\t\t\t\t\t\t\t\t\t<p>COMPOTEXA jest do\u015bwiadczonym producentem wysokiej jako\u015bci armatury kuchennej i \u0142azienkowej, z siedzib\u0105 na Litwie. Nasz zesp\u00f3\u0142 sk\u0142ada si\u0119 z 85 profesjonalist\u00f3w, kt\u00f3rzy s\u0105 ekspertami w swojej dziedzinie. Nasza wysoce wykwalifikowana i wieloj\u0119zyczna dru\u017cyna sprzeda\u017cy biegle pos\u0142uguje si\u0119 j\u0119zykiem angielskim, niemieckim i rosyjskim, co umo\u017cliwia skuteczn\u0105 komunikacj\u0119 i wsp\u00f3\u0142prac\u0119 z szerokim kr\u0119giem klient\u00f3w. W ci\u0105gu ostatnich dw\u00f3ch dekad COMPOTEXA eksportowa\u0142a swoje produkty do ponad 60 kraj\u00f3w, obs\u0142uguj\u0105c segment B2B na ca\u0142ym \u015bwiecie. Z rocznym rekordem sprzeda\u017cy przekraczaj\u0105cym 125 000 zlew\u00f3w, ugruntowali\u015bmy swoj\u0105 pozycj\u0119 jako wiarygodny partner w bran\u017cy. Procesy zarz\u0105dzania w naszej firmie s\u0105 certyfikowane zgodnie z norm\u0105 ISO 9001, co podkre\u015bla nasze zaanga\u017cowanie w utrzymanie rygorystycznych standard\u00f3w. Aby zapewni\u0107 najwy\u017csz\u0105 jako\u015b\u0107, wszystkie nasze produkty przechodz\u0105 rygorystyczne testy laboratoryjne, spe\u0142niaj\u0105c najwy\u017csze wymagane standardy EN 13310:2015+A1:2018 dla zlew\u00f3w i EN 14688:2015+A1:2018 dla umywalek. Regularne testy przeprowadzane s\u0105 w naszej w\u0142asnej laboratorium, a tak\u017ce wsp\u00f3\u0142pracujemy z laboratoriami mi\u0119dzynarodowymi.<\/p>\t\t\t\t\t\t\t\t<\/div>\n\t\t\t\t<\/div>\n\t\t\t\t<div class=\"elementor-element elementor-element-80e5ed4 exad-sticky-section-no exad-glass-effect-no sc_fly_static elementor-widget elementor-widget-image\" data-id=\"80e5ed4\" data-element_type=\"widget\" data-e-type=\"widget\" data-widget_type=\"image.default\">\n\t\t\t\t<div class=\"elementor-widget-container\">\n\t\t\t\t\t\t\t\t\t\t\t\t\t\t\t<img fetchpriority=\"high\" decoding=\"async\" width=\"2349\" height=\"890\" src=\"https:\/\/nordic-comfort.com\/wp-content\/uploads\/2024\/06\/about-helika.jpg\" class=\"attachment-full size-full wp-image-53088\" alt=\"\" srcset=\"https:\/\/nordic-comfort.com\/wp-content\/uploads\/2024\/06\/about-helika.jpg 2349w, https:\/\/nordic-comfort.com\/wp-content\/uploads\/2024\/06\/about-helika-300x114.jpg 300w, https:\/\/nordic-comfort.com\/wp-content\/uploads\/2024\/06\/about-helika-1024x388.jpg 1024w, https:\/\/nordic-comfort.com\/wp-content\/uploads\/2024\/06\/about-helika-768x291.jpg 768w, https:\/\/nordic-comfort.com\/wp-content\/uploads\/2024\/06\/about-helika-1536x582.jpg 1536w, https:\/\/nordic-comfort.com\/wp-content\/uploads\/2024\/06\/about-helika-2048x776.jpg 2048w, https:\/\/nordic-comfort.com\/wp-content\/uploads\/2024\/06\/about-helika-370x140.jpg 370w, https:\/\/nordic-comfort.com\/wp-content\/uploads\/2024\/06\/about-helika-840x318.jpg 840w, https:\/\/nordic-comfort.com\/wp-content\/uploads\/2024\/06\/about-helika-410x155.jpg 410w, https:\/\/nordic-comfort.com\/wp-content\/uploads\/2024\/06\/about-helika-600x227.jpg 600w\" sizes=\"(max-width: 2349px) 100vw, 2349px\" \/>\t\t\t\t\t\t\t\t\t\t\t\t\t\t\t<\/div>\n\t\t\t\t<\/div>\n\t\t\t\t<div class=\"elementor-element elementor-element-72a4736 exad-sticky-section-no exad-glass-effect-no sc_fly_static elementor-widget elementor-widget-heading\" data-id=\"72a4736\" data-element_type=\"widget\" data-e-type=\"widget\" data-widget_type=\"heading.default\">\n\t\t\t\t<div class=\"elementor-widget-container\">\n\t\t\t\t\t<h6 class=\"elementor-heading-title elementor-size-default\">NASZE MARKI<\/h6>\t\t\t\t<\/div>\n\t\t\t\t<\/div>\n\t\t\t\t<div class=\"elementor-element elementor-element-2845ec4 exad-sticky-section-no exad-glass-effect-no sc_fly_static elementor-widget elementor-widget-text-editor\" data-id=\"2845ec4\" data-element_type=\"widget\" data-e-type=\"widget\" data-widget_type=\"text-editor.default\">\n\t\t\t\t<div class=\"elementor-widget-container\">\n\t\t\t\t\t\t\t\t\t<p>Marki HELIKA\u00ae i TURTL\u00ae s\u0105 znane z doskona\u0142ych zlew\u00f3w kuchennych, umywalek \u0142azienkowych i kran\u00f3w. HELIKA\u00ae, co oznacza &#8222;\u015blimak&#8221; w esperanto, zast\u0119puje poprzedni znak towarowy AQUASANITA dla zlew\u00f3w kuchennych. TURTL\u00ae pozostaje r\u00f3wnie\u017c ukochan\u0105 mark\u0105 dla umywalek \u0142azienkowych. Obie marki s\u0105 inspirowane natur\u0105 i ide\u0105 zwolnienia tempa. COMPOTEXA zaprasza do stworzenia harmonijnej przestrzeni w Twojej \u0142azience i kuchni, gdzie mo\u017cesz przygotowa\u0107 jedzenie i sp\u0119dza\u0107 warto\u015bciowy czas z bliskimi i rodzin\u0105.<\/p>\t\t\t\t\t\t\t\t<\/div>\n\t\t\t\t<\/div>\n\t\t\t\t<div class=\"elementor-element elementor-element-e8fae48 exad-sticky-section-no exad-glass-effect-no sc_fly_static elementor-widget elementor-widget-heading\" data-id=\"e8fae48\" data-element_type=\"widget\" data-e-type=\"widget\" data-widget_type=\"heading.default\">\n\t\t\t\t<div class=\"elementor-widget-container\">\n\t\t\t\t\t<h6 class=\"elementor-heading-title elementor-size-default\">NASZA FILOZOFIA<\/h6>\t\t\t\t<\/div>\n\t\t\t\t<\/div>\n\t\t\t\t<div class=\"elementor-element elementor-element-27599dc exad-sticky-section-no exad-glass-effect-no sc_fly_static elementor-widget elementor-widget-text-editor\" data-id=\"27599dc\" data-element_type=\"widget\" data-e-type=\"widget\" data-widget_type=\"text-editor.default\">\n\t\t\t\t<div class=\"elementor-widget-container\">\n\t\t\t\t\t\t\t\t\t<p>Zainspirowana spokojnym \u017cyciem wodnych stworze\u0144, takich jak \u017c\u00f3\u0142wie i \u015blimaki, COMPOTEXA przyjmuje filozofi\u0119 powolnego \u017cycia. Z g\u0142\u0119bok\u0105 pasj\u0105 do doskona\u0142o\u015bci, nieustannie poszukuj\u0105 optymalnych projekt\u00f3w zlew\u00f3w granitowych i nowoczesnych kran\u00f3w, wprowadzaj\u0105c innowacyjne materia\u0142y i utrzymuj\u0105c niezachwiane zaanga\u017cowanie w dostarczanie niezawodnych i przyst\u0119pnych cenowo produkt\u00f3w. Uznaj\u0105c znaczenie doceniania prostych rado\u015bci \u017cycia, takich jak powolne sp\u0119dzanie czasu w domu, w kuchni, przy zlewie, przygotowywanie posi\u0142k\u00f3w dla bliskich, mycie naczy\u0144, pieczenie ciast i sp\u0119dzanie jako\u015bciowego czasu w domu, COMPOTEXA stawia na og\u00f3lne dobrostan. Ich podstawowe warto\u015bci &#8211; profesjonalizm, praca zespo\u0142owa i odpowiedzialno\u015b\u0107 &#8211; nap\u0119dzaj\u0105 ich do stania si\u0119 globalnie rozpoznawaln\u0105 mark\u0105, kt\u00f3ra promuje zr\u00f3wnowa\u017cone praktyki \u017cyciowe poprzez wyj\u0105tkowy zakres kwalifikowanych i niezawodnych produkt\u00f3w.<\/p>\t\t\t\t\t\t\t\t<\/div>\n\t\t\t\t<\/div>\n\t\t<div class=\"elementor-element elementor-element-22b6d38 sc_layouts_hide_on_wide sc_layouts_hide_on_desktop sc_layouts_hide_on_notebook sc_layouts_hide_on_tablet sc_layouts_hide_on_mobile e-flex e-con-boxed sc_inner_width_none sc_layouts_column_icons_position_left e-con e-child\" data-id=\"22b6d38\" data-element_type=\"container\" data-e-type=\"container\">\n\t\t\t\t\t<div class=\"e-con-inner\">\n\t\t\t\t<div class=\"elementor-element elementor-element-10452dc exad-sticky-section-no exad-glass-effect-no sc_fly_static elementor-widget elementor-widget-trx_widget_video\" data-id=\"10452dc\" data-element_type=\"widget\" data-e-type=\"widget\" data-widget_type=\"trx_widget_video.default\">\n\t\t\t\t<div class=\"elementor-widget-container\">\n\t\t\t\t\t<div class=\"widget_area sc_widget_video\"><aside class=\"widget widget_video\"><div id=\"sc_video_1252141617\" class=\"trx_addons_video_player without_cover\"><div class=\"video_embed video_frame\"><iframe src=\"https:\/\/www.youtube.com\/embed\/MyErghcEbqU?si=Do_WhXafgA7h2nCd&#038;feature=oembed&#038;wmode=transparent&#038;origin=https%3A%2F%2Fnordic-comfort.com%2Fpl%2F&#038;widgetid=1&#038;enablejsapi=1&#038;disablekb=1&#038;modestbranding=1&#038;iv_load_policy=3&#038;rel=0&#038;showinfo=0&#038;playsinline=1\" width=\"1320\" height=\"743\"><\/iframe><\/div><\/div><\/aside><\/div>\t\t\t\t<\/div>\n\t\t\t\t<\/div>\n\t\t\t\t\t<\/div>\n\t\t\t\t<\/div>\n\t\t\t\t\t<\/div>\n\t\t\t\t<\/div>\n\t\t<div class=\"elementor-element elementor-element-15dde9f brand e-flex e-con-boxed sc_inner_width_none sc_layouts_column_icons_position_left e-con e-parent\" data-id=\"15dde9f\" data-element_type=\"container\" data-e-type=\"container\" data-settings=\"{&quot;background_background&quot;:&quot;classic&quot;}\">\n\t\t\t\t\t<div class=\"e-con-inner\">\n\t\t\t\t<div class=\"elementor-element elementor-element-e66d51b exad-sticky-section-no exad-glass-effect-no sc_fly_static elementor-widget elementor-widget-heading\" data-id=\"e66d51b\" data-element_type=\"widget\" data-e-type=\"widget\" data-widget_type=\"heading.default\">\n\t\t\t\t<div class=\"elementor-widget-container\">\n\t\t\t\t\t<h4 class=\"elementor-heading-title elementor-size-default\">\nWybierz kategori\u0119<\/h4>\t\t\t\t<\/div>\n\t\t\t\t<\/div>\n\t\t<div class=\"e-con-gap-no elementor-element elementor-element-bb43888 e-con-full product_categories e-flex sc_inner_width_none sc_layouts_column_icons_position_left e-con e-child\" data-id=\"bb43888\" data-element_type=\"container\" data-e-type=\"container\">\n\t\t<div class=\"elementor-element elementor-element-3bdf0f7 e-con-full e-flex sc_inner_width_none sc_layouts_column_icons_position_left e-con e-child\" data-id=\"3bdf0f7\" data-element_type=\"container\" data-e-type=\"container\">\n\t\t\t\t<div class=\"elementor-element elementor-element-256819f product_category elementor-position-top exad-sticky-section-no exad-glass-effect-no sc_fly_static elementor-widget elementor-widget-image-box\" data-id=\"256819f\" data-element_type=\"widget\" data-e-type=\"widget\" data-widget_type=\"image-box.default\">\n\t\t\t\t<div class=\"elementor-widget-container\">\n\t\t\t\t\t<div class=\"elementor-image-box-wrapper\"><figure class=\"elementor-image-box-img\"><a href=\"https:\/\/nordic-comfort.com\/our-products\/kitchen-sinks\/\" tabindex=\"-1\"><img decoding=\"async\" width=\"1735\" height=\"1418\" src=\"https:\/\/nordic-comfort.com\/wp-content\/uploads\/2024\/06\/kitchen-sinks.jpg\" class=\"attachment-full size-full wp-image-45909\" alt=\"\" srcset=\"https:\/\/nordic-comfort.com\/wp-content\/uploads\/2024\/06\/kitchen-sinks.jpg 1735w, https:\/\/nordic-comfort.com\/wp-content\/uploads\/2024\/06\/kitchen-sinks-300x245.jpg 300w, https:\/\/nordic-comfort.com\/wp-content\/uploads\/2024\/06\/kitchen-sinks-1024x837.jpg 1024w, https:\/\/nordic-comfort.com\/wp-content\/uploads\/2024\/06\/kitchen-sinks-768x628.jpg 768w, https:\/\/nordic-comfort.com\/wp-content\/uploads\/2024\/06\/kitchen-sinks-1536x1255.jpg 1536w, https:\/\/nordic-comfort.com\/wp-content\/uploads\/2024\/06\/kitchen-sinks-370x302.jpg 370w, https:\/\/nordic-comfort.com\/wp-content\/uploads\/2024\/06\/kitchen-sinks-840x687.jpg 840w, https:\/\/nordic-comfort.com\/wp-content\/uploads\/2024\/06\/kitchen-sinks-410x335.jpg 410w, https:\/\/nordic-comfort.com\/wp-content\/uploads\/2024\/06\/kitchen-sinks-600x490.jpg 600w\" sizes=\"(max-width: 1735px) 100vw, 1735px\" \/><\/a><\/figure><div class=\"elementor-image-box-content\"><h4 class=\"elementor-image-box-title\"><a href=\"https:\/\/nordic-comfort.com\/our-products\/kitchen-sinks\/\">Zlewy kuchenne<\/a><\/h4><\/div><\/div>\t\t\t\t<\/div>\n\t\t\t\t<\/div>\n\t\t\t\t<\/div>\n\t\t<div class=\"elementor-element elementor-element-9e6b128 e-con-full e-flex sc_inner_width_none sc_layouts_column_icons_position_left e-con e-child\" data-id=\"9e6b128\" data-element_type=\"container\" data-e-type=\"container\">\n\t\t\t\t<div class=\"elementor-element elementor-element-cba67ec product_category elementor-position-top exad-sticky-section-no exad-glass-effect-no sc_fly_static elementor-widget elementor-widget-image-box\" data-id=\"cba67ec\" data-element_type=\"widget\" data-e-type=\"widget\" data-widget_type=\"image-box.default\">\n\t\t\t\t<div class=\"elementor-widget-container\">\n\t\t\t\t\t<div class=\"elementor-image-box-wrapper\"><figure class=\"elementor-image-box-img\"><a href=\"https:\/\/nordic-comfort.com\/our-products\/kitchen-taps\/\" tabindex=\"-1\"><img decoding=\"async\" width=\"1735\" height=\"1418\" src=\"https:\/\/nordic-comfort.com\/wp-content\/uploads\/2024\/06\/kitchen-taps.jpg\" class=\"attachment-full size-full wp-image-45916\" alt=\"\" srcset=\"https:\/\/nordic-comfort.com\/wp-content\/uploads\/2024\/06\/kitchen-taps.jpg 1735w, https:\/\/nordic-comfort.com\/wp-content\/uploads\/2024\/06\/kitchen-taps-300x245.jpg 300w, https:\/\/nordic-comfort.com\/wp-content\/uploads\/2024\/06\/kitchen-taps-1024x837.jpg 1024w, https:\/\/nordic-comfort.com\/wp-content\/uploads\/2024\/06\/kitchen-taps-768x628.jpg 768w, https:\/\/nordic-comfort.com\/wp-content\/uploads\/2024\/06\/kitchen-taps-1536x1255.jpg 1536w, https:\/\/nordic-comfort.com\/wp-content\/uploads\/2024\/06\/kitchen-taps-370x302.jpg 370w, https:\/\/nordic-comfort.com\/wp-content\/uploads\/2024\/06\/kitchen-taps-840x687.jpg 840w, https:\/\/nordic-comfort.com\/wp-content\/uploads\/2024\/06\/kitchen-taps-410x335.jpg 410w, https:\/\/nordic-comfort.com\/wp-content\/uploads\/2024\/06\/kitchen-taps-600x490.jpg 600w\" sizes=\"(max-width: 1735px) 100vw, 1735px\" \/><\/a><\/figure><div class=\"elementor-image-box-content\"><h4 class=\"elementor-image-box-title\"><a href=\"https:\/\/nordic-comfort.com\/our-products\/kitchen-taps\/\">Kraniki kuchenne<\/a><\/h4><\/div><\/div>\t\t\t\t<\/div>\n\t\t\t\t<\/div>\n\t\t\t\t<\/div>\n\t\t\t\t<\/div>\n\t\t\t\t\t<\/div>\n\t\t\t\t<\/div>\n\t\t<div class=\"elementor-element elementor-element-cd2e0d4 brands_products e-flex e-con-boxed sc_inner_width_none sc_layouts_column_icons_position_left e-con e-parent\" data-id=\"cd2e0d4\" data-element_type=\"container\" data-e-type=\"container\" data-settings=\"{&quot;background_background&quot;:&quot;classic&quot;}\">\n\t\t\t\t\t<div class=\"e-con-inner\">\n\t\t<div class=\"e-con-gap-no elementor-element elementor-element-00d065f e-con-full e-flex sc_inner_width_none sc_layouts_column_icons_position_left e-con e-child\" data-id=\"00d065f\" data-element_type=\"container\" data-e-type=\"container\">\n\t\t<div class=\"elementor-element elementor-element-509ddb3 e-flex e-con-boxed sc_inner_width_none sc_layouts_column_icons_position_left e-con e-child\" data-id=\"509ddb3\" data-element_type=\"container\" data-e-type=\"container\">\n\t\t\t\t\t<div class=\"e-con-inner\">\n\t\t\t\t<div class=\"elementor-element elementor-element-e0c86b6 exad-sticky-section-no exad-glass-effect-no sc_fly_static elementor-widget elementor-widget-heading\" data-id=\"e0c86b6\" data-element_type=\"widget\" data-e-type=\"widget\" data-widget_type=\"heading.default\">\n\t\t\t\t<div class=\"elementor-widget-container\">\n\t\t\t\t\t<h4 class=\"elementor-heading-title elementor-size-default\">Polecane produkty<\/h4>\t\t\t\t<\/div>\n\t\t\t\t<\/div>\n\t\t\t\t\t<\/div>\n\t\t\t\t<\/div>\n\t\t\t\t<\/div>\n\t\t\t\t<div class=\"elementor-element elementor-element-b3b1b97 product_slider elementor-arrows-position-inside exad-sticky-section-no exad-glass-effect-no sc_fly_static elementor-widget elementor-widget-loop-carousel\" data-id=\"b3b1b97\" data-element_type=\"widget\" data-e-type=\"widget\" data-settings=\"{&quot;template_id&quot;:57092,&quot;slides_to_show&quot;:&quot;4&quot;,&quot;slides_to_show_laptop&quot;:&quot;4&quot;,&quot;slides_to_show_tablet&quot;:&quot;3&quot;,&quot;_skin&quot;:&quot;post&quot;,&quot;slides_to_show_widescreen&quot;:&quot;3&quot;,&quot;slides_to_show_tablet_extra&quot;:&quot;3&quot;,&quot;slides_to_show_mobile_extra&quot;:&quot;2&quot;,&quot;slides_to_show_mobile&quot;:&quot;1&quot;,&quot;slides_to_scroll&quot;:&quot;1&quot;,&quot;edit_handle_selector&quot;:&quot;.elementor-widget-container&quot;,&quot;speed&quot;:500,&quot;arrows&quot;:&quot;yes&quot;,&quot;image_spacing_custom&quot;:{&quot;unit&quot;:&quot;px&quot;,&quot;size&quot;:10,&quot;sizes&quot;:[]},&quot;image_spacing_custom_widescreen&quot;:{&quot;unit&quot;:&quot;px&quot;,&quot;size&quot;:&quot;&quot;,&quot;sizes&quot;:[]},&quot;image_spacing_custom_laptop&quot;:{&quot;unit&quot;:&quot;px&quot;,&quot;size&quot;:&quot;&quot;,&quot;sizes&quot;:[]},&quot;image_spacing_custom_tablet_extra&quot;:{&quot;unit&quot;:&quot;px&quot;,&quot;size&quot;:&quot;&quot;,&quot;sizes&quot;:[]},&quot;image_spacing_custom_tablet&quot;:{&quot;unit&quot;:&quot;px&quot;,&quot;size&quot;:&quot;&quot;,&quot;sizes&quot;:[]},&quot;image_spacing_custom_mobile_extra&quot;:{&quot;unit&quot;:&quot;px&quot;,&quot;size&quot;:&quot;&quot;,&quot;sizes&quot;:[]},&quot;image_spacing_custom_mobile&quot;:{&quot;unit&quot;:&quot;px&quot;,&quot;size&quot;:&quot;&quot;,&quot;sizes&quot;:[]}}\" data-widget_type=\"loop-carousel.post\">\n\t\t\t\t<div class=\"elementor-widget-container\">\n\t\t\t\t\t\t\t<div class=\"e-loop-nothing-found-message\">\n\t\t<\/div>\n\t\t\t\t\t\t<\/div>\n\t\t\t\t<\/div>\n\t\t\t\t\t<\/div>\n\t\t\t\t<\/div>\n\t\t\t\t<\/div>\n\t\t","protected":false},"excerpt":{"rendered":"<p>O Helika COMPOTEXA jest do\u015bwiadczonym producentem wysokiej jako\u015bci armatury kuchennej i \u0142azienkowej, z siedzib\u0105 na Litwie. Nasz zesp\u00f3\u0142 sk\u0142ada si\u0119 z 85 profesjonalist\u00f3w, kt\u00f3rzy s\u0105 ekspertami w swojej dziedzinie. Nasza&hellip;<\/p>\n","protected":false},"author":4,"featured_media":0,"parent":52893,"menu_order":0,"comment_status":"closed","ping_status":"closed","template":"","meta":{"_acf_changed":false,"footnotes":""},"categories":[],"tags":[],"class_list":["post-53087","page","type-page","status-publish","hentry"],"acf":[],"aioseo_notices":[],"_links":{"self":[{"href":"https:\/\/nordic-comfort.com\/pl\/wp-json\/wp\/v2\/pages\/53087","targetHints":{"allow":["GET"]}}],"collection":[{"href":"https:\/\/nordic-comfort.com\/pl\/wp-json\/wp\/v2\/pages"}],"about":[{"href":"https:\/\/nordic-comfort.com\/pl\/wp-json\/wp\/v2\/types\/page"}],"author":[{"embeddable":true,"href":"https:\/\/nordic-comfort.com\/pl\/wp-json\/wp\/v2\/users\/4"}],"replies":[{"embeddable":true,"href":"https:\/\/nordic-comfort.com\/pl\/wp-json\/wp\/v2\/comments?post=53087"}],"version-history":[{"count":0,"href":"https:\/\/nordic-comfort.com\/pl\/wp-json\/wp\/v2\/pages\/53087\/revisions"}],"up":[{"embeddable":true,"href":"https:\/\/nordic-comfort.com\/pl\/wp-json\/wp\/v2\/pages\/52893"}],"wp:attachment":[{"href":"https:\/\/nordic-comfort.com\/pl\/wp-json\/wp\/v2\/media?parent=53087"}],"wp:term":[{"taxonomy":"category","embeddable":true,"href":"https:\/\/nordic-comfort.com\/pl\/wp-json\/wp\/v2\/categories?post=53087"},{"taxonomy":"post_tag","embeddable":true,"href":"https:\/\/nordic-comfort.com\/pl\/wp-json\/wp\/v2\/tags?post=53087"}],"curies":[{"name":"wp","href":"https:\/\/api.w.org\/{rel}","templated":true}]}}