{"id":54341,"date":"2023-09-25T15:37:02","date_gmt":"2023-09-25T12:37:02","guid":{"rendered":"https:\/\/nordic-comfort.com\/warranty\/"},"modified":"2025-10-01T14:52:58","modified_gmt":"2025-10-01T11:52:58","slug":"warranty","status":"publish","type":"page","link":"https:\/\/nordic-comfort.com\/pl\/warranty\/","title":{"rendered":"Gwarancja"},"content":{"rendered":"\t\t<div data-elementor-type=\"wp-page\" data-elementor-id=\"54341\" class=\"elementor elementor-54341 elementor-20349\" data-elementor-post-type=\"page\">\n\t\t\t\t<div class=\"elementor-element elementor-element-e8d2dc7 e-con-full e-flex sc_inner_width_none sc_layouts_column_icons_position_left e-con e-parent\" data-id=\"e8d2dc7\" data-element_type=\"container\" data-e-type=\"container\" data-settings=\"{&quot;background_background&quot;:&quot;classic&quot;}\">\n\t\t\t\t<div class=\"elementor-element elementor-element-bdbf2b4 breadcrumbs exad-sticky-section-no exad-glass-effect-no sc_fly_static elementor-widget elementor-widget-shortcode\" data-id=\"bdbf2b4\" data-element_type=\"widget\" data-e-type=\"widget\" data-widget_type=\"shortcode.default\">\n\t\t\t\t<div class=\"elementor-widget-container\">\n\t\t\t\t\t\t\t<div class=\"elementor-shortcode\"><div class=\"aioseo-breadcrumbs\"><span class=\"aioseo-breadcrumb\">\n\tMain page\n<\/span><\/div><\/div>\n\t\t\t\t\t\t<\/div>\n\t\t\t\t<\/div>\n\t\t\t\t<div class=\"elementor-element elementor-element-39c2c8d exad-sticky-section-no exad-glass-effect-no sc_fly_static elementor-widget elementor-widget-heading\" data-id=\"39c2c8d\" data-element_type=\"widget\" data-e-type=\"widget\" data-widget_type=\"heading.default\">\n\t\t\t\t<div class=\"elementor-widget-container\">\n\t\t\t\t\t<h2 class=\"elementor-heading-title elementor-size-default\">Gwarancja<\/h2>\t\t\t\t<\/div>\n\t\t\t\t<\/div>\n\t\t\t\t<\/div>\n\t\t<div class=\"elementor-element elementor-element-b69f646 e-flex e-con-boxed sc_inner_width_none sc_layouts_column_icons_position_left e-con e-parent\" data-id=\"b69f646\" data-element_type=\"container\" data-e-type=\"container\" data-settings=\"{&quot;background_background&quot;:&quot;classic&quot;}\">\n\t\t\t\t\t<div class=\"e-con-inner\">\n\t\t\t\t<div class=\"elementor-element elementor-element-b300e81 exad-sticky-section-no exad-glass-effect-no sc_fly_static elementor-widget elementor-widget-text-editor\" data-id=\"b300e81\" data-element_type=\"widget\" data-e-type=\"widget\" data-widget_type=\"text-editor.default\">\n\t\t\t\t<div class=\"elementor-widget-container\">\n\t\t\t\t\t\t\t\t\t<p>Warunki gwarancji naszych produkt\u00f3w<\/p>\n\t\t\t\t\t\t\t\t<\/div>\n\t\t\t\t<\/div>\n\t\t\t\t<div class=\"elementor-element elementor-element-c4a14d8 exad-sticky-section-no exad-glass-effect-no sc_fly_static elementor-widget elementor-widget-text-editor\" data-id=\"c4a14d8\" data-element_type=\"widget\" data-e-type=\"widget\" data-widget_type=\"text-editor.default\">\n\t\t\t\t<div class=\"elementor-widget-container\">\n\t\t\t\t\t\t\t\t\t<p><strong>Zakupy od 1 pa\u017adziernika 2025 r.<\/strong><\/p>\n<ul>\n<li><strong>Podgrzewacze wody Midea<\/strong>:\n<ul>\n<li><strong>Elektronika<\/strong>: 2 lata<\/li>\n<li><strong>Zbiornik<\/strong>: 5 lat<\/li>\n<\/ul>\n<\/li>\n<li><strong>Obowi\u0105zuje w<\/strong>:\n<ul>\n<li>Estonia, \u0141otwa, Litwa (importer: KTS Baltic O\u00dc)<\/li>\n<li>Finlandia, Szwecja \u2013 2 lata (wszystkie elementy), zgodnie z przepisami tych kraj\u00f3w<\/li>\n<\/ul>\n<\/li>\n<\/ul>\n\t\t\t\t\t\t\t\t<\/div>\n\t\t\t\t<\/div>\n\t\t\t\t<div class=\"elementor-element elementor-element-de9b2ce exad-sticky-section-no exad-glass-effect-no sc_fly_static elementor-widget elementor-widget-text-editor\" data-id=\"de9b2ce\" data-element_type=\"widget\" data-e-type=\"widget\" data-widget_type=\"text-editor.default\">\n\t\t\t\t<div class=\"elementor-widget-container\">\n\t\t\t\t\t\t\t\t\t<p class=\"MsoNormal\"><b>Modele obj\u0119te 5-letni\u0105 gwarancj\u0105 na zbiornik:<\/b><\/p>\n\t\t\t\t\t\t\t\t<\/div>\n\t\t\t\t<\/div>\n\t\t\t\t<div class=\"elementor-element elementor-element-d08807d exad-sticky-section-no exad-glass-effect-no sc_fly_static elementor-widget elementor-widget-text-editor\" data-id=\"d08807d\" data-element_type=\"widget\" data-e-type=\"widget\" data-widget_type=\"text-editor.default\">\n\t\t\t\t<div class=\"elementor-widget-container\">\n\t\t\t\t\t\t\t\t\t<ul>\n<li>Midea 20ED6 Salute Flex<\/li>\n<li>Midea 15EFG Lume Uno<\/li>\n<li>Midea 20VI Salute Xpress<\/li>\n<\/ul>\n<p>\u26a0\ufe0f <strong>Uwaga:<\/strong> model Midea Aqua F3 jest obj\u0119ty wy\u0142\u0105cznie standardow\u0105 2-letni\u0105 gwarancj\u0105.<\/p>\n\t\t\t\t\t\t\t\t<\/div>\n\t\t\t\t<\/div>\n\t\t\t\t<div class=\"elementor-element elementor-element-702ebea exad-sticky-section-no exad-glass-effect-no sc_fly_static elementor-widget elementor-widget-text-editor\" data-id=\"702ebea\" data-element_type=\"widget\" data-e-type=\"widget\" data-widget_type=\"text-editor.default\">\n\t\t\t\t<div class=\"elementor-widget-container\">\n\t\t\t\t\t\t\t\t\t<p><strong>Zobowi\u0105zania gwarancyjne<\/strong><\/p>\n\t\t\t\t\t\t\t\t<\/div>\n\t\t\t\t<\/div>\n\t\t\t\t<div class=\"elementor-element elementor-element-ea1f151 exad-sticky-section-no exad-glass-effect-no sc_fly_static elementor-widget elementor-widget-text-editor\" data-id=\"ea1f151\" data-element_type=\"widget\" data-e-type=\"widget\" data-widget_type=\"text-editor.default\">\n\t\t\t\t<div class=\"elementor-widget-container\">\n\t\t\t\t\t\t\t\t\t<p>Importer (KTS Baltic O\u00dc) zobowi\u0105zuje si\u0119 w okre\u015blonym okresie gwarancyjnym do nieodp\u0142atnego usuni\u0119cia usterek spowodowanych wadami produkcyjnymi lub materia\u0142owymi w autoryzowanych centrach serwisowych lub w innych miejscach wyznaczonych przez Importera.<br \/>Je\u017celi produktu nie mo\u017cna naprawi\u0107, Importer zapewnia jego wymian\u0119 (na podobny model o por\u00f3wnywalnym koszcie, je\u015bli orygina\u0142 nie jest ju\u017c produkowany) lub cz\u0119\u015bciowy zwrot pieni\u0119dzy. O tym, czy produkt zostanie naprawiony, wymieniony czy zwr\u00f3cony, decyduje Importer. <\/p>\n\t\t\t\t\t\t\t\t<\/div>\n\t\t\t\t<\/div>\n\t\t\t\t<div class=\"elementor-element elementor-element-057160c exad-sticky-section-no exad-glass-effect-no sc_fly_static elementor-widget elementor-widget-text-editor\" data-id=\"057160c\" data-element_type=\"widget\" data-e-type=\"widget\" data-widget_type=\"text-editor.default\">\n\t\t\t\t<div class=\"elementor-widget-container\">\n\t\t\t\t\t\t\t\t\t<p><strong>Warunki serwisowe<\/strong><\/p>\n\t\t\t\t\t\t\t\t<\/div>\n\t\t\t\t<\/div>\n\t\t\t\t<div class=\"elementor-element elementor-element-72e40bd exad-sticky-section-no exad-glass-effect-no sc_fly_static elementor-widget elementor-widget-text-editor\" data-id=\"72e40bd\" data-element_type=\"widget\" data-e-type=\"widget\" data-widget_type=\"text-editor.default\">\n\t\t\t\t<div class=\"elementor-widget-container\">\n\t\t\t\t\t\t\t\t\t<p>Aby otrzyma\u0107 serwis gwarancyjny, kupuj\u0105cy musi skontaktowa\u0107 si\u0119 z Importerem w ci\u0105gu jednego miesi\u0105ca od wykrycia wady i dostarczy\u0107:<\/p>\n<ul>\n<li>Imi\u0119 i nazwisko kupuj\u0105cego, adres i numer telefonu<\/li>\n<li>Model produktu, numer seryjny (kod SN)<\/li>\n<li>Paragon zakupu (obowi\u0105zkowy)<\/li>\n<li>Kr\u00f3tki opis problemu<\/li>\n<\/ul>\n\t\t\t\t\t\t\t\t<\/div>\n\t\t\t\t<\/div>\n\t\t\t\t<div class=\"elementor-element elementor-element-bfba386 exad-sticky-section-no exad-glass-effect-no sc_fly_static elementor-widget elementor-widget-text-editor\" data-id=\"bfba386\" data-element_type=\"widget\" data-e-type=\"widget\" data-widget_type=\"text-editor.default\">\n\t\t\t\t<div class=\"elementor-widget-container\">\n\t\t\t\t\t\t\t\t\t<p><strong>Kontakty:<\/strong><\/p>\n\t\t\t\t\t\t\t\t<\/div>\n\t\t\t\t<\/div>\n\t\t\t\t<div class=\"elementor-element elementor-element-7744723 exad-sticky-section-no exad-glass-effect-no sc_fly_static elementor-widget elementor-widget-text-editor\" data-id=\"7744723\" data-element_type=\"widget\" data-e-type=\"widget\" data-widget_type=\"text-editor.default\">\n\t\t\t\t<div class=\"elementor-widget-container\">\n\t\t\t\t\t\t\t\t\t<ul>\n<li>Estonia: POS Elektroonika O\u00dc, tel. +372 6460093, <a href=\"mailto:remont@pos.ee\">remont@pos.ee<\/a> <\/li>\n<li>Latvia, Lithuania: <a href=\"http:\/\/www.helpgroup.eu\">www.helpgroup.eu<\/a><\/li>\n<li>Zapytania dotycz\u0105ce przed\u0142u\u017conej gwarancji: <a href=\"mailto:helpdesk@nordic-comfort.com\">helpdesk@nordic-comfort.com<\/a><\/li>\n<li>Finlandia, Szwecja (2 lata): nale\u017cy skontaktowa\u0107 si\u0119 ze sklepem, w kt\u00f3rym dokonano zakupu.<\/li>\n<\/ul>\n<p>\u26a0\ufe0f <strong>Wa\u017cne:<\/strong> nie zdejmuj podgrzewacza wody ze \u015bciany ani nie wysy\u0142aj go do serwisu bez wcze\u015bniejszych instrukcji \u2014 mo\u017ce to uniewa\u017cni\u0107 bezp\u0142atn\u0105 gwarancj\u0119.<\/p>\n\t\t\t\t\t\t\t\t<\/div>\n\t\t\t\t<\/div>\n\t\t\t\t<div class=\"elementor-element elementor-element-975c8e3 exad-sticky-section-no exad-glass-effect-no sc_fly_static elementor-widget elementor-widget-text-editor\" data-id=\"975c8e3\" data-element_type=\"widget\" data-e-type=\"widget\" data-widget_type=\"text-editor.default\">\n\t\t\t\t<div class=\"elementor-widget-container\">\n\t\t\t\t\t\t\t\t\t<p><strong>Wy\u0142\u0105czenia gwarancji<\/strong><\/p>\n\t\t\t\t\t\t\t\t<\/div>\n\t\t\t\t<\/div>\n\t\t\t\t<div class=\"elementor-element elementor-element-e986ed0 exad-sticky-section-no exad-glass-effect-no sc_fly_static elementor-widget elementor-widget-text-editor\" data-id=\"e986ed0\" data-element_type=\"widget\" data-e-type=\"widget\" data-widget_type=\"text-editor.default\">\n\t\t\t\t<div class=\"elementor-widget-container\">\n\t\t\t\t\t\t\t\t\t<ul>\n<li>\n<p>Gwarancja <strong>nie<\/strong> obejmuje:<\/p>\n<ul>\n<li>Nieprawid\u0142owy monta\u017c lub serwis wykonywany przez osoby nieuprawnione<\/li>\n<li>Nieprawid\u0142owe u\u017cytkowanie, wypadki lub kl\u0119ski \u017cywio\u0142owe<\/li>\n<li>Nieautoryzowane modyfikacje lub naprawy<\/li>\n<li>Otwarcie obudowy urz\u0105dzenia przez konsumenta (o ile nie udowodniono inaczej)<\/li>\n<\/ul>\n<p>\u26a0\ufe0f Coroczna konserwacja jest wymagana, je\u017celi twardo\u015b\u0107 wody przekracza 4 mEq\/l lub zawarto\u015b\u0107 \u017celaza przekracza 0,3 mg\/l. Brak dokument\u00f3w potwierdzaj\u0105cych wykonanie konserwacji lub szkody spowodowane osadami kamienia kot\u0142owego mog\u0105 skutkowa\u0107 utrat\u0105 gwarancji.<\/p>\n<\/li>\n<\/ul>\n\t\t\t\t\t\t\t\t<\/div>\n\t\t\t\t<\/div>\n\t\t\t\t<div class=\"elementor-element elementor-element-4fb085f exad-sticky-section-no exad-glass-effect-no sc_fly_static elementor-widget elementor-widget-text-editor\" data-id=\"4fb085f\" data-element_type=\"widget\" data-e-type=\"widget\" data-widget_type=\"text-editor.default\">\n\t\t\t\t<div class=\"elementor-widget-container\">\n\t\t\t\t\t\t\t\t\t<p><strong>Obowi\u0105zki kupuj\u0105cego<\/strong><\/p>\n\t\t\t\t\t\t\t\t<\/div>\n\t\t\t\t<\/div>\n\t\t\t\t<div class=\"elementor-element elementor-element-da2f42b exad-sticky-section-no exad-glass-effect-no sc_fly_static elementor-widget elementor-widget-text-editor\" data-id=\"da2f42b\" data-element_type=\"widget\" data-e-type=\"widget\" data-widget_type=\"text-editor.default\">\n\t\t\t\t<div class=\"elementor-widget-container\">\n\t\t\t\t\t\t\t\t\t<p>Kupuj\u0105cy musi przestrzega\u0107 instrukcji instalacji, eksploatacji i konserwacji dostarczonych przez producenta.<\/p>\n\t\t\t\t\t\t\t\t<\/div>\n\t\t\t\t<\/div>\n\t\t\t\t<div class=\"elementor-element elementor-element-3a070ba exad-sticky-section-no exad-glass-effect-no sc_fly_static elementor-widget elementor-widget-text-editor\" data-id=\"3a070ba\" data-element_type=\"widget\" data-e-type=\"widget\" data-widget_type=\"text-editor.default\">\n\t\t\t\t<div class=\"elementor-widget-container\">\n\t\t\t\t\t\t\t\t\t<p><strong>Rozstrzyganie spor\u00f3w<\/strong><\/p>\n\t\t\t\t\t\t\t\t<\/div>\n\t\t\t\t<\/div>\n\t\t\t\t<div class=\"elementor-element elementor-element-6a9e2f8 exad-sticky-section-no exad-glass-effect-no sc_fly_static elementor-widget elementor-widget-text-editor\" data-id=\"6a9e2f8\" data-element_type=\"widget\" data-e-type=\"widget\" data-widget_type=\"text-editor.default\">\n\t\t\t\t<div class=\"elementor-widget-container\">\n\t\t\t\t\t\t\t\t\t<p>Wszelkie spory lub nieporozumienia powsta\u0142e w zwi\u0105zku z niniejsz\u0105 umow\u0105 nale\u017cy rozstrzyga\u0107 w drodze negocjacji mi\u0119dzy stronami. Je\u017celi nie uda si\u0119 osi\u0105gn\u0105\u0107 porozumienia, sp\u00f3r zostanie rozstrzygni\u0119ty zgodnie z obowi\u0105zuj\u0105cymi przepisami prawa. <\/p>\n\t\t\t\t\t\t\t\t<\/div>\n\t\t\t\t<\/div>\n\t\t\t\t<div class=\"elementor-element elementor-element-4ea23fa exad-sticky-section-no exad-glass-effect-no sc_fly_static elementor-widget elementor-widget-text-editor\" data-id=\"4ea23fa\" data-element_type=\"widget\" data-e-type=\"widget\" data-widget_type=\"text-editor.default\">\n\t\t\t\t<div class=\"elementor-widget-container\">\n\t\t\t\t\t\t\t\t\t<p><strong>Zakupy przed 1 pa\u017adziernika 2025 r.<\/strong><\/p>\n\t\t\t\t\t\t\t\t<\/div>\n\t\t\t\t<\/div>\n\t\t\t\t<div class=\"elementor-element elementor-element-397bd65 exad-sticky-section-no exad-glass-effect-no sc_fly_static elementor-widget elementor-widget-text-editor\" data-id=\"397bd65\" data-element_type=\"widget\" data-e-type=\"widget\" data-widget_type=\"text-editor.default\">\n\t\t\t\t<div class=\"elementor-widget-container\">\n\t\t\t\t\t\t\t\t\t<p>Do wymienionych powy\u017cej podgrzewaczy wody Midea, zakupionych w Estonii, na \u0141otwie lub na Litwie <strong>przed 1 pa\u017adziernika 2025 r<\/strong>, ma zastosowanie nast\u0119puj\u0105ca umowa przed\u0142u\u017conej gwarancji:<\/p>\n<ul>\n<li><strong>Okres gwarancji<\/strong>: 5 lat (pe\u0142ne pokrycie)<\/li>\n<\/ul>\n<p><strong>Tabela zwrot\u00f3w w przypadku uniewa\u017cnienia gwarancji<\/strong><\/p>\n<ul>\n<li>W ci\u0105gu 0\u20132 lat: <strong>100% zwrotu<\/strong> (przez sklep)<\/li>\n<li>3 rok: <strong>70% zwrotu<\/strong> (przez importera)<\/li>\n<li>4 rok: <strong>60% zwrotu<\/strong> (przez importera)<\/li>\n<li>5 rok: <strong>50% zwrotu<\/strong> (przez importera)<\/li>\n<\/ul>\n<p>Wszystkie pozosta\u0142e zobowi\u0105zania gwarancyjne, warunki serwisowe, wy\u0142\u0105czenia oraz wymagania wobec kupuj\u0105cego pozostaj\u0105 identyczne z opisanymi powy\u017cej (w przypadku twardej wody \u2013 obowi\u0105zkowa coroczna konserwacja, brak nieautoryzowanych napraw, wymagany dow\u00f3d zakupu itp.).<\/p>\n\t\t\t\t\t\t\t\t<\/div>\n\t\t\t\t<\/div>\n\t\t\t\t\t<\/div>\n\t\t\t\t<\/div>\n\t\t\t\t<\/div>\n\t\t","protected":false},"excerpt":{"rendered":"<p>Gwarancja Warunki gwarancji naszych produkt\u00f3w Zakupy od 1 pa\u017adziernika 2025 r. Podgrzewacze wody Midea: Elektronika: 2 lata Zbiornik: 5 lat Obowi\u0105zuje w: Estonia, \u0141otwa, Litwa (importer: KTS Baltic O\u00dc) Finlandia,&hellip;<\/p>\n","protected":false},"author":4,"featured_media":0,"parent":0,"menu_order":0,"comment_status":"closed","ping_status":"closed","template":"","meta":{"_acf_changed":false,"footnotes":""},"categories":[],"tags":[],"class_list":["post-54341","page","type-page","status-publish","hentry"],"acf":[],"aioseo_notices":[],"_links":{"self":[{"href":"https:\/\/nordic-comfort.com\/pl\/wp-json\/wp\/v2\/pages\/54341","targetHints":{"allow":["GET"]}}],"collection":[{"href":"https:\/\/nordic-comfort.com\/pl\/wp-json\/wp\/v2\/pages"}],"about":[{"href":"https:\/\/nordic-comfort.com\/pl\/wp-json\/wp\/v2\/types\/page"}],"author":[{"embeddable":true,"href":"https:\/\/nordic-comfort.com\/pl\/wp-json\/wp\/v2\/users\/4"}],"replies":[{"embeddable":true,"href":"https:\/\/nordic-comfort.com\/pl\/wp-json\/wp\/v2\/comments?post=54341"}],"version-history":[{"count":2,"href":"https:\/\/nordic-comfort.com\/pl\/wp-json\/wp\/v2\/pages\/54341\/revisions"}],"predecessor-version":[{"id":60769,"href":"https:\/\/nordic-comfort.com\/pl\/wp-json\/wp\/v2\/pages\/54341\/revisions\/60769"}],"wp:attachment":[{"href":"https:\/\/nordic-comfort.com\/pl\/wp-json\/wp\/v2\/media?parent=54341"}],"wp:term":[{"taxonomy":"category","embeddable":true,"href":"https:\/\/nordic-comfort.com\/pl\/wp-json\/wp\/v2\/categories?post=54341"},{"taxonomy":"post_tag","embeddable":true,"href":"https:\/\/nordic-comfort.com\/pl\/wp-json\/wp\/v2\/tags?post=54341"}],"curies":[{"name":"wp","href":"https:\/\/api.w.org\/{rel}","templated":true}]}}