{"id":53209,"date":"2024-07-02T13:05:40","date_gmt":"2024-07-02T10:05:40","guid":{"rendered":"https:\/\/nordic-comfort.com\/our-brands\/vilpra-sauna\/"},"modified":"2026-02-12T15:53:41","modified_gmt":"2026-02-12T12:53:41","slug":"vilpra-sauna","status":"publish","type":"page","link":"https:\/\/nordic-comfort.com\/sv\/our-brands\/vilpra-sauna\/","title":{"rendered":"Grand Meyer"},"content":{"rendered":"\t\t<div data-elementor-type=\"wp-page\" data-elementor-id=\"53209\" class=\"elementor elementor-53209 elementor-47513\" data-elementor-post-type=\"page\">\n\t\t\t\t<div class=\"elementor-element elementor-element-8c1297d e-con-full e-flex sc_inner_width_none sc_layouts_column_icons_position_left e-con e-parent\" data-id=\"8c1297d\" data-element_type=\"container\" data-settings=\"{&quot;background_background&quot;:&quot;classic&quot;}\">\n\t\t\t\t<div class=\"elementor-element elementor-element-7e54986 breadcrumbs exad-sticky-section-no exad-glass-effect-no sc_fly_static elementor-widget elementor-widget-shortcode\" data-id=\"7e54986\" data-element_type=\"widget\" data-widget_type=\"shortcode.default\">\n\t\t\t\t<div class=\"elementor-widget-container\">\n\t\t\t\t\t<div class=\"elementor-shortcode\"><div class=\"aioseo-breadcrumbs\"><span class=\"aioseo-breadcrumb\">\n\tMain page\n<\/span><\/div><\/div>\n\t\t\t\t<\/div>\n\t\t\t\t<\/div>\n\t\t\t\t<div class=\"elementor-element elementor-element-b954fe9 exad-sticky-section-no exad-glass-effect-no sc_fly_static elementor-widget elementor-widget-heading\" data-id=\"b954fe9\" data-element_type=\"widget\" data-widget_type=\"heading.default\">\n\t\t\t\t<div class=\"elementor-widget-container\">\n\t\t\t<h2 class=\"elementor-heading-title elementor-size-default\">Om Grand Meyer<\/h2>\t\t<\/div>\n\t\t\t\t<\/div>\n\t\t\t\t<\/div>\n\t\t<div class=\"elementor-element elementor-element-eb5754e brand e-flex e-con-boxed sc_inner_width_none sc_layouts_column_icons_position_left e-con e-parent\" data-id=\"eb5754e\" data-element_type=\"container\" data-settings=\"{&quot;background_background&quot;:&quot;classic&quot;}\">\n\t\t\t\t\t<div class=\"e-con-inner\">\n\t\t\t\t<div class=\"elementor-element elementor-element-0e90f26 exad-sticky-section-no exad-glass-effect-no sc_fly_static elementor-widget elementor-widget-heading\" data-id=\"0e90f26\" data-element_type=\"widget\" data-widget_type=\"heading.default\">\n\t\t\t\t<div class=\"elementor-widget-container\">\n\t\t\t<h6 class=\"elementor-heading-title elementor-size-default\">Grand Meyer<\/h6>\t\t<\/div>\n\t\t\t\t<\/div>\n\t\t\t\t<div class=\"elementor-element elementor-element-50f9564 exad-sticky-section-no exad-glass-effect-no sc_fly_static elementor-widget elementor-widget-text-editor\" data-id=\"50f9564\" data-element_type=\"widget\" data-widget_type=\"text-editor.default\">\n\t\t\t\t<div class=\"elementor-widget-container\">\n\t\t\t\t\t\t\t<p><strong>Grand Meyer<\/strong> \u00e4r en europeisk tillverkare av v\u00e4rmekablar, golvv\u00e4rmesystem och termostater med mer \u00e4n 20 \u00e5rs erfarenhet. F\u00f6retaget \u00e4r specialiserat p\u00e5 tillf\u00f6rlitliga l\u00f6sningar f\u00f6r elektrisk uppv\u00e4rmning av bost\u00e4der och kommersiella lokaler, samt system f\u00f6r sn\u00f6- och isskydd. Produktionsanl\u00e4ggningarna arbetar enligt kvalitetsledningssystemet <strong>ISO 9001:2015<\/strong>. Alla produkter uppfyller internationella s\u00e4kerhetsstandarder och \u00e4r certifierade enligt <strong>IEC<\/strong>&#8211; och <strong>T\u00dcV<\/strong>-krav.<\/p>\t\t\t\t\t\t<\/div>\n\t\t\t\t<\/div>\n\t\t\t\t<div class=\"elementor-element elementor-element-c3119ab exad-sticky-section-no exad-glass-effect-no sc_fly_static elementor-widget elementor-widget-text-editor\" data-id=\"c3119ab\" data-element_type=\"widget\" data-widget_type=\"text-editor.default\">\n\t\t\t\t<div class=\"elementor-widget-container\">\n\t\t\t\t\t\t\t<p>Varje meter kabel och varje enhet genomg\u00e5r strikt kvalitetskontroll, inklusive isolationsprovning, t\u00e4thetskontroller och verifiering av \u00f6verensst\u00e4mmelse. Detta arbetss\u00e4tt s\u00e4kerst\u00e4ller l\u00e5ng livsl\u00e4ngd och s\u00e4ker drift.<\/p>\t\t\t\t\t\t<\/div>\n\t\t\t\t<\/div>\n\t\t\t\t<div class=\"elementor-element elementor-element-361284f exad-sticky-section-no exad-glass-effect-no sc_fly_static elementor-widget elementor-widget-text-editor\" data-id=\"361284f\" data-element_type=\"widget\" data-widget_type=\"text-editor.default\">\n\t\t\t\t<div class=\"elementor-widget-container\">\n\t\t\t\t\t\t\t<p>Idag producerar Grand Meyer \u00e5rligen \u00f6ver <strong>2,2 miljoner meter v\u00e4rmekablar<\/strong> och omkring <strong>350 000 termostater<\/strong> och levererar tillf\u00f6rlitliga uppv\u00e4rmningsl\u00f6sningar i hela Europa.<\/p>\t\t\t\t\t\t<\/div>\n\t\t\t\t<\/div>\n\t\t\t\t<div class=\"elementor-element elementor-element-80e5ed4 exad-sticky-section-no exad-glass-effect-no sc_fly_static elementor-widget elementor-widget-image\" data-id=\"80e5ed4\" data-element_type=\"widget\" data-widget_type=\"image.default\">\n\t\t\t\t<div class=\"elementor-widget-container\">\n\t\t\t\t\t\t\t\t\t\t\t\t\t<img fetchpriority=\"high\" decoding=\"async\" width=\"768\" height=\"512\" src=\"https:\/\/nordic-comfort.com\/wp-content\/uploads\/2025\/10\/Oct-7-2025-01_14_41-PM-768x512.png\" class=\"attachment-medium_large size-medium_large wp-image-60802\" alt=\"\" srcset=\"https:\/\/nordic-comfort.com\/wp-content\/uploads\/2025\/10\/Oct-7-2025-01_14_41-PM-768x512.png 768w, https:\/\/nordic-comfort.com\/wp-content\/uploads\/2025\/10\/Oct-7-2025-01_14_41-PM-300x200.png 300w, https:\/\/nordic-comfort.com\/wp-content\/uploads\/2025\/10\/Oct-7-2025-01_14_41-PM-1024x683.png 1024w, https:\/\/nordic-comfort.com\/wp-content\/uploads\/2025\/10\/Oct-7-2025-01_14_41-PM-370x247.png 370w, https:\/\/nordic-comfort.com\/wp-content\/uploads\/2025\/10\/Oct-7-2025-01_14_41-PM-840x560.png 840w, https:\/\/nordic-comfort.com\/wp-content\/uploads\/2025\/10\/Oct-7-2025-01_14_41-PM-410x273.png 410w, https:\/\/nordic-comfort.com\/wp-content\/uploads\/2025\/10\/Oct-7-2025-01_14_41-PM-600x400.png 600w, https:\/\/nordic-comfort.com\/wp-content\/uploads\/2025\/10\/Oct-7-2025-01_14_41-PM.png 1536w\" sizes=\"(max-width: 768px) 100vw, 768px\" \/>\t\t\t\t\t\t\t\t\t\t\t\t\t<\/div>\n\t\t\t\t<\/div>\n\t\t\t\t<div class=\"elementor-element elementor-element-2784a77 exad-sticky-section-no exad-glass-effect-no sc_fly_static elementor-widget elementor-widget-heading\" data-id=\"2784a77\" data-element_type=\"widget\" data-widget_type=\"heading.default\">\n\t\t\t\t<div class=\"elementor-widget-container\">\n\t\t\t<h6 class=\"elementor-heading-title elementor-size-default\">Produktsortiment<\/h6>\t\t<\/div>\n\t\t\t\t<\/div>\n\t\t\t\t<div class=\"elementor-element elementor-element-2cdd005 exad-sticky-section-no exad-glass-effect-no sc_fly_static elementor-widget elementor-widget-text-editor\" data-id=\"2cdd005\" data-element_type=\"widget\" data-widget_type=\"text-editor.default\">\n\t\t\t\t<div class=\"elementor-widget-container\">\n\t\t\t\t\t\t\t<p data-start=\"18\" data-end=\"209\"><strong data-start=\"18\" data-end=\"33\">V\u00e4rmekablar<\/strong><br data-start=\"33\" data-end=\"36\" \/>Tv\u00e5ledar-resistiva kablar med en effekt p\u00e5 upp till 20 W\/m, med slitstark isolering och liten b\u00f6jradie. Avsedda f\u00f6r installation i avj\u00e4mningsmassa eller i kakel-\/klinkerfix.<\/p><p data-start=\"211\" data-end=\"358\"><strong data-start=\"211\" data-end=\"226\">V\u00e4rmemattor<\/strong><br data-start=\"226\" data-end=\"229\" \/>Installationsklara kabelsektioner p\u00e5 n\u00e4tb\u00e4rare. Effekt upp till 180 W\/m\u00b2. L\u00e4mpliga f\u00f6r kakel, klinker och andra golvbel\u00e4ggningar.<\/p><p data-start=\"360\" data-end=\"596\"><strong data-start=\"360\" data-end=\"375\">Termostater<\/strong><br data-start=\"375\" data-end=\"378\" \/>Ett brett urval av mekaniska, programmerbara och Wi-Fi-modeller (s\u00e5som W350, SN-10, HW500). Dessa regulatorer ger exakt reglering av golv- och lufttemperatur, energibesparingar samt smidig fj\u00e4rrstyrning via smartphone.<\/p><p data-start=\"598\" data-end=\"724\" data-is-last-node=\"\" data-is-only-node=\"\"><strong data-start=\"598\" data-end=\"629\">System f\u00f6r sn\u00f6- och isskydd<\/strong><br data-start=\"629\" data-end=\"632\" \/>Specialkablar f\u00f6r utomhusytor, tak och h\u00e4ngr\u00e4nnor f\u00f6r att f\u00f6rhindra isbildning och istappar.<\/p>\t\t\t\t\t\t<\/div>\n\t\t\t\t<\/div>\n\t\t\t\t<div class=\"elementor-element elementor-element-72a4736 exad-sticky-section-no exad-glass-effect-no sc_fly_static elementor-widget elementor-widget-heading\" data-id=\"72a4736\" data-element_type=\"widget\" data-widget_type=\"heading.default\">\n\t\t\t\t<div class=\"elementor-widget-container\">\n\t\t\t<h6 class=\"elementor-heading-title elementor-size-default\">Viktiga f\u00f6rdelar<\/h6>\t\t<\/div>\n\t\t\t\t<\/div>\n\t\t\t\t<div class=\"elementor-element elementor-element-2845ec4 exad-sticky-section-no exad-glass-effect-no sc_fly_static elementor-widget elementor-widget-text-editor\" data-id=\"2845ec4\" data-element_type=\"widget\" data-widget_type=\"text-editor.default\">\n\t\t\t\t<div class=\"elementor-widget-container\">\n\t\t\t\t\t\t\t<ul><li data-start=\"18\" data-end=\"79\"><p data-start=\"20\" data-end=\"79\">Tillf\u00f6rlitlighet och h\u00e5llbarhet \u2014 upp till 20 \u00e5rs garanti<\/p><\/li><li data-start=\"80\" data-end=\"113\"><p data-start=\"82\" data-end=\"113\">Europeisk produktionskvalitet<\/p><\/li><li data-start=\"114\" data-end=\"155\"><p data-start=\"116\" data-end=\"155\">Modern design och l\u00e4ttanv\u00e4nda reglage<\/p><\/li><li data-start=\"156\" data-end=\"184\"><p data-start=\"158\" data-end=\"184\">Energieffektiv prestanda<\/p><\/li><li data-start=\"185\" data-end=\"260\" data-is-last-node=\"\"><p data-start=\"187\" data-end=\"260\" data-is-last-node=\"\">Brett utbud av l\u00f6sningar f\u00f6r b\u00e5de bost\u00e4der och kommersiella till\u00e4mpningar<\/p><\/li><\/ul>\t\t\t\t\t\t<\/div>\n\t\t\t\t<\/div>\n\t\t<div class=\"elementor-element elementor-element-22b6d38 sc_layouts_hide_on_wide sc_layouts_hide_on_desktop sc_layouts_hide_on_notebook sc_layouts_hide_on_tablet sc_layouts_hide_on_mobile e-flex e-con-boxed sc_inner_width_none sc_layouts_column_icons_position_left e-con e-child\" data-id=\"22b6d38\" data-element_type=\"container\">\n\t\t\t\t\t<div class=\"e-con-inner\">\n\t\t\t\t<div class=\"elementor-element elementor-element-10452dc exad-sticky-section-no exad-glass-effect-no sc_fly_static elementor-widget elementor-widget-trx_widget_video\" data-id=\"10452dc\" data-element_type=\"widget\" data-widget_type=\"trx_widget_video.default\">\n\t\t\t\t<div class=\"elementor-widget-container\">\n\t\t\t<div class=\"widget_area sc_widget_video\"><aside class=\"widget widget_video\"><div id=\"sc_video_1668518985\" class=\"trx_addons_video_player without_cover\"><div class=\"video_embed video_frame\"><iframe src=\"https:\/\/www.youtube.com\/embed\/MyErghcEbqU?si=Do_WhXafgA7h2nCd&#038;feature=oembed&#038;wmode=transparent&#038;origin=https%3A%2F%2Fnordic-comfort.com%2Fsv%2F&#038;widgetid=1&#038;enablejsapi=1&#038;disablekb=1&#038;modestbranding=1&#038;iv_load_policy=3&#038;rel=0&#038;showinfo=0&#038;playsinline=1\" width=\"1320\" height=\"743\"><\/iframe><\/div><\/div><\/aside><\/div>\t\t<\/div>\n\t\t\t\t<\/div>\n\t\t\t\t\t<\/div>\n\t\t\t\t<\/div>\n\t\t\t\t\t<\/div>\n\t\t\t\t<\/div>\n\t\t<div class=\"elementor-element elementor-element-15dde9f brand e-flex e-con-boxed sc_inner_width_none sc_layouts_column_icons_position_left e-con e-parent\" data-id=\"15dde9f\" data-element_type=\"container\" data-settings=\"{&quot;background_background&quot;:&quot;classic&quot;}\">\n\t\t\t\t\t<div class=\"e-con-inner\">\n\t\t\t\t<div class=\"elementor-element elementor-element-e66d51b exad-sticky-section-no exad-glass-effect-no sc_fly_static elementor-widget elementor-widget-heading\" data-id=\"e66d51b\" data-element_type=\"widget\" data-widget_type=\"heading.default\">\n\t\t\t\t<div class=\"elementor-widget-container\">\n\t\t\t<h4 class=\"elementor-heading-title elementor-size-default\">V\u00e4lj en kategori<\/h4>\t\t<\/div>\n\t\t\t\t<\/div>\n\t\t<div class=\"e-con-gap-no elementor-element elementor-element-bb43888 e-con-full product_categories e-flex sc_inner_width_none sc_layouts_column_icons_position_left e-con e-child\" data-id=\"bb43888\" data-element_type=\"container\">\n\t\t<div class=\"elementor-element elementor-element-3bdf0f7 e-con-full e-flex sc_inner_width_none sc_layouts_column_icons_position_left e-con e-child\" data-id=\"3bdf0f7\" data-element_type=\"container\">\n\t\t\t\t<div class=\"elementor-element elementor-element-256819f product_category elementor-position-top exad-sticky-section-no exad-glass-effect-no sc_fly_static elementor-widget elementor-widget-image-box\" data-id=\"256819f\" data-element_type=\"widget\" data-widget_type=\"image-box.default\">\n\t\t\t\t<div class=\"elementor-widget-container\">\n\t\t\t<div class=\"elementor-image-box-wrapper\"><figure class=\"elementor-image-box-img\"><a href=\"https:\/\/nordic-comfort.com\/sv\/our-products\/sauna-heaters\/\" tabindex=\"-1\"><img decoding=\"async\" width=\"423\" height=\"380\" src=\"https:\/\/nordic-comfort.com\/wp-content\/uploads\/2024\/07\/sauna_heaters.png\" class=\"attachment-full size-full wp-image-47547\" alt=\"\" srcset=\"https:\/\/nordic-comfort.com\/wp-content\/uploads\/2024\/07\/sauna_heaters.png 423w, https:\/\/nordic-comfort.com\/wp-content\/uploads\/2024\/07\/sauna_heaters-300x270.png 300w, https:\/\/nordic-comfort.com\/wp-content\/uploads\/2024\/07\/sauna_heaters-370x332.png 370w, https:\/\/nordic-comfort.com\/wp-content\/uploads\/2024\/07\/sauna_heaters-410x368.png 410w\" sizes=\"(max-width: 600px) 100vw, 423px\" \/><\/a><\/figure><div class=\"elementor-image-box-content\"><h4 class=\"elementor-image-box-title\"><a href=\"https:\/\/nordic-comfort.com\/sv\/our-products\/sauna-heaters\/\">Bastuaggregat<\/a><\/h4><\/div><\/div>\t\t<\/div>\n\t\t\t\t<\/div>\n\t\t\t\t<\/div>\n\t\t\t\t<\/div>\n\t\t\t\t\t<\/div>\n\t\t\t\t<\/div>\n\t\t<div class=\"elementor-element elementor-element-cd2e0d4 brands_products e-flex e-con-boxed sc_inner_width_none sc_layouts_column_icons_position_left e-con e-parent\" data-id=\"cd2e0d4\" data-element_type=\"container\" data-settings=\"{&quot;background_background&quot;:&quot;classic&quot;}\">\n\t\t\t\t\t<div class=\"e-con-inner\">\n\t\t<div class=\"e-con-gap-no elementor-element elementor-element-00d065f e-con-full e-flex sc_inner_width_none sc_layouts_column_icons_position_left e-con e-child\" data-id=\"00d065f\" data-element_type=\"container\">\n\t\t<div class=\"elementor-element elementor-element-509ddb3 e-flex e-con-boxed sc_inner_width_none sc_layouts_column_icons_position_left e-con e-child\" data-id=\"509ddb3\" data-element_type=\"container\">\n\t\t\t\t\t<div class=\"e-con-inner\">\n\t\t\t\t<div class=\"elementor-element elementor-element-e0c86b6 exad-sticky-section-no exad-glass-effect-no sc_fly_static elementor-widget elementor-widget-heading\" data-id=\"e0c86b6\" data-element_type=\"widget\" data-widget_type=\"heading.default\">\n\t\t\t\t<div class=\"elementor-widget-container\">\n\t\t\t<h4 class=\"elementor-heading-title elementor-size-default\">Rekommenderade produkter<\/h4>\t\t<\/div>\n\t\t\t\t<\/div>\n\t\t\t\t\t<\/div>\n\t\t\t\t<\/div>\n\t\t\t\t<\/div>\n\t\t\t\t<div class=\"elementor-element elementor-element-a92fb49 product_slider elementor-arrows-position-inside exad-sticky-section-no exad-glass-effect-no sc_fly_static elementor-widget elementor-widget-loop-carousel\" data-id=\"a92fb49\" data-element_type=\"widget\" data-settings=\"{&quot;template_id&quot;:57093,&quot;slides_to_show&quot;:&quot;4&quot;,&quot;slides_to_show_laptop&quot;:&quot;4&quot;,&quot;slides_to_show_tablet&quot;:&quot;3&quot;,&quot;_skin&quot;:&quot;post&quot;,&quot;slides_to_show_widescreen&quot;:&quot;3&quot;,&quot;slides_to_show_tablet_extra&quot;:&quot;3&quot;,&quot;slides_to_show_mobile_extra&quot;:&quot;2&quot;,&quot;slides_to_show_mobile&quot;:&quot;1&quot;,&quot;slides_to_scroll&quot;:&quot;1&quot;,&quot;edit_handle_selector&quot;:&quot;.elementor-widget-container&quot;,&quot;speed&quot;:500,&quot;arrows&quot;:&quot;yes&quot;,&quot;image_spacing_custom&quot;:{&quot;unit&quot;:&quot;px&quot;,&quot;size&quot;:10,&quot;sizes&quot;:[]},&quot;image_spacing_custom_widescreen&quot;:{&quot;unit&quot;:&quot;px&quot;,&quot;size&quot;:&quot;&quot;,&quot;sizes&quot;:[]},&quot;image_spacing_custom_laptop&quot;:{&quot;unit&quot;:&quot;px&quot;,&quot;size&quot;:&quot;&quot;,&quot;sizes&quot;:[]},&quot;image_spacing_custom_tablet_extra&quot;:{&quot;unit&quot;:&quot;px&quot;,&quot;size&quot;:&quot;&quot;,&quot;sizes&quot;:[]},&quot;image_spacing_custom_tablet&quot;:{&quot;unit&quot;:&quot;px&quot;,&quot;size&quot;:&quot;&quot;,&quot;sizes&quot;:[]},&quot;image_spacing_custom_mobile_extra&quot;:{&quot;unit&quot;:&quot;px&quot;,&quot;size&quot;:&quot;&quot;,&quot;sizes&quot;:[]},&quot;image_spacing_custom_mobile&quot;:{&quot;unit&quot;:&quot;px&quot;,&quot;size&quot;:&quot;&quot;,&quot;sizes&quot;:[]}}\" data-widget_type=\"loop-carousel.post\">\n\t\t\t\t<div class=\"elementor-widget-container\">\n\t\t\t\t\t<div class=\"e-loop-nothing-found-message\">\n\t\t<\/div>\n\t\t\t\t<\/div>\n\t\t\t\t<\/div>\n\t\t\t\t\t<\/div>\n\t\t\t\t<\/div>\n\t\t\t\t<\/div>\n\t\t","protected":false},"excerpt":{"rendered":"<p>Om Grand Meyer Grand Meyer Grand Meyer \u00e4r en europeisk tillverkare av v\u00e4rmekablar, golvv\u00e4rmesystem och termostater med mer \u00e4n 20 \u00e5rs erfarenhet. F\u00f6retaget \u00e4r specialiserat p\u00e5 tillf\u00f6rlitliga l\u00f6sningar f\u00f6r elektrisk&hellip;<\/p>\n","protected":false},"author":4,"featured_media":60720,"parent":52862,"menu_order":0,"comment_status":"closed","ping_status":"closed","template":"","meta":{"_acf_changed":false,"footnotes":""},"categories":[],"tags":[],"class_list":["post-53209","page","type-page","status-publish","has-post-thumbnail","hentry"],"acf":[],"aioseo_notices":[],"_links":{"self":[{"href":"https:\/\/nordic-comfort.com\/sv\/wp-json\/wp\/v2\/pages\/53209","targetHints":{"allow":["GET"]}}],"collection":[{"href":"https:\/\/nordic-comfort.com\/sv\/wp-json\/wp\/v2\/pages"}],"about":[{"href":"https:\/\/nordic-comfort.com\/sv\/wp-json\/wp\/v2\/types\/page"}],"author":[{"embeddable":true,"href":"https:\/\/nordic-comfort.com\/sv\/wp-json\/wp\/v2\/users\/4"}],"replies":[{"embeddable":true,"href":"https:\/\/nordic-comfort.com\/sv\/wp-json\/wp\/v2\/comments?post=53209"}],"version-history":[{"count":6,"href":"https:\/\/nordic-comfort.com\/sv\/wp-json\/wp\/v2\/pages\/53209\/revisions"}],"predecessor-version":[{"id":60841,"href":"https:\/\/nordic-comfort.com\/sv\/wp-json\/wp\/v2\/pages\/53209\/revisions\/60841"}],"up":[{"embeddable":true,"href":"https:\/\/nordic-comfort.com\/sv\/wp-json\/wp\/v2\/pages\/52862"}],"wp:featuredmedia":[{"embeddable":true,"href":"https:\/\/nordic-comfort.com\/sv\/wp-json\/wp\/v2\/media\/60720"}],"wp:attachment":[{"href":"https:\/\/nordic-comfort.com\/sv\/wp-json\/wp\/v2\/media?parent=53209"}],"wp:term":[{"taxonomy":"category","embeddable":true,"href":"https:\/\/nordic-comfort.com\/sv\/wp-json\/wp\/v2\/categories?post=53209"},{"taxonomy":"post_tag","embeddable":true,"href":"https:\/\/nordic-comfort.com\/sv\/wp-json\/wp\/v2\/tags?post=53209"}],"curies":[{"name":"wp","href":"https:\/\/api.w.org\/{rel}","templated":true}]}}