{"id":53371,"date":"2024-07-02T09:15:55","date_gmt":"2024-07-02T06:15:55","guid":{"rendered":"https:\/\/nordic-comfort.com\/manuals\/radiatori2000\/"},"modified":"2024-07-21T00:36:44","modified_gmt":"2024-07-20T21:36:44","slug":"radiatori2000","status":"publish","type":"page","link":"https:\/\/nordic-comfort.com\/sv\/manuals\/radiatori2000\/","title":{"rendered":"Radiatori2000"},"content":{"rendered":"\t\t<div data-elementor-type=\"wp-page\" data-elementor-id=\"53371\" class=\"elementor elementor-53371 elementor-47239\" data-elementor-post-type=\"page\">\n\t\t\t\t<div class=\"elementor-element elementor-element-a3950fc e-con-full e-flex sc_inner_width_none sc_layouts_column_icons_position_left e-con e-parent\" data-id=\"a3950fc\" data-element_type=\"container\" data-e-type=\"container\" data-settings=\"{&quot;background_background&quot;:&quot;classic&quot;}\">\n\t\t\t\t<div class=\"elementor-element elementor-element-579d005 breadcrumbs exad-sticky-section-no exad-glass-effect-no sc_fly_static elementor-widget elementor-widget-shortcode\" data-id=\"579d005\" data-element_type=\"widget\" data-e-type=\"widget\" data-widget_type=\"shortcode.default\">\n\t\t\t\t<div class=\"elementor-widget-container\">\n\t\t\t\t\t\t\t<div class=\"elementor-shortcode\"><div class=\"aioseo-breadcrumbs\"><span class=\"aioseo-breadcrumb\">\n\tMain page\n<\/span><\/div><\/div>\n\t\t\t\t\t\t<\/div>\n\t\t\t\t<\/div>\n\t\t\t\t<div class=\"elementor-element elementor-element-800cbce exad-sticky-section-no exad-glass-effect-no sc_fly_static elementor-widget elementor-widget-heading\" data-id=\"800cbce\" data-element_type=\"widget\" data-e-type=\"widget\" data-widget_type=\"heading.default\">\n\t\t\t\t<div class=\"elementor-widget-container\">\n\t\t\t\t\t<h1 class=\"elementor-heading-title elementor-size-default\">Manualer<\/h1>\t\t\t\t<\/div>\n\t\t\t\t<\/div>\n\t\t\t\t<\/div>\n\t\t<div class=\"elementor-element elementor-element-a65c6eb e-flex e-con-boxed sc_inner_width_none sc_layouts_column_icons_position_left e-con e-parent\" data-id=\"a65c6eb\" data-element_type=\"container\" data-e-type=\"container\" data-settings=\"{&quot;background_background&quot;:&quot;classic&quot;}\">\n\t\t\t\t\t<div class=\"e-con-inner\">\n\t\t\t\t<div class=\"elementor-element elementor-element-991ce77 exad-sticky-section-no exad-glass-effect-no sc_fly_static elementor-widget elementor-widget-heading\" data-id=\"991ce77\" data-element_type=\"widget\" data-e-type=\"widget\" data-widget_type=\"heading.default\">\n\t\t\t\t<div class=\"elementor-widget-container\">\n\t\t\t\t\t<h4 class=\"elementor-heading-title elementor-size-default\">V\u00e4lj en kategori<\/h4>\t\t\t\t<\/div>\n\t\t\t\t<\/div>\n\t\t<div class=\"e-con-gap-no elementor-element elementor-element-55ad2ed e-flex e-con-boxed sc_inner_width_none sc_layouts_column_icons_position_left e-con e-child\" data-id=\"55ad2ed\" data-element_type=\"container\" data-e-type=\"container\">\n\t\t\t\t\t<div class=\"e-con-inner\">\n\t\t<div class=\"elementor-element elementor-element-bffb7ae e-con-full e-flex sc_inner_width_none sc_layouts_column_icons_position_left e-con e-child\" data-id=\"bffb7ae\" data-element_type=\"container\" data-e-type=\"container\" data-settings=\"{&quot;background_background&quot;:&quot;classic&quot;}\">\n\t\t\t\t<div class=\"elementor-element elementor-element-e462ee1 exad-sticky-section-no exad-glass-effect-no sc_fly_static elementor-widget elementor-widget-image\" data-id=\"e462ee1\" data-element_type=\"widget\" data-e-type=\"widget\" data-widget_type=\"image.default\">\n\t\t\t\t<div class=\"elementor-widget-container\">\n\t\t\t\t\t\t\t\t\t\t\t\t\t\t\t\t<a href=\"https:\/\/nordic-comfort.com\/sv\/manuals\/radiatori2000\/central-heating-radiators\/\">\n\t\t\t\t\t\t\t<img fetchpriority=\"high\" decoding=\"async\" width=\"2560\" height=\"1707\" src=\"https:\/\/nordic-comfort.com\/wp-content\/uploads\/2024\/07\/Radiatori-radiator-scaled.jpg\" class=\"attachment-full size-full wp-image-52355\" alt=\"\" srcset=\"https:\/\/nordic-comfort.com\/wp-content\/uploads\/2024\/07\/Radiatori-radiator-scaled.jpg 2560w, https:\/\/nordic-comfort.com\/wp-content\/uploads\/2024\/07\/Radiatori-radiator-300x200.jpg 300w, https:\/\/nordic-comfort.com\/wp-content\/uploads\/2024\/07\/Radiatori-radiator-1024x683.jpg 1024w, https:\/\/nordic-comfort.com\/wp-content\/uploads\/2024\/07\/Radiatori-radiator-768x512.jpg 768w, https:\/\/nordic-comfort.com\/wp-content\/uploads\/2024\/07\/Radiatori-radiator-1536x1024.jpg 1536w, https:\/\/nordic-comfort.com\/wp-content\/uploads\/2024\/07\/Radiatori-radiator-2048x1365.jpg 2048w, https:\/\/nordic-comfort.com\/wp-content\/uploads\/2024\/07\/Radiatori-radiator-370x247.jpg 370w, https:\/\/nordic-comfort.com\/wp-content\/uploads\/2024\/07\/Radiatori-radiator-840x560.jpg 840w, https:\/\/nordic-comfort.com\/wp-content\/uploads\/2024\/07\/Radiatori-radiator-410x273.jpg 410w, https:\/\/nordic-comfort.com\/wp-content\/uploads\/2024\/07\/Radiatori-radiator-600x400.jpg 600w\" sizes=\"(max-width: 2560px) 100vw, 2560px\" \/>\t\t\t\t\t\t\t\t<\/a>\n\t\t\t\t\t\t\t\t\t\t\t\t\t\t\t<\/div>\n\t\t\t\t<\/div>\n\t\t\t\t<div class=\"elementor-element elementor-element-c89c3d2 elementor-widget-divider--view-line exad-sticky-section-no exad-glass-effect-no sc_fly_static elementor-widget elementor-widget-divider\" data-id=\"c89c3d2\" data-element_type=\"widget\" data-e-type=\"widget\" data-widget_type=\"divider.default\">\n\t\t\t\t<div class=\"elementor-widget-container\">\n\t\t\t\t\t\t\t<div class=\"elementor-divider\">\n\t\t\t<span class=\"elementor-divider-separator\">\n\t\t\t\t\t\t<\/span>\n\t\t<\/div>\n\t\t\t\t\t\t<\/div>\n\t\t\t\t<\/div>\n\t\t\t\t<div class=\"elementor-element elementor-element-2094941 category_title exad-sticky-section-no exad-glass-effect-no sc_fly_static elementor-widget elementor-widget-heading\" data-id=\"2094941\" data-element_type=\"widget\" data-e-type=\"widget\" data-widget_type=\"heading.default\">\n\t\t\t\t<div class=\"elementor-widget-container\">\n\t\t\t\t\t<h6 class=\"elementor-heading-title elementor-size-default\"><a href=\"https:\/\/nordic-comfort.com\/sv\/manuals\/radiatori2000\/central-heating-radiators\/\">Radiatorer f\u00f6r centralv\u00e4rme<\/a><\/h6>\t\t\t\t<\/div>\n\t\t\t\t<\/div>\n\t\t\t\t<\/div>\n\t\t\t\t\t<\/div>\n\t\t\t\t<\/div>\n\t\t\t\t\t<\/div>\n\t\t\t\t<\/div>\n\t\t\t\t<\/div>\n\t\t","protected":false},"excerpt":{"rendered":"<p>Manualer V\u00e4lj en kategori Radiatorer f\u00f6r centralv\u00e4rme<\/p>\n","protected":false},"author":4,"featured_media":0,"parent":52819,"menu_order":0,"comment_status":"closed","ping_status":"closed","template":"","meta":{"_acf_changed":false,"footnotes":""},"categories":[],"tags":[],"class_list":["post-53371","page","type-page","status-publish","hentry"],"acf":[],"aioseo_notices":[],"_links":{"self":[{"href":"https:\/\/nordic-comfort.com\/sv\/wp-json\/wp\/v2\/pages\/53371","targetHints":{"allow":["GET"]}}],"collection":[{"href":"https:\/\/nordic-comfort.com\/sv\/wp-json\/wp\/v2\/pages"}],"about":[{"href":"https:\/\/nordic-comfort.com\/sv\/wp-json\/wp\/v2\/types\/page"}],"author":[{"embeddable":true,"href":"https:\/\/nordic-comfort.com\/sv\/wp-json\/wp\/v2\/users\/4"}],"replies":[{"embeddable":true,"href":"https:\/\/nordic-comfort.com\/sv\/wp-json\/wp\/v2\/comments?post=53371"}],"version-history":[{"count":0,"href":"https:\/\/nordic-comfort.com\/sv\/wp-json\/wp\/v2\/pages\/53371\/revisions"}],"up":[{"embeddable":true,"href":"https:\/\/nordic-comfort.com\/sv\/wp-json\/wp\/v2\/pages\/52819"}],"wp:attachment":[{"href":"https:\/\/nordic-comfort.com\/sv\/wp-json\/wp\/v2\/media?parent=53371"}],"wp:term":[{"taxonomy":"category","embeddable":true,"href":"https:\/\/nordic-comfort.com\/sv\/wp-json\/wp\/v2\/categories?post=53371"},{"taxonomy":"post_tag","embeddable":true,"href":"https:\/\/nordic-comfort.com\/sv\/wp-json\/wp\/v2\/tags?post=53371"}],"curies":[{"name":"wp","href":"https:\/\/api.w.org\/{rel}","templated":true}]}}