{"id":54343,"date":"2023-09-25T15:37:02","date_gmt":"2023-09-25T12:37:02","guid":{"rendered":"https:\/\/nordic-comfort.com\/warranty\/"},"modified":"2025-10-02T15:31:05","modified_gmt":"2025-10-02T12:31:05","slug":"warranty","status":"publish","type":"page","link":"https:\/\/nordic-comfort.com\/sv\/warranty\/","title":{"rendered":"Garanti"},"content":{"rendered":"\t\t<div data-elementor-type=\"wp-page\" data-elementor-id=\"54343\" class=\"elementor elementor-54343 elementor-20349\" data-elementor-post-type=\"page\">\n\t\t\t\t<div class=\"elementor-element elementor-element-e8d2dc7 e-con-full e-flex sc_inner_width_none sc_layouts_column_icons_position_left e-con e-parent\" data-id=\"e8d2dc7\" data-element_type=\"container\" data-e-type=\"container\" data-settings=\"{&quot;background_background&quot;:&quot;classic&quot;}\">\n\t\t\t\t<div class=\"elementor-element elementor-element-bdbf2b4 breadcrumbs exad-sticky-section-no exad-glass-effect-no sc_fly_static elementor-widget elementor-widget-shortcode\" data-id=\"bdbf2b4\" data-element_type=\"widget\" data-e-type=\"widget\" data-widget_type=\"shortcode.default\">\n\t\t\t\t<div class=\"elementor-widget-container\">\n\t\t\t\t\t\t\t<div class=\"elementor-shortcode\"><div class=\"aioseo-breadcrumbs\"><span class=\"aioseo-breadcrumb\">\n\tMain page\n<\/span><\/div><\/div>\n\t\t\t\t\t\t<\/div>\n\t\t\t\t<\/div>\n\t\t\t\t<div class=\"elementor-element elementor-element-39c2c8d exad-sticky-section-no exad-glass-effect-no sc_fly_static elementor-widget elementor-widget-heading\" data-id=\"39c2c8d\" data-element_type=\"widget\" data-e-type=\"widget\" data-widget_type=\"heading.default\">\n\t\t\t\t<div class=\"elementor-widget-container\">\n\t\t\t\t\t<h2 class=\"elementor-heading-title elementor-size-default\">Garanti<\/h2>\t\t\t\t<\/div>\n\t\t\t\t<\/div>\n\t\t\t\t<\/div>\n\t\t<div class=\"elementor-element elementor-element-b69f646 e-flex e-con-boxed sc_inner_width_none sc_layouts_column_icons_position_left e-con e-parent\" data-id=\"b69f646\" data-element_type=\"container\" data-e-type=\"container\" data-settings=\"{&quot;background_background&quot;:&quot;classic&quot;}\">\n\t\t\t\t\t<div class=\"e-con-inner\">\n\t\t\t\t<div class=\"elementor-element elementor-element-b300e81 exad-sticky-section-no exad-glass-effect-no sc_fly_static elementor-widget elementor-widget-text-editor\" data-id=\"b300e81\" data-element_type=\"widget\" data-e-type=\"widget\" data-widget_type=\"text-editor.default\">\n\t\t\t\t<div class=\"elementor-widget-container\">\n\t\t\t\t\t\t\t\t\t<p>Garantivillkor f\u00f6r v\u00e5ra produkter<\/p>\n\t\t\t\t\t\t\t\t<\/div>\n\t\t\t\t<\/div>\n\t\t\t\t<div class=\"elementor-element elementor-element-c4a14d8 exad-sticky-section-no exad-glass-effect-no sc_fly_static elementor-widget elementor-widget-text-editor\" data-id=\"c4a14d8\" data-element_type=\"widget\" data-e-type=\"widget\" data-widget_type=\"text-editor.default\">\n\t\t\t\t<div class=\"elementor-widget-container\">\n\t\t\t\t\t\t\t\t\t<p><strong>K\u00f6p fr\u00e5n och med den 1 oktober 2025<\/strong><\/p>\n<ul>\n<li><strong>Varmvattenberedare fr\u00e5n Midea<\/strong>:\n<ul>\n<li><strong>Elektronik<\/strong>: 2 \u00e5r<\/li>\n<li><strong>Tank<\/strong>: 5 \u00e5r<\/li>\n<\/ul>\n<\/li>\n<li><strong>G\u00e4ller i<\/strong>:\n<ul>\n<li>Estland, Lettland, Litauen (import\u00f6r: KTS Baltic O\u00dc)<\/li>\n<li>Finland, Sverige \u2013 2 \u00e5r (alla komponenter), i enlighet med dessa l\u00e4nders lagar.<\/li>\n<\/ul>\n<\/li>\n<\/ul>\n\t\t\t\t\t\t\t\t<\/div>\n\t\t\t\t<\/div>\n\t\t\t\t<div class=\"elementor-element elementor-element-de9b2ce exad-sticky-section-no exad-glass-effect-no sc_fly_static elementor-widget elementor-widget-text-editor\" data-id=\"de9b2ce\" data-element_type=\"widget\" data-e-type=\"widget\" data-widget_type=\"text-editor.default\">\n\t\t\t\t<div class=\"elementor-widget-container\">\n\t\t\t\t\t\t\t\t\t<p class=\"MsoNormal\"><b>Modeller som omfattas av 5 \u00e5rs tankgaranti:<\/b><\/p>\n\t\t\t\t\t\t\t\t<\/div>\n\t\t\t\t<\/div>\n\t\t\t\t<div class=\"elementor-element elementor-element-d08807d exad-sticky-section-no exad-glass-effect-no sc_fly_static elementor-widget elementor-widget-text-editor\" data-id=\"d08807d\" data-element_type=\"widget\" data-e-type=\"widget\" data-widget_type=\"text-editor.default\">\n\t\t\t\t<div class=\"elementor-widget-container\">\n\t\t\t\t\t\t\t\t\t<ul>\n<li>Midea 20ED6 Salute Flex<\/li>\n<li>Midea 15EFG Lume Uno<\/li>\n<li>Midea 20VI Salute Xpress<\/li>\n<\/ul>\n<p>\u26a0\ufe0f <strong>Observera:<\/strong> Midea Aqua F3-modellen omfattas endast av standardgarantin p\u00e5 2 \u00e5r.<\/p>\n\t\t\t\t\t\t\t\t<\/div>\n\t\t\t\t<\/div>\n\t\t\t\t<div class=\"elementor-element elementor-element-702ebea exad-sticky-section-no exad-glass-effect-no sc_fly_static elementor-widget elementor-widget-text-editor\" data-id=\"702ebea\" data-element_type=\"widget\" data-e-type=\"widget\" data-widget_type=\"text-editor.default\">\n\t\t\t\t<div class=\"elementor-widget-container\">\n\t\t\t\t\t\t\t\t\t<p><strong>Garanti\u00e5taganden<\/strong><\/p>\n\t\t\t\t\t\t\t\t<\/div>\n\t\t\t\t<\/div>\n\t\t\t\t<div class=\"elementor-element elementor-element-ea1f151 exad-sticky-section-no exad-glass-effect-no sc_fly_static elementor-widget elementor-widget-text-editor\" data-id=\"ea1f151\" data-element_type=\"widget\" data-e-type=\"widget\" data-widget_type=\"text-editor.default\">\n\t\t\t\t<div class=\"elementor-widget-container\">\n\t\t\t\t\t\t\t\t\t<p>Import\u00f6ren (KTS Baltic O\u00dc) \u00e5tar sig att under den angivna garantitiden utan kostnad avhj\u00e4lpa fel som orsakats av tillverknings- eller materialbrister i auktoriserade servicecenter eller p\u00e5 andra platser som Import\u00f6ren anvisar.<br \/>Om produkten inte kan repareras s\u00e4kerst\u00e4ller Import\u00f6ren utbyte (mot en liknande modell med j\u00e4mf\u00f6rbar kostnad om originalet inte l\u00e4ngre tillverkas) eller delvis \u00e5terbetalning. Import\u00f6ren beslutar om produkten ska repareras, bytas ut eller \u00e5terbetalas. <\/p>\n\t\t\t\t\t\t\t\t<\/div>\n\t\t\t\t<\/div>\n\t\t\t\t<div class=\"elementor-element elementor-element-057160c exad-sticky-section-no exad-glass-effect-no sc_fly_static elementor-widget elementor-widget-text-editor\" data-id=\"057160c\" data-element_type=\"widget\" data-e-type=\"widget\" data-widget_type=\"text-editor.default\">\n\t\t\t\t<div class=\"elementor-widget-container\">\n\t\t\t\t\t\t\t\t\t<p><strong>Servicevillkor<\/strong><\/p>\n\t\t\t\t\t\t\t\t<\/div>\n\t\t\t\t<\/div>\n\t\t\t\t<div class=\"elementor-element elementor-element-72e40bd exad-sticky-section-no exad-glass-effect-no sc_fly_static elementor-widget elementor-widget-text-editor\" data-id=\"72e40bd\" data-element_type=\"widget\" data-e-type=\"widget\" data-widget_type=\"text-editor.default\">\n\t\t\t\t<div class=\"elementor-widget-container\">\n\t\t\t\t\t\t\t\t\t<p>F\u00f6r att f\u00e5 garantiservice m\u00e5ste k\u00f6paren kontakta Import\u00f6ren inom en m\u00e5nad efter att felet uppt\u00e4ckts och l\u00e4mna:<\/p>\n<ul>\n<li>K\u00f6parens namn, adress och telefonnummer<\/li>\n<li>Produktmodell, serienummer (SN-kod)<\/li>\n<li>K\u00f6pkvitto (obligatoriskt)<\/li>\n<li>Kort beskrivning av felet<\/li>\n<\/ul>\n\t\t\t\t\t\t\t\t<\/div>\n\t\t\t\t<\/div>\n\t\t\t\t<div class=\"elementor-element elementor-element-bfba386 exad-sticky-section-no exad-glass-effect-no sc_fly_static elementor-widget elementor-widget-text-editor\" data-id=\"bfba386\" data-element_type=\"widget\" data-e-type=\"widget\" data-widget_type=\"text-editor.default\">\n\t\t\t\t<div class=\"elementor-widget-container\">\n\t\t\t\t\t\t\t\t\t<p><strong>Kontaktuppgifter:<\/strong><\/p>\n\t\t\t\t\t\t\t\t<\/div>\n\t\t\t\t<\/div>\n\t\t\t\t<div class=\"elementor-element elementor-element-7744723 exad-sticky-section-no exad-glass-effect-no sc_fly_static elementor-widget elementor-widget-text-editor\" data-id=\"7744723\" data-element_type=\"widget\" data-e-type=\"widget\" data-widget_type=\"text-editor.default\">\n\t\t\t\t<div class=\"elementor-widget-container\">\n\t\t\t\t\t\t\t\t\t<ul>\n<li>Estonia: POS Elektroonika O\u00dc, tel. +372 6460093, <a href=\"mailto:remont@pos.ee\">remont@pos.ee<\/a> <\/li>\n<li>Latvia, Lithuania: <a href=\"http:\/\/www.helpgroup.eu\">www.helpgroup.eu<\/a><\/li>\n<li>F\u00f6rfr\u00e5gningar om f\u00f6rl\u00e4ngd garanti: <a href=\"mailto:helpdesk@nordic-comfort.com\">helpdesk@nordic-comfort.com<\/a><\/li>\n<li>Finland, Sverige (2 \u00e5r): kontakta butiken d\u00e4r produkten k\u00f6ptes<\/li>\n<\/ul>\n<p>\u26a0\ufe0f <strong>Viktigt:<\/strong> ta inte ner varmvattenberedaren fr\u00e5n v\u00e4ggen och skicka den inte till service utan f\u00f6reg\u00e5ende instruktioner \u2014 detta kan ogiltigf\u00f6rklara den kostnadsfria garantin.<\/p>\n\t\t\t\t\t\t\t\t<\/div>\n\t\t\t\t<\/div>\n\t\t\t\t<div class=\"elementor-element elementor-element-975c8e3 exad-sticky-section-no exad-glass-effect-no sc_fly_static elementor-widget elementor-widget-text-editor\" data-id=\"975c8e3\" data-element_type=\"widget\" data-e-type=\"widget\" data-widget_type=\"text-editor.default\">\n\t\t\t\t<div class=\"elementor-widget-container\">\n\t\t\t\t\t\t\t\t\t<p><strong>Garantins undantag<\/strong><\/p>\n\t\t\t\t\t\t\t\t<\/div>\n\t\t\t\t<\/div>\n\t\t\t\t<div class=\"elementor-element elementor-element-e986ed0 exad-sticky-section-no exad-glass-effect-no sc_fly_static elementor-widget elementor-widget-text-editor\" data-id=\"e986ed0\" data-element_type=\"widget\" data-e-type=\"widget\" data-widget_type=\"text-editor.default\">\n\t\t\t\t<div class=\"elementor-widget-container\">\n\t\t\t\t\t\t\t\t\t<ul>\n<li>\n<p>Garantin <strong>omfattar inte<\/strong>:<\/p>\n<ul>\n<li>Felaktig installation eller service utf\u00f6rd av obeh\u00f6riga personer<\/li>\n<li>Felaktig anv\u00e4ndning, olyckor eller naturkatastrofer<\/li>\n<li>Obeh\u00f6riga \u00e4ndringar eller reparationer<\/li>\n<li>\u00d6ppnande av enhetens h\u00f6lje av konsumenten (om inte motsatsen kan styrkas)<\/li>\n<\/ul>\n<p>\u26a0\ufe0f \u00c5rligt underh\u00e5ll kr\u00e4vs om vattnets h\u00e5rdhet \u00f6verstiger 4 mEq\/l eller j\u00e4rnhalten \u00f6verstiger 0,3 mg\/l.<br \/>Utan underh\u00e5llsdokumentation, eller om skadan har orsakats av kalkavlagringar, kan garantin ogiltigf\u00f6rklaras.<\/p>\n<\/li>\n<\/ul>\n\t\t\t\t\t\t\t\t<\/div>\n\t\t\t\t<\/div>\n\t\t\t\t<div class=\"elementor-element elementor-element-4fb085f exad-sticky-section-no exad-glass-effect-no sc_fly_static elementor-widget elementor-widget-text-editor\" data-id=\"4fb085f\" data-element_type=\"widget\" data-e-type=\"widget\" data-widget_type=\"text-editor.default\">\n\t\t\t\t<div class=\"elementor-widget-container\">\n\t\t\t\t\t\t\t\t\t<p><strong>K\u00f6parens skyldigheter<\/strong><\/p>\n\t\t\t\t\t\t\t\t<\/div>\n\t\t\t\t<\/div>\n\t\t\t\t<div class=\"elementor-element elementor-element-da2f42b exad-sticky-section-no exad-glass-effect-no sc_fly_static elementor-widget elementor-widget-text-editor\" data-id=\"da2f42b\" data-element_type=\"widget\" data-e-type=\"widget\" data-widget_type=\"text-editor.default\">\n\t\t\t\t<div class=\"elementor-widget-container\">\n\t\t\t\t\t\t\t\t\t<p>K\u00f6paren m\u00e5ste f\u00f6lja de installations-, anv\u00e4ndnings- och underh\u00e5llsanvisningar som tillverkaren tillhandah\u00e5ller.<\/p>\n\t\t\t\t\t\t\t\t<\/div>\n\t\t\t\t<\/div>\n\t\t\t\t<div class=\"elementor-element elementor-element-3a070ba exad-sticky-section-no exad-glass-effect-no sc_fly_static elementor-widget elementor-widget-text-editor\" data-id=\"3a070ba\" data-element_type=\"widget\" data-e-type=\"widget\" data-widget_type=\"text-editor.default\">\n\t\t\t\t<div class=\"elementor-widget-container\">\n\t\t\t\t\t\t\t\t\t<p><strong>Tvistl\u00f6sning<\/strong><\/p>\n\t\t\t\t\t\t\t\t<\/div>\n\t\t\t\t<\/div>\n\t\t\t\t<div class=\"elementor-element elementor-element-6a9e2f8 exad-sticky-section-no exad-glass-effect-no sc_fly_static elementor-widget elementor-widget-text-editor\" data-id=\"6a9e2f8\" data-element_type=\"widget\" data-e-type=\"widget\" data-widget_type=\"text-editor.default\">\n\t\t\t\t<div class=\"elementor-widget-container\">\n\t\t\t\t\t\t\t\t\t<p>Eventuella tvister eller meningsskiljaktigheter som uppst\u00e5r i samband med detta avtal ska l\u00f6sas genom f\u00f6rhandlingar mellan parterna. Om en \u00f6verenskommelse inte kan n\u00e5s ska tvisten avg\u00f6ras i enlighet med till\u00e4mplig lag. <\/p>\n\t\t\t\t\t\t\t\t<\/div>\n\t\t\t\t<\/div>\n\t\t\t\t<div class=\"elementor-element elementor-element-4ea23fa exad-sticky-section-no exad-glass-effect-no sc_fly_static elementor-widget elementor-widget-text-editor\" data-id=\"4ea23fa\" data-element_type=\"widget\" data-e-type=\"widget\" data-widget_type=\"text-editor.default\">\n\t\t\t\t<div class=\"elementor-widget-container\">\n\t\t\t\t\t\t\t\t\t<p><strong>K\u00f6p f\u00f6re den 1 oktober 2025<\/strong><\/p>\n\t\t\t\t\t\t\t\t<\/div>\n\t\t\t\t<\/div>\n\t\t\t\t<div class=\"elementor-element elementor-element-397bd65 exad-sticky-section-no exad-glass-effect-no sc_fly_static elementor-widget elementor-widget-text-editor\" data-id=\"397bd65\" data-element_type=\"widget\" data-e-type=\"widget\" data-widget_type=\"text-editor.default\">\n\t\t\t\t<div class=\"elementor-widget-container\">\n\t\t\t\t\t\t\t\t\t<p>F\u00f6r ovan n\u00e4mnda Midea-varmvattenberedare som k\u00f6pts i Estland, Lettland eller Litauen <strong>f\u00f6re den 1 oktober 2025<\/strong>, g\u00e4ller f\u00f6ljande avtal om f\u00f6rl\u00e4ngd garanti:<\/p>\n<ul>\n<li><strong>Garantiperiod<\/strong>: 5 \u00e5r (full t\u00e4ckning)<\/li>\n<\/ul>\n<p><strong>\u00c5terbetalningstabell vid ogiltigf\u00f6rklaring av garantin<\/strong><\/p>\n<ul>\n<li>Inom 0\u20132 \u00e5r: <strong>100% \u00e5terbetalning<\/strong> (av butiken)<\/li>\n<li>3:e \u00e5ret: <strong>70% \u00e5terbetalning<\/strong> (av import\u00f6ren)<\/li>\n<li>4:e \u00e5ret: <strong>60% \u00e5terbetalning<\/strong> (av import\u00f6ren)<\/li>\n<li>5:e \u00e5ret: <strong>50% \u00e5terbetalning<\/strong> (av import\u00f6ren)<\/li>\n<\/ul>\n<p>Alla \u00f6vriga garanti\u00e5taganden, servicevillkor, undantag och krav p\u00e5 k\u00f6paren f\u00f6rblir identiska med dem som beskrivits ovan (\u00e5rligt underh\u00e5ll vid h\u00e5rt vatten, inga obeh\u00f6riga reparationer, ink\u00f6psbevis kr\u00e4vs osv.).<\/p>\n\t\t\t\t\t\t\t\t<\/div>\n\t\t\t\t<\/div>\n\t\t\t\t\t<\/div>\n\t\t\t\t<\/div>\n\t\t\t\t<\/div>\n\t\t","protected":false},"excerpt":{"rendered":"<p>Garanti Garantivillkor f\u00f6r v\u00e5ra produkter K\u00f6p fr\u00e5n och med den 1 oktober 2025 Varmvattenberedare fr\u00e5n Midea: Elektronik: 2 \u00e5r Tank: 5 \u00e5r G\u00e4ller i: Estland, Lettland, Litauen (import\u00f6r: KTS Baltic&hellip;<\/p>\n","protected":false},"author":4,"featured_media":0,"parent":0,"menu_order":0,"comment_status":"closed","ping_status":"closed","template":"","meta":{"_acf_changed":false,"footnotes":""},"categories":[],"tags":[],"class_list":["post-54343","page","type-page","status-publish","hentry"],"acf":[],"aioseo_notices":[],"_links":{"self":[{"href":"https:\/\/nordic-comfort.com\/sv\/wp-json\/wp\/v2\/pages\/54343","targetHints":{"allow":["GET"]}}],"collection":[{"href":"https:\/\/nordic-comfort.com\/sv\/wp-json\/wp\/v2\/pages"}],"about":[{"href":"https:\/\/nordic-comfort.com\/sv\/wp-json\/wp\/v2\/types\/page"}],"author":[{"embeddable":true,"href":"https:\/\/nordic-comfort.com\/sv\/wp-json\/wp\/v2\/users\/4"}],"replies":[{"embeddable":true,"href":"https:\/\/nordic-comfort.com\/sv\/wp-json\/wp\/v2\/comments?post=54343"}],"version-history":[{"count":2,"href":"https:\/\/nordic-comfort.com\/sv\/wp-json\/wp\/v2\/pages\/54343\/revisions"}],"predecessor-version":[{"id":60772,"href":"https:\/\/nordic-comfort.com\/sv\/wp-json\/wp\/v2\/pages\/54343\/revisions\/60772"}],"wp:attachment":[{"href":"https:\/\/nordic-comfort.com\/sv\/wp-json\/wp\/v2\/media?parent=54343"}],"wp:term":[{"taxonomy":"category","embeddable":true,"href":"https:\/\/nordic-comfort.com\/sv\/wp-json\/wp\/v2\/categories?post=54343"},{"taxonomy":"post_tag","embeddable":true,"href":"https:\/\/nordic-comfort.com\/sv\/wp-json\/wp\/v2\/tags?post=54343"}],"curies":[{"name":"wp","href":"https:\/\/api.w.org\/{rel}","templated":true}]}}